{"id":10758,"date":"2020-04-01T17:09:28","date_gmt":"2020-04-01T17:09:28","guid":{"rendered":"http:\/\/bestfiesta.es\/trabaja-con-nosotros\/"},"modified":"2020-09-28T08:46:45","modified_gmt":"2020-09-28T08:46:45","slug":"work-with-bestfiesta","status":"publish","type":"page","link":"https:\/\/bestfiesta.es\/en\/work-with-bestfiesta\/","title":{"rendered":"Work with BestFiesta"},"content":{"rendered":"<div class=\"wpb-content-wrapper\"><p>[vc_row][vc_column][vc_column_text]<\/p>\r\n<h2 class=\"has-text-color wp-block-heading\" style=\"color: #024b75;\">Hello! It would be a pleasure to meet you and collaborate together. The form is only available in Spanish language. Thanks<\/h2>\r\n<p>\u00a0<\/p>\r\n<p>[\/vc_column_text][\/vc_column][\/vc_row][vc_row][vc_column][vc_column_text]<\/p>\r\n<h3 style=\"text-align: center;\"><strong>Por favor, rellena el siguiente formulario para saber m\u00e1s y para poder colaborar con BestFiesta<\/strong><\/h3>\r\n<h4 style=\"text-align: center;\"><strong>Todos los campos marcados con * son necesarios<\/strong><\/h4>\r\n<p>[\/vc_column_text][\/vc_column][\/vc_row][vc_row][vc_column]\n<div class=\"wpcf7 no-js\" id=\"wpcf7-f9093-o1\" lang=\"es-ES\" dir=\"ltr\" data-wpcf7-id=\"9093\">\n<div class=\"screen-reader-response\"><p role=\"status\" aria-live=\"polite\" aria-atomic=\"true\"><\/p> <ul><\/ul><\/div>\n<form action=\"\/en\/wp-json\/wp\/v2\/pages\/10758#wpcf7-f9093-o1\" method=\"post\" class=\"wpcf7-form init\" aria-label=\"Formulario de contacto\" novalidate=\"novalidate\" data-status=\"init\">\n<fieldset class=\"hidden-fields-container\"><input type=\"hidden\" name=\"_wpcf7\" value=\"9093\" \/><input type=\"hidden\" name=\"_wpcf7_version\" value=\"6.1.4\" \/><input type=\"hidden\" name=\"_wpcf7_locale\" value=\"es_ES\" \/><input type=\"hidden\" name=\"_wpcf7_unit_tag\" value=\"wpcf7-f9093-o1\" \/><input type=\"hidden\" name=\"_wpcf7_container_post\" value=\"0\" \/><input type=\"hidden\" name=\"_wpcf7_posted_data_hash\" value=\"\" \/><input type=\"hidden\" name=\"_wpcf7_recaptcha_response\" value=\"\" \/>\n<\/fieldset>\n<center>\n\t<p><label> D\u00e9 que trata tu actividad\/servicio\/negocio*<br \/>\n<span class=\"wpcf7-form-control-wrap\" data-name=\"De-que-trata-la-actividad\"><input size=\"40\" maxlength=\"400\" class=\"wpcf7-form-control wpcf7-text wpcf7-validates-as-required\" aria-required=\"true\" aria-invalid=\"false\" value=\"\" type=\"text\" name=\"De-que-trata-la-actividad\" \/><\/span> <\/label>\n\t<\/p>\n\t<p><span class=\"wpcf7-form-control-wrap\" data-name=\"TipodeActividad\"><select class=\"wpcf7-form-control wpcf7-select wpcf7-validates-as-required\" aria-required=\"true\" aria-invalid=\"false\" multiple=\"multiple\" name=\"TipodeActividad[]\"><option value=\"Artista\">Artista<\/option><option value=\"Actividad Acu\u00e1tica\">Actividad Acu\u00e1tica<\/option><option value=\"Actividad Picante\">Actividad Picante<\/option><option value=\"Bubble Football\">Bubble Football<\/option><option value=\"Capeas\">Capeas<\/option><option value=\"Cata de Vinos \/ Cervezas \/ etc\">Cata de Vinos \/ Cervezas \/ etc<\/option><option value=\"Cena tem\u00e1tica \/ colectiva \/ con animaci\u00f3n\">Cena tem\u00e1tica \/ colectiva \/ con animaci\u00f3n<\/option><option value=\"Escape Room\">Escape Room<\/option><option value=\"Gymkanas o humor amarillo\">Gymkanas o humor amarillo<\/option><option value=\"Karaoke\">Karaoke<\/option><option value=\"Limusina o hummer\">Limusina o hummer<\/option><option value=\"Paintball\">Paintball<\/option><option value=\"Paseo en Barco \/ Fiesta en Barco \/ Catamar\u00e1n\">Paseo en Barco \/ Fiesta en Barco \/ Catamar\u00e1n<\/option><option value=\"Rafting\">Rafting<\/option><option value=\"Snorkel\">Snorkel<\/option><option value=\"Talleres C\u00f3cteles \/ Comida \/ etc\">Talleres C\u00f3cteles \/ Comida \/ etc<\/option><option value=\"No se encuentra en esta lista la actividad que proveo \/ Otros\">No se encuentra en esta lista la actividad que proveo \/ Otros<\/option><\/select><\/span>\n\t<\/p>\n\t<p><label> Nombre de la empresa*<br \/>\n<span class=\"wpcf7-form-control-wrap\" data-name=\"Nombre\"><input size=\"40\" maxlength=\"400\" class=\"wpcf7-form-control wpcf7-text wpcf7-validates-as-required\" aria-required=\"true\" aria-invalid=\"false\" value=\"\" type=\"text\" name=\"Nombre\" \/><\/span> <\/label>\n\t<\/p>\n\t<p><label> Direcci\u00f3n*<br \/>\n<span class=\"wpcf7-form-control-wrap\" data-name=\"Direccion\"><input size=\"40\" maxlength=\"400\" class=\"wpcf7-form-control wpcf7-text wpcf7-validates-as-required\" aria-required=\"true\" aria-invalid=\"false\" value=\"\" type=\"text\" name=\"Direccion\" \/><\/span> <\/label>\n\t<\/p>\n\t<p><label> Ciudad*<br \/>\n<span class=\"wpcf7-form-control-wrap\" data-name=\"ciudad\"><input size=\"40\" maxlength=\"400\" class=\"wpcf7-form-control wpcf7-text wpcf7-validates-as-required\" aria-required=\"true\" aria-invalid=\"false\" value=\"\" type=\"text\" name=\"ciudad\" \/><\/span> <\/label>\n\t<\/p>\n\t<p><label> P\u00e1gina web*<br \/>\n<span class=\"wpcf7-form-control-wrap\" data-name=\"Pagina-Web\"><input size=\"40\" maxlength=\"400\" class=\"wpcf7-form-control wpcf7-text wpcf7-validates-as-required\" aria-required=\"true\" aria-invalid=\"false\" value=\"\" type=\"text\" name=\"Pagina-Web\" \/><\/span> <\/label>\n\t<\/p>\n\t<p>\u00bfUbicaciones f\u00edsicas?*\n\t<\/p>\n\t<p><span class=\"wpcf7-form-control-wrap\" data-name=\"Ubicaciones\"><span class=\"wpcf7-form-control wpcf7-radio\"><span class=\"wpcf7-list-item first\"><input type=\"radio\" name=\"Ubicaciones\" value=\"Una\" checked=\"checked\" \/><span class=\"wpcf7-list-item-label\">Una<\/span><\/span><span class=\"wpcf7-list-item\"><input type=\"radio\" name=\"Ubicaciones\" value=\"M\u00faltiples\" \/><span class=\"wpcf7-list-item-label\">M\u00faltiples<\/span><\/span><span class=\"wpcf7-list-item last\"><input type=\"radio\" name=\"Ubicaciones\" value=\"Ninguna (ej. s\u00f3lo online)\" \/><span class=\"wpcf7-list-item-label\">Ninguna (ej. s\u00f3lo online)<\/span><\/span><\/span><\/span>\n\t<\/p>\n\t<p><label> \u00bfla actividad se lleva a cabo en m\u00e1s idiomas o gu\u00eda con m\u00e1s idiomas?<br \/>\nIndicar idiomas o indicar que para esta actividad<br \/>\nno es relevante o no requiere ning\u00fan idioma.*<br \/>\n<span class=\"wpcf7-form-control-wrap\" data-name=\"Idiomas\"><input size=\"40\" maxlength=\"400\" class=\"wpcf7-form-control wpcf7-text wpcf7-validates-as-required\" aria-required=\"true\" aria-invalid=\"false\" value=\"\" type=\"text\" name=\"Idiomas\" \/><\/span> <\/label>\n\t<\/p>\n\t<p>Por \u00faltimo, cu\u00e9ntanos como contactar contigo<br \/>\n<label> Nombre*<br \/>\n<span class=\"wpcf7-form-control-wrap\" data-name=\"your-name\"><input size=\"40\" maxlength=\"400\" class=\"wpcf7-form-control wpcf7-text wpcf7-validates-as-required\" aria-required=\"true\" aria-invalid=\"false\" value=\"\" type=\"text\" name=\"your-name\" \/><\/span> <\/label><br \/>\n<label> N\u00famero de movil*<br \/>\n<span class=\"wpcf7-form-control-wrap\" data-name=\"numero-movil\"><input size=\"40\" maxlength=\"400\" class=\"wpcf7-form-control wpcf7-text wpcf7-validates-as-required\" aria-required=\"true\" aria-invalid=\"false\" value=\"\" type=\"text\" name=\"numero-movil\" \/><\/span> <\/label><br \/>\n<label> Correo electr\u00f3nico*<br \/>\n<span class=\"wpcf7-form-control-wrap\" data-name=\"your-email\"><input size=\"40\" maxlength=\"400\" class=\"wpcf7-form-control wpcf7-email wpcf7-validates-as-required wpcf7-text wpcf7-validates-as-email\" aria-required=\"true\" aria-invalid=\"false\" value=\"\" type=\"email\" name=\"your-email\" \/><\/span> <\/label>\n\t<\/p>\n\t<p><span class=\"wpcf7-form-control-wrap\" data-name=\"capital-quiz\"><label><span class=\"wpcf7-quiz-label\">Resuelva, 2 + 3?<\/span> <input size=\"40\" class=\"wpcf7-form-control wpcf7-quiz\" autocomplete=\"off\" aria-required=\"true\" aria-invalid=\"false\" type=\"text\" name=\"capital-quiz\" \/><\/label><input type=\"hidden\" name=\"_wpcf7_quiz_answer_capital-quiz\" value=\"ba64065db9d043b90a1477f1201938fc\" \/><\/span>\n\t<\/p>\n\t<p><span class=\"wpcf7-form-control-wrap\" data-name=\"checkbox\"><span class=\"wpcf7-form-control wpcf7-checkbox\"><\/span><\/span><br \/>\n<span class=\"wpcf7-form-control-wrap\" data-name=\"acceptance-185\"><span class=\"wpcf7-form-control wpcf7-acceptance\"><span class=\"wpcf7-list-item\"><input type=\"checkbox\" name=\"acceptance-185\" value=\"1\" aria-invalid=\"false\" \/><\/span><\/span><\/span> He le\u00eddo y acepto la <a target=\"blank\" href=\"https:\/\/bestfiesta.es\/politica-de-privacidad\/\"><strong><u>Pol\u00edtica de privacidad<\/u><\/strong> y <\/a><a target=\"blank\" href=\"https:\/\/bestfiesta.es\/terminos-y-condiciones\/\"><strong><u>los t\u00e9rminos y condiciones<\/u><\/strong><\/a><br \/>\n<!-- Mailchimp for WordPress v4.11.1 - https:\/\/www.mc4wp.com\/ --><input type=\"hidden\" name=\"_mc4wp_subscribe_contact-form-7\" value=\"0\" \/><span class=\"mc4wp-checkbox mc4wp-checkbox-contact-form-7 \"><label><input type=\"checkbox\" name=\"_mc4wp_subscribe_contact-form-7\" value=\"1\" ><span>\u25ba<\/span><\/label><\/span><!-- \/ Mailchimp for WordPress --> S\u00ed, me gustar\u00eda recibir las \u00faltimas ofertas en mi correo electr\u00f3nico (podr\u00e1s darte de baja cuando quieras)\n\t<\/p>\n\t<p class=\"text-center\"><input class=\"wpcf7-form-control wpcf7-submit has-spinner btn btn-primary btn-green upper font-small\" type=\"submit\" value=\"ENVIAR\" \/>\n\t<\/p>\n<\/center><div class=\"wpcf7-response-output\" aria-hidden=\"true\"><\/div>\n<\/form>\n<\/div>\n[\/vc_column][\/vc_row]<\/p><\/div>","protected":false},"excerpt":{"rendered":"<p>[vc_row][vc_column][vc_column_text] Hello! It would be a pleasure to meet you and collaborate together. The form is only available in Spanish language. Thanks \u00a0 [\/vc_column_text][\/vc_column][\/vc_row][vc_row][vc_column][vc_column_text] Por favor, rellena el siguiente formulario para saber m\u00e1s y para poder colaborar con BestFiesta Todos los campos marcados con * son necesarios [\/vc_column_text][\/vc_column][\/vc_row][vc_row][vc_column][\/vc_column][\/vc_row]<\/p>\n","protected":false},"author":1,"featured_media":0,"parent":0,"menu_order":0,"comment_status":"closed","ping_status":"closed","template":"template-home-modern.php","meta":{"footnotes":""},"class_list":["post-10758","page","type-page","status-publish","has-post-thumbnail","hentry"],"yoast_head":"<!-- This site is optimized with the Yoast SEO plugin v27.1.1 - https:\/\/yoast.com\/product\/yoast-seo-wordpress\/ -->\n<title>Work with BestFiesta - BestFiesta<\/title>\n<meta name=\"robots\" content=\"index, follow, max-snippet:-1, max-image-preview:large, max-video-preview:-1\" \/>\n<link rel=\"canonical\" href=\"https:\/\/bestfiesta.es\/en\/work-with-bestfiesta\/\" \/>\n<meta property=\"og:locale\" content=\"en_US\" \/>\n<meta property=\"og:type\" content=\"article\" \/>\n<meta property=\"og:title\" content=\"Work with BestFiesta - BestFiesta\" \/>\n<meta property=\"og:description\" content=\"[vc_row][vc_column][vc_column_text] Hello! It would be a pleasure to meet you and collaborate together. The form is only available in Spanish language. Thanks \u00a0 [\/vc_column_text][\/vc_column][\/vc_row][vc_row][vc_column][vc_column_text] Por favor, rellena el siguiente formulario para saber m\u00e1s y para poder colaborar con BestFiesta Todos los campos marcados con * son necesarios [\/vc_column_text][\/vc_column][\/vc_row][vc_row][vc_column][\/vc_column][\/vc_row]\" \/>\n<meta property=\"og:url\" content=\"https:\/\/bestfiesta.es\/en\/work-with-bestfiesta\/\" \/>\n<meta property=\"og:site_name\" content=\"BestFiesta\" \/>\n<meta property=\"article:publisher\" content=\"https:\/\/www.facebook.com\/BestFiesta.es\/\" \/>\n<meta property=\"article:modified_time\" content=\"2020-09-28T08:46:45+00:00\" \/>\n<meta name=\"twitter:card\" content=\"summary_large_image\" \/>\n<script type=\"application\/ld+json\" class=\"yoast-schema-graph\">{\"@context\":\"https:\/\/schema.org\",\"@graph\":[{\"@type\":\"WebPage\",\"@id\":\"https:\/\/bestfiesta.es\/en\/work-with-bestfiesta\/\",\"url\":\"https:\/\/bestfiesta.es\/en\/work-with-bestfiesta\/\",\"name\":\"Work with BestFiesta - BestFiesta\",\"isPartOf\":{\"@id\":\"https:\/\/bestfiesta.es\/en\/#website\"},\"datePublished\":\"2020-04-01T17:09:28+00:00\",\"dateModified\":\"2020-09-28T08:46:45+00:00\",\"breadcrumb\":{\"@id\":\"https:\/\/bestfiesta.es\/en\/work-with-bestfiesta\/#breadcrumb\"},\"inLanguage\":\"en-US\",\"potentialAction\":[{\"@type\":\"ReadAction\",\"target\":[\"https:\/\/bestfiesta.es\/en\/work-with-bestfiesta\/\"]}]},{\"@type\":\"BreadcrumbList\",\"@id\":\"https:\/\/bestfiesta.es\/en\/work-with-bestfiesta\/#breadcrumb\",\"itemListElement\":[{\"@type\":\"ListItem\",\"position\":1,\"name\":\"Home\",\"item\":\"https:\/\/bestfiesta.es\/en\/\"},{\"@type\":\"ListItem\",\"position\":2,\"name\":\"Work with BestFiesta\"}]},{\"@type\":\"WebSite\",\"@id\":\"https:\/\/bestfiesta.es\/en\/#website\",\"url\":\"https:\/\/bestfiesta.es\/en\/\",\"name\":\"BestFiesta\",\"description\":\"Organizaci\u00f3n de despedidas, packs para despedidas, etc\",\"publisher\":{\"@id\":\"https:\/\/bestfiesta.es\/en\/#organization\"},\"potentialAction\":[{\"@type\":\"SearchAction\",\"target\":{\"@type\":\"EntryPoint\",\"urlTemplate\":\"https:\/\/bestfiesta.es\/en\/?s={search_term_string}\"},\"query-input\":{\"@type\":\"PropertyValueSpecification\",\"valueRequired\":true,\"valueName\":\"search_term_string\"}}],\"inLanguage\":\"en-US\"},{\"@type\":\"Organization\",\"@id\":\"https:\/\/bestfiesta.es\/en\/#organization\",\"name\":\"BestFiesta\",\"url\":\"https:\/\/bestfiesta.es\/en\/\",\"logo\":{\"@type\":\"ImageObject\",\"inLanguage\":\"en-US\",\"@id\":\"https:\/\/bestfiesta.es\/en\/#\/schema\/logo\/image\/\",\"url\":\"https:\/\/bestfiesta.es\/wp-content\/uploads\/2020\/06\/BestFiesta.png\",\"contentUrl\":\"https:\/\/bestfiesta.es\/wp-content\/uploads\/2020\/06\/BestFiesta.png\",\"width\":180,\"height\":153,\"caption\":\"BestFiesta\"},\"image\":{\"@id\":\"https:\/\/bestfiesta.es\/en\/#\/schema\/logo\/image\/\"},\"sameAs\":[\"https:\/\/www.facebook.com\/BestFiesta.es\/\"]}]}<\/script>\n<!-- \/ Yoast SEO plugin. -->","yoast_head_json":{"title":"Work with BestFiesta - BestFiesta","robots":{"index":"index","follow":"follow","max-snippet":"max-snippet:-1","max-image-preview":"max-image-preview:large","max-video-preview":"max-video-preview:-1"},"canonical":"https:\/\/bestfiesta.es\/en\/work-with-bestfiesta\/","og_locale":"en_US","og_type":"article","og_title":"Work with BestFiesta - BestFiesta","og_description":"[vc_row][vc_column][vc_column_text] Hello! It would be a pleasure to meet you and collaborate together. The form is only available in Spanish language. Thanks \u00a0 [\/vc_column_text][\/vc_column][\/vc_row][vc_row][vc_column][vc_column_text] Por favor, rellena el siguiente formulario para saber m\u00e1s y para poder colaborar con BestFiesta Todos los campos marcados con * son necesarios [\/vc_column_text][\/vc_column][\/vc_row][vc_row][vc_column][\/vc_column][\/vc_row]","og_url":"https:\/\/bestfiesta.es\/en\/work-with-bestfiesta\/","og_site_name":"BestFiesta","article_publisher":"https:\/\/www.facebook.com\/BestFiesta.es\/","article_modified_time":"2020-09-28T08:46:45+00:00","twitter_card":"summary_large_image","schema":{"@context":"https:\/\/schema.org","@graph":[{"@type":"WebPage","@id":"https:\/\/bestfiesta.es\/en\/work-with-bestfiesta\/","url":"https:\/\/bestfiesta.es\/en\/work-with-bestfiesta\/","name":"Work with BestFiesta - BestFiesta","isPartOf":{"@id":"https:\/\/bestfiesta.es\/en\/#website"},"datePublished":"2020-04-01T17:09:28+00:00","dateModified":"2020-09-28T08:46:45+00:00","breadcrumb":{"@id":"https:\/\/bestfiesta.es\/en\/work-with-bestfiesta\/#breadcrumb"},"inLanguage":"en-US","potentialAction":[{"@type":"ReadAction","target":["https:\/\/bestfiesta.es\/en\/work-with-bestfiesta\/"]}]},{"@type":"BreadcrumbList","@id":"https:\/\/bestfiesta.es\/en\/work-with-bestfiesta\/#breadcrumb","itemListElement":[{"@type":"ListItem","position":1,"name":"Home","item":"https:\/\/bestfiesta.es\/en\/"},{"@type":"ListItem","position":2,"name":"Work with BestFiesta"}]},{"@type":"WebSite","@id":"https:\/\/bestfiesta.es\/en\/#website","url":"https:\/\/bestfiesta.es\/en\/","name":"BestFiesta","description":"Organizaci\u00f3n de despedidas, packs para despedidas, etc","publisher":{"@id":"https:\/\/bestfiesta.es\/en\/#organization"},"potentialAction":[{"@type":"SearchAction","target":{"@type":"EntryPoint","urlTemplate":"https:\/\/bestfiesta.es\/en\/?s={search_term_string}"},"query-input":{"@type":"PropertyValueSpecification","valueRequired":true,"valueName":"search_term_string"}}],"inLanguage":"en-US"},{"@type":"Organization","@id":"https:\/\/bestfiesta.es\/en\/#organization","name":"BestFiesta","url":"https:\/\/bestfiesta.es\/en\/","logo":{"@type":"ImageObject","inLanguage":"en-US","@id":"https:\/\/bestfiesta.es\/en\/#\/schema\/logo\/image\/","url":"https:\/\/bestfiesta.es\/wp-content\/uploads\/2020\/06\/BestFiesta.png","contentUrl":"https:\/\/bestfiesta.es\/wp-content\/uploads\/2020\/06\/BestFiesta.png","width":180,"height":153,"caption":"BestFiesta"},"image":{"@id":"https:\/\/bestfiesta.es\/en\/#\/schema\/logo\/image\/"},"sameAs":["https:\/\/www.facebook.com\/BestFiesta.es\/"]}]}},"_links":{"self":[{"href":"https:\/\/bestfiesta.es\/en\/wp-json\/wp\/v2\/pages\/10758","targetHints":{"allow":["GET"]}}],"collection":[{"href":"https:\/\/bestfiesta.es\/en\/wp-json\/wp\/v2\/pages"}],"about":[{"href":"https:\/\/bestfiesta.es\/en\/wp-json\/wp\/v2\/types\/page"}],"author":[{"embeddable":true,"href":"https:\/\/bestfiesta.es\/en\/wp-json\/wp\/v2\/users\/1"}],"replies":[{"embeddable":true,"href":"https:\/\/bestfiesta.es\/en\/wp-json\/wp\/v2\/comments?post=10758"}],"version-history":[{"count":0,"href":"https:\/\/bestfiesta.es\/en\/wp-json\/wp\/v2\/pages\/10758\/revisions"}],"wp:attachment":[{"href":"https:\/\/bestfiesta.es\/en\/wp-json\/wp\/v2\/media?parent=10758"}],"curies":[{"name":"wp","href":"https:\/\/api.w.org\/{rel}","templated":true}]}}