{"id":10301,"date":"2020-03-17T10:59:06","date_gmt":"2020-03-17T10:59:06","guid":{"rendered":"http:\/\/bestfiesta.es\/a-propos-de-nous\/"},"modified":"2025-04-08T15:53:30","modified_gmt":"2025-04-08T15:53:30","slug":"a-propos-de-nous-evjf-et-evg-espagne","status":"publish","type":"page","link":"https:\/\/bestfiesta.es\/fr\/a-propos-de-nous-evjf-et-evg-espagne\/","title":{"rendered":"\u00c0 propos de nous"},"content":{"rendered":"<div class=\"wpb-content-wrapper\"><p>[vc_row][vc_column][vc_single_image image=\u00a0\u00bb12394&Prime; img_size=\u00a0\u00bbfull\u00a0\u00bb alignment=\u00a0\u00bbcenter\u00a0\u00bb css_animation=\u00a0\u00bbnone\u00a0\u00bb][vc_column_text el_class=\u00a0\u00bbst-aboutus-title\u00a0\u00bb]<\/p>\n<h3 style=\"text-align: center;\">Notre histoire<\/h3>\n<p>[\/vc_column_text][vc_column_text el_class=\u00a0\u00bbst-aboutus-content\u00a0\u00bb]<\/p>\n<p style=\"text-align: center;\"><span style=\"color: #1a2b48;\"><strong>Imagination<\/strong><\/span><\/p>\n<p style=\"text-align: center;\"><em>Offrant des exp\u00e9riences uniques et originales en mati\u00e8re d&rsquo;activit\u00e9s et de packs pour enterrement de vie de gar\u00e7on (EVG) et enterrement de vie de jeune fille (EVJF) en Espagne. Nous nous d\u00e9marquons par notre cr\u00e9ativit\u00e9 dans la conception d&rsquo;activit\u00e9s et de packs qui vont au-del\u00e0 du conventionnel, garantissant que chaque \u00e9v\u00e9nement soit exceptionnel et rempli de moments sp\u00e9ciaux.<\/em><\/p>\n<p style=\"text-align: center;\"><em>\u00a0<\/em><\/p>\n<p style=\"text-align: center;\"><span style=\"color: #1a2b48;\"><strong>Amusement<\/strong><\/span><\/p>\n<p style=\"text-align: center;\"><em>Notre seul objectif est le divertissement. Nous nous effor\u00e7ons de transformer chaque enterrement de vie de gar\u00e7on et de jeune fille, ainsi que chaque anniversaire, en une exp\u00e9rience pleine de rires, de joie et de moments inoubliables. Nous travaillons sans rel\u00e2che pour proposer des activit\u00e9s ou des packs festifs o\u00f9 le bonheur des groupes qui nous choisissent est notre priorit\u00e9 absolue. Nous savons que le divertissement est essentiel, et nous nous engageons \u00e0 le fournir dans chaque d\u00e9tail de nos activit\u00e9s et packs.<\/em><\/p>\n<p style=\"text-align: center;\"><em>\u00a0<\/em><\/p>\n<p style=\"text-align: center;\"><span style=\"color: #1a2b48;\"><strong>Courage<\/strong><\/span><\/p>\n<p style=\"text-align: center;\">Nous osons d\u00e9fier le conventionnel et proposer des id\u00e9es fra\u00eeches et excitantes pour les enterrements de vie de gar\u00e7on et de jeune fille, ainsi que les anniversaires. Le courage alimente notre passion pour r\u00e9inventer le divertissement et le porter \u00e0 de nouveaux niveaux.<\/p>\n<p>[\/vc_column_text][vc_empty_space height=\u00a0\u00bb30px\u00a0\u00bb][\/vc_column][\/vc_row][vc_row][vc_column][vc_empty_space height=\u00a0\u00bb20px\u00a0\u00bb]<div class=\"st-list-statistic\"><div class=\"row\">            <div class=\"col-md-3 col-sm-6\">\r\n                <div class=\"item-wrapper\">\r\n                    <div class=\"item\">\r\n                        <div class=\"front\">\r\n                            <div class=\"inner\">\r\n                                <h4><\/h4>\r\n                                <p class=\"sub-text\">Activit\u00e9s<\/p>\r\n                            <\/div>\r\n                        <\/div>\r\n                        <div class=\"end\">\r\n                            <p class=\"desc\">Vaste catalogue d&#039;activit\u00e9s uniques pour EVG et EVJF ou groupes d&#039;anniversaire. Toutes ces activit\u00e9s test\u00e9es pour vous et approuv\u00e9es par notre \u00e9quipe. \u00c0 la recherche constante de nouvelles exp\u00e9riences en Espagne.<\/p>\r\n                        <\/div>\r\n                    <\/div>\r\n                <\/div>\r\n            <\/div>\r\n                        <div class=\"col-md-3 col-sm-6\">\r\n                <div class=\"item-wrapper\">\r\n                    <div class=\"item\">\r\n                        <div class=\"front\">\r\n                            <div class=\"inner\">\r\n                                <h4><\/h4>\r\n                                <p class=\"sub-text\">EVJF et EVG Packs<\/p>\r\n                            <\/div>\r\n                        <\/div>\r\n                        <div class=\"end\">\r\n                            <p class=\"desc\">Packs d&#039;enterrement de vie de gar\u00e7on ou de jeune fille \u00e0 des prix incroyables avec les activit\u00e9s les plus demand\u00e9es pour les groupes. Offrant des EVG et EVJF packs pour faciliter la r\u00e9servation de multiples activit\u00e9s.<\/p>\r\n                        <\/div>\r\n                    <\/div>\r\n                <\/div>\r\n            <\/div>\r\n                        <div class=\"col-md-3 col-sm-6\">\r\n                <div class=\"item-wrapper\">\r\n                    <div class=\"item\">\r\n                        <div class=\"front\">\r\n                            <div class=\"inner\">\r\n                                <h4><\/h4>\r\n                                <p class=\"sub-text\">Destinations<\/p>\r\n                            <\/div>\r\n                        <\/div>\r\n                        <div class=\"end\">\r\n                            <p class=\"desc\">Destinations incroyables. Nous connaissons chacune de nos destinations offrant les activit\u00e9s les plus amusantes et les EVJF et EVG packages en Espagne pour tous les go\u00fbts. Expansion des lieux avec des exp\u00e9riences uniques.<\/p>\r\n                        <\/div>\r\n                    <\/div>\r\n                <\/div>\r\n            <\/div>\r\n            <\/div><\/div>[vc_empty_space height=\u00a0\u00bb65px\u00a0\u00bb][\/vc_column][\/vc_row][vc_row full_width=\u00a0\u00bbstretch_row_content_no_spaces\u00a0\u00bb row_fullwidth=\u00a0\u00bbyes\u00a0\u00bb][vc_column css=\u00a0\u00bb.vc_custom_1543386510262{padding-right: 0px !important;padding-left: 0px !important;}\u00a0\u00bb]<div class=\"st-aboutus-gallery\">\r\n            <div class=\"st-flickity st-gallery\">\r\n            <div class=\"carousel\"\r\n                 data-flickity='{ \"wrapAround\": true, \"pageDots\": true , \"autoPlay\" : true}'>\r\n                                    <div class=\"item\" style=\"background-image: url('https:\/\/bestfiesta.es\/wp-content\/uploads\/2020\/07\/F\u00eate-en-bateau-Malaga.jpg')\"><\/div>\r\n                                        <div class=\"item\" style=\"background-image: url('https:\/\/bestfiesta.es\/wp-content\/uploads\/2020\/07\/Karts-Stag-Do.jpg')\"><\/div>\r\n                                        <div class=\"item\" style=\"background-image: url('https:\/\/bestfiesta.es\/wp-content\/uploads\/2020\/07\/Ibiza-Atelier-Cocktails.jpg')\"><\/div>\r\n                                        <div class=\"item\" style=\"background-image: url('https:\/\/bestfiesta.es\/wp-content\/uploads\/2020\/06\/Cocktail-Workshops-Palma-Ma.jpg')\"><\/div>\r\n                                        <div class=\"item\" style=\"background-image: url('https:\/\/bestfiesta.es\/wp-content\/uploads\/2020\/06\/chico-las-palmas-estriper.jpg')\"><\/div>\r\n                                        <div class=\"item\" style=\"background-image: url('https:\/\/bestfiesta.es\/wp-content\/uploads\/2020\/05\/catamaran-despedida.jpg')\"><\/div>\r\n                                        <div class=\"item\" style=\"background-image: url('https:\/\/bestfiesta.es\/wp-content\/uploads\/2020\/07\/Despedida-soltera-sant-antoni-Ibiza.jpg')\"><\/div>\r\n                                        <div class=\"item\" style=\"background-image: url('https:\/\/bestfiesta.es\/wp-content\/uploads\/2020\/06\/cena-con-stripper-barcelona.jpg')\"><\/div>\r\n                                <\/div>\r\n            <div class=\"slogan\">\r\n                <h4>La vie chez BestFiesta<\/h4>\r\n                                        <a href=\"https:\/\/bestfiesta.es\/fr\/travailler-avec-bestfiesta\/\" target=\"\" class=\"btn btn-primary\">Rejoins notre \u00e9quipe<\/a>\r\n                                <\/div>\r\n        <\/div>\r\n    <\/div>\r\n[vc_empty_space height=\u00a0\u00bb45px\u00a0\u00bb][\/vc_column][\/vc_row]<\/p>\n<\/div>","protected":false},"excerpt":{"rendered":"<p>[vc_row][vc_column][vc_single_image image=\u00a0\u00bb12394&Prime; img_size=\u00a0\u00bbfull\u00a0\u00bb alignment=\u00a0\u00bbcenter\u00a0\u00bb css_animation=\u00a0\u00bbnone\u00a0\u00bb][vc_column_text el_class=\u00a0\u00bbst-aboutus-title\u00a0\u00bb] Notre histoire [\/vc_column_text][vc_column_text el_class=\u00a0\u00bbst-aboutus-content\u00a0\u00bb] Imagination Offrant des exp\u00e9riences uniques et originales en mati\u00e8re d&rsquo;activit\u00e9s et de packs pour enterrement de vie de gar\u00e7on (EVG) et enterrement de vie de jeune fille (EVJF) en Espagne. Nous nous d\u00e9marquons par notre cr\u00e9ativit\u00e9 dans la conception d&rsquo;activit\u00e9s et de packs qui vont [&hellip;]<\/p>\n","protected":false},"author":1,"featured_media":0,"parent":0,"menu_order":0,"comment_status":"closed","ping_status":"closed","template":"template-home-modern.php","meta":{"footnotes":""},"class_list":["post-10301","page","type-page","status-publish","has-post-thumbnail","hentry"],"yoast_head":"<!-- This site is optimized with the Yoast SEO plugin v27.1.1 - https:\/\/yoast.com\/product\/yoast-seo-wordpress\/ -->\n<title>\u00c0 propos de nous - EVJF et EVG Espagne | BestFiesta.es<\/title>\n<meta name=\"description\" content=\"Offrant les activit\u00e9s les plus amusantes et les EVJF et EVG packages en Espagne pour tous les go\u00fbts. 100% de clients satisfaits. Vous ne le regretterez pas!\" \/>\n<meta name=\"robots\" content=\"index, follow, max-snippet:-1, max-image-preview:large, max-video-preview:-1\" \/>\n<link rel=\"canonical\" href=\"https:\/\/bestfiesta.es\/fr\/a-propos-de-nous-evjf-et-evg-espagne\/\" \/>\n<meta property=\"og:locale\" content=\"fr_FR\" \/>\n<meta property=\"og:type\" content=\"article\" \/>\n<meta property=\"og:title\" content=\"\u00c0 propos de nous - EVJF et EVG Espagne | BestFiesta.es\" \/>\n<meta property=\"og:description\" content=\"Offrant les activit\u00e9s les plus amusantes et les EVJF et EVG packages en Espagne pour tous les go\u00fbts. 100% de clients satisfaits. Vous ne le regretterez pas!\" \/>\n<meta property=\"og:url\" content=\"https:\/\/bestfiesta.es\/fr\/a-propos-de-nous-evjf-et-evg-espagne\/\" \/>\n<meta property=\"og:site_name\" content=\"BestFiesta\" \/>\n<meta property=\"article:publisher\" content=\"https:\/\/www.facebook.com\/BestFiesta.es\/\" \/>\n<meta property=\"article:modified_time\" content=\"2025-04-08T15:53:30+00:00\" \/>\n<meta name=\"twitter:card\" content=\"summary_large_image\" \/>\n<meta name=\"twitter:label1\" content=\"Dur\u00e9e de lecture estim\u00e9e\" \/>\n\t<meta name=\"twitter:data1\" content=\"2 minutes\" \/>\n<script type=\"application\/ld+json\" class=\"yoast-schema-graph\">{\"@context\":\"https:\/\/schema.org\",\"@graph\":[{\"@type\":\"WebPage\",\"@id\":\"https:\/\/bestfiesta.es\/fr\/a-propos-de-nous-evjf-et-evg-espagne\/\",\"url\":\"https:\/\/bestfiesta.es\/fr\/a-propos-de-nous-evjf-et-evg-espagne\/\",\"name\":\"\u00c0 propos de nous - EVJF et EVG Espagne | BestFiesta.es\",\"isPartOf\":{\"@id\":\"https:\/\/bestfiesta.es\/fr\/#website\"},\"datePublished\":\"2020-03-17T10:59:06+00:00\",\"dateModified\":\"2025-04-08T15:53:30+00:00\",\"description\":\"Offrant les activit\u00e9s les plus amusantes et les EVJF et EVG packages en Espagne pour tous les go\u00fbts. 100% de clients satisfaits. Vous ne le regretterez pas!\",\"breadcrumb\":{\"@id\":\"https:\/\/bestfiesta.es\/fr\/a-propos-de-nous-evjf-et-evg-espagne\/#breadcrumb\"},\"inLanguage\":\"fr-FR\",\"potentialAction\":[{\"@type\":\"ReadAction\",\"target\":[\"https:\/\/bestfiesta.es\/fr\/a-propos-de-nous-evjf-et-evg-espagne\/\"]}]},{\"@type\":\"BreadcrumbList\",\"@id\":\"https:\/\/bestfiesta.es\/fr\/a-propos-de-nous-evjf-et-evg-espagne\/#breadcrumb\",\"itemListElement\":[{\"@type\":\"ListItem\",\"position\":1,\"name\":\"Home\",\"item\":\"https:\/\/bestfiesta.es\/fr\/\"},{\"@type\":\"ListItem\",\"position\":2,\"name\":\"\u00c0 propos de nous\"}]},{\"@type\":\"WebSite\",\"@id\":\"https:\/\/bestfiesta.es\/fr\/#website\",\"url\":\"https:\/\/bestfiesta.es\/fr\/\",\"name\":\"BestFiesta\",\"description\":\"Organizaci\u00f3n de despedidas, packs para despedidas, etc\",\"publisher\":{\"@id\":\"https:\/\/bestfiesta.es\/fr\/#organization\"},\"potentialAction\":[{\"@type\":\"SearchAction\",\"target\":{\"@type\":\"EntryPoint\",\"urlTemplate\":\"https:\/\/bestfiesta.es\/fr\/?s={search_term_string}\"},\"query-input\":{\"@type\":\"PropertyValueSpecification\",\"valueRequired\":true,\"valueName\":\"search_term_string\"}}],\"inLanguage\":\"fr-FR\"},{\"@type\":\"Organization\",\"@id\":\"https:\/\/bestfiesta.es\/fr\/#organization\",\"name\":\"BestFiesta\",\"url\":\"https:\/\/bestfiesta.es\/fr\/\",\"logo\":{\"@type\":\"ImageObject\",\"inLanguage\":\"fr-FR\",\"@id\":\"https:\/\/bestfiesta.es\/fr\/#\/schema\/logo\/image\/\",\"url\":\"https:\/\/bestfiesta.es\/wp-content\/uploads\/2020\/06\/BestFiesta.png\",\"contentUrl\":\"https:\/\/bestfiesta.es\/wp-content\/uploads\/2020\/06\/BestFiesta.png\",\"width\":180,\"height\":153,\"caption\":\"BestFiesta\"},\"image\":{\"@id\":\"https:\/\/bestfiesta.es\/fr\/#\/schema\/logo\/image\/\"},\"sameAs\":[\"https:\/\/www.facebook.com\/BestFiesta.es\/\"]}]}<\/script>\n<!-- \/ Yoast SEO plugin. -->","yoast_head_json":{"title":"\u00c0 propos de nous - EVJF et EVG Espagne | BestFiesta.es","description":"Offrant les activit\u00e9s les plus amusantes et les EVJF et EVG packages en Espagne pour tous les go\u00fbts. 100% de clients satisfaits. Vous ne le regretterez pas!","robots":{"index":"index","follow":"follow","max-snippet":"max-snippet:-1","max-image-preview":"max-image-preview:large","max-video-preview":"max-video-preview:-1"},"canonical":"https:\/\/bestfiesta.es\/fr\/a-propos-de-nous-evjf-et-evg-espagne\/","og_locale":"fr_FR","og_type":"article","og_title":"\u00c0 propos de nous - EVJF et EVG Espagne | BestFiesta.es","og_description":"Offrant les activit\u00e9s les plus amusantes et les EVJF et EVG packages en Espagne pour tous les go\u00fbts. 100% de clients satisfaits. Vous ne le regretterez pas!","og_url":"https:\/\/bestfiesta.es\/fr\/a-propos-de-nous-evjf-et-evg-espagne\/","og_site_name":"BestFiesta","article_publisher":"https:\/\/www.facebook.com\/BestFiesta.es\/","article_modified_time":"2025-04-08T15:53:30+00:00","twitter_card":"summary_large_image","twitter_misc":{"Dur\u00e9e de lecture estim\u00e9e":"2 minutes"},"schema":{"@context":"https:\/\/schema.org","@graph":[{"@type":"WebPage","@id":"https:\/\/bestfiesta.es\/fr\/a-propos-de-nous-evjf-et-evg-espagne\/","url":"https:\/\/bestfiesta.es\/fr\/a-propos-de-nous-evjf-et-evg-espagne\/","name":"\u00c0 propos de nous - EVJF et EVG Espagne | BestFiesta.es","isPartOf":{"@id":"https:\/\/bestfiesta.es\/fr\/#website"},"datePublished":"2020-03-17T10:59:06+00:00","dateModified":"2025-04-08T15:53:30+00:00","description":"Offrant les activit\u00e9s les plus amusantes et les EVJF et EVG packages en Espagne pour tous les go\u00fbts. 100% de clients satisfaits. Vous ne le regretterez pas!","breadcrumb":{"@id":"https:\/\/bestfiesta.es\/fr\/a-propos-de-nous-evjf-et-evg-espagne\/#breadcrumb"},"inLanguage":"fr-FR","potentialAction":[{"@type":"ReadAction","target":["https:\/\/bestfiesta.es\/fr\/a-propos-de-nous-evjf-et-evg-espagne\/"]}]},{"@type":"BreadcrumbList","@id":"https:\/\/bestfiesta.es\/fr\/a-propos-de-nous-evjf-et-evg-espagne\/#breadcrumb","itemListElement":[{"@type":"ListItem","position":1,"name":"Home","item":"https:\/\/bestfiesta.es\/fr\/"},{"@type":"ListItem","position":2,"name":"\u00c0 propos de nous"}]},{"@type":"WebSite","@id":"https:\/\/bestfiesta.es\/fr\/#website","url":"https:\/\/bestfiesta.es\/fr\/","name":"BestFiesta","description":"Organizaci\u00f3n de despedidas, packs para despedidas, etc","publisher":{"@id":"https:\/\/bestfiesta.es\/fr\/#organization"},"potentialAction":[{"@type":"SearchAction","target":{"@type":"EntryPoint","urlTemplate":"https:\/\/bestfiesta.es\/fr\/?s={search_term_string}"},"query-input":{"@type":"PropertyValueSpecification","valueRequired":true,"valueName":"search_term_string"}}],"inLanguage":"fr-FR"},{"@type":"Organization","@id":"https:\/\/bestfiesta.es\/fr\/#organization","name":"BestFiesta","url":"https:\/\/bestfiesta.es\/fr\/","logo":{"@type":"ImageObject","inLanguage":"fr-FR","@id":"https:\/\/bestfiesta.es\/fr\/#\/schema\/logo\/image\/","url":"https:\/\/bestfiesta.es\/wp-content\/uploads\/2020\/06\/BestFiesta.png","contentUrl":"https:\/\/bestfiesta.es\/wp-content\/uploads\/2020\/06\/BestFiesta.png","width":180,"height":153,"caption":"BestFiesta"},"image":{"@id":"https:\/\/bestfiesta.es\/fr\/#\/schema\/logo\/image\/"},"sameAs":["https:\/\/www.facebook.com\/BestFiesta.es\/"]}]}},"_links":{"self":[{"href":"https:\/\/bestfiesta.es\/fr\/wp-json\/wp\/v2\/pages\/10301","targetHints":{"allow":["GET"]}}],"collection":[{"href":"https:\/\/bestfiesta.es\/fr\/wp-json\/wp\/v2\/pages"}],"about":[{"href":"https:\/\/bestfiesta.es\/fr\/wp-json\/wp\/v2\/types\/page"}],"author":[{"embeddable":true,"href":"https:\/\/bestfiesta.es\/fr\/wp-json\/wp\/v2\/users\/1"}],"replies":[{"embeddable":true,"href":"https:\/\/bestfiesta.es\/fr\/wp-json\/wp\/v2\/comments?post=10301"}],"version-history":[{"count":5,"href":"https:\/\/bestfiesta.es\/fr\/wp-json\/wp\/v2\/pages\/10301\/revisions"}],"predecessor-version":[{"id":17524,"href":"https:\/\/bestfiesta.es\/fr\/wp-json\/wp\/v2\/pages\/10301\/revisions\/17524"}],"wp:attachment":[{"href":"https:\/\/bestfiesta.es\/fr\/wp-json\/wp\/v2\/media?parent=10301"}],"curies":[{"name":"wp","href":"https:\/\/api.w.org\/{rel}","templated":true}]}}