{"id":10317,"date":"2020-04-30T15:26:23","date_gmt":"2020-04-30T15:26:23","guid":{"rendered":"http:\/\/bestfiesta.es\/?page_id=10317"},"modified":"2026-01-27T09:53:40","modified_gmt":"2026-01-27T09:53:40","slug":"politique-de-confidentialite","status":"publish","type":"page","link":"https:\/\/bestfiesta.es\/fr\/politique-de-confidentialite\/","title":{"rendered":"Politique de confidentialit\u00e9"},"content":{"rendered":"<div class=\"wpb-content-wrapper\"><p>[vc_row][vc_column][vc_column_text css=\u00a0\u00bb\u00a0\u00bb]<\/p>\n<section class=\"privacy-policy\">\n<header class=\"privacy-header\">\n<p class=\"privacy-language\" style=\"text-align: right;\"><em>La traduction est fournie uniquement \u00e0 titre informatif. La version d\u00e9finitive de cette page est la version en anglais.<\/em><\/p>\n<p class=\"privacy-updated\" style=\"text-align: right;\"><strong>Derni\u00e8re mise \u00e0 jour\u00a0:<\/strong> 2 f\u00e9vrier 2026<\/p>\n<p>&nbsp;<\/p>\n<p>La pr\u00e9sente Politique de confidentialit\u00e9 explique comment nous collectons, utilisons, stockons et prot\u00e9geons les donn\u00e9es lorsque vous interagissez avec notre site internet, y compris les formulaires et les services que nous fournissons. En utilisant notre site internet et en soumettant des formulaires pour demander des informations, vous acceptez les pratiques d\u00e9crites dans la pr\u00e9sente Politique de confidentialit\u00e9. Cette Politique de confidentialit\u00e9 a pour objectif de prot\u00e9ger l\u2019Utilisateur et est r\u00e9dig\u00e9e en des termes facilement compr\u00e9hensibles.<\/p>\n<p>La protection des donn\u00e9es des utilisateurs, ainsi que la qualit\u00e9 du service, constitue notre priorit\u00e9. Par cons\u00e9quent, nous garantissons que les donn\u00e9es des utilisateurs ne seront jamais communiqu\u00e9es \u00e0 des tiers, sauf dans les cas strictement n\u00e9cessaires \u00e0 la bonne ex\u00e9cution du service contract\u00e9.<\/p>\n<p>En cas de r\u00e9servation, les donn\u00e9es \u2013 et uniquement celles strictement n\u00e9cessaires \u2013 seront partag\u00e9es avec les tiers directement impliqu\u00e9s dans l\u2019\u00e9v\u00e9nement, tels que l\u2019organisateur ou le responsable d\u2019une activit\u00e9, le restaurant ou l\u2019artiste, et ce uniquement afin d\u2019ex\u00e9cuter le service contract\u00e9 par l\u2019Utilisateur. Nous offrons un niveau de protection des donn\u00e9es conforme et sup\u00e9rieur aux r\u00e9glementations locales et internationales en mati\u00e8re de confidentialit\u00e9.<\/p>\n<ol>\n<li>\n<h2><strong><u> Donn\u00e9es personnelles que nous collectons<\/u><\/strong><\/h2>\n<\/li>\n<\/ol>\n<p>Nous collectons des donn\u00e9es lorsque vous remplissez un formulaire sur notre site, communiquez avec nous ou interagissez de toute autre mani\u00e8re avec notre service. Les cat\u00e9gories de donn\u00e9es personnelles que nous pouvons collecter incluent\u00a0:<\/p>\n<ul>\n<li><strong>Donn\u00e9es d\u2019authentification et d\u2019identification\u00a0:<\/strong> nom, adresse e\u2011mail, num\u00e9ro de t\u00e9l\u00e9phone.<\/li>\n<li><strong>D\u00e9tails de l\u2019\u00e9v\u00e9nement\u00a0:<\/strong> date, heure, nombre de participants, lieu et type d\u2019\u00e9v\u00e9nement.<\/li>\n<li><strong>Adresse de l\u2019\u00e9v\u00e9nement\u00a0:<\/strong> dans le cas d\u2019un spectacle \u00e0 domicile, l\u2019adresse est n\u00e9cessaire pour coordonner et r\u00e9aliser correctement le service. Ces informations sont utilis\u00e9es exclusivement pour l\u2019organisation et la logistique de l\u2019\u00e9v\u00e9nement, ainsi que pour vous fournir un tarif pr\u00e9cis en fonction du lieu. L\u2019adresse est trait\u00e9e avec la confidentialit\u00e9 appropri\u00e9e et ne sera jamais utilis\u00e9e \u00e0 d\u2019autres fins.<\/li>\n<li><strong>Informations compl\u00e9mentaires\u00a0:<\/strong> commentaires, exigences sp\u00e9cifiques et d\u00e9tails concernant le type de groupe et le nombre de participants.<\/li>\n<li><strong>Donn\u00e9es de paiement\u00a0:<\/strong> nous utilisons des plateformes de paiement externes, telles que Stripe et PayPal, pour traiter les paiements de mani\u00e8re s\u00e9curis\u00e9e. Nous ne g\u00e9rons pas directement les donn\u00e9es de paiement et nous ne collectons ni ne stockons les informations relatives aux cartes de d\u00e9bit ou de cr\u00e9dit des utilisateurs, \u00e0 leurs comptes bancaires ou \u00e0 d\u2019autres donn\u00e9es financi\u00e8res. Ces donn\u00e9es sont trait\u00e9es exclusivement par les plateformes de paiement, qui respectent des normes de s\u00e9curit\u00e9 \u00e9lev\u00e9es. Pour plus d\u2019informations sur la mani\u00e8re dont Stripe et PayPal traitent vos donn\u00e9es, veuillez consulter leurs politiques de confidentialit\u00e9 respectives\u00a0: <a href=\"https:\/\/stripe.com\/privacy\">Politique de confidentialit\u00e9 de Stripe<\/a> et <a href=\"https:\/\/www.paypal.com\/us\/legalhub\/privacy-full\">Politique de confidentialit\u00e9 de PayPal<\/a>. De m\u00eame, pour les paiements effectu\u00e9s par virement bancaire, nous ne collectons ni ne stockons aucune donn\u00e9e relative \u00e0 la transaction, ces virements \u00e9tant trait\u00e9s directement entre l\u2019utilisateur et l\u2019\u00e9tablissement bancaire.<\/li>\n<li><strong>Pour certaines activit\u00e9s propos\u00e9es via des widgets ou modules de r\u00e9servation int\u00e9gr\u00e9s<\/strong> (par exemple, des activit\u00e9s issues du FareHarbor Distribution Network \u2013 FHDN), le processus de r\u00e9servation et de paiement est effectu\u00e9 directement sur la plateforme FareHarbor. Dans ces cas, les donn\u00e9es personnelles saisies dans ce formulaire (y compris les donn\u00e9es de paiement) sont trait\u00e9es directement par FareHarbor en tant que responsable du traitement, conform\u00e9ment \u00e0 sa propre politique de confidentialit\u00e9, et non par nous. Nous n\u2019avons pas acc\u00e8s aux donn\u00e9es de carte ni aux informations de paiement saisies dans ces formulaires tiers et ne les conservons pas. Pour plus d\u2019informations, vous pouvez <a href=\"https:\/\/fareharbor.com\/legal\/privacy\/\">consulter la politique de confidentialit\u00e9 de FareHarbor en cliquant ici<\/a>.<\/li>\n<\/ul>\n<ol start=\"2\">\n<li>\n<h2><strong><u> Comment nous utilisons les donn\u00e9es personnelles et sur quel fondement<\/u><\/strong><\/h2>\n<\/li>\n<\/ol>\n<p><strong>2.1<\/strong> Nous utilisons les donn\u00e9es que nous collectons aux fins suivantes\u00a0:<\/p>\n<ul>\n<li><strong>Fournir des informations pertinentes\u00a0:<\/strong> vous fournir tous les d\u00e9tails et informations li\u00e9s \u00e0 votre demande de r\u00e9servation, \u00e0 la disponibilit\u00e9 et au prix.<\/li>\n<li><strong>G\u00e9rer et traiter votre demande d\u2019\u00e9v\u00e9nement\u00a0:<\/strong> confirmer votre r\u00e9servation, fournir le service et vous tenir inform\u00e9.<\/li>\n<li><strong>Personnaliser l\u2019exp\u00e9rience utilisateur\u00a0:<\/strong> adapter nos offres et nos communications \u00e0 vos int\u00e9r\u00eats et besoins.<\/li>\n<li><strong>Envoyer des communications\u00a0:<\/strong> vous adresser des informations concernant votre r\u00e9servation et des mises \u00e0 jour importantes.<\/li>\n<li><strong>Respecter nos obligations contractuelles\u00a0:<\/strong> fournir le service demand\u00e9.<\/li>\n<\/ul>\n<p><strong>2.2<\/strong> Selon le lieu o\u00f9 se trouve l\u2019Utilisateur, le traitement de ses donn\u00e9es personnelles peut reposer sur une ou plusieurs des bases juridiques suivantes\u00a0:<\/p>\n<ul>\n<li><strong>Votre consentement explicite,<\/strong> par exemple lorsque vous remplissez un formulaire ou acceptez des cookies.<\/li>\n<li><strong>L\u2019ex\u00e9cution d\u2019un contrat,<\/strong> telle que la gestion d\u2019une demande ou la fourniture du service r\u00e9serv\u00e9.<\/li>\n<li><strong>Le respect d\u2019obligations l\u00e9gales<\/strong> qui nous incombent.<\/li>\n<li><strong>Notre int\u00e9r\u00eat l\u00e9gitime<\/strong> \u00e0 exploiter, maintenir et am\u00e9liorer notre service, ainsi qu\u2019\u00e0 garantir une exp\u00e9rience s\u00fbre et personnalis\u00e9e.<\/li>\n<\/ul>\n<ol start=\"3\">\n<li>\n<h2><strong><u> Consentement et choix de l\u2019Utilisateur<\/u><\/strong><\/h2>\n<\/li>\n<\/ol>\n<p>En remplissant et en soumettant un formulaire, vous consentez \u00e0 ce que nous collections, utilisions et traitions vos donn\u00e9es aux fins d\u00e9crites dans la pr\u00e9sente Politique de confidentialit\u00e9, notamment pour vous envoyer des e\u2011mails contenant des informations uniquement li\u00e9es au service demand\u00e9 et, en cas de r\u00e9servation, des confirmations ou des mises \u00e0 jour relatives \u00e0 l\u2019\u00e9v\u00e9nement.<\/p>\n<ol start=\"4\">\n<li>\n<h2><strong><u> Comment nous partageons vos donn\u00e9es<\/u><\/strong><\/h2>\n<\/li>\n<\/ol>\n<p>Nous pouvons partager vos donn\u00e9es personnelles uniquement avec les tiers suivants, strictement dans la mesure n\u00e9cessaire \u00e0 l\u2019organisation de l\u2019\u00e9v\u00e9nement\u00a0:<\/p>\n<ul>\n<li><strong>Artistes et prestataires de services priv\u00e9s dans les arts du spectacle ou domaines connexes\u00a0:<\/strong> en cas de r\u00e9servation, nous ne partageons que les informations strictement n\u00e9cessaires pour ex\u00e9cuter l\u2019interm\u00e9diation de notre Service en vue de la r\u00e9alisation de votre \u00e9v\u00e9nement, avec l\u2019Artiste ou les Artistes qui y participeront, ainsi qu\u2019avec le ou les prestataires impliqu\u00e9s dans l\u2019ex\u00e9cution.<\/li>\n<li><strong>Restaurants et organisateurs ou responsables d\u2019activit\u00e9s\u00a0:<\/strong> en cas de r\u00e9servation, nous ne partageons que les informations strictement n\u00e9cessaires pour ex\u00e9cuter l\u2019interm\u00e9diation de notre Service avec le responsable de l\u2019activit\u00e9 r\u00e9serv\u00e9e. Pour les \u00e9v\u00e9nements comprenant des repas, des d\u00eeners ou d\u2019autres services compl\u00e9mentaires, nous pouvons partager les informations n\u00e9cessaires avec les restaurants ou autres partenaires participant \u00e0 l\u2019\u00e9v\u00e9nement.<\/li>\n<li><strong>Vos donn\u00e9es ne seront jamais c\u00e9d\u00e9es \u00e0 des tiers,<\/strong> sauf de mani\u00e8re limit\u00e9e aux tiers mentionn\u00e9s ci\u2011dessus en cas de r\u00e9servation.<\/li>\n<\/ul>\n<ol start=\"5\">\n<li>\n<h2><strong><u> S\u00e9curit\u00e9 des donn\u00e9es<\/u><\/strong><\/h2>\n<\/li>\n<\/ol>\n<p>Nous mettons en \u0153uvre des mesures de s\u00e9curit\u00e9 appropri\u00e9es, telles que le chiffrement des donn\u00e9es et le recours \u00e0 des prestataires fiables, afin de prot\u00e9ger vos donn\u00e9es personnelles. Lorsque des donn\u00e9es sont transf\u00e9r\u00e9es vers les \u00c9tats\u2011Unis ou vers d\u2019autres pays situ\u00e9s en dehors de votre pays de r\u00e9sidence pour la fourniture de notre service, nous faisons appel \u00e0 des prestataires mettant en \u0153uvre des clauses contractuelles types ou d\u2019autres m\u00e9canismes approuv\u00e9s, conform\u00e9ment \u00e0 la r\u00e9glementation locale et internationale en vigueur. Toutefois, aucun syst\u00e8me de transmission ou de stockage \u00e9lectronique n\u2019est enti\u00e8rement s\u00e9curis\u00e9. Malgr\u00e9 notre engagement \u00e0 prot\u00e9ger vos informations, nous ne pouvons pas garantir la s\u00e9curit\u00e9 absolue des donn\u00e9es transmises via internet.<\/p>\n<ol start=\"6\">\n<li>\n<h2><strong><u> Conservation des donn\u00e9es personnelles et droits de l\u2019Utilisateur<\/u><\/strong><\/h2>\n<\/li>\n<\/ol>\n<p>Nous conservons vos donn\u00e9es personnelles uniquement pendant la dur\u00e9e strictement n\u00e9cessaire pour atteindre les finalit\u00e9s pour lesquelles elles ont \u00e9t\u00e9 collect\u00e9es, ou jusqu\u2019\u00e0 ce que vous exerciez votre droit de demander leur suppression.<\/p>\n<p>Les donn\u00e9es seront supprim\u00e9es un mois apr\u00e8s la date de l\u2019\u00e9v\u00e9nement indiqu\u00e9e dans le formulaire, ou dans un d\u00e9lai maximal de dix (10) mois \u00e0 compter de la date de la demande. Certaines donn\u00e9es peuvent toutefois \u00eatre conserv\u00e9es plus longtemps si cela est n\u00e9cessaire pour respecter des obligations l\u00e9gales.<\/p>\n<p>Vous disposez des droits suivants\u00a0:<\/p>\n<ul>\n<li><strong>Acc\u00e9der \u00e0 vos donn\u00e9es personnelles\u00a0:<\/strong> vous avez le droit d\u2019acc\u00e9der aux donn\u00e9es personnelles que vous nous avez fournies via nos formulaires, ainsi que de demander leur rectification, leur suppression ou leur portabilit\u00e9, selon le cas.<\/li>\n<li><strong>Mettre \u00e0 jour ou corriger vos donn\u00e9es\u00a0:<\/strong> si vos informations personnelles changent ou si vous estimez que les informations que nous d\u00e9tenons sont inexactes, vous pouvez les mettre \u00e0 jour.<\/li>\n<li><strong>Supprimer ou restreindre l\u2019utilisation de vos donn\u00e9es\u00a0:<\/strong> vous pouvez nous demander de supprimer ou de restreindre l\u2019utilisation de vos donn\u00e9es, par exemple si vous avez soumis une demande sans r\u00e9servation ult\u00e9rieure et que ces donn\u00e9es ne sont plus n\u00e9cessaires aux fins initiales.<\/li>\n<li><strong>Portabilit\u00e9 des donn\u00e9es\u00a0:<\/strong> vous pouvez demander \u00e0 recevoir vos donn\u00e9es personnelles dans un format accessible.<\/li>\n<\/ul>\n<p>Pour exercer l\u2019un quelconque de ces droits, veuillez nous contacter en utilisant les coordonn\u00e9es indiqu\u00e9es \u00e0 la Section 10 (Contact).<\/p>\n<ol start=\"7\">\n<li>\n<h2><strong><u> Cookies<\/u><\/strong><\/h2>\n<\/li>\n<\/ol>\n<p>Nous utilisons des cookies et des technologies similaires pour am\u00e9liorer l\u2019exp\u00e9rience utilisateur, m\u00e9moriser les pr\u00e9f\u00e9rences et analyser l\u2019utilisation du site. Cela inclut\u00a0:<\/p>\n<ul>\n<li>Cookies essentiels\u00a0: n\u00e9cessaires au fonctionnement du site.<\/li>\n<li>Cookies d\u2019analyse\u00a0: par exemple, Google Analytics, afin de comprendre comment vous utilisez le site. Voir la <a href=\"https:\/\/policies.google.com\/privacy\">politique de confidentialit\u00e9 de Google<\/a>.<\/li>\n<li>Cookies de personnalisation\u00a0: permettant de m\u00e9moriser votre langue ou vos pr\u00e9f\u00e9rences.<\/li>\n<\/ul>\n<p>Vous pouvez g\u00e9rer les cookies non essentiels via notre bandeau de cookies ou dans les param\u00e8tres de votre navigateur. Le refus de certains cookies peut limiter certaines fonctionnalit\u00e9s.<\/p>\n<ol start=\"8\">\n<li>\n<h2><strong><u> R\u00e9seaux sociaux<\/u><\/strong><\/h2>\n<\/li>\n<\/ol>\n<p>Si vous choisissez de vous connecter via des r\u00e9seaux sociaux, nous vous invitons \u00e0 consulter les politiques de confidentialit\u00e9 de ces plateformes afin de comprendre comment vos informations sont collect\u00e9es, utilis\u00e9es et partag\u00e9es. Nous ne sommes pas responsables des pratiques de confidentialit\u00e9 de tiers.<\/p>\n<ol start=\"9\">\n<li>\n<h2><strong><u> Modifications de la Politique de confidentialit\u00e9<\/u><\/strong><\/h2>\n<\/li>\n<\/ol>\n<p>Nous pouvons mettre \u00e0 jour la pr\u00e9sente Politique de confidentialit\u00e9 de temps \u00e0 autre. Nous vous informerons de tout changement important au moyen d\u2019un avis publi\u00e9 sur notre site internet ou par courrier \u00e9lectronique. La version la plus r\u00e9cente de la politique est toujours celle qui s\u2019applique.<\/p>\n<ol start=\"10\">\n<li>\n<h2><strong><u> Contact<\/u><\/strong><\/h2>\n<\/li>\n<\/ol>\n<p>Si vous avez des questions concernant la pr\u00e9sente Politique de confidentialit\u00e9 ou si vous souhaitez exercer vos droits, vous pouvez nous contacter, Global Entertainment OnDemand LLC, 407 Lincoln Road Ste 708, Miami Beach, FL 33139 USA. Vous pouvez remplir le formulaire ci\u2011dessous avec votre adresse e\u2011mail et vous recevrez une r\u00e9ponse de notre \u00e9quipe dans les meilleurs d\u00e9lais. Pour des raisons de s\u00e9curit\u00e9, vous devez utiliser l\u2019adresse e\u2011mail que vous avez utilis\u00e9e lors de votre demande initiale via formulaire :<\/p>\n\n<div class=\"wpcf7 no-js\" id=\"wpcf7-f20922-o1\" lang=\"fr-FR\" dir=\"ltr\" data-wpcf7-id=\"20922\">\n<div class=\"screen-reader-response\"><p role=\"status\" aria-live=\"polite\" aria-atomic=\"true\"><\/p> <ul><\/ul><\/div>\n<form action=\"\/fr\/wp-json\/wp\/v2\/pages\/10317#wpcf7-f20922-o1\" method=\"post\" class=\"wpcf7-form init\" aria-label=\"Formulaire de contact\" novalidate=\"novalidate\" data-status=\"init\">\n<fieldset class=\"hidden-fields-container\"><input type=\"hidden\" name=\"_wpcf7\" value=\"20922\" \/><input type=\"hidden\" name=\"_wpcf7_version\" value=\"6.1.4\" \/><input type=\"hidden\" name=\"_wpcf7_locale\" value=\"fr_FR\" \/><input type=\"hidden\" name=\"_wpcf7_unit_tag\" value=\"wpcf7-f20922-o1\" \/><input type=\"hidden\" name=\"_wpcf7_container_post\" value=\"0\" \/><input type=\"hidden\" name=\"_wpcf7_posted_data_hash\" value=\"\" \/><input type=\"hidden\" name=\"_wpcf7_recaptcha_response\" value=\"\" \/>\n<\/fieldset>\n<center>\n\t<div class=\"form-group\">\n\t\t<p><label for=\"email_st\">Email :<\/label><br \/>\n<span class=\"wpcf7-form-control-wrap\" data-name=\"email_st\"><input size=\"40\" maxlength=\"400\" class=\"wpcf7-form-control wpcf7-email wpcf7-validates-as-required wpcf7-text wpcf7-validates-as-email\" id=\"email_st\" aria-required=\"true\" aria-invalid=\"false\" placeholder=\"\" value=\"\" type=\"email\" name=\"email_st\" \/><\/span>\n\t\t<\/p>\n\t<\/div>\n\t<div class=\"form-group\">\n\t\t<p><label for=\"question_st\">Demande :<\/label><br \/>\n<span class=\"wpcf7-form-control-wrap\" data-name=\"question_st\"><textarea cols=\"40\" rows=\"1\" maxlength=\"2000\" class=\"wpcf7-form-control wpcf7-textarea wpcf7-validates-as-required\" id=\"question_st\" aria-required=\"true\" aria-invalid=\"false\" placeholder=\"\u00c9crivez votre demande\" name=\"question_st\"><\/textarea><\/span>\n\t\t<\/p>\n\t<\/div>\n\t<div class=\"form-group\">\n\t\t<p><span class=\"wpcf7-form-control-wrap\" data-name=\"capital-quiz\"><label><span class=\"wpcf7-quiz-label\">R\u00e9solvez, 7 + 14 ?<\/span> <input size=\"40\" class=\"wpcf7-form-control wpcf7-quiz\" autocomplete=\"off\" aria-required=\"true\" aria-invalid=\"false\" type=\"text\" name=\"capital-quiz\" \/><\/label><input type=\"hidden\" name=\"_wpcf7_quiz_answer_capital-quiz\" value=\"07f44759c08ec7541be2cbde731e4ca4\" \/><\/span>\n\t\t<\/p>\n\t<\/div>\n\t<div>\n\t\t<p><input class=\"wpcf7-form-control wpcf7-submit has-spinner\" type=\"submit\" value=\"Envoyer\" \/>\n\t\t<\/p>\n\t<\/div>\n\t<div style=\"font-size: 12px; color: #555; margin-top: 15px;\">\n\t\t<p>Cette page est prot\u00e9g\u00e9e par reCAPTCHA et la <a href=\"https:\/\/policies.google.com\/privacy\" target=\"_blank\">Politique de confidentialit\u00e9<\/a> et les <a href=\"https:\/\/policies.google.com\/terms\" target=\"_blank\">Conditions<\/a> de Google s'appliquent.\n\t\t<\/p>\n\t<\/div>\n<\/center><div class=\"wpcf7-response-output\" aria-hidden=\"true\"><\/div>\n<\/form>\n<\/div>\n\n<\/header>\n<\/section>\n<p>[\/vc_column_text][\/vc_column][\/vc_row]<\/p>\n<\/div>","protected":false},"excerpt":{"rendered":"<p>[vc_row][vc_column][vc_column_text css=\u00a0\u00bb\u00a0\u00bb] La traduction est fournie uniquement \u00e0 titre informatif. La version d\u00e9finitive de cette page est la version en anglais. Derni\u00e8re mise \u00e0 jour\u00a0: 2 f\u00e9vrier 2026 &nbsp; La pr\u00e9sente Politique de confidentialit\u00e9 explique comment nous collectons, utilisons, stockons et prot\u00e9geons les donn\u00e9es lorsque vous interagissez avec notre site internet, y compris les formulaires [&hellip;]<\/p>\n","protected":false},"author":1,"featured_media":0,"parent":0,"menu_order":0,"comment_status":"closed","ping_status":"closed","template":"template-home-modern.php","meta":{"footnotes":""},"class_list":["post-10317","page","type-page","status-publish","has-post-thumbnail","hentry"],"yoast_head":"<!-- This site is optimized with the Yoast SEO plugin v27.1.1 - https:\/\/yoast.com\/product\/yoast-seo-wordpress\/ -->\n<title>Politique de confidentialit\u00e9 - BestFiesta<\/title>\n<meta name=\"robots\" content=\"noindex, nofollow\" \/>\n<meta property=\"og:locale\" content=\"fr_FR\" \/>\n<meta property=\"og:type\" content=\"article\" \/>\n<meta property=\"og:title\" content=\"Politique de confidentialit\u00e9 - BestFiesta\" \/>\n<meta property=\"og:description\" content=\"[vc_row][vc_column][vc_column_text css=\u00a0\u00bb\u00a0\u00bb] La traduction est fournie uniquement \u00e0 titre informatif. La version d\u00e9finitive de cette page est la version en anglais. Derni\u00e8re mise \u00e0 jour\u00a0: 2 f\u00e9vrier 2026 &nbsp; La pr\u00e9sente Politique de confidentialit\u00e9 explique comment nous collectons, utilisons, stockons et prot\u00e9geons les donn\u00e9es lorsque vous interagissez avec notre site internet, y compris les formulaires [&hellip;]\" \/>\n<meta property=\"og:url\" content=\"https:\/\/bestfiesta.es\/fr\/politique-de-confidentialite\/\" \/>\n<meta property=\"og:site_name\" content=\"BestFiesta\" \/>\n<meta property=\"article:publisher\" content=\"https:\/\/www.facebook.com\/BestFiesta.es\/\" \/>\n<meta property=\"article:modified_time\" content=\"2026-01-27T09:53:40+00:00\" \/>\n<meta name=\"twitter:card\" content=\"summary_large_image\" \/>\n<meta name=\"twitter:label1\" content=\"Dur\u00e9e de lecture estim\u00e9e\" \/>\n\t<meta name=\"twitter:data1\" content=\"9 minutes\" \/>\n<script type=\"application\/ld+json\" class=\"yoast-schema-graph\">{\"@context\":\"https:\/\/schema.org\",\"@graph\":[{\"@type\":\"WebPage\",\"@id\":\"https:\/\/bestfiesta.es\/fr\/politique-de-confidentialite\/\",\"url\":\"https:\/\/bestfiesta.es\/fr\/politique-de-confidentialite\/\",\"name\":\"Politique de confidentialit\u00e9 - BestFiesta\",\"isPartOf\":{\"@id\":\"https:\/\/bestfiesta.es\/fr\/#website\"},\"datePublished\":\"2020-04-30T15:26:23+00:00\",\"dateModified\":\"2026-01-27T09:53:40+00:00\",\"breadcrumb\":{\"@id\":\"https:\/\/bestfiesta.es\/fr\/politique-de-confidentialite\/#breadcrumb\"},\"inLanguage\":\"fr-FR\",\"potentialAction\":[{\"@type\":\"ReadAction\",\"target\":[\"https:\/\/bestfiesta.es\/fr\/politique-de-confidentialite\/\"]}]},{\"@type\":\"BreadcrumbList\",\"@id\":\"https:\/\/bestfiesta.es\/fr\/politique-de-confidentialite\/#breadcrumb\",\"itemListElement\":[{\"@type\":\"ListItem\",\"position\":1,\"name\":\"Home\",\"item\":\"https:\/\/bestfiesta.es\/fr\/\"},{\"@type\":\"ListItem\",\"position\":2,\"name\":\"Politique de confidentialit\u00e9\"}]},{\"@type\":\"WebSite\",\"@id\":\"https:\/\/bestfiesta.es\/fr\/#website\",\"url\":\"https:\/\/bestfiesta.es\/fr\/\",\"name\":\"BestFiesta\",\"description\":\"Organizaci\u00f3n de despedidas, packs para despedidas, etc\",\"publisher\":{\"@id\":\"https:\/\/bestfiesta.es\/fr\/#organization\"},\"potentialAction\":[{\"@type\":\"SearchAction\",\"target\":{\"@type\":\"EntryPoint\",\"urlTemplate\":\"https:\/\/bestfiesta.es\/fr\/?s={search_term_string}\"},\"query-input\":{\"@type\":\"PropertyValueSpecification\",\"valueRequired\":true,\"valueName\":\"search_term_string\"}}],\"inLanguage\":\"fr-FR\"},{\"@type\":\"Organization\",\"@id\":\"https:\/\/bestfiesta.es\/fr\/#organization\",\"name\":\"BestFiesta\",\"url\":\"https:\/\/bestfiesta.es\/fr\/\",\"logo\":{\"@type\":\"ImageObject\",\"inLanguage\":\"fr-FR\",\"@id\":\"https:\/\/bestfiesta.es\/fr\/#\/schema\/logo\/image\/\",\"url\":\"https:\/\/bestfiesta.es\/wp-content\/uploads\/2020\/06\/BestFiesta.png\",\"contentUrl\":\"https:\/\/bestfiesta.es\/wp-content\/uploads\/2020\/06\/BestFiesta.png\",\"width\":180,\"height\":153,\"caption\":\"BestFiesta\"},\"image\":{\"@id\":\"https:\/\/bestfiesta.es\/fr\/#\/schema\/logo\/image\/\"},\"sameAs\":[\"https:\/\/www.facebook.com\/BestFiesta.es\/\"]}]}<\/script>\n<!-- \/ Yoast SEO plugin. -->","yoast_head_json":{"title":"Politique de confidentialit\u00e9 - BestFiesta","robots":{"index":"noindex","follow":"nofollow"},"og_locale":"fr_FR","og_type":"article","og_title":"Politique de confidentialit\u00e9 - BestFiesta","og_description":"[vc_row][vc_column][vc_column_text css=\u00a0\u00bb\u00a0\u00bb] La traduction est fournie uniquement \u00e0 titre informatif. La version d\u00e9finitive de cette page est la version en anglais. Derni\u00e8re mise \u00e0 jour\u00a0: 2 f\u00e9vrier 2026 &nbsp; La pr\u00e9sente Politique de confidentialit\u00e9 explique comment nous collectons, utilisons, stockons et prot\u00e9geons les donn\u00e9es lorsque vous interagissez avec notre site internet, y compris les formulaires [&hellip;]","og_url":"https:\/\/bestfiesta.es\/fr\/politique-de-confidentialite\/","og_site_name":"BestFiesta","article_publisher":"https:\/\/www.facebook.com\/BestFiesta.es\/","article_modified_time":"2026-01-27T09:53:40+00:00","twitter_card":"summary_large_image","twitter_misc":{"Dur\u00e9e de lecture estim\u00e9e":"9 minutes"},"schema":{"@context":"https:\/\/schema.org","@graph":[{"@type":"WebPage","@id":"https:\/\/bestfiesta.es\/fr\/politique-de-confidentialite\/","url":"https:\/\/bestfiesta.es\/fr\/politique-de-confidentialite\/","name":"Politique de confidentialit\u00e9 - BestFiesta","isPartOf":{"@id":"https:\/\/bestfiesta.es\/fr\/#website"},"datePublished":"2020-04-30T15:26:23+00:00","dateModified":"2026-01-27T09:53:40+00:00","breadcrumb":{"@id":"https:\/\/bestfiesta.es\/fr\/politique-de-confidentialite\/#breadcrumb"},"inLanguage":"fr-FR","potentialAction":[{"@type":"ReadAction","target":["https:\/\/bestfiesta.es\/fr\/politique-de-confidentialite\/"]}]},{"@type":"BreadcrumbList","@id":"https:\/\/bestfiesta.es\/fr\/politique-de-confidentialite\/#breadcrumb","itemListElement":[{"@type":"ListItem","position":1,"name":"Home","item":"https:\/\/bestfiesta.es\/fr\/"},{"@type":"ListItem","position":2,"name":"Politique de confidentialit\u00e9"}]},{"@type":"WebSite","@id":"https:\/\/bestfiesta.es\/fr\/#website","url":"https:\/\/bestfiesta.es\/fr\/","name":"BestFiesta","description":"Organizaci\u00f3n de despedidas, packs para despedidas, etc","publisher":{"@id":"https:\/\/bestfiesta.es\/fr\/#organization"},"potentialAction":[{"@type":"SearchAction","target":{"@type":"EntryPoint","urlTemplate":"https:\/\/bestfiesta.es\/fr\/?s={search_term_string}"},"query-input":{"@type":"PropertyValueSpecification","valueRequired":true,"valueName":"search_term_string"}}],"inLanguage":"fr-FR"},{"@type":"Organization","@id":"https:\/\/bestfiesta.es\/fr\/#organization","name":"BestFiesta","url":"https:\/\/bestfiesta.es\/fr\/","logo":{"@type":"ImageObject","inLanguage":"fr-FR","@id":"https:\/\/bestfiesta.es\/fr\/#\/schema\/logo\/image\/","url":"https:\/\/bestfiesta.es\/wp-content\/uploads\/2020\/06\/BestFiesta.png","contentUrl":"https:\/\/bestfiesta.es\/wp-content\/uploads\/2020\/06\/BestFiesta.png","width":180,"height":153,"caption":"BestFiesta"},"image":{"@id":"https:\/\/bestfiesta.es\/fr\/#\/schema\/logo\/image\/"},"sameAs":["https:\/\/www.facebook.com\/BestFiesta.es\/"]}]}},"_links":{"self":[{"href":"https:\/\/bestfiesta.es\/fr\/wp-json\/wp\/v2\/pages\/10317","targetHints":{"allow":["GET"]}}],"collection":[{"href":"https:\/\/bestfiesta.es\/fr\/wp-json\/wp\/v2\/pages"}],"about":[{"href":"https:\/\/bestfiesta.es\/fr\/wp-json\/wp\/v2\/types\/page"}],"author":[{"embeddable":true,"href":"https:\/\/bestfiesta.es\/fr\/wp-json\/wp\/v2\/users\/1"}],"replies":[{"embeddable":true,"href":"https:\/\/bestfiesta.es\/fr\/wp-json\/wp\/v2\/comments?post=10317"}],"version-history":[{"count":6,"href":"https:\/\/bestfiesta.es\/fr\/wp-json\/wp\/v2\/pages\/10317\/revisions"}],"predecessor-version":[{"id":22762,"href":"https:\/\/bestfiesta.es\/fr\/wp-json\/wp\/v2\/pages\/10317\/revisions\/22762"}],"wp:attachment":[{"href":"https:\/\/bestfiesta.es\/fr\/wp-json\/wp\/v2\/media?parent=10317"}],"curies":[{"name":"wp","href":"https:\/\/api.w.org\/{rel}","templated":true}]}}