{"id":10729,"date":"2020-04-09T15:33:17","date_gmt":"2020-04-09T15:33:17","guid":{"rendered":"http:\/\/bestfiesta.es\/islas-baleares\/"},"modified":"2024-01-03T20:46:41","modified_gmt":"2024-01-03T20:46:41","slug":"iles-baleares","status":"publish","type":"page","link":"https:\/\/bestfiesta.es\/fr\/par-region-espagne\/iles-baleares\/","title":{"rendered":"\u00celes Bal\u00e9ares"},"content":{"rendered":"<div class=\"wpb-content-wrapper\"><p>[vc_row][vc_column]            <div class=\"row list-destination masonry\">\r\n                            <div class=\"col-xs-12 col-sm-12 col-md-8 has-matchHeight first-item\">\r\n                    <div class=\"destination-item\">\r\n                        <div class=\"image\">\r\n                                                        <a class=\"st-link\" href=\"https:\/\/bestfiesta.es\/fr\/ville\/palma-de-mallorca\/\">\r\n                                <img loading=\"lazy\" decoding=\"async\" src=\"https:\/\/bestfiesta.es\/wp-content\/uploads\/2018\/12\/mallorca_despedidas-770x375.jpg\" width=\"770\" height=\"375\"\r\n                                     class=\"img-responsive\" alt = \"Palma de Majorque\">\r\n                            <\/a>\r\n                            <div class=\"content\">\r\n                                <h3 class=\"title\">\r\n                                    <a href=\"https:\/\/bestfiesta.es\/fr\/ville\/palma-de-mallorca\/\">\r\n                                        Palma de Majorque                                    <\/a>\r\n                                <\/h3>\r\n                                <div class=\"desc multi\"><a href=\"https:\/\/bestfiesta.es\/fr\/activites\/?location_name=Palma%20de%20Majorque&#038;location_id=11185\">16 Activit\u00e9s<\/a><a href=\"https:\/\/bestfiesta.es\/fr\/espagne-enterrement-de-vie-de-jeune-fille-garcon\/?location_name=Palma%20de%20Majorque&#038;location_id=11185\">12 Packs<\/a><\/div>                            <\/div>\r\n                                                    <\/div>\r\n                    <\/div>\r\n                <\/div>\r\n                                <div class=\"col-xs-12 col-sm-6 col-md-4 has-matchHeight second-item\">\r\n                    <div class=\"destination-item\">\r\n                        <div class=\"image\">\r\n                                                        <a class=\"st-link\" href=\"https:\/\/bestfiesta.es\/fr\/ville\/ibiza\/\">\r\n                                <img loading=\"lazy\" decoding=\"async\" src=\"https:\/\/bestfiesta.es\/wp-content\/uploads\/2015\/02\/Fondo-Ibiza-370x370.jpg\" width=\"370\" height=\"370\"\r\n                                     class=\"img-responsive\" alt = \"Ibiza\">\r\n                            <\/a>\r\n                            <div class=\"content\">\r\n                                <h3 class=\"title\">\r\n                                    <a href=\"https:\/\/bestfiesta.es\/fr\/ville\/ibiza\/\">\r\n                                        Ibiza                                    <\/a>\r\n                                <\/h3>\r\n                                <div class=\"desc multi\"><a href=\"https:\/\/bestfiesta.es\/fr\/activites\/?location_name=Ibiza&#038;location_id=10106\">9 Activit\u00e9s<\/a><a href=\"https:\/\/bestfiesta.es\/fr\/espagne-enterrement-de-vie-de-jeune-fille-garcon\/?location_name=Ibiza&#038;location_id=10106\">3 Packs<\/a><\/div>                            <\/div>\r\n                                                    <\/div>\r\n                    <\/div>\r\n                <\/div>\r\n                        <\/div>\r\n        [\/vc_column][\/vc_row][vc_row][vc_column][vc_column_text]<\/p>\n<p class=\"parrafo\">Si vous cherchez la destination parfaite pour c\u00e9l\u00e9brer un enterrement de vie de jeune fille ou de gar\u00e7on pour un ami ou une amie, les \u00eeles Bal\u00e9ares sont un excellent choix. Situ\u00e9es en M\u00e9diterran\u00e9e, ces \u00eeles sont connues pour leur climat chaud, leurs belles plages et leur vie nocturne anim\u00e9e. Nous vous expliquons ci-dessous pourquoi vous devriez choisir les \u00eeles Bal\u00e9ares pour c\u00e9l\u00e9brer un enterrement de vie de jeune fille ou de gar\u00e7on.<\/p>\n<p>&nbsp;<\/p>\n<h2><strong>Belles plages<\/strong><\/h2>\n<p class=\"parrafo\">Les \u00eeles Bal\u00e9ares abritent certaines des plus belles plages d&rsquo;Espagne. Des plages de sable blanc et d&rsquo;eaux cristallines aux criques cach\u00e9es entour\u00e9es de falaises, il y en a pour tous les go\u00fbts. Vous pourrez profiter du soleil et de la mer pendant la journ\u00e9e, et vous d\u00e9tendre dans une ambiance idyllique tout en admirant les vues spectaculaires.<\/p>\n<p>&nbsp;<\/p>\n<h2><strong>Vie nocturne anim\u00e9e<\/strong><\/h2>\n<p class=\"parrafo\">Si vous cherchez un enterrement de vie de jeune fille ou de gar\u00e7on rempli de f\u00eate et de divertissement, les \u00eeles Bal\u00e9ares ont beaucoup \u00e0 offrir. Ibiza est connue comme la capitale de la f\u00eate en Espagne, avec certaines des meilleures discoth\u00e8ques du monde. Mais si vous pr\u00e9f\u00e9rez quelque chose d&rsquo;un peu plus tranquille, Majorque et Minorque ont \u00e9galement une grande offre de bars et de pubs qui conviennent \u00e0 tous les go\u00fbts.<\/p>\n<p>&nbsp;<\/p>\n<h2><strong>Activit\u00e9s excitantes<\/strong><\/h2>\n<p class=\"parrafo\">En plus de leurs plages et de leur vie nocturne, les \u00eeles Bal\u00e9ares offrent une grande vari\u00e9t\u00e9 d&rsquo;activit\u00e9s excitantes \u00e0 faire pendant la journ\u00e9e. Des sports nautiques tels que le ski nautique, le surf et le kayak aux promenades en bateau et aux excursions dans la nature, il y a quelque chose pour tout le monde. Vous pouvez \u00e9galement faire une d\u00e9gustation de vins ou une s\u00e9ance de spa.<\/p>\n<p>&nbsp;<\/p>\n<h2><strong>Climat chaud<\/strong><\/h2>\n<p class=\"parrafo\">Les \u00eeles Bal\u00e9ares b\u00e9n\u00e9ficient d&rsquo;un climat chaud pendant une grande partie de l&rsquo;ann\u00e9e, ce qui en fait une destination id\u00e9ale pour c\u00e9l\u00e9brer un enterrement de vie de jeune fille ou de gar\u00e7on \u00e0 n&rsquo;importe quelle saison. L&rsquo;\u00e9t\u00e9 est le moment le plus populaire, mais le printemps et l&rsquo;automne ont \u00e9galement un climat agr\u00e9able et des prix plus bas pour l&rsquo;h\u00e9bergement et les activit\u00e9s.<\/p>\n<p class=\"parrafo\">Les \u00eeles Bal\u00e9ares sont une destination parfaite pour c\u00e9l\u00e9brer votre enterrement de vie de jeune fille ou de gar\u00e7on. Avec leurs belles plages, leur vie nocturne anim\u00e9e, leurs activit\u00e9s excitantes et leur climat chaud, vous ne manquerez pas d&rsquo;options pour profiter d&rsquo;un enterrement de vie de jeune fille ou de gar\u00e7on inoubliable.<\/p>\n<p>[\/vc_column_text][\/vc_column][\/vc_row]<\/p>\n<\/div>","protected":false},"excerpt":{"rendered":"<p>[vc_row][vc_column][\/vc_column][\/vc_row][vc_row][vc_column][vc_column_text] Si vous cherchez la destination parfaite pour c\u00e9l\u00e9brer un enterrement de vie de jeune fille ou de gar\u00e7on pour un ami ou une amie, les \u00eeles Bal\u00e9ares sont un excellent choix. Situ\u00e9es en M\u00e9diterran\u00e9e, ces \u00eeles sont connues pour leur climat chaud, leurs belles plages et leur vie nocturne anim\u00e9e. Nous vous expliquons ci-dessous [&hellip;]<\/p>\n","protected":false},"author":1,"featured_media":0,"parent":10731,"menu_order":0,"comment_status":"closed","ping_status":"closed","template":"template-home-modern.php","meta":{"footnotes":""},"class_list":["post-10729","page","type-page","status-publish","has-post-thumbnail","hentry"],"yoast_head":"<!-- This site is optimized with the Yoast SEO plugin v27.1.1 - https:\/\/yoast.com\/product\/yoast-seo-wordpress\/ -->\n<title>Enterrement de vie de jeune fille ou de Gar\u00e7on: \u00eeles Bal\u00e9ares<\/title>\n<meta name=\"description\" content=\"Si vous cherchez la destination parfaite pour c\u00e9l\u00e9brer un enterrement de vie de jeune fille ou de gar\u00e7on pour un ami ou une amie, les \u00eeles Bal\u00e9ares sont un excellent choix.\" \/>\n<meta name=\"robots\" content=\"index, follow, max-snippet:-1, max-image-preview:large, max-video-preview:-1\" \/>\n<link rel=\"canonical\" href=\"https:\/\/bestfiesta.es\/fr\/par-region-espagne\/iles-baleares\/\" \/>\n<meta property=\"og:locale\" content=\"fr_FR\" \/>\n<meta property=\"og:type\" content=\"article\" \/>\n<meta property=\"og:title\" content=\"Enterrement de vie de jeune fille ou de Gar\u00e7on: \u00eeles Bal\u00e9ares\" \/>\n<meta property=\"og:description\" content=\"Si vous cherchez la destination parfaite pour c\u00e9l\u00e9brer un enterrement de vie de jeune fille ou de gar\u00e7on pour un ami ou une amie, les \u00eeles Bal\u00e9ares sont un excellent choix.\" \/>\n<meta property=\"og:url\" content=\"https:\/\/bestfiesta.es\/fr\/par-region-espagne\/iles-baleares\/\" \/>\n<meta property=\"og:site_name\" content=\"BestFiesta\" \/>\n<meta property=\"article:publisher\" content=\"https:\/\/www.facebook.com\/BestFiesta.es\/\" \/>\n<meta property=\"article:modified_time\" content=\"2024-01-03T20:46:41+00:00\" \/>\n<meta name=\"twitter:card\" content=\"summary_large_image\" \/>\n<meta name=\"twitter:label1\" content=\"Dur\u00e9e de lecture estim\u00e9e\" \/>\n\t<meta name=\"twitter:data1\" content=\"2 minutes\" \/>\n<script type=\"application\/ld+json\" class=\"yoast-schema-graph\">{\"@context\":\"https:\/\/schema.org\",\"@graph\":[{\"@type\":\"WebPage\",\"@id\":\"https:\/\/bestfiesta.es\/fr\/par-region-espagne\/iles-baleares\/\",\"url\":\"https:\/\/bestfiesta.es\/fr\/par-region-espagne\/iles-baleares\/\",\"name\":\"Enterrement de vie de jeune fille ou de Gar\u00e7on: \u00eeles Bal\u00e9ares\",\"isPartOf\":{\"@id\":\"https:\/\/bestfiesta.es\/fr\/#website\"},\"datePublished\":\"2020-04-09T15:33:17+00:00\",\"dateModified\":\"2024-01-03T20:46:41+00:00\",\"description\":\"Si vous cherchez la destination parfaite pour c\u00e9l\u00e9brer un enterrement de vie de jeune fille ou de gar\u00e7on pour un ami ou une amie, les \u00eeles Bal\u00e9ares sont un excellent choix.\",\"breadcrumb\":{\"@id\":\"https:\/\/bestfiesta.es\/fr\/par-region-espagne\/iles-baleares\/#breadcrumb\"},\"inLanguage\":\"fr-FR\",\"potentialAction\":[{\"@type\":\"ReadAction\",\"target\":[\"https:\/\/bestfiesta.es\/fr\/par-region-espagne\/iles-baleares\/\"]}]},{\"@type\":\"BreadcrumbList\",\"@id\":\"https:\/\/bestfiesta.es\/fr\/par-region-espagne\/iles-baleares\/#breadcrumb\",\"itemListElement\":[{\"@type\":\"ListItem\",\"position\":1,\"name\":\"Home\",\"item\":\"https:\/\/bestfiesta.es\/fr\/\"},{\"@type\":\"ListItem\",\"position\":2,\"name\":\"Par r\u00e9gion\",\"item\":\"https:\/\/bestfiesta.es\/fr\/par-region-espagne\/\"},{\"@type\":\"ListItem\",\"position\":3,\"name\":\"\u00celes Bal\u00e9ares\"}]},{\"@type\":\"WebSite\",\"@id\":\"https:\/\/bestfiesta.es\/fr\/#website\",\"url\":\"https:\/\/bestfiesta.es\/fr\/\",\"name\":\"BestFiesta\",\"description\":\"Organizaci\u00f3n de despedidas, packs para despedidas, etc\",\"publisher\":{\"@id\":\"https:\/\/bestfiesta.es\/fr\/#organization\"},\"potentialAction\":[{\"@type\":\"SearchAction\",\"target\":{\"@type\":\"EntryPoint\",\"urlTemplate\":\"https:\/\/bestfiesta.es\/fr\/?s={search_term_string}\"},\"query-input\":{\"@type\":\"PropertyValueSpecification\",\"valueRequired\":true,\"valueName\":\"search_term_string\"}}],\"inLanguage\":\"fr-FR\"},{\"@type\":\"Organization\",\"@id\":\"https:\/\/bestfiesta.es\/fr\/#organization\",\"name\":\"BestFiesta\",\"url\":\"https:\/\/bestfiesta.es\/fr\/\",\"logo\":{\"@type\":\"ImageObject\",\"inLanguage\":\"fr-FR\",\"@id\":\"https:\/\/bestfiesta.es\/fr\/#\/schema\/logo\/image\/\",\"url\":\"https:\/\/bestfiesta.es\/wp-content\/uploads\/2020\/06\/BestFiesta.png\",\"contentUrl\":\"https:\/\/bestfiesta.es\/wp-content\/uploads\/2020\/06\/BestFiesta.png\",\"width\":180,\"height\":153,\"caption\":\"BestFiesta\"},\"image\":{\"@id\":\"https:\/\/bestfiesta.es\/fr\/#\/schema\/logo\/image\/\"},\"sameAs\":[\"https:\/\/www.facebook.com\/BestFiesta.es\/\"]}]}<\/script>\n<!-- \/ Yoast SEO plugin. -->","yoast_head_json":{"title":"Enterrement de vie de jeune fille ou de Gar\u00e7on: \u00eeles Bal\u00e9ares","description":"Si vous cherchez la destination parfaite pour c\u00e9l\u00e9brer un enterrement de vie de jeune fille ou de gar\u00e7on pour un ami ou une amie, les \u00eeles Bal\u00e9ares sont un excellent choix.","robots":{"index":"index","follow":"follow","max-snippet":"max-snippet:-1","max-image-preview":"max-image-preview:large","max-video-preview":"max-video-preview:-1"},"canonical":"https:\/\/bestfiesta.es\/fr\/par-region-espagne\/iles-baleares\/","og_locale":"fr_FR","og_type":"article","og_title":"Enterrement de vie de jeune fille ou de Gar\u00e7on: \u00eeles Bal\u00e9ares","og_description":"Si vous cherchez la destination parfaite pour c\u00e9l\u00e9brer un enterrement de vie de jeune fille ou de gar\u00e7on pour un ami ou une amie, les \u00eeles Bal\u00e9ares sont un excellent choix.","og_url":"https:\/\/bestfiesta.es\/fr\/par-region-espagne\/iles-baleares\/","og_site_name":"BestFiesta","article_publisher":"https:\/\/www.facebook.com\/BestFiesta.es\/","article_modified_time":"2024-01-03T20:46:41+00:00","twitter_card":"summary_large_image","twitter_misc":{"Dur\u00e9e de lecture estim\u00e9e":"2 minutes"},"schema":{"@context":"https:\/\/schema.org","@graph":[{"@type":"WebPage","@id":"https:\/\/bestfiesta.es\/fr\/par-region-espagne\/iles-baleares\/","url":"https:\/\/bestfiesta.es\/fr\/par-region-espagne\/iles-baleares\/","name":"Enterrement de vie de jeune fille ou de Gar\u00e7on: \u00eeles Bal\u00e9ares","isPartOf":{"@id":"https:\/\/bestfiesta.es\/fr\/#website"},"datePublished":"2020-04-09T15:33:17+00:00","dateModified":"2024-01-03T20:46:41+00:00","description":"Si vous cherchez la destination parfaite pour c\u00e9l\u00e9brer un enterrement de vie de jeune fille ou de gar\u00e7on pour un ami ou une amie, les \u00eeles Bal\u00e9ares sont un excellent choix.","breadcrumb":{"@id":"https:\/\/bestfiesta.es\/fr\/par-region-espagne\/iles-baleares\/#breadcrumb"},"inLanguage":"fr-FR","potentialAction":[{"@type":"ReadAction","target":["https:\/\/bestfiesta.es\/fr\/par-region-espagne\/iles-baleares\/"]}]},{"@type":"BreadcrumbList","@id":"https:\/\/bestfiesta.es\/fr\/par-region-espagne\/iles-baleares\/#breadcrumb","itemListElement":[{"@type":"ListItem","position":1,"name":"Home","item":"https:\/\/bestfiesta.es\/fr\/"},{"@type":"ListItem","position":2,"name":"Par r\u00e9gion","item":"https:\/\/bestfiesta.es\/fr\/par-region-espagne\/"},{"@type":"ListItem","position":3,"name":"\u00celes Bal\u00e9ares"}]},{"@type":"WebSite","@id":"https:\/\/bestfiesta.es\/fr\/#website","url":"https:\/\/bestfiesta.es\/fr\/","name":"BestFiesta","description":"Organizaci\u00f3n de despedidas, packs para despedidas, etc","publisher":{"@id":"https:\/\/bestfiesta.es\/fr\/#organization"},"potentialAction":[{"@type":"SearchAction","target":{"@type":"EntryPoint","urlTemplate":"https:\/\/bestfiesta.es\/fr\/?s={search_term_string}"},"query-input":{"@type":"PropertyValueSpecification","valueRequired":true,"valueName":"search_term_string"}}],"inLanguage":"fr-FR"},{"@type":"Organization","@id":"https:\/\/bestfiesta.es\/fr\/#organization","name":"BestFiesta","url":"https:\/\/bestfiesta.es\/fr\/","logo":{"@type":"ImageObject","inLanguage":"fr-FR","@id":"https:\/\/bestfiesta.es\/fr\/#\/schema\/logo\/image\/","url":"https:\/\/bestfiesta.es\/wp-content\/uploads\/2020\/06\/BestFiesta.png","contentUrl":"https:\/\/bestfiesta.es\/wp-content\/uploads\/2020\/06\/BestFiesta.png","width":180,"height":153,"caption":"BestFiesta"},"image":{"@id":"https:\/\/bestfiesta.es\/fr\/#\/schema\/logo\/image\/"},"sameAs":["https:\/\/www.facebook.com\/BestFiesta.es\/"]}]}},"_links":{"self":[{"href":"https:\/\/bestfiesta.es\/fr\/wp-json\/wp\/v2\/pages\/10729","targetHints":{"allow":["GET"]}}],"collection":[{"href":"https:\/\/bestfiesta.es\/fr\/wp-json\/wp\/v2\/pages"}],"about":[{"href":"https:\/\/bestfiesta.es\/fr\/wp-json\/wp\/v2\/types\/page"}],"author":[{"embeddable":true,"href":"https:\/\/bestfiesta.es\/fr\/wp-json\/wp\/v2\/users\/1"}],"replies":[{"embeddable":true,"href":"https:\/\/bestfiesta.es\/fr\/wp-json\/wp\/v2\/comments?post=10729"}],"version-history":[{"count":2,"href":"https:\/\/bestfiesta.es\/fr\/wp-json\/wp\/v2\/pages\/10729\/revisions"}],"predecessor-version":[{"id":16265,"href":"https:\/\/bestfiesta.es\/fr\/wp-json\/wp\/v2\/pages\/10729\/revisions\/16265"}],"up":[{"embeddable":true,"href":"https:\/\/bestfiesta.es\/fr\/wp-json\/wp\/v2\/pages\/10731"}],"wp:attachment":[{"href":"https:\/\/bestfiesta.es\/fr\/wp-json\/wp\/v2\/media?parent=10729"}],"curies":[{"name":"wp","href":"https:\/\/api.w.org\/{rel}","templated":true}]}}