{"id":10731,"date":"2020-04-09T10:38:28","date_gmt":"2020-04-09T10:38:28","guid":{"rendered":"http:\/\/bestfiesta.es\/por-comunidades-autonomas\/"},"modified":"2023-03-03T11:46:38","modified_gmt":"2023-03-03T11:46:38","slug":"par-region-espagne","status":"publish","type":"page","link":"https:\/\/bestfiesta.es\/fr\/par-region-espagne\/","title":{"rendered":"Par r\u00e9gion"},"content":{"rendered":"<div class=\"wpb-content-wrapper\"><p>[vc_row][vc_column width=\u00a0\u00bb1\/3&Prime;][vc_empty_space height=\u00a0\u00bb10px\u00a0\u00bb]<div class=\"st-offer-new item has-matchHeight\">\r\n    <h2 class=\"item-title\">\u00celes Canaries<\/h2><p class=\"item-sub-title\">Las Palmas et Maspalomas<\/p><a href=\"http:\/\/bestfiesta.es\/fr\/par-region-espagne\/iles-canaries\/\" class=\"btn btn-default\" >CLIQUEZ POUR VOIR LES OPTIONS<\/a>    <div class=\"img-cover st_1776410258\"><\/div>\r\n<\/div>\r\n[\/vc_column][vc_column width=\u00a0\u00bb1\/3&Prime;][vc_empty_space height=\u00a0\u00bb10px\u00a0\u00bb]<div class=\"st-offer-new item has-matchHeight\">\r\n    <h2 class=\"item-title\">\u00celes Bal\u00e9ares<\/h2><p class=\"item-sub-title\">Majorque et Ibiza<\/p><a href=\"http:\/\/bestfiesta.es\/fr\/par-region-espagne\/iles-baleares\/\" class=\"btn btn-default\" >CLIQUEZ POUR VOIR LES OPTIONS<\/a>    <div class=\"img-cover st_1776410259\"><\/div>\r\n<\/div>\r\n[\/vc_column][vc_column width=\u00a0\u00bb1\/3&Prime;][vc_empty_space height=\u00a0\u00bb10px\u00a0\u00bb]<div class=\"st-offer-new item has-matchHeight\">\r\n    <h2 class=\"item-title\">Andalousie<\/h2><p class=\"item-sub-title\">Seville, Malaga et Granada<\/p><a href=\"http:\/\/bestfiesta.es\/fr\/par-region-espagne\/andalousie\/\" class=\"btn btn-default\" >CLIQUEZ POUR VOIR LES OPTIONS<\/a>    <div class=\"img-cover st_1776410260\"><\/div>\r\n<\/div>\r\n[\/vc_column][\/vc_row][vc_row][vc_column width=\u00a0\u00bb1\/3&Prime;][vc_empty_space height=\u00a0\u00bb10px\u00a0\u00bb]<div class=\"st-offer-new item has-matchHeight\">\r\n    <h2 class=\"item-title\">Catalogne<\/h2><p class=\"item-sub-title\">Barcelone, Costa Brava-Girona, Costa Daurada\u2013Tarragone<\/p><a href=\"http:\/\/bestfiesta.es\/fr\/par-region-espagne\/catalogne\/\" class=\"btn btn-default\" >CLIQUEZ POUR VOIR LES OPTIONS<\/a>    <div class=\"img-cover st_1776410261\"><\/div>\r\n<\/div>\r\n[\/vc_column][vc_column width=\u00a0\u00bb1\/3&Prime;][vc_empty_space height=\u00a0\u00bb10px\u00a0\u00bb]<div class=\"st-offer-new item has-matchHeight\">\r\n    <h2 class=\"item-title\">R\u00e9gion valencienne<\/h2><p class=\"item-sub-title\">Alicante et Valence<\/p><a href=\"https:\/\/bestfiesta.es\/fr\/par-region-espagne\/communaute-valencienne\/\" class=\"btn btn-default\" >CLIQUEZ POUR VOIR LES OPTIONS<\/a>    <div class=\"img-cover st_1776410262\"><\/div>\r\n<\/div>\r\n[\/vc_column][vc_column width=\u00a0\u00bb1\/3&Prime;][vc_empty_space height=\u00a0\u00bb10px\u00a0\u00bb]<div class=\"st-offer-new item has-matchHeight\">\r\n    <h2 class=\"item-title\">Madrid<\/h2><p class=\"item-sub-title\">Madrid<\/p><a href=\"http:\/\/bestfiesta.es\/fr\/par-region-espagne\/madrid\/\" class=\"btn btn-default\" >CLIQUEZ POUR VOIR LES OPTIONS<\/a>    <div class=\"img-cover st_1776410263\"><\/div>\r\n<\/div>\r\n[\/vc_column][\/vc_row][vc_row][vc_column][vc_column_text]<\/p>\n<div class=\"content\">\n<h2>Si vous cherchez la destination parfaite pour l&rsquo;enterrement de vie de gar\u00e7on ou de jeune fille de votre ami(e), l&rsquo;Espagne est une excellente option. Pourquoi ? Nous vous donnons quelques raisons :<\/h2>\n<p class=\"parrafo\"><strong>Bonne m\u00e9t\u00e9o :<\/strong> L&rsquo;Espagne est connue pour son climat chaud et ensoleill\u00e9, surtout sur les zones c\u00f4ti\u00e8res. Cela en fait l&rsquo;endroit id\u00e9al pour profiter des activit\u00e9s en plein air toute l&rsquo;ann\u00e9e, m\u00eame en hiver.<\/p>\n<p class=\"parrafo\"><strong>Excellente cuisine :<\/strong> La gastronomie espagnole est reconnue mondialement pour sa vari\u00e9t\u00e9 et sa qualit\u00e9. De la paella au jambon ib\u00e9rique, il y a des options pour tous les go\u00fbts et budgets.<\/p>\n<p class=\"parrafo\"><strong>Belles plages :<\/strong> L&rsquo;Espagne compte parmi les plus belles plages d&rsquo;Europe, des plages de la M\u00e9diterran\u00e9e \u00e0 celles de l&rsquo;Atlantique. La plupart d&rsquo;entre elles ont une excellente infrastructure touristique et sont parfaites pour profiter du soleil et de la mer.<\/p>\n<p class=\"parrafo\"><strong>Activit\u00e9s aquatiques :<\/strong> L&rsquo;Espagne est un paradis pour les amateurs de sports nautiques. Vous pouvez profiter de sorties en catamaran, de surf, de paddle surf, de windsurf et de nombreuses autres activit\u00e9s sur les c\u00f4tes espagnoles.<\/p>\n<p class=\"parrafo\"><strong>Spectacles divertissants :<\/strong> L&rsquo;Espagne est \u00e9galement connue pour ses spectacles amusants et pleins d&rsquo;\u00e9nergie, il y a des options pour tous les go\u00fbts.<\/p>\n<p class=\"parrafo\">En r\u00e9sum\u00e9, l&rsquo;<strong>Espagne<\/strong> est une destination id\u00e9ale pour l&rsquo;<strong>enterrement de vie de gar\u00e7on ou de jeune fille<\/strong> gr\u00e2ce \u00e0 son climat, sa gastronomie, ses plages, ses activit\u00e9s aquatiques et ses spectacles divertissants. N&rsquo;h\u00e9sitez pas et choisissez l&rsquo;Espagne pour c\u00e9l\u00e9brer l&rsquo;enterrement de vie de votre ami(e) d&rsquo;une mani\u00e8re inoubliable.<\/p>\n<p class=\"parrafo\">Sur BestFiesta.es, nous proposons de nombreuses activit\u00e9s et packs pour les EVJF et EVG. Jetez-y un coup d&rsquo;\u0153il par r\u00e9gion.<\/p>\n<\/div>\n<p>[\/vc_column_text][\/vc_column][\/vc_row]<\/p>\n<\/div>","protected":false},"excerpt":{"rendered":"<p>[vc_row][vc_column width=\u00a0\u00bb1\/3&Prime;][vc_empty_space height=\u00a0\u00bb10px\u00a0\u00bb][\/vc_column][vc_column width=\u00a0\u00bb1\/3&Prime;][vc_empty_space height=\u00a0\u00bb10px\u00a0\u00bb][\/vc_column][vc_column width=\u00a0\u00bb1\/3&Prime;][vc_empty_space height=\u00a0\u00bb10px\u00a0\u00bb][\/vc_column][\/vc_row][vc_row][vc_column width=\u00a0\u00bb1\/3&Prime;][vc_empty_space height=\u00a0\u00bb10px\u00a0\u00bb][\/vc_column][vc_column width=\u00a0\u00bb1\/3&Prime;][vc_empty_space height=\u00a0\u00bb10px\u00a0\u00bb][\/vc_column][vc_column width=\u00a0\u00bb1\/3&Prime;][vc_empty_space height=\u00a0\u00bb10px\u00a0\u00bb][\/vc_column][\/vc_row][vc_row][vc_column][vc_column_text] Si vous cherchez la destination parfaite pour l&rsquo;enterrement de vie de gar\u00e7on ou de jeune fille de votre ami(e), l&rsquo;Espagne est une excellente option. Pourquoi ? Nous vous donnons quelques raisons : Bonne m\u00e9t\u00e9o : L&rsquo;Espagne est connue pour son climat chaud [&hellip;]<\/p>\n","protected":false},"author":1,"featured_media":0,"parent":0,"menu_order":0,"comment_status":"closed","ping_status":"closed","template":"template-home-modern.php","meta":{"footnotes":""},"class_list":["post-10731","page","type-page","status-publish","has-post-thumbnail","hentry"],"yoast_head":"<!-- This site is optimized with the Yoast SEO plugin v27.1.1 - https:\/\/yoast.com\/product\/yoast-seo-wordpress\/ -->\n<title>Espagne: La destination parfaite pour l&#039;EVG ou EVJF de votre ami(e)<\/title>\n<meta name=\"description\" content=\"Si vous cherchez la destination parfaite pour l&#039;enterrement de vie de gar\u00e7on ou EVJF de votre ami(e), l&#039;Espagne est une excellente option. Pourquoi ? Nous vous donnons quelques raisons.\" \/>\n<meta name=\"robots\" content=\"index, follow, max-snippet:-1, max-image-preview:large, max-video-preview:-1\" \/>\n<link rel=\"canonical\" href=\"https:\/\/bestfiesta.es\/fr\/par-region-espagne\/\" \/>\n<meta property=\"og:locale\" content=\"fr_FR\" \/>\n<meta property=\"og:type\" content=\"article\" \/>\n<meta property=\"og:title\" content=\"Espagne: La destination parfaite pour l&#039;EVG ou EVJF de votre ami(e)\" \/>\n<meta property=\"og:description\" content=\"Si vous cherchez la destination parfaite pour l&#039;enterrement de vie de gar\u00e7on ou EVJF de votre ami(e), l&#039;Espagne est une excellente option. Pourquoi ? Nous vous donnons quelques raisons.\" \/>\n<meta property=\"og:url\" content=\"https:\/\/bestfiesta.es\/fr\/par-region-espagne\/\" \/>\n<meta property=\"og:site_name\" content=\"BestFiesta\" \/>\n<meta property=\"article:publisher\" content=\"https:\/\/www.facebook.com\/BestFiesta.es\/\" \/>\n<meta property=\"article:modified_time\" content=\"2023-03-03T11:46:38+00:00\" \/>\n<meta name=\"twitter:card\" content=\"summary_large_image\" \/>\n<meta name=\"twitter:label1\" content=\"Dur\u00e9e de lecture estim\u00e9e\" \/>\n\t<meta name=\"twitter:data1\" content=\"3 minutes\" \/>\n<script type=\"application\/ld+json\" class=\"yoast-schema-graph\">{\"@context\":\"https:\/\/schema.org\",\"@graph\":[{\"@type\":\"WebPage\",\"@id\":\"https:\/\/bestfiesta.es\/fr\/par-region-espagne\/\",\"url\":\"https:\/\/bestfiesta.es\/fr\/par-region-espagne\/\",\"name\":\"Espagne: La destination parfaite pour l'EVG ou EVJF de votre ami(e)\",\"isPartOf\":{\"@id\":\"https:\/\/bestfiesta.es\/fr\/#website\"},\"datePublished\":\"2020-04-09T10:38:28+00:00\",\"dateModified\":\"2023-03-03T11:46:38+00:00\",\"description\":\"Si vous cherchez la destination parfaite pour l'enterrement de vie de gar\u00e7on ou EVJF de votre ami(e), l'Espagne est une excellente option. Pourquoi ? Nous vous donnons quelques raisons.\",\"breadcrumb\":{\"@id\":\"https:\/\/bestfiesta.es\/fr\/par-region-espagne\/#breadcrumb\"},\"inLanguage\":\"fr-FR\",\"potentialAction\":[{\"@type\":\"ReadAction\",\"target\":[\"https:\/\/bestfiesta.es\/fr\/par-region-espagne\/\"]}]},{\"@type\":\"BreadcrumbList\",\"@id\":\"https:\/\/bestfiesta.es\/fr\/par-region-espagne\/#breadcrumb\",\"itemListElement\":[{\"@type\":\"ListItem\",\"position\":1,\"name\":\"Home\",\"item\":\"https:\/\/bestfiesta.es\/fr\/\"},{\"@type\":\"ListItem\",\"position\":2,\"name\":\"Par r\u00e9gion\"}]},{\"@type\":\"WebSite\",\"@id\":\"https:\/\/bestfiesta.es\/fr\/#website\",\"url\":\"https:\/\/bestfiesta.es\/fr\/\",\"name\":\"BestFiesta\",\"description\":\"Organizaci\u00f3n de despedidas, packs para despedidas, etc\",\"publisher\":{\"@id\":\"https:\/\/bestfiesta.es\/fr\/#organization\"},\"potentialAction\":[{\"@type\":\"SearchAction\",\"target\":{\"@type\":\"EntryPoint\",\"urlTemplate\":\"https:\/\/bestfiesta.es\/fr\/?s={search_term_string}\"},\"query-input\":{\"@type\":\"PropertyValueSpecification\",\"valueRequired\":true,\"valueName\":\"search_term_string\"}}],\"inLanguage\":\"fr-FR\"},{\"@type\":\"Organization\",\"@id\":\"https:\/\/bestfiesta.es\/fr\/#organization\",\"name\":\"BestFiesta\",\"url\":\"https:\/\/bestfiesta.es\/fr\/\",\"logo\":{\"@type\":\"ImageObject\",\"inLanguage\":\"fr-FR\",\"@id\":\"https:\/\/bestfiesta.es\/fr\/#\/schema\/logo\/image\/\",\"url\":\"https:\/\/bestfiesta.es\/wp-content\/uploads\/2020\/06\/BestFiesta.png\",\"contentUrl\":\"https:\/\/bestfiesta.es\/wp-content\/uploads\/2020\/06\/BestFiesta.png\",\"width\":180,\"height\":153,\"caption\":\"BestFiesta\"},\"image\":{\"@id\":\"https:\/\/bestfiesta.es\/fr\/#\/schema\/logo\/image\/\"},\"sameAs\":[\"https:\/\/www.facebook.com\/BestFiesta.es\/\"]}]}<\/script>\n<!-- \/ Yoast SEO plugin. -->","yoast_head_json":{"title":"Espagne: La destination parfaite pour l'EVG ou EVJF de votre ami(e)","description":"Si vous cherchez la destination parfaite pour l'enterrement de vie de gar\u00e7on ou EVJF de votre ami(e), l'Espagne est une excellente option. Pourquoi ? Nous vous donnons quelques raisons.","robots":{"index":"index","follow":"follow","max-snippet":"max-snippet:-1","max-image-preview":"max-image-preview:large","max-video-preview":"max-video-preview:-1"},"canonical":"https:\/\/bestfiesta.es\/fr\/par-region-espagne\/","og_locale":"fr_FR","og_type":"article","og_title":"Espagne: La destination parfaite pour l'EVG ou EVJF de votre ami(e)","og_description":"Si vous cherchez la destination parfaite pour l'enterrement de vie de gar\u00e7on ou EVJF de votre ami(e), l'Espagne est une excellente option. Pourquoi ? Nous vous donnons quelques raisons.","og_url":"https:\/\/bestfiesta.es\/fr\/par-region-espagne\/","og_site_name":"BestFiesta","article_publisher":"https:\/\/www.facebook.com\/BestFiesta.es\/","article_modified_time":"2023-03-03T11:46:38+00:00","twitter_card":"summary_large_image","twitter_misc":{"Dur\u00e9e de lecture estim\u00e9e":"3 minutes"},"schema":{"@context":"https:\/\/schema.org","@graph":[{"@type":"WebPage","@id":"https:\/\/bestfiesta.es\/fr\/par-region-espagne\/","url":"https:\/\/bestfiesta.es\/fr\/par-region-espagne\/","name":"Espagne: La destination parfaite pour l'EVG ou EVJF de votre ami(e)","isPartOf":{"@id":"https:\/\/bestfiesta.es\/fr\/#website"},"datePublished":"2020-04-09T10:38:28+00:00","dateModified":"2023-03-03T11:46:38+00:00","description":"Si vous cherchez la destination parfaite pour l'enterrement de vie de gar\u00e7on ou EVJF de votre ami(e), l'Espagne est une excellente option. Pourquoi ? Nous vous donnons quelques raisons.","breadcrumb":{"@id":"https:\/\/bestfiesta.es\/fr\/par-region-espagne\/#breadcrumb"},"inLanguage":"fr-FR","potentialAction":[{"@type":"ReadAction","target":["https:\/\/bestfiesta.es\/fr\/par-region-espagne\/"]}]},{"@type":"BreadcrumbList","@id":"https:\/\/bestfiesta.es\/fr\/par-region-espagne\/#breadcrumb","itemListElement":[{"@type":"ListItem","position":1,"name":"Home","item":"https:\/\/bestfiesta.es\/fr\/"},{"@type":"ListItem","position":2,"name":"Par r\u00e9gion"}]},{"@type":"WebSite","@id":"https:\/\/bestfiesta.es\/fr\/#website","url":"https:\/\/bestfiesta.es\/fr\/","name":"BestFiesta","description":"Organizaci\u00f3n de despedidas, packs para despedidas, etc","publisher":{"@id":"https:\/\/bestfiesta.es\/fr\/#organization"},"potentialAction":[{"@type":"SearchAction","target":{"@type":"EntryPoint","urlTemplate":"https:\/\/bestfiesta.es\/fr\/?s={search_term_string}"},"query-input":{"@type":"PropertyValueSpecification","valueRequired":true,"valueName":"search_term_string"}}],"inLanguage":"fr-FR"},{"@type":"Organization","@id":"https:\/\/bestfiesta.es\/fr\/#organization","name":"BestFiesta","url":"https:\/\/bestfiesta.es\/fr\/","logo":{"@type":"ImageObject","inLanguage":"fr-FR","@id":"https:\/\/bestfiesta.es\/fr\/#\/schema\/logo\/image\/","url":"https:\/\/bestfiesta.es\/wp-content\/uploads\/2020\/06\/BestFiesta.png","contentUrl":"https:\/\/bestfiesta.es\/wp-content\/uploads\/2020\/06\/BestFiesta.png","width":180,"height":153,"caption":"BestFiesta"},"image":{"@id":"https:\/\/bestfiesta.es\/fr\/#\/schema\/logo\/image\/"},"sameAs":["https:\/\/www.facebook.com\/BestFiesta.es\/"]}]}},"_links":{"self":[{"href":"https:\/\/bestfiesta.es\/fr\/wp-json\/wp\/v2\/pages\/10731","targetHints":{"allow":["GET"]}}],"collection":[{"href":"https:\/\/bestfiesta.es\/fr\/wp-json\/wp\/v2\/pages"}],"about":[{"href":"https:\/\/bestfiesta.es\/fr\/wp-json\/wp\/v2\/types\/page"}],"author":[{"embeddable":true,"href":"https:\/\/bestfiesta.es\/fr\/wp-json\/wp\/v2\/users\/1"}],"replies":[{"embeddable":true,"href":"https:\/\/bestfiesta.es\/fr\/wp-json\/wp\/v2\/comments?post=10731"}],"version-history":[{"count":7,"href":"https:\/\/bestfiesta.es\/fr\/wp-json\/wp\/v2\/pages\/10731\/revisions"}],"predecessor-version":[{"id":16306,"href":"https:\/\/bestfiesta.es\/fr\/wp-json\/wp\/v2\/pages\/10731\/revisions\/16306"}],"wp:attachment":[{"href":"https:\/\/bestfiesta.es\/fr\/wp-json\/wp\/v2\/media?parent=10731"}],"curies":[{"name":"wp","href":"https:\/\/api.w.org\/{rel}","templated":true}]}}