{"id":10809,"date":"2020-04-13T09:21:57","date_gmt":"2020-04-13T09:21:57","guid":{"rendered":"http:\/\/bestfiesta.es\/contacto\/"},"modified":"2025-01-10T13:01:48","modified_gmt":"2025-01-10T13:01:48","slug":"contact","status":"publish","type":"page","link":"https:\/\/bestfiesta.es\/fr\/contact\/","title":{"rendered":"Contact"},"content":{"rendered":"<div class=\"wpb-content-wrapper\"><p>[vc_row][vc_column][vc_row_inner][vc_column_inner][vc_column_text]<\/p>\n<h2 style=\"text-align: center;\">Si vous \u00eates int\u00e9ress\u00e9s par une activit\u00e9 ou un pack, vous devez remplir le formulaire de cette activit\u00e9 ou de ce pack pour obtenir des informations et v\u00e9rifier sa disponibilit\u00e9.<\/h2>\n<h2 style=\"text-align: center;\">Pas le formulaire suivant.<\/h2>\n<p>[\/vc_column_text][\/vc_column_inner][\/vc_row_inner]\n<div class=\"wpcf7 no-js\" id=\"wpcf7-f10815-o1\" lang=\"es-ES\" dir=\"ltr\" data-wpcf7-id=\"10815\">\n<div class=\"screen-reader-response\"><p role=\"status\" aria-live=\"polite\" aria-atomic=\"true\"><\/p> <ul><\/ul><\/div>\n<form action=\"\/fr\/wp-json\/wp\/v2\/pages\/10809#wpcf7-f10815-o1\" method=\"post\" class=\"wpcf7-form init\" aria-label=\"Formulario de contacto\" novalidate=\"novalidate\" data-status=\"init\">\n<fieldset class=\"hidden-fields-container\"><input type=\"hidden\" name=\"_wpcf7\" value=\"10815\" \/><input type=\"hidden\" name=\"_wpcf7_version\" value=\"6.1.4\" \/><input type=\"hidden\" name=\"_wpcf7_locale\" value=\"es_ES\" \/><input type=\"hidden\" name=\"_wpcf7_unit_tag\" value=\"wpcf7-f10815-o1\" \/><input type=\"hidden\" name=\"_wpcf7_container_post\" value=\"0\" \/><input type=\"hidden\" name=\"_wpcf7_posted_data_hash\" value=\"\" \/><input type=\"hidden\" name=\"_wpcf7_recaptcha_response\" value=\"\" \/>\n<\/fieldset>\n<center>\n\t<p><label> Nom*<br \/>\n<span class=\"wpcf7-form-control-wrap\" data-name=\"your-name\"><input size=\"40\" maxlength=\"400\" class=\"wpcf7-form-control wpcf7-text wpcf7-validates-as-required\" aria-required=\"true\" aria-invalid=\"false\" value=\"\" type=\"text\" name=\"your-name\" \/><\/span><\/label><br \/>\n<label> Num\u00e9ro de t\u00e9l\u00e9phone*<br \/>\n<span class=\"wpcf7-form-control-wrap\" data-name=\"numero-movil\"><input size=\"40\" maxlength=\"400\" class=\"wpcf7-form-control wpcf7-text wpcf7-validates-as-required\" aria-required=\"true\" aria-invalid=\"false\" value=\"\" type=\"text\" name=\"numero-movil\" \/><\/span> <\/label><br \/>\n<label> Email*<br \/>\n<span class=\"wpcf7-form-control-wrap\" data-name=\"your-email\"><input size=\"40\" maxlength=\"400\" class=\"wpcf7-form-control wpcf7-email wpcf7-validates-as-required wpcf7-text wpcf7-validates-as-email\" aria-required=\"true\" aria-invalid=\"false\" value=\"\" type=\"email\" name=\"your-email\" \/><\/span> <\/label>\n\t<\/p>\n\t<p>Avez-vous d\u00e9j\u00e0 r\u00e9serv\u00e9 avec nous et avez-vous besoin de plus d'informations? <span class=\"wpcf7-form-control-wrap\" data-name=\"reservado\"><span class=\"wpcf7-form-control wpcf7-radio\"><span class=\"wpcf7-list-item first\"><span class=\"wpcf7-list-item-label\">Pas encore<\/span><input type=\"radio\" name=\"reservado\" value=\"Pas encore\" checked=\"checked\" \/><\/span><span class=\"wpcf7-list-item last\"><span class=\"wpcf7-list-item-label\">Oui<\/span><input type=\"radio\" name=\"reservado\" value=\"Oui\" \/><\/span><\/span><\/span>\n\t<\/p>\n\t<p>Demande sp\u00e9ciale:<br \/>\n<span class=\"wpcf7-form-control-wrap\" data-name=\"requerimientoespecial\"><textarea cols=\"40\" rows=\"10\" maxlength=\"2000\" class=\"wpcf7-form-control wpcf7-textarea\" aria-invalid=\"false\" name=\"requerimientoespecial\"><\/textarea><\/span>\n\t<\/p>\n\t<p><span class=\"wpcf7-form-control-wrap\" data-name=\"capital-quiz\"><label><span class=\"wpcf7-quiz-label\">R\u00e9soudre, 3 + 4?<\/span> <input size=\"40\" class=\"wpcf7-form-control wpcf7-quiz\" autocomplete=\"off\" aria-required=\"true\" aria-invalid=\"false\" type=\"text\" name=\"capital-quiz\" \/><\/label><input type=\"hidden\" name=\"_wpcf7_quiz_answer_capital-quiz\" value=\"605dc67a6d2bc7e78a3e5428eb4c235a\" \/><\/span>\n\t<\/p>\n\t<p><span class=\"wpcf7-form-control-wrap\" data-name=\"checkbox\"><span class=\"wpcf7-form-control wpcf7-checkbox\"><\/span><\/span><br \/>\n<span class=\"wpcf7-form-control-wrap\" data-name=\"acceptance-185\"><span class=\"wpcf7-form-control wpcf7-acceptance\"><span class=\"wpcf7-list-item\"><input type=\"checkbox\" name=\"acceptance-185\" value=\"1\" aria-invalid=\"false\" \/><\/span><\/span><\/span>\u25ba J'ai lu et accepte le <a target=\"blank\" href=\"https:\/\/bestfiesta.es\/fr\/politique-de-confidentialite\/\"><strong><u>Politique de confidentialite<\/u><\/strong> et <\/a><a target=\"blank\" href=\"https:\/\/bestfiesta.es\/fr\/termes-et-conditions\/\"><strong><u>les Termes et conditions<\/u><\/strong><\/a><br \/>\n<!-- Mailchimp for WordPress v4.11.1 - https:\/\/www.mc4wp.com\/ --><input type=\"hidden\" name=\"_mc4wp_subscribe_contact-form-7\" value=\"0\" \/><span class=\"mc4wp-checkbox mc4wp-checkbox-contact-form-7 \"><label><input type=\"checkbox\" name=\"_mc4wp_subscribe_contact-form-7\" value=\"1\" ><span>\u25ba<\/span><\/label><\/span><!-- \/ Mailchimp for WordPress --> Oui, je souhaite recevoir les derni\u00e8res offres dans mon email (vous pouvez vous d\u00e9sinscrire quand vous le souhaitez)\n\t<\/p>\n\t<p class=\"text-center\"><input class=\"wpcf7-form-control wpcf7-submit has-spinner btn btn-primary btn-green upper font-small\" type=\"submit\" value=\"ENVOYER\" \/>\n\t<\/p>\n<\/center><div class=\"wpcf7-response-output\" aria-hidden=\"true\"><\/div>\n<\/form>\n<\/div>\n[\/vc_column][\/vc_row]<\/p>\n<\/div>","protected":false},"excerpt":{"rendered":"<p>[vc_row][vc_column][vc_row_inner][vc_column_inner][vc_column_text] Si vous \u00eates int\u00e9ress\u00e9s par une activit\u00e9 ou un pack, vous devez remplir le formulaire de cette activit\u00e9 ou de ce pack pour obtenir des informations et v\u00e9rifier sa disponibilit\u00e9. Pas le formulaire suivant. [\/vc_column_text][\/vc_column_inner][\/vc_row_inner][\/vc_column][\/vc_row]<\/p>\n","protected":false},"author":1,"featured_media":0,"parent":0,"menu_order":0,"comment_status":"closed","ping_status":"closed","template":"template-home-modern.php","meta":{"footnotes":""},"class_list":["post-10809","page","type-page","status-publish","has-post-thumbnail","hentry"],"yoast_head":"<!-- This site is optimized with the Yoast SEO plugin v27.1.1 - https:\/\/yoast.com\/product\/yoast-seo-wordpress\/ -->\n<title>Contact - BestFiesta<\/title>\n<meta name=\"robots\" content=\"index, follow, max-snippet:-1, max-image-preview:large, max-video-preview:-1\" \/>\n<link rel=\"canonical\" href=\"https:\/\/bestfiesta.es\/fr\/contact\/\" \/>\n<meta property=\"og:locale\" content=\"fr_FR\" \/>\n<meta property=\"og:type\" content=\"article\" \/>\n<meta property=\"og:title\" content=\"Contact - BestFiesta\" \/>\n<meta property=\"og:description\" content=\"[vc_row][vc_column][vc_row_inner][vc_column_inner][vc_column_text] Si vous \u00eates int\u00e9ress\u00e9s par une activit\u00e9 ou un pack, vous devez remplir le formulaire de cette activit\u00e9 ou de ce pack pour obtenir des informations et v\u00e9rifier sa disponibilit\u00e9. Pas le formulaire suivant. [\/vc_column_text][\/vc_column_inner][\/vc_row_inner][\/vc_column][\/vc_row]\" \/>\n<meta property=\"og:url\" content=\"https:\/\/bestfiesta.es\/fr\/contact\/\" \/>\n<meta property=\"og:site_name\" content=\"BestFiesta\" \/>\n<meta property=\"article:publisher\" content=\"https:\/\/www.facebook.com\/BestFiesta.es\/\" \/>\n<meta property=\"article:modified_time\" content=\"2025-01-10T13:01:48+00:00\" \/>\n<meta name=\"twitter:card\" content=\"summary_large_image\" \/>\n<meta name=\"twitter:label1\" content=\"Dur\u00e9e de lecture estim\u00e9e\" \/>\n\t<meta name=\"twitter:data1\" content=\"1 minute\" \/>\n<script type=\"application\/ld+json\" class=\"yoast-schema-graph\">{\"@context\":\"https:\/\/schema.org\",\"@graph\":[{\"@type\":\"WebPage\",\"@id\":\"https:\/\/bestfiesta.es\/fr\/contact\/\",\"url\":\"https:\/\/bestfiesta.es\/fr\/contact\/\",\"name\":\"Contact - BestFiesta\",\"isPartOf\":{\"@id\":\"https:\/\/bestfiesta.es\/fr\/#website\"},\"datePublished\":\"2020-04-13T09:21:57+00:00\",\"dateModified\":\"2025-01-10T13:01:48+00:00\",\"breadcrumb\":{\"@id\":\"https:\/\/bestfiesta.es\/fr\/contact\/#breadcrumb\"},\"inLanguage\":\"fr-FR\",\"potentialAction\":[{\"@type\":\"ReadAction\",\"target\":[\"https:\/\/bestfiesta.es\/fr\/contact\/\"]}]},{\"@type\":\"BreadcrumbList\",\"@id\":\"https:\/\/bestfiesta.es\/fr\/contact\/#breadcrumb\",\"itemListElement\":[{\"@type\":\"ListItem\",\"position\":1,\"name\":\"Home\",\"item\":\"https:\/\/bestfiesta.es\/fr\/\"},{\"@type\":\"ListItem\",\"position\":2,\"name\":\"Contact\"}]},{\"@type\":\"WebSite\",\"@id\":\"https:\/\/bestfiesta.es\/fr\/#website\",\"url\":\"https:\/\/bestfiesta.es\/fr\/\",\"name\":\"BestFiesta\",\"description\":\"Organizaci\u00f3n de despedidas, packs para despedidas, etc\",\"publisher\":{\"@id\":\"https:\/\/bestfiesta.es\/fr\/#organization\"},\"potentialAction\":[{\"@type\":\"SearchAction\",\"target\":{\"@type\":\"EntryPoint\",\"urlTemplate\":\"https:\/\/bestfiesta.es\/fr\/?s={search_term_string}\"},\"query-input\":{\"@type\":\"PropertyValueSpecification\",\"valueRequired\":true,\"valueName\":\"search_term_string\"}}],\"inLanguage\":\"fr-FR\"},{\"@type\":\"Organization\",\"@id\":\"https:\/\/bestfiesta.es\/fr\/#organization\",\"name\":\"BestFiesta\",\"url\":\"https:\/\/bestfiesta.es\/fr\/\",\"logo\":{\"@type\":\"ImageObject\",\"inLanguage\":\"fr-FR\",\"@id\":\"https:\/\/bestfiesta.es\/fr\/#\/schema\/logo\/image\/\",\"url\":\"https:\/\/bestfiesta.es\/wp-content\/uploads\/2020\/06\/BestFiesta.png\",\"contentUrl\":\"https:\/\/bestfiesta.es\/wp-content\/uploads\/2020\/06\/BestFiesta.png\",\"width\":180,\"height\":153,\"caption\":\"BestFiesta\"},\"image\":{\"@id\":\"https:\/\/bestfiesta.es\/fr\/#\/schema\/logo\/image\/\"},\"sameAs\":[\"https:\/\/www.facebook.com\/BestFiesta.es\/\"]}]}<\/script>\n<!-- \/ Yoast SEO plugin. -->","yoast_head_json":{"title":"Contact - BestFiesta","robots":{"index":"index","follow":"follow","max-snippet":"max-snippet:-1","max-image-preview":"max-image-preview:large","max-video-preview":"max-video-preview:-1"},"canonical":"https:\/\/bestfiesta.es\/fr\/contact\/","og_locale":"fr_FR","og_type":"article","og_title":"Contact - BestFiesta","og_description":"[vc_row][vc_column][vc_row_inner][vc_column_inner][vc_column_text] Si vous \u00eates int\u00e9ress\u00e9s par une activit\u00e9 ou un pack, vous devez remplir le formulaire de cette activit\u00e9 ou de ce pack pour obtenir des informations et v\u00e9rifier sa disponibilit\u00e9. Pas le formulaire suivant. [\/vc_column_text][\/vc_column_inner][\/vc_row_inner][\/vc_column][\/vc_row]","og_url":"https:\/\/bestfiesta.es\/fr\/contact\/","og_site_name":"BestFiesta","article_publisher":"https:\/\/www.facebook.com\/BestFiesta.es\/","article_modified_time":"2025-01-10T13:01:48+00:00","twitter_card":"summary_large_image","twitter_misc":{"Dur\u00e9e de lecture estim\u00e9e":"1 minute"},"schema":{"@context":"https:\/\/schema.org","@graph":[{"@type":"WebPage","@id":"https:\/\/bestfiesta.es\/fr\/contact\/","url":"https:\/\/bestfiesta.es\/fr\/contact\/","name":"Contact - BestFiesta","isPartOf":{"@id":"https:\/\/bestfiesta.es\/fr\/#website"},"datePublished":"2020-04-13T09:21:57+00:00","dateModified":"2025-01-10T13:01:48+00:00","breadcrumb":{"@id":"https:\/\/bestfiesta.es\/fr\/contact\/#breadcrumb"},"inLanguage":"fr-FR","potentialAction":[{"@type":"ReadAction","target":["https:\/\/bestfiesta.es\/fr\/contact\/"]}]},{"@type":"BreadcrumbList","@id":"https:\/\/bestfiesta.es\/fr\/contact\/#breadcrumb","itemListElement":[{"@type":"ListItem","position":1,"name":"Home","item":"https:\/\/bestfiesta.es\/fr\/"},{"@type":"ListItem","position":2,"name":"Contact"}]},{"@type":"WebSite","@id":"https:\/\/bestfiesta.es\/fr\/#website","url":"https:\/\/bestfiesta.es\/fr\/","name":"BestFiesta","description":"Organizaci\u00f3n de despedidas, packs para despedidas, etc","publisher":{"@id":"https:\/\/bestfiesta.es\/fr\/#organization"},"potentialAction":[{"@type":"SearchAction","target":{"@type":"EntryPoint","urlTemplate":"https:\/\/bestfiesta.es\/fr\/?s={search_term_string}"},"query-input":{"@type":"PropertyValueSpecification","valueRequired":true,"valueName":"search_term_string"}}],"inLanguage":"fr-FR"},{"@type":"Organization","@id":"https:\/\/bestfiesta.es\/fr\/#organization","name":"BestFiesta","url":"https:\/\/bestfiesta.es\/fr\/","logo":{"@type":"ImageObject","inLanguage":"fr-FR","@id":"https:\/\/bestfiesta.es\/fr\/#\/schema\/logo\/image\/","url":"https:\/\/bestfiesta.es\/wp-content\/uploads\/2020\/06\/BestFiesta.png","contentUrl":"https:\/\/bestfiesta.es\/wp-content\/uploads\/2020\/06\/BestFiesta.png","width":180,"height":153,"caption":"BestFiesta"},"image":{"@id":"https:\/\/bestfiesta.es\/fr\/#\/schema\/logo\/image\/"},"sameAs":["https:\/\/www.facebook.com\/BestFiesta.es\/"]}]}},"_links":{"self":[{"href":"https:\/\/bestfiesta.es\/fr\/wp-json\/wp\/v2\/pages\/10809","targetHints":{"allow":["GET"]}}],"collection":[{"href":"https:\/\/bestfiesta.es\/fr\/wp-json\/wp\/v2\/pages"}],"about":[{"href":"https:\/\/bestfiesta.es\/fr\/wp-json\/wp\/v2\/types\/page"}],"author":[{"embeddable":true,"href":"https:\/\/bestfiesta.es\/fr\/wp-json\/wp\/v2\/users\/1"}],"replies":[{"embeddable":true,"href":"https:\/\/bestfiesta.es\/fr\/wp-json\/wp\/v2\/comments?post=10809"}],"version-history":[{"count":3,"href":"https:\/\/bestfiesta.es\/fr\/wp-json\/wp\/v2\/pages\/10809\/revisions"}],"predecessor-version":[{"id":19274,"href":"https:\/\/bestfiesta.es\/fr\/wp-json\/wp\/v2\/pages\/10809\/revisions\/19274"}],"wp:attachment":[{"href":"https:\/\/bestfiesta.es\/fr\/wp-json\/wp\/v2\/media?parent=10809"}],"curies":[{"name":"wp","href":"https:\/\/api.w.org\/{rel}","templated":true}]}}