{"id":10939,"date":"2020-04-16T12:05:51","date_gmt":"2020-04-16T12:05:51","guid":{"rendered":"http:\/\/bestfiesta.es\/par-region-espagne\/comunidad-valenciana\/"},"modified":"2024-01-03T20:47:18","modified_gmt":"2024-01-03T20:47:18","slug":"communaute-valencienne","status":"publish","type":"page","link":"https:\/\/bestfiesta.es\/fr\/par-region-espagne\/communaute-valencienne\/","title":{"rendered":"Communaut\u00e9 valencienne"},"content":{"rendered":"<div class=\"wpb-content-wrapper\"><p>[vc_row][vc_column]            <div class=\"row list-destination masonry\">\r\n                            <div class=\"col-xs-12 col-sm-12 col-md-8 has-matchHeight first-item\">\r\n                    <div class=\"destination-item\">\r\n                        <div class=\"image\">\r\n                                                        <a class=\"st-link\" href=\"https:\/\/bestfiesta.es\/fr\/ville\/alicante\/\">\r\n                                <img loading=\"lazy\" decoding=\"async\" src=\"https:\/\/bestfiesta.es\/wp-content\/uploads\/2021\/10\/Alicante-770x375.jpg\" width=\"770\" height=\"375\"\r\n                                     class=\"img-responsive\" alt = \"Alicante\">\r\n                            <\/a>\r\n                            <div class=\"content\">\r\n                                <h3 class=\"title\">\r\n                                    <a href=\"https:\/\/bestfiesta.es\/fr\/ville\/alicante\/\">\r\n                                        Alicante                                    <\/a>\r\n                                <\/h3>\r\n                                <div class=\"desc multi\"><a href=\"https:\/\/bestfiesta.es\/fr\/activites\/?location_name=Alicante&#038;location_id=13424\">9 Activit\u00e9s<\/a><a href=\"https:\/\/bestfiesta.es\/fr\/espagne-enterrement-de-vie-de-jeune-fille-garcon\/?location_name=Alicante&#038;location_id=13424\">3 Packs<\/a><\/div>                            <\/div>\r\n                                                    <\/div>\r\n                    <\/div>\r\n                <\/div>\r\n                                <div class=\"col-xs-12 col-sm-6 col-md-4 has-matchHeight second-item\">\r\n                    <div class=\"destination-item\">\r\n                        <div class=\"image\">\r\n                                                        <a class=\"st-link\" href=\"https:\/\/bestfiesta.es\/fr\/ville\/valencia\/\">\r\n                                <img loading=\"lazy\" decoding=\"async\" src=\"https:\/\/bestfiesta.es\/wp-content\/uploads\/2018\/12\/valencia-370x370.jpg\" width=\"370\" height=\"370\"\r\n                                     class=\"img-responsive\" alt = \"Valencia\">\r\n                            <\/a>\r\n                            <div class=\"content\">\r\n                                <h3 class=\"title\">\r\n                                    <a href=\"https:\/\/bestfiesta.es\/fr\/ville\/valencia\/\">\r\n                                        Valencia                                    <\/a>\r\n                                <\/h3>\r\n                                <div class=\"desc multi\"><a href=\"https:\/\/bestfiesta.es\/fr\/activites\/?location_name=Valencia&#038;location_id=11187\">3 Activit\u00e9s<\/a><a href=\"https:\/\/bestfiesta.es\/fr\/espagne-enterrement-de-vie-de-jeune-fille-garcon\/?location_name=Valencia&#038;location_id=11187\">1 Pack<\/a><\/div>                            <\/div>\r\n                                                    <\/div>\r\n                    <\/div>\r\n                <\/div>\r\n                        <\/div>\r\n        [\/vc_column][\/vc_row][vc_row][vc_column][vc_column_text]<\/p>\n<p class=\"parrafo\">Si vous cherchez \u00e0 c\u00e9l\u00e9brer un enterrement de vie de jeune fille ou de gar\u00e7on en Espagne, la Communaut\u00e9 valencienne est une excellente destination. Cette r\u00e9gion c\u00f4ti\u00e8re offre une grande vari\u00e9t\u00e9 d&rsquo;activit\u00e9s et de destinations pour que tout groupe puisse profiter d&rsquo;un week-end inoubliable.<\/p>\n<p class=\"parrafo\">L&rsquo;une des principales raisons de choisir la Communaut\u00e9 valencienne comme destination pour votre f\u00eate est son climat m\u00e9diterran\u00e9en. Avec plus de 300 jours de soleil par an, vous pouvez profiter de la plage et des activit\u00e9s de plein air toute l&rsquo;ann\u00e9e. De plus, la c\u00f4te valencienne poss\u00e8de certaines des plus belles plages d&rsquo;Espagne.<\/p>\n<p class=\"parrafo\">Mais tout n&rsquo;est pas seulement la plage dans la Communaut\u00e9 valencienne. Vous pouvez trouver des activit\u00e9s excitantes \u00e0 r\u00e9server ainsi que des activit\u00e9s plus d\u00e9tendues. Un autre point positif de la Communaut\u00e9 valencienne est sa gastronomie. De la c\u00e9l\u00e8bre paella valencienne aux d\u00e9licieux arroces a banda ou fideu\u00e1, les plats typiques de la r\u00e9gion sont un r\u00e9gal pour les papilles gustatives, sans oublier les diff\u00e9rentes options disponibles pour les amateurs de vin.<\/p>\n<p class=\"parrafo\">En conclusion, la Communaut\u00e9 valencienne est une excellente option pour c\u00e9l\u00e9brer un enterrement de vie de jeune fille ou de gar\u00e7on en Espagne, que ce soit \u00e0 Valence, Castell\u00f3n ou Alicante. Avec son climat m\u00e9diterran\u00e9en, ses belles plages, ses activit\u00e9s excitantes, sa gastronomie d\u00e9licieuse et sa vie nocturne anim\u00e9e, vous passerez s\u00fbrement un week-end inoubliable avec vos amis.<\/p>\n<p>[\/vc_column_text][\/vc_column][\/vc_row]<\/p>\n<\/div>","protected":false},"excerpt":{"rendered":"<p>[vc_row][vc_column][\/vc_column][\/vc_row][vc_row][vc_column][vc_column_text] Si vous cherchez \u00e0 c\u00e9l\u00e9brer un enterrement de vie de jeune fille ou de gar\u00e7on en Espagne, la Communaut\u00e9 valencienne est une excellente destination. Cette r\u00e9gion c\u00f4ti\u00e8re offre une grande vari\u00e9t\u00e9 d&rsquo;activit\u00e9s et de destinations pour que tout groupe puisse profiter d&rsquo;un week-end inoubliable. L&rsquo;une des principales raisons de choisir la Communaut\u00e9 valencienne comme [&hellip;]<\/p>\n","protected":false},"author":1,"featured_media":0,"parent":10731,"menu_order":0,"comment_status":"closed","ping_status":"closed","template":"template-home-modern.php","meta":{"footnotes":""},"class_list":["post-10939","page","type-page","status-publish","has-post-thumbnail","hentry"],"yoast_head":"<!-- This site is optimized with the Yoast SEO plugin v27.1.1 - https:\/\/yoast.com\/product\/yoast-seo-wordpress\/ -->\n<title>Communaut\u00e9 valencienne | Destinations et activit\u00e9s | EVG - EVJF<\/title>\n<meta name=\"description\" content=\"Grande vari\u00e9t\u00e9 d&#039;activit\u00e9s et de destinations pour que tout groupe puisse profiter d&#039;un week-end inoubliable c\u00e9l\u00e9brant un EVG ou EVJF.\" \/>\n<meta name=\"robots\" content=\"index, follow, max-snippet:-1, max-image-preview:large, max-video-preview:-1\" \/>\n<link rel=\"canonical\" href=\"https:\/\/bestfiesta.es\/fr\/par-region-espagne\/communaute-valencienne\/\" \/>\n<meta property=\"og:locale\" content=\"fr_FR\" \/>\n<meta property=\"og:type\" content=\"article\" \/>\n<meta property=\"og:title\" content=\"Communaut\u00e9 valencienne | Destinations et activit\u00e9s | EVG - EVJF\" \/>\n<meta property=\"og:description\" content=\"Grande vari\u00e9t\u00e9 d&#039;activit\u00e9s et de destinations pour que tout groupe puisse profiter d&#039;un week-end inoubliable c\u00e9l\u00e9brant un EVG ou EVJF.\" \/>\n<meta property=\"og:url\" content=\"https:\/\/bestfiesta.es\/fr\/par-region-espagne\/communaute-valencienne\/\" \/>\n<meta property=\"og:site_name\" content=\"BestFiesta\" \/>\n<meta property=\"article:publisher\" content=\"https:\/\/www.facebook.com\/BestFiesta.es\/\" \/>\n<meta property=\"article:modified_time\" content=\"2024-01-03T20:47:18+00:00\" \/>\n<meta name=\"twitter:card\" content=\"summary_large_image\" \/>\n<meta name=\"twitter:label1\" content=\"Dur\u00e9e de lecture estim\u00e9e\" \/>\n\t<meta name=\"twitter:data1\" content=\"1 minute\" \/>\n<script type=\"application\/ld+json\" class=\"yoast-schema-graph\">{\"@context\":\"https:\/\/schema.org\",\"@graph\":[{\"@type\":\"WebPage\",\"@id\":\"https:\/\/bestfiesta.es\/fr\/par-region-espagne\/communaute-valencienne\/\",\"url\":\"https:\/\/bestfiesta.es\/fr\/par-region-espagne\/communaute-valencienne\/\",\"name\":\"Communaut\u00e9 valencienne | Destinations et activit\u00e9s | EVG - EVJF\",\"isPartOf\":{\"@id\":\"https:\/\/bestfiesta.es\/fr\/#website\"},\"datePublished\":\"2020-04-16T12:05:51+00:00\",\"dateModified\":\"2024-01-03T20:47:18+00:00\",\"description\":\"Grande vari\u00e9t\u00e9 d'activit\u00e9s et de destinations pour que tout groupe puisse profiter d'un week-end inoubliable c\u00e9l\u00e9brant un EVG ou EVJF.\",\"breadcrumb\":{\"@id\":\"https:\/\/bestfiesta.es\/fr\/par-region-espagne\/communaute-valencienne\/#breadcrumb\"},\"inLanguage\":\"fr-FR\",\"potentialAction\":[{\"@type\":\"ReadAction\",\"target\":[\"https:\/\/bestfiesta.es\/fr\/par-region-espagne\/communaute-valencienne\/\"]}]},{\"@type\":\"BreadcrumbList\",\"@id\":\"https:\/\/bestfiesta.es\/fr\/par-region-espagne\/communaute-valencienne\/#breadcrumb\",\"itemListElement\":[{\"@type\":\"ListItem\",\"position\":1,\"name\":\"Home\",\"item\":\"https:\/\/bestfiesta.es\/fr\/\"},{\"@type\":\"ListItem\",\"position\":2,\"name\":\"Par r\u00e9gion\",\"item\":\"https:\/\/bestfiesta.es\/fr\/par-region-espagne\/\"},{\"@type\":\"ListItem\",\"position\":3,\"name\":\"Communaut\u00e9 valencienne\"}]},{\"@type\":\"WebSite\",\"@id\":\"https:\/\/bestfiesta.es\/fr\/#website\",\"url\":\"https:\/\/bestfiesta.es\/fr\/\",\"name\":\"BestFiesta\",\"description\":\"Organizaci\u00f3n de despedidas, packs para despedidas, etc\",\"publisher\":{\"@id\":\"https:\/\/bestfiesta.es\/fr\/#organization\"},\"potentialAction\":[{\"@type\":\"SearchAction\",\"target\":{\"@type\":\"EntryPoint\",\"urlTemplate\":\"https:\/\/bestfiesta.es\/fr\/?s={search_term_string}\"},\"query-input\":{\"@type\":\"PropertyValueSpecification\",\"valueRequired\":true,\"valueName\":\"search_term_string\"}}],\"inLanguage\":\"fr-FR\"},{\"@type\":\"Organization\",\"@id\":\"https:\/\/bestfiesta.es\/fr\/#organization\",\"name\":\"BestFiesta\",\"url\":\"https:\/\/bestfiesta.es\/fr\/\",\"logo\":{\"@type\":\"ImageObject\",\"inLanguage\":\"fr-FR\",\"@id\":\"https:\/\/bestfiesta.es\/fr\/#\/schema\/logo\/image\/\",\"url\":\"https:\/\/bestfiesta.es\/wp-content\/uploads\/2020\/06\/BestFiesta.png\",\"contentUrl\":\"https:\/\/bestfiesta.es\/wp-content\/uploads\/2020\/06\/BestFiesta.png\",\"width\":180,\"height\":153,\"caption\":\"BestFiesta\"},\"image\":{\"@id\":\"https:\/\/bestfiesta.es\/fr\/#\/schema\/logo\/image\/\"},\"sameAs\":[\"https:\/\/www.facebook.com\/BestFiesta.es\/\"]}]}<\/script>\n<!-- \/ Yoast SEO plugin. -->","yoast_head_json":{"title":"Communaut\u00e9 valencienne | Destinations et activit\u00e9s | EVG - EVJF","description":"Grande vari\u00e9t\u00e9 d'activit\u00e9s et de destinations pour que tout groupe puisse profiter d'un week-end inoubliable c\u00e9l\u00e9brant un EVG ou EVJF.","robots":{"index":"index","follow":"follow","max-snippet":"max-snippet:-1","max-image-preview":"max-image-preview:large","max-video-preview":"max-video-preview:-1"},"canonical":"https:\/\/bestfiesta.es\/fr\/par-region-espagne\/communaute-valencienne\/","og_locale":"fr_FR","og_type":"article","og_title":"Communaut\u00e9 valencienne | Destinations et activit\u00e9s | EVG - EVJF","og_description":"Grande vari\u00e9t\u00e9 d'activit\u00e9s et de destinations pour que tout groupe puisse profiter d'un week-end inoubliable c\u00e9l\u00e9brant un EVG ou EVJF.","og_url":"https:\/\/bestfiesta.es\/fr\/par-region-espagne\/communaute-valencienne\/","og_site_name":"BestFiesta","article_publisher":"https:\/\/www.facebook.com\/BestFiesta.es\/","article_modified_time":"2024-01-03T20:47:18+00:00","twitter_card":"summary_large_image","twitter_misc":{"Dur\u00e9e de lecture estim\u00e9e":"1 minute"},"schema":{"@context":"https:\/\/schema.org","@graph":[{"@type":"WebPage","@id":"https:\/\/bestfiesta.es\/fr\/par-region-espagne\/communaute-valencienne\/","url":"https:\/\/bestfiesta.es\/fr\/par-region-espagne\/communaute-valencienne\/","name":"Communaut\u00e9 valencienne | Destinations et activit\u00e9s | EVG - EVJF","isPartOf":{"@id":"https:\/\/bestfiesta.es\/fr\/#website"},"datePublished":"2020-04-16T12:05:51+00:00","dateModified":"2024-01-03T20:47:18+00:00","description":"Grande vari\u00e9t\u00e9 d'activit\u00e9s et de destinations pour que tout groupe puisse profiter d'un week-end inoubliable c\u00e9l\u00e9brant un EVG ou EVJF.","breadcrumb":{"@id":"https:\/\/bestfiesta.es\/fr\/par-region-espagne\/communaute-valencienne\/#breadcrumb"},"inLanguage":"fr-FR","potentialAction":[{"@type":"ReadAction","target":["https:\/\/bestfiesta.es\/fr\/par-region-espagne\/communaute-valencienne\/"]}]},{"@type":"BreadcrumbList","@id":"https:\/\/bestfiesta.es\/fr\/par-region-espagne\/communaute-valencienne\/#breadcrumb","itemListElement":[{"@type":"ListItem","position":1,"name":"Home","item":"https:\/\/bestfiesta.es\/fr\/"},{"@type":"ListItem","position":2,"name":"Par r\u00e9gion","item":"https:\/\/bestfiesta.es\/fr\/par-region-espagne\/"},{"@type":"ListItem","position":3,"name":"Communaut\u00e9 valencienne"}]},{"@type":"WebSite","@id":"https:\/\/bestfiesta.es\/fr\/#website","url":"https:\/\/bestfiesta.es\/fr\/","name":"BestFiesta","description":"Organizaci\u00f3n de despedidas, packs para despedidas, etc","publisher":{"@id":"https:\/\/bestfiesta.es\/fr\/#organization"},"potentialAction":[{"@type":"SearchAction","target":{"@type":"EntryPoint","urlTemplate":"https:\/\/bestfiesta.es\/fr\/?s={search_term_string}"},"query-input":{"@type":"PropertyValueSpecification","valueRequired":true,"valueName":"search_term_string"}}],"inLanguage":"fr-FR"},{"@type":"Organization","@id":"https:\/\/bestfiesta.es\/fr\/#organization","name":"BestFiesta","url":"https:\/\/bestfiesta.es\/fr\/","logo":{"@type":"ImageObject","inLanguage":"fr-FR","@id":"https:\/\/bestfiesta.es\/fr\/#\/schema\/logo\/image\/","url":"https:\/\/bestfiesta.es\/wp-content\/uploads\/2020\/06\/BestFiesta.png","contentUrl":"https:\/\/bestfiesta.es\/wp-content\/uploads\/2020\/06\/BestFiesta.png","width":180,"height":153,"caption":"BestFiesta"},"image":{"@id":"https:\/\/bestfiesta.es\/fr\/#\/schema\/logo\/image\/"},"sameAs":["https:\/\/www.facebook.com\/BestFiesta.es\/"]}]}},"_links":{"self":[{"href":"https:\/\/bestfiesta.es\/fr\/wp-json\/wp\/v2\/pages\/10939","targetHints":{"allow":["GET"]}}],"collection":[{"href":"https:\/\/bestfiesta.es\/fr\/wp-json\/wp\/v2\/pages"}],"about":[{"href":"https:\/\/bestfiesta.es\/fr\/wp-json\/wp\/v2\/types\/page"}],"author":[{"embeddable":true,"href":"https:\/\/bestfiesta.es\/fr\/wp-json\/wp\/v2\/users\/1"}],"replies":[{"embeddable":true,"href":"https:\/\/bestfiesta.es\/fr\/wp-json\/wp\/v2\/comments?post=10939"}],"version-history":[{"count":3,"href":"https:\/\/bestfiesta.es\/fr\/wp-json\/wp\/v2\/pages\/10939\/revisions"}],"predecessor-version":[{"id":16296,"href":"https:\/\/bestfiesta.es\/fr\/wp-json\/wp\/v2\/pages\/10939\/revisions\/16296"}],"up":[{"embeddable":true,"href":"https:\/\/bestfiesta.es\/fr\/wp-json\/wp\/v2\/pages\/10731"}],"wp:attachment":[{"href":"https:\/\/bestfiesta.es\/fr\/wp-json\/wp\/v2\/media?parent=10939"}],"curies":[{"name":"wp","href":"https:\/\/api.w.org\/{rel}","templated":true}]}}