{"id":10951,"date":"2020-04-16T12:13:14","date_gmt":"2020-04-16T12:13:14","guid":{"rendered":"http:\/\/bestfiesta.es\/par-region-espagne\/madrid\/"},"modified":"2024-01-03T20:47:26","modified_gmt":"2024-01-03T20:47:26","slug":"madrid","status":"publish","type":"page","link":"https:\/\/bestfiesta.es\/fr\/par-region-espagne\/madrid\/","title":{"rendered":"Madrid"},"content":{"rendered":"<div class=\"wpb-content-wrapper\"><p>[vc_row][vc_column]            <div class=\"row list-destination masonry\">\r\n                            <div class=\"col-xs-12 col-sm-12 col-md-8 has-matchHeight first-item\">\r\n                    <div class=\"destination-item\">\r\n                        <div class=\"image\">\r\n                                                        <a class=\"st-link\" href=\"https:\/\/bestfiesta.es\/fr\/ville\/madrid\/\">\r\n                                <img loading=\"lazy\" decoding=\"async\" src=\"https:\/\/bestfiesta.es\/wp-content\/uploads\/2020\/02\/madrid-despedidas-770x375.jpg\" width=\"770\" height=\"375\"\r\n                                     class=\"img-responsive\" alt = \"Madrid\">\r\n                            <\/a>\r\n                            <div class=\"content\">\r\n                                <h3 class=\"title\">\r\n                                    <a href=\"https:\/\/bestfiesta.es\/fr\/ville\/madrid\/\">\r\n                                        Madrid                                    <\/a>\r\n                                <\/h3>\r\n                                <div class=\"desc multi\"><a href=\"https:\/\/bestfiesta.es\/fr\/activites\/?location_name=Madrid&#038;location_id=11183\">2 Activit\u00e9s<\/a><\/div>                            <\/div>\r\n                                                    <\/div>\r\n                    <\/div>\r\n                <\/div>\r\n                        <\/div>\r\n        [\/vc_column][\/vc_row][vc_row][vc_column][vc_column_text]<\/p>\n<h2><strong>Enterrement de vie de c\u00e9libataire \u00e0 Madrid<\/strong><\/h2>\n<p class=\"parrafo\">Si vous cherchez un endroit excitant et plein de vie pour c\u00e9l\u00e9brer un enterrement de vie de jeune fille ou de gar\u00e7on, la capitale de l&rsquo;Espagne est un choix fantastique. Madrid, la ville qui ne dort jamais, a tout ce dont vous avez besoin pour passer un week-end inoubliable avec vos amis.<\/p>\n<p>&nbsp;<\/p>\n<h2><strong>Vie nocturne tr\u00e9pidante<\/strong><\/h2>\n<p class=\"parrafo\">L&rsquo;une des principales raisons de choisir Madrid comme destination pour l&rsquo;enterrement de vie de c\u00e9libataire de votre ami(e) est sa vie nocturne vibrante. Avec une grande vari\u00e9t\u00e9 de bars, de pubs, de discoth\u00e8ques et de lieux de musique live, Madrid est l&rsquo;endroit id\u00e9al pour passer une nuit de f\u00eate avec vos amis. Des quartiers populaires de Malasa\u00f1a et Chueca aux bars \u00e9l\u00e9gants de la zone de Salamanca, il y en a pour tous les go\u00fbts.<\/p>\n<p>&nbsp;<\/p>\n<h2><strong>Offre culturelle riche et d\u00e9licieuse gastronomie<\/strong><\/h2>\n<p class=\"parrafo\">Mais la vie nocturne n&rsquo;est pas la seule chose que Madrid a \u00e0 offrir. La ville dispose \u00e9galement d&rsquo;une offre culturelle impressionnante. Vous pourrez visiter des mus\u00e9es de renomm\u00e9e mondiale tels que le Mus\u00e9e du Prado ou le Mus\u00e9e Reina Sof\u00eda, ou assister \u00e0 une pi\u00e8ce de th\u00e9\u00e2tre ou \u00e0 un spectacle de flamenco dans l&rsquo;un de ses th\u00e9\u00e2tres historiques. Un autre avantage de c\u00e9l\u00e9brer l&rsquo;enterrement de vie de c\u00e9libataire de votre ami(e) \u00e0 Madrid est sa d\u00e9licieuse gastronomie. Des sandwichs traditionnels aux calamars sur la Plaza Mayor aux plats les plus sophistiqu\u00e9s de la cuisine espagnole dans les restaurants gastronomiques, Madrid offre une grande vari\u00e9t\u00e9 d&rsquo;options culinaires pour satisfaire tous les palais.<\/p>\n<p>&nbsp;<\/p>\n<h2><strong>\u00c9v\u00e9nement inoubliable \u00e0 Madrid<\/strong><\/h2>\n<p class=\"parrafo\">Enfin, Madrid est facilement accessible depuis n&rsquo;importe o\u00f9 en Espagne ou dans le monde gr\u00e2ce \u00e0 son a\u00e9roport international et \u00e0 son excellent r\u00e9seau de transports en commun. Si le groupe souhaite c\u00e9l\u00e9brer un enterrement de vie de c\u00e9libataire excitant et plein de vie, Madrid est l&rsquo;endroit parfait pour le faire. Avec sa vie nocturne vibrante, son offre culturelle impressionnante, sa d\u00e9licieuse gastronomie et son excellente accessibilit\u00e9, nous sommes s\u00fbrs que vous passerez un week-end inoubliable avec vos amis dans la capitale de l&rsquo;Espagne.<\/p>\n<p>[\/vc_column_text][\/vc_column][\/vc_row]<\/p>\n<\/div>","protected":false},"excerpt":{"rendered":"<p>[vc_row][vc_column][\/vc_column][\/vc_row][vc_row][vc_column][vc_column_text] Enterrement de vie de c\u00e9libataire \u00e0 Madrid Si vous cherchez un endroit excitant et plein de vie pour c\u00e9l\u00e9brer un enterrement de vie de jeune fille ou de gar\u00e7on, la capitale de l&rsquo;Espagne est un choix fantastique. Madrid, la ville qui ne dort jamais, a tout ce dont vous avez besoin pour passer un [&hellip;]<\/p>\n","protected":false},"author":1,"featured_media":0,"parent":10731,"menu_order":0,"comment_status":"closed","ping_status":"closed","template":"template-home-modern.php","meta":{"footnotes":""},"class_list":["post-10951","page","type-page","status-publish","has-post-thumbnail","hentry"],"yoast_head":"<!-- This site is optimized with the Yoast SEO plugin v27.1.1 - https:\/\/yoast.com\/product\/yoast-seo-wordpress\/ -->\n<title>EVG \u00e0 Madrid? La ville a tout ce dont vous avez besoin<\/title>\n<meta name=\"description\" content=\"Madrid, la ville qui ne dort jamais, a tout ce dont vous avez besoin pour profiter d&#039;un enterrement de vie de gar\u00e7on inoubliable.\" \/>\n<meta name=\"robots\" content=\"index, follow, max-snippet:-1, max-image-preview:large, max-video-preview:-1\" \/>\n<link rel=\"canonical\" href=\"https:\/\/bestfiesta.es\/fr\/par-region-espagne\/madrid\/\" \/>\n<meta property=\"og:locale\" content=\"fr_FR\" \/>\n<meta property=\"og:type\" content=\"article\" \/>\n<meta property=\"og:title\" content=\"EVG \u00e0 Madrid? La ville a tout ce dont vous avez besoin\" \/>\n<meta property=\"og:description\" content=\"Madrid, la ville qui ne dort jamais, a tout ce dont vous avez besoin pour profiter d&#039;un enterrement de vie de gar\u00e7on inoubliable.\" \/>\n<meta property=\"og:url\" content=\"https:\/\/bestfiesta.es\/fr\/par-region-espagne\/madrid\/\" \/>\n<meta property=\"og:site_name\" content=\"BestFiesta\" \/>\n<meta property=\"article:publisher\" content=\"https:\/\/www.facebook.com\/BestFiesta.es\/\" \/>\n<meta property=\"article:modified_time\" content=\"2024-01-03T20:47:26+00:00\" \/>\n<meta name=\"twitter:card\" content=\"summary_large_image\" \/>\n<meta name=\"twitter:label1\" content=\"Dur\u00e9e de lecture estim\u00e9e\" \/>\n\t<meta name=\"twitter:data1\" content=\"2 minutes\" \/>\n<script type=\"application\/ld+json\" class=\"yoast-schema-graph\">{\"@context\":\"https:\/\/schema.org\",\"@graph\":[{\"@type\":\"WebPage\",\"@id\":\"https:\/\/bestfiesta.es\/fr\/par-region-espagne\/madrid\/\",\"url\":\"https:\/\/bestfiesta.es\/fr\/par-region-espagne\/madrid\/\",\"name\":\"EVG \u00e0 Madrid? La ville a tout ce dont vous avez besoin\",\"isPartOf\":{\"@id\":\"https:\/\/bestfiesta.es\/fr\/#website\"},\"datePublished\":\"2020-04-16T12:13:14+00:00\",\"dateModified\":\"2024-01-03T20:47:26+00:00\",\"description\":\"Madrid, la ville qui ne dort jamais, a tout ce dont vous avez besoin pour profiter d'un enterrement de vie de gar\u00e7on inoubliable.\",\"breadcrumb\":{\"@id\":\"https:\/\/bestfiesta.es\/fr\/par-region-espagne\/madrid\/#breadcrumb\"},\"inLanguage\":\"fr-FR\",\"potentialAction\":[{\"@type\":\"ReadAction\",\"target\":[\"https:\/\/bestfiesta.es\/fr\/par-region-espagne\/madrid\/\"]}]},{\"@type\":\"BreadcrumbList\",\"@id\":\"https:\/\/bestfiesta.es\/fr\/par-region-espagne\/madrid\/#breadcrumb\",\"itemListElement\":[{\"@type\":\"ListItem\",\"position\":1,\"name\":\"Home\",\"item\":\"https:\/\/bestfiesta.es\/fr\/\"},{\"@type\":\"ListItem\",\"position\":2,\"name\":\"Par r\u00e9gion\",\"item\":\"https:\/\/bestfiesta.es\/fr\/par-region-espagne\/\"},{\"@type\":\"ListItem\",\"position\":3,\"name\":\"Madrid\"}]},{\"@type\":\"WebSite\",\"@id\":\"https:\/\/bestfiesta.es\/fr\/#website\",\"url\":\"https:\/\/bestfiesta.es\/fr\/\",\"name\":\"BestFiesta\",\"description\":\"Organizaci\u00f3n de despedidas, packs para despedidas, etc\",\"publisher\":{\"@id\":\"https:\/\/bestfiesta.es\/fr\/#organization\"},\"potentialAction\":[{\"@type\":\"SearchAction\",\"target\":{\"@type\":\"EntryPoint\",\"urlTemplate\":\"https:\/\/bestfiesta.es\/fr\/?s={search_term_string}\"},\"query-input\":{\"@type\":\"PropertyValueSpecification\",\"valueRequired\":true,\"valueName\":\"search_term_string\"}}],\"inLanguage\":\"fr-FR\"},{\"@type\":\"Organization\",\"@id\":\"https:\/\/bestfiesta.es\/fr\/#organization\",\"name\":\"BestFiesta\",\"url\":\"https:\/\/bestfiesta.es\/fr\/\",\"logo\":{\"@type\":\"ImageObject\",\"inLanguage\":\"fr-FR\",\"@id\":\"https:\/\/bestfiesta.es\/fr\/#\/schema\/logo\/image\/\",\"url\":\"https:\/\/bestfiesta.es\/wp-content\/uploads\/2020\/06\/BestFiesta.png\",\"contentUrl\":\"https:\/\/bestfiesta.es\/wp-content\/uploads\/2020\/06\/BestFiesta.png\",\"width\":180,\"height\":153,\"caption\":\"BestFiesta\"},\"image\":{\"@id\":\"https:\/\/bestfiesta.es\/fr\/#\/schema\/logo\/image\/\"},\"sameAs\":[\"https:\/\/www.facebook.com\/BestFiesta.es\/\"]}]}<\/script>\n<!-- \/ Yoast SEO plugin. -->","yoast_head_json":{"title":"EVG \u00e0 Madrid? La ville a tout ce dont vous avez besoin","description":"Madrid, la ville qui ne dort jamais, a tout ce dont vous avez besoin pour profiter d'un enterrement de vie de gar\u00e7on inoubliable.","robots":{"index":"index","follow":"follow","max-snippet":"max-snippet:-1","max-image-preview":"max-image-preview:large","max-video-preview":"max-video-preview:-1"},"canonical":"https:\/\/bestfiesta.es\/fr\/par-region-espagne\/madrid\/","og_locale":"fr_FR","og_type":"article","og_title":"EVG \u00e0 Madrid? La ville a tout ce dont vous avez besoin","og_description":"Madrid, la ville qui ne dort jamais, a tout ce dont vous avez besoin pour profiter d'un enterrement de vie de gar\u00e7on inoubliable.","og_url":"https:\/\/bestfiesta.es\/fr\/par-region-espagne\/madrid\/","og_site_name":"BestFiesta","article_publisher":"https:\/\/www.facebook.com\/BestFiesta.es\/","article_modified_time":"2024-01-03T20:47:26+00:00","twitter_card":"summary_large_image","twitter_misc":{"Dur\u00e9e de lecture estim\u00e9e":"2 minutes"},"schema":{"@context":"https:\/\/schema.org","@graph":[{"@type":"WebPage","@id":"https:\/\/bestfiesta.es\/fr\/par-region-espagne\/madrid\/","url":"https:\/\/bestfiesta.es\/fr\/par-region-espagne\/madrid\/","name":"EVG \u00e0 Madrid? La ville a tout ce dont vous avez besoin","isPartOf":{"@id":"https:\/\/bestfiesta.es\/fr\/#website"},"datePublished":"2020-04-16T12:13:14+00:00","dateModified":"2024-01-03T20:47:26+00:00","description":"Madrid, la ville qui ne dort jamais, a tout ce dont vous avez besoin pour profiter d'un enterrement de vie de gar\u00e7on inoubliable.","breadcrumb":{"@id":"https:\/\/bestfiesta.es\/fr\/par-region-espagne\/madrid\/#breadcrumb"},"inLanguage":"fr-FR","potentialAction":[{"@type":"ReadAction","target":["https:\/\/bestfiesta.es\/fr\/par-region-espagne\/madrid\/"]}]},{"@type":"BreadcrumbList","@id":"https:\/\/bestfiesta.es\/fr\/par-region-espagne\/madrid\/#breadcrumb","itemListElement":[{"@type":"ListItem","position":1,"name":"Home","item":"https:\/\/bestfiesta.es\/fr\/"},{"@type":"ListItem","position":2,"name":"Par r\u00e9gion","item":"https:\/\/bestfiesta.es\/fr\/par-region-espagne\/"},{"@type":"ListItem","position":3,"name":"Madrid"}]},{"@type":"WebSite","@id":"https:\/\/bestfiesta.es\/fr\/#website","url":"https:\/\/bestfiesta.es\/fr\/","name":"BestFiesta","description":"Organizaci\u00f3n de despedidas, packs para despedidas, etc","publisher":{"@id":"https:\/\/bestfiesta.es\/fr\/#organization"},"potentialAction":[{"@type":"SearchAction","target":{"@type":"EntryPoint","urlTemplate":"https:\/\/bestfiesta.es\/fr\/?s={search_term_string}"},"query-input":{"@type":"PropertyValueSpecification","valueRequired":true,"valueName":"search_term_string"}}],"inLanguage":"fr-FR"},{"@type":"Organization","@id":"https:\/\/bestfiesta.es\/fr\/#organization","name":"BestFiesta","url":"https:\/\/bestfiesta.es\/fr\/","logo":{"@type":"ImageObject","inLanguage":"fr-FR","@id":"https:\/\/bestfiesta.es\/fr\/#\/schema\/logo\/image\/","url":"https:\/\/bestfiesta.es\/wp-content\/uploads\/2020\/06\/BestFiesta.png","contentUrl":"https:\/\/bestfiesta.es\/wp-content\/uploads\/2020\/06\/BestFiesta.png","width":180,"height":153,"caption":"BestFiesta"},"image":{"@id":"https:\/\/bestfiesta.es\/fr\/#\/schema\/logo\/image\/"},"sameAs":["https:\/\/www.facebook.com\/BestFiesta.es\/"]}]}},"_links":{"self":[{"href":"https:\/\/bestfiesta.es\/fr\/wp-json\/wp\/v2\/pages\/10951","targetHints":{"allow":["GET"]}}],"collection":[{"href":"https:\/\/bestfiesta.es\/fr\/wp-json\/wp\/v2\/pages"}],"about":[{"href":"https:\/\/bestfiesta.es\/fr\/wp-json\/wp\/v2\/types\/page"}],"author":[{"embeddable":true,"href":"https:\/\/bestfiesta.es\/fr\/wp-json\/wp\/v2\/users\/1"}],"replies":[{"embeddable":true,"href":"https:\/\/bestfiesta.es\/fr\/wp-json\/wp\/v2\/comments?post=10951"}],"version-history":[{"count":2,"href":"https:\/\/bestfiesta.es\/fr\/wp-json\/wp\/v2\/pages\/10951\/revisions"}],"predecessor-version":[{"id":16304,"href":"https:\/\/bestfiesta.es\/fr\/wp-json\/wp\/v2\/pages\/10951\/revisions\/16304"}],"up":[{"embeddable":true,"href":"https:\/\/bestfiesta.es\/fr\/wp-json\/wp\/v2\/pages\/10731"}],"wp:attachment":[{"href":"https:\/\/bestfiesta.es\/fr\/wp-json\/wp\/v2\/media?parent=10951"}],"curies":[{"name":"wp","href":"https:\/\/api.w.org\/{rel}","templated":true}]}}