{"id":10955,"date":"2020-04-16T12:09:37","date_gmt":"2020-04-16T12:09:37","guid":{"rendered":"http:\/\/bestfiesta.es\/par-region-espagne\/islas-canarias\/"},"modified":"2024-01-03T20:46:49","modified_gmt":"2024-01-03T20:46:49","slug":"iles-canaries","status":"publish","type":"page","link":"https:\/\/bestfiesta.es\/fr\/par-region-espagne\/iles-canaries\/","title":{"rendered":"\u00celes Canaries"},"content":{"rendered":"<div class=\"wpb-content-wrapper\"><p>[vc_row][vc_column]            <div class=\"row list-destination masonry\">\r\n                            <div class=\"col-xs-12 col-sm-12 col-md-8 has-matchHeight first-item\">\r\n                    <div class=\"destination-item\">\r\n                        <div class=\"image\">\r\n                                                        <a class=\"st-link\" href=\"https:\/\/bestfiesta.es\/fr\/ville\/grancanaria\/\">\r\n                                <img loading=\"lazy\" decoding=\"async\" src=\"https:\/\/bestfiesta.es\/wp-content\/uploads\/2015\/02\/gran-canaria-770x375.jpg\" width=\"770\" height=\"375\"\r\n                                     class=\"img-responsive\" alt = \"Gran Canaria\">\r\n                            <\/a>\r\n                            <div class=\"content\">\r\n                                <h3 class=\"title\">\r\n                                    <a href=\"https:\/\/bestfiesta.es\/fr\/ville\/grancanaria\/\">\r\n                                        Gran Canaria                                    <\/a>\r\n                                <\/h3>\r\n                                <div class=\"desc multi\"><a href=\"https:\/\/bestfiesta.es\/fr\/activites\/?location_name=Gran%20Canaria&#038;location_id=10102\">7 Activit\u00e9s<\/a><a href=\"https:\/\/bestfiesta.es\/fr\/espagne-enterrement-de-vie-de-jeune-fille-garcon\/?location_name=Gran%20Canaria&#038;location_id=10102\">4 Packs<\/a><\/div>                            <\/div>\r\n                                                    <\/div>\r\n                    <\/div>\r\n                <\/div>\r\n                        <\/div>\r\n        [\/vc_column][\/vc_row][vc_row][vc_column][vc_column_text]<\/p>\n<h2 class=\"parrafo\"><strong>Destination parfaite &#8211; les \u00celes Canaries<\/strong><\/h2>\n<p class=\"parrafo\">Si vous \u00eates en charge d&rsquo;organiser un enterrement de vie de gar\u00e7on ou de jeune fille, vous devriez consid\u00e9rer les \u00celes Canaries. Situ\u00e9es dans l&rsquo;oc\u00e9an Atlantique, en face de la c\u00f4te de l&rsquo;Afrique, les \u00celes Canaries sont un paradis tropical offrant une large vari\u00e9t\u00e9 d&rsquo;options pour profiter d&rsquo;un enterrement de vie inoubliable. Nous allons vous expliquer pourquoi vous devriez choisir les \u00celes Canaries comme destination pour votre prochain enterrement de vie.<\/p>\n<p>&nbsp;<\/p>\n<h2><strong>Climat privil\u00e9gi\u00e9 toute l&rsquo;ann\u00e9e<\/strong><\/h2>\n<p class=\"parrafo\">Tout d&rsquo;abord, les \u00celes Canaries ont un climat privil\u00e9gi\u00e9 qui en fait une destination id\u00e9ale pour n&rsquo;importe quelle p\u00e9riode de l&rsquo;ann\u00e9e. Avec plus de 300 jours de soleil par an et des temp\u00e9ratures chaudes tout au long de l&rsquo;ann\u00e9e, vous pouvez \u00eatre s\u00fbr de profiter d&rsquo;un climat agr\u00e9able pendant votre enterrement de vie de gar\u00e7on ou de jeune fille.<\/p>\n<p>&nbsp;<\/p>\n<h2><strong>Large vari\u00e9t\u00e9 d&rsquo;activit\u00e9s<\/strong><\/h2>\n<p class=\"parrafo\">En outre, les \u00celes Canaries offrent une large vari\u00e9t\u00e9 d&rsquo;activit\u00e9s pour profiter de jour comme de nuit. Si le groupe recherche une exp\u00e9rience plus d\u00e9tendue, vous pouvez \u00e9galement profiter des plages de sable dor\u00e9 et des eaux cristallines qui entourent les \u00celes Canaries, et d\u00e9guster leur d\u00e9licieuse gastronomie. La gastronomie canarienne est tr\u00e8s vari\u00e9e et propose des plats tels que les papas arrugadas, le mojo pic\u00f3n ou le sancocho canarien, entre autres.<\/p>\n<p>&nbsp;<\/p>\n<h2><strong>Vie nocturne<\/strong><\/h2>\n<p class=\"parrafo\">En ce qui concerne la vie nocturne, les \u00celes Canaries sont connues pour leurs discoth\u00e8ques et leurs bars anim\u00e9s, notamment dans les zones touristiques de Playa del Ingl\u00e9s \u00e0 Gran Canaria ou dans la zone sud de Tenerife. Vous pouvez \u00e9galement profiter de la musique live et des spectacles dans les pubs et bars de la capitale, Santa Cruz de Tenerife, ou \u00e0 Las Palmas de Gran Canaria.<\/p>\n<p>&nbsp;<\/p>\n<h2><strong>Paradis tropical<\/strong><\/h2>\n<p class=\"parrafo\">Si le groupe souhaite c\u00e9l\u00e9brer l&rsquo;enterrement de vie de gar\u00e7on ou de jeune fille d&rsquo;un ami, consid\u00e9rer les \u00celes Canaries est un choix judicieux car c&rsquo;est un endroit ensoleill\u00e9 et vibrant pour tout type de c\u00e9l\u00e9brations. Avec son climat privil\u00e9gi\u00e9, sa large vari\u00e9t\u00e9 d&rsquo;activit\u00e9s, sa d\u00e9licieuse gastronomie et sa vie nocturne anim\u00e9e, vous ne regretterez pas d&rsquo;avoir choisi les \u00celes Canaries comme lieu pour un enterrement de vie inoubliable !<\/p>\n<p>[\/vc_column_text][\/vc_column][\/vc_row]<\/p>\n<\/div>","protected":false},"excerpt":{"rendered":"<p>[vc_row][vc_column][\/vc_column][\/vc_row][vc_row][vc_column][vc_column_text] Destination parfaite &#8211; les \u00celes Canaries Si vous \u00eates en charge d&rsquo;organiser un enterrement de vie de gar\u00e7on ou de jeune fille, vous devriez consid\u00e9rer les \u00celes Canaries. Situ\u00e9es dans l&rsquo;oc\u00e9an Atlantique, en face de la c\u00f4te de l&rsquo;Afrique, les \u00celes Canaries sont un paradis tropical offrant une large vari\u00e9t\u00e9 d&rsquo;options pour profiter d&rsquo;un [&hellip;]<\/p>\n","protected":false},"author":1,"featured_media":0,"parent":10731,"menu_order":0,"comment_status":"closed","ping_status":"closed","template":"template-home-modern.php","meta":{"footnotes":""},"class_list":["post-10955","page","type-page","status-publish","has-post-thumbnail","hentry"],"yoast_head":"<!-- This site is optimized with the Yoast SEO plugin v27.1.1 - https:\/\/yoast.com\/product\/yoast-seo-wordpress\/ -->\n<title>Les \u00celes Canaries comme destination pour votre prochain EVG ou EVJF<\/title>\n<meta name=\"description\" content=\"Paradis tropical. Si le groupe souhaite c\u00e9l\u00e9brer l&#039;enterrement de vie de gar\u00e7on ou de jeune fille d&#039;un ami, consid\u00e9rer les \u00celes Canaries.\" \/>\n<meta name=\"robots\" content=\"index, follow, max-snippet:-1, max-image-preview:large, max-video-preview:-1\" \/>\n<link rel=\"canonical\" href=\"https:\/\/bestfiesta.es\/fr\/par-region-espagne\/iles-canaries\/\" \/>\n<meta property=\"og:locale\" content=\"fr_FR\" \/>\n<meta property=\"og:type\" content=\"article\" \/>\n<meta property=\"og:title\" content=\"Les \u00celes Canaries comme destination pour votre prochain EVG ou EVJF\" \/>\n<meta property=\"og:description\" content=\"Paradis tropical. Si le groupe souhaite c\u00e9l\u00e9brer l&#039;enterrement de vie de gar\u00e7on ou de jeune fille d&#039;un ami, consid\u00e9rer les \u00celes Canaries.\" \/>\n<meta property=\"og:url\" content=\"https:\/\/bestfiesta.es\/fr\/par-region-espagne\/iles-canaries\/\" \/>\n<meta property=\"og:site_name\" content=\"BestFiesta\" \/>\n<meta property=\"article:publisher\" content=\"https:\/\/www.facebook.com\/BestFiesta.es\/\" \/>\n<meta property=\"article:modified_time\" content=\"2024-01-03T20:46:49+00:00\" \/>\n<meta name=\"twitter:card\" content=\"summary_large_image\" \/>\n<meta name=\"twitter:label1\" content=\"Dur\u00e9e de lecture estim\u00e9e\" \/>\n\t<meta name=\"twitter:data1\" content=\"2 minutes\" \/>\n<script type=\"application\/ld+json\" class=\"yoast-schema-graph\">{\"@context\":\"https:\/\/schema.org\",\"@graph\":[{\"@type\":\"WebPage\",\"@id\":\"https:\/\/bestfiesta.es\/fr\/par-region-espagne\/iles-canaries\/\",\"url\":\"https:\/\/bestfiesta.es\/fr\/par-region-espagne\/iles-canaries\/\",\"name\":\"Les \u00celes Canaries comme destination pour votre prochain EVG ou EVJF\",\"isPartOf\":{\"@id\":\"https:\/\/bestfiesta.es\/fr\/#website\"},\"datePublished\":\"2020-04-16T12:09:37+00:00\",\"dateModified\":\"2024-01-03T20:46:49+00:00\",\"description\":\"Paradis tropical. Si le groupe souhaite c\u00e9l\u00e9brer l'enterrement de vie de gar\u00e7on ou de jeune fille d'un ami, consid\u00e9rer les \u00celes Canaries.\",\"breadcrumb\":{\"@id\":\"https:\/\/bestfiesta.es\/fr\/par-region-espagne\/iles-canaries\/#breadcrumb\"},\"inLanguage\":\"fr-FR\",\"potentialAction\":[{\"@type\":\"ReadAction\",\"target\":[\"https:\/\/bestfiesta.es\/fr\/par-region-espagne\/iles-canaries\/\"]}]},{\"@type\":\"BreadcrumbList\",\"@id\":\"https:\/\/bestfiesta.es\/fr\/par-region-espagne\/iles-canaries\/#breadcrumb\",\"itemListElement\":[{\"@type\":\"ListItem\",\"position\":1,\"name\":\"Home\",\"item\":\"https:\/\/bestfiesta.es\/fr\/\"},{\"@type\":\"ListItem\",\"position\":2,\"name\":\"Par r\u00e9gion\",\"item\":\"https:\/\/bestfiesta.es\/fr\/par-region-espagne\/\"},{\"@type\":\"ListItem\",\"position\":3,\"name\":\"\u00celes Canaries\"}]},{\"@type\":\"WebSite\",\"@id\":\"https:\/\/bestfiesta.es\/fr\/#website\",\"url\":\"https:\/\/bestfiesta.es\/fr\/\",\"name\":\"BestFiesta\",\"description\":\"Organizaci\u00f3n de despedidas, packs para despedidas, etc\",\"publisher\":{\"@id\":\"https:\/\/bestfiesta.es\/fr\/#organization\"},\"potentialAction\":[{\"@type\":\"SearchAction\",\"target\":{\"@type\":\"EntryPoint\",\"urlTemplate\":\"https:\/\/bestfiesta.es\/fr\/?s={search_term_string}\"},\"query-input\":{\"@type\":\"PropertyValueSpecification\",\"valueRequired\":true,\"valueName\":\"search_term_string\"}}],\"inLanguage\":\"fr-FR\"},{\"@type\":\"Organization\",\"@id\":\"https:\/\/bestfiesta.es\/fr\/#organization\",\"name\":\"BestFiesta\",\"url\":\"https:\/\/bestfiesta.es\/fr\/\",\"logo\":{\"@type\":\"ImageObject\",\"inLanguage\":\"fr-FR\",\"@id\":\"https:\/\/bestfiesta.es\/fr\/#\/schema\/logo\/image\/\",\"url\":\"https:\/\/bestfiesta.es\/wp-content\/uploads\/2020\/06\/BestFiesta.png\",\"contentUrl\":\"https:\/\/bestfiesta.es\/wp-content\/uploads\/2020\/06\/BestFiesta.png\",\"width\":180,\"height\":153,\"caption\":\"BestFiesta\"},\"image\":{\"@id\":\"https:\/\/bestfiesta.es\/fr\/#\/schema\/logo\/image\/\"},\"sameAs\":[\"https:\/\/www.facebook.com\/BestFiesta.es\/\"]}]}<\/script>\n<!-- \/ Yoast SEO plugin. -->","yoast_head_json":{"title":"Les \u00celes Canaries comme destination pour votre prochain EVG ou EVJF","description":"Paradis tropical. Si le groupe souhaite c\u00e9l\u00e9brer l'enterrement de vie de gar\u00e7on ou de jeune fille d'un ami, consid\u00e9rer les \u00celes Canaries.","robots":{"index":"index","follow":"follow","max-snippet":"max-snippet:-1","max-image-preview":"max-image-preview:large","max-video-preview":"max-video-preview:-1"},"canonical":"https:\/\/bestfiesta.es\/fr\/par-region-espagne\/iles-canaries\/","og_locale":"fr_FR","og_type":"article","og_title":"Les \u00celes Canaries comme destination pour votre prochain EVG ou EVJF","og_description":"Paradis tropical. Si le groupe souhaite c\u00e9l\u00e9brer l'enterrement de vie de gar\u00e7on ou de jeune fille d'un ami, consid\u00e9rer les \u00celes Canaries.","og_url":"https:\/\/bestfiesta.es\/fr\/par-region-espagne\/iles-canaries\/","og_site_name":"BestFiesta","article_publisher":"https:\/\/www.facebook.com\/BestFiesta.es\/","article_modified_time":"2024-01-03T20:46:49+00:00","twitter_card":"summary_large_image","twitter_misc":{"Dur\u00e9e de lecture estim\u00e9e":"2 minutes"},"schema":{"@context":"https:\/\/schema.org","@graph":[{"@type":"WebPage","@id":"https:\/\/bestfiesta.es\/fr\/par-region-espagne\/iles-canaries\/","url":"https:\/\/bestfiesta.es\/fr\/par-region-espagne\/iles-canaries\/","name":"Les \u00celes Canaries comme destination pour votre prochain EVG ou EVJF","isPartOf":{"@id":"https:\/\/bestfiesta.es\/fr\/#website"},"datePublished":"2020-04-16T12:09:37+00:00","dateModified":"2024-01-03T20:46:49+00:00","description":"Paradis tropical. Si le groupe souhaite c\u00e9l\u00e9brer l'enterrement de vie de gar\u00e7on ou de jeune fille d'un ami, consid\u00e9rer les \u00celes Canaries.","breadcrumb":{"@id":"https:\/\/bestfiesta.es\/fr\/par-region-espagne\/iles-canaries\/#breadcrumb"},"inLanguage":"fr-FR","potentialAction":[{"@type":"ReadAction","target":["https:\/\/bestfiesta.es\/fr\/par-region-espagne\/iles-canaries\/"]}]},{"@type":"BreadcrumbList","@id":"https:\/\/bestfiesta.es\/fr\/par-region-espagne\/iles-canaries\/#breadcrumb","itemListElement":[{"@type":"ListItem","position":1,"name":"Home","item":"https:\/\/bestfiesta.es\/fr\/"},{"@type":"ListItem","position":2,"name":"Par r\u00e9gion","item":"https:\/\/bestfiesta.es\/fr\/par-region-espagne\/"},{"@type":"ListItem","position":3,"name":"\u00celes Canaries"}]},{"@type":"WebSite","@id":"https:\/\/bestfiesta.es\/fr\/#website","url":"https:\/\/bestfiesta.es\/fr\/","name":"BestFiesta","description":"Organizaci\u00f3n de despedidas, packs para despedidas, etc","publisher":{"@id":"https:\/\/bestfiesta.es\/fr\/#organization"},"potentialAction":[{"@type":"SearchAction","target":{"@type":"EntryPoint","urlTemplate":"https:\/\/bestfiesta.es\/fr\/?s={search_term_string}"},"query-input":{"@type":"PropertyValueSpecification","valueRequired":true,"valueName":"search_term_string"}}],"inLanguage":"fr-FR"},{"@type":"Organization","@id":"https:\/\/bestfiesta.es\/fr\/#organization","name":"BestFiesta","url":"https:\/\/bestfiesta.es\/fr\/","logo":{"@type":"ImageObject","inLanguage":"fr-FR","@id":"https:\/\/bestfiesta.es\/fr\/#\/schema\/logo\/image\/","url":"https:\/\/bestfiesta.es\/wp-content\/uploads\/2020\/06\/BestFiesta.png","contentUrl":"https:\/\/bestfiesta.es\/wp-content\/uploads\/2020\/06\/BestFiesta.png","width":180,"height":153,"caption":"BestFiesta"},"image":{"@id":"https:\/\/bestfiesta.es\/fr\/#\/schema\/logo\/image\/"},"sameAs":["https:\/\/www.facebook.com\/BestFiesta.es\/"]}]}},"_links":{"self":[{"href":"https:\/\/bestfiesta.es\/fr\/wp-json\/wp\/v2\/pages\/10955","targetHints":{"allow":["GET"]}}],"collection":[{"href":"https:\/\/bestfiesta.es\/fr\/wp-json\/wp\/v2\/pages"}],"about":[{"href":"https:\/\/bestfiesta.es\/fr\/wp-json\/wp\/v2\/types\/page"}],"author":[{"embeddable":true,"href":"https:\/\/bestfiesta.es\/fr\/wp-json\/wp\/v2\/users\/1"}],"replies":[{"embeddable":true,"href":"https:\/\/bestfiesta.es\/fr\/wp-json\/wp\/v2\/comments?post=10955"}],"version-history":[{"count":5,"href":"https:\/\/bestfiesta.es\/fr\/wp-json\/wp\/v2\/pages\/10955\/revisions"}],"predecessor-version":[{"id":16289,"href":"https:\/\/bestfiesta.es\/fr\/wp-json\/wp\/v2\/pages\/10955\/revisions\/16289"}],"up":[{"embeddable":true,"href":"https:\/\/bestfiesta.es\/fr\/wp-json\/wp\/v2\/pages\/10731"}],"wp:attachment":[{"href":"https:\/\/bestfiesta.es\/fr\/wp-json\/wp\/v2\/media?parent=10955"}],"curies":[{"name":"wp","href":"https:\/\/api.w.org\/{rel}","templated":true}]}}