{"id":10957,"date":"2020-04-16T12:07:33","date_gmt":"2020-04-16T12:07:33","guid":{"rendered":"http:\/\/bestfiesta.es\/par-region-espagne\/andalucia\/"},"modified":"2024-01-03T20:45:37","modified_gmt":"2024-01-03T20:45:37","slug":"andalousie","status":"publish","type":"page","link":"https:\/\/bestfiesta.es\/fr\/par-region-espagne\/andalousie\/","title":{"rendered":"Andalousie"},"content":{"rendered":"<div class=\"wpb-content-wrapper\"><p>[vc_row][vc_column]            <div class=\"row list-destination masonry\">\r\n                            <div class=\"col-xs-12 col-sm-12 col-md-8 has-matchHeight first-item\">\r\n                    <div class=\"destination-item\">\r\n                        <div class=\"image\">\r\n                                                        <a class=\"st-link\" href=\"https:\/\/bestfiesta.es\/fr\/ville\/packages-a-malaga-pour-enterrement-de-vie\/\">\r\n                                <img loading=\"lazy\" decoding=\"async\" src=\"https:\/\/bestfiesta.es\/wp-content\/uploads\/2020\/06\/Malaga-770x375.jpg\" width=\"770\" height=\"375\"\r\n                                     class=\"img-responsive\" alt = \"Malaga\">\r\n                            <\/a>\r\n                            <div class=\"content\">\r\n                                <h3 class=\"title\">\r\n                                    <a href=\"https:\/\/bestfiesta.es\/fr\/ville\/packages-a-malaga-pour-enterrement-de-vie\/\">\r\n                                        Malaga                                    <\/a>\r\n                                <\/h3>\r\n                                <div class=\"desc multi\"><a href=\"https:\/\/bestfiesta.es\/fr\/activites\/?location_name=Malaga&#038;location_id=12054\">9 Activit\u00e9s<\/a><a href=\"https:\/\/bestfiesta.es\/fr\/espagne-enterrement-de-vie-de-jeune-fille-garcon\/?location_name=Malaga&#038;location_id=12054\">2 Packs<\/a><\/div>                            <\/div>\r\n                                                    <\/div>\r\n                    <\/div>\r\n                <\/div>\r\n                        <\/div>\r\n        [\/vc_column][\/vc_row][vc_row][vc_column][vc_column_text]<\/p>\n<p class=\"parrafo\">Si vous cherchez la ville parfaite pour c\u00e9l\u00e9brer l&rsquo;enterrement de vie de jeune fille ou de gar\u00e7on de votre ami(e), les villes andalouses sont des destinations parfaites. Cette belle r\u00e9gion du sud de l&rsquo;Espagne offre une large gamme d&rsquo;activit\u00e9s passionnantes, de d\u00e9licieux plats, de paysages \u00e9poustouflants et une vie nocturne fantastique.<\/p>\n<p class=\"parrafo\">L&rsquo;Andalousie est connue pour ses plages de r\u00eave, comme la Costa del Sol, la Costa de la Luz et la Costa Tropical. Les plages sont le lieu id\u00e9al pour profiter d&rsquo;activit\u00e9s nautiques et de sorties en bateau ou en catamaran. Si vous pr\u00e9f\u00e9rez quelque chose de plus d\u00e9tendu, vous pouvez simplement bronzer et profiter de l&rsquo;ambiance d\u00e9tendue et amusante de la plage.<\/p>\n<p class=\"parrafo\">L&rsquo;Andalousie est \u00e9galement c\u00e9l\u00e8bre pour sa riche culture et son histoire. Vous pouvez visiter des villes telles que S\u00e9ville, Grenade et Cordoue pour explorer leurs impressionnants monuments et b\u00e2timents historiques, tels que l&rsquo;Alhambra, la cath\u00e9drale de S\u00e9ville et la mosqu\u00e9e de Cordoue. Vous pouvez \u00e9galement d\u00e9couvrir la culture espagnole authentique \u00e0 travers la nourriture, le flamenco et les festivals locaux.<\/p>\n<p class=\"parrafo\">La vie nocturne en Andalousie est impressionnante. Il y a une grande vari\u00e9t\u00e9 de bars et de clubs dans toutes les grandes villes, comme Malaga, Marbella et S\u00e9ville. Les nuits en Andalousie sont longues et excitantes, et c&rsquo;est l&rsquo;endroit id\u00e9al pour profiter de la musique, de la danse et de la f\u00eate.<\/p>\n<p class=\"parrafo\">En r\u00e9sum\u00e9, l&rsquo;Andalousie est une r\u00e9gion parfaite \u00e0 visiter et \u00e0 c\u00e9l\u00e9brer un enterrement de vie de jeune fille ou de gar\u00e7on. Elle offre une large gamme d&rsquo;activit\u00e9s, des paysages \u00e9poustouflants, une riche culture et histoire, et une vie nocturne vibrante.<\/p>\n<p>[\/vc_column_text][\/vc_column][\/vc_row]<\/p>\n<\/div>","protected":false},"excerpt":{"rendered":"<p>[vc_row][vc_column][\/vc_column][\/vc_row][vc_row][vc_column][vc_column_text] Si vous cherchez la ville parfaite pour c\u00e9l\u00e9brer l&rsquo;enterrement de vie de jeune fille ou de gar\u00e7on de votre ami(e), les villes andalouses sont des destinations parfaites. Cette belle r\u00e9gion du sud de l&rsquo;Espagne offre une large gamme d&rsquo;activit\u00e9s passionnantes, de d\u00e9licieux plats, de paysages \u00e9poustouflants et une vie nocturne fantastique. L&rsquo;Andalousie est connue [&hellip;]<\/p>\n","protected":false},"author":1,"featured_media":0,"parent":10731,"menu_order":0,"comment_status":"closed","ping_status":"closed","template":"template-home-modern.php","meta":{"footnotes":""},"class_list":["post-10957","page","type-page","status-publish","has-post-thumbnail","hentry"],"yoast_head":"<!-- This site is optimized with the Yoast SEO plugin v27.1.1 - https:\/\/yoast.com\/product\/yoast-seo-wordpress\/ -->\n<title>Les villes andalouses sont des destinations parfaites - EVJF ou EVG<\/title>\n<meta name=\"description\" content=\"Si vous cherchez la ville parfaite pour c\u00e9l\u00e9brer l&#039;enterrement de vie de jeune fille ou de gar\u00e7on de votre ami(e), les villes andalouses sont des destinations parfaites.\" \/>\n<meta name=\"robots\" content=\"index, follow, max-snippet:-1, max-image-preview:large, max-video-preview:-1\" \/>\n<link rel=\"canonical\" href=\"https:\/\/bestfiesta.es\/fr\/par-region-espagne\/andalousie\/\" \/>\n<meta property=\"og:locale\" content=\"fr_FR\" \/>\n<meta property=\"og:type\" content=\"article\" \/>\n<meta property=\"og:title\" content=\"Les villes andalouses sont des destinations parfaites - EVJF ou EVG\" \/>\n<meta property=\"og:description\" content=\"Si vous cherchez la ville parfaite pour c\u00e9l\u00e9brer l&#039;enterrement de vie de jeune fille ou de gar\u00e7on de votre ami(e), les villes andalouses sont des destinations parfaites.\" \/>\n<meta property=\"og:url\" content=\"https:\/\/bestfiesta.es\/fr\/par-region-espagne\/andalousie\/\" \/>\n<meta property=\"og:site_name\" content=\"BestFiesta\" \/>\n<meta property=\"article:publisher\" content=\"https:\/\/www.facebook.com\/BestFiesta.es\/\" \/>\n<meta property=\"article:modified_time\" content=\"2024-01-03T20:45:37+00:00\" \/>\n<meta name=\"twitter:card\" content=\"summary_large_image\" \/>\n<meta name=\"twitter:label1\" content=\"Dur\u00e9e de lecture estim\u00e9e\" \/>\n\t<meta name=\"twitter:data1\" content=\"2 minutes\" \/>\n<script type=\"application\/ld+json\" class=\"yoast-schema-graph\">{\"@context\":\"https:\/\/schema.org\",\"@graph\":[{\"@type\":\"WebPage\",\"@id\":\"https:\/\/bestfiesta.es\/fr\/par-region-espagne\/andalousie\/\",\"url\":\"https:\/\/bestfiesta.es\/fr\/par-region-espagne\/andalousie\/\",\"name\":\"Les villes andalouses sont des destinations parfaites - EVJF ou EVG\",\"isPartOf\":{\"@id\":\"https:\/\/bestfiesta.es\/fr\/#website\"},\"datePublished\":\"2020-04-16T12:07:33+00:00\",\"dateModified\":\"2024-01-03T20:45:37+00:00\",\"description\":\"Si vous cherchez la ville parfaite pour c\u00e9l\u00e9brer l'enterrement de vie de jeune fille ou de gar\u00e7on de votre ami(e), les villes andalouses sont des destinations parfaites.\",\"breadcrumb\":{\"@id\":\"https:\/\/bestfiesta.es\/fr\/par-region-espagne\/andalousie\/#breadcrumb\"},\"inLanguage\":\"fr-FR\",\"potentialAction\":[{\"@type\":\"ReadAction\",\"target\":[\"https:\/\/bestfiesta.es\/fr\/par-region-espagne\/andalousie\/\"]}]},{\"@type\":\"BreadcrumbList\",\"@id\":\"https:\/\/bestfiesta.es\/fr\/par-region-espagne\/andalousie\/#breadcrumb\",\"itemListElement\":[{\"@type\":\"ListItem\",\"position\":1,\"name\":\"Home\",\"item\":\"https:\/\/bestfiesta.es\/fr\/\"},{\"@type\":\"ListItem\",\"position\":2,\"name\":\"Par r\u00e9gion\",\"item\":\"https:\/\/bestfiesta.es\/fr\/par-region-espagne\/\"},{\"@type\":\"ListItem\",\"position\":3,\"name\":\"Andalousie\"}]},{\"@type\":\"WebSite\",\"@id\":\"https:\/\/bestfiesta.es\/fr\/#website\",\"url\":\"https:\/\/bestfiesta.es\/fr\/\",\"name\":\"BestFiesta\",\"description\":\"Organizaci\u00f3n de despedidas, packs para despedidas, etc\",\"publisher\":{\"@id\":\"https:\/\/bestfiesta.es\/fr\/#organization\"},\"potentialAction\":[{\"@type\":\"SearchAction\",\"target\":{\"@type\":\"EntryPoint\",\"urlTemplate\":\"https:\/\/bestfiesta.es\/fr\/?s={search_term_string}\"},\"query-input\":{\"@type\":\"PropertyValueSpecification\",\"valueRequired\":true,\"valueName\":\"search_term_string\"}}],\"inLanguage\":\"fr-FR\"},{\"@type\":\"Organization\",\"@id\":\"https:\/\/bestfiesta.es\/fr\/#organization\",\"name\":\"BestFiesta\",\"url\":\"https:\/\/bestfiesta.es\/fr\/\",\"logo\":{\"@type\":\"ImageObject\",\"inLanguage\":\"fr-FR\",\"@id\":\"https:\/\/bestfiesta.es\/fr\/#\/schema\/logo\/image\/\",\"url\":\"https:\/\/bestfiesta.es\/wp-content\/uploads\/2020\/06\/BestFiesta.png\",\"contentUrl\":\"https:\/\/bestfiesta.es\/wp-content\/uploads\/2020\/06\/BestFiesta.png\",\"width\":180,\"height\":153,\"caption\":\"BestFiesta\"},\"image\":{\"@id\":\"https:\/\/bestfiesta.es\/fr\/#\/schema\/logo\/image\/\"},\"sameAs\":[\"https:\/\/www.facebook.com\/BestFiesta.es\/\"]}]}<\/script>\n<!-- \/ Yoast SEO plugin. -->","yoast_head_json":{"title":"Les villes andalouses sont des destinations parfaites - EVJF ou EVG","description":"Si vous cherchez la ville parfaite pour c\u00e9l\u00e9brer l'enterrement de vie de jeune fille ou de gar\u00e7on de votre ami(e), les villes andalouses sont des destinations parfaites.","robots":{"index":"index","follow":"follow","max-snippet":"max-snippet:-1","max-image-preview":"max-image-preview:large","max-video-preview":"max-video-preview:-1"},"canonical":"https:\/\/bestfiesta.es\/fr\/par-region-espagne\/andalousie\/","og_locale":"fr_FR","og_type":"article","og_title":"Les villes andalouses sont des destinations parfaites - EVJF ou EVG","og_description":"Si vous cherchez la ville parfaite pour c\u00e9l\u00e9brer l'enterrement de vie de jeune fille ou de gar\u00e7on de votre ami(e), les villes andalouses sont des destinations parfaites.","og_url":"https:\/\/bestfiesta.es\/fr\/par-region-espagne\/andalousie\/","og_site_name":"BestFiesta","article_publisher":"https:\/\/www.facebook.com\/BestFiesta.es\/","article_modified_time":"2024-01-03T20:45:37+00:00","twitter_card":"summary_large_image","twitter_misc":{"Dur\u00e9e de lecture estim\u00e9e":"2 minutes"},"schema":{"@context":"https:\/\/schema.org","@graph":[{"@type":"WebPage","@id":"https:\/\/bestfiesta.es\/fr\/par-region-espagne\/andalousie\/","url":"https:\/\/bestfiesta.es\/fr\/par-region-espagne\/andalousie\/","name":"Les villes andalouses sont des destinations parfaites - EVJF ou EVG","isPartOf":{"@id":"https:\/\/bestfiesta.es\/fr\/#website"},"datePublished":"2020-04-16T12:07:33+00:00","dateModified":"2024-01-03T20:45:37+00:00","description":"Si vous cherchez la ville parfaite pour c\u00e9l\u00e9brer l'enterrement de vie de jeune fille ou de gar\u00e7on de votre ami(e), les villes andalouses sont des destinations parfaites.","breadcrumb":{"@id":"https:\/\/bestfiesta.es\/fr\/par-region-espagne\/andalousie\/#breadcrumb"},"inLanguage":"fr-FR","potentialAction":[{"@type":"ReadAction","target":["https:\/\/bestfiesta.es\/fr\/par-region-espagne\/andalousie\/"]}]},{"@type":"BreadcrumbList","@id":"https:\/\/bestfiesta.es\/fr\/par-region-espagne\/andalousie\/#breadcrumb","itemListElement":[{"@type":"ListItem","position":1,"name":"Home","item":"https:\/\/bestfiesta.es\/fr\/"},{"@type":"ListItem","position":2,"name":"Par r\u00e9gion","item":"https:\/\/bestfiesta.es\/fr\/par-region-espagne\/"},{"@type":"ListItem","position":3,"name":"Andalousie"}]},{"@type":"WebSite","@id":"https:\/\/bestfiesta.es\/fr\/#website","url":"https:\/\/bestfiesta.es\/fr\/","name":"BestFiesta","description":"Organizaci\u00f3n de despedidas, packs para despedidas, etc","publisher":{"@id":"https:\/\/bestfiesta.es\/fr\/#organization"},"potentialAction":[{"@type":"SearchAction","target":{"@type":"EntryPoint","urlTemplate":"https:\/\/bestfiesta.es\/fr\/?s={search_term_string}"},"query-input":{"@type":"PropertyValueSpecification","valueRequired":true,"valueName":"search_term_string"}}],"inLanguage":"fr-FR"},{"@type":"Organization","@id":"https:\/\/bestfiesta.es\/fr\/#organization","name":"BestFiesta","url":"https:\/\/bestfiesta.es\/fr\/","logo":{"@type":"ImageObject","inLanguage":"fr-FR","@id":"https:\/\/bestfiesta.es\/fr\/#\/schema\/logo\/image\/","url":"https:\/\/bestfiesta.es\/wp-content\/uploads\/2020\/06\/BestFiesta.png","contentUrl":"https:\/\/bestfiesta.es\/wp-content\/uploads\/2020\/06\/BestFiesta.png","width":180,"height":153,"caption":"BestFiesta"},"image":{"@id":"https:\/\/bestfiesta.es\/fr\/#\/schema\/logo\/image\/"},"sameAs":["https:\/\/www.facebook.com\/BestFiesta.es\/"]}]}},"_links":{"self":[{"href":"https:\/\/bestfiesta.es\/fr\/wp-json\/wp\/v2\/pages\/10957","targetHints":{"allow":["GET"]}}],"collection":[{"href":"https:\/\/bestfiesta.es\/fr\/wp-json\/wp\/v2\/pages"}],"about":[{"href":"https:\/\/bestfiesta.es\/fr\/wp-json\/wp\/v2\/types\/page"}],"author":[{"embeddable":true,"href":"https:\/\/bestfiesta.es\/fr\/wp-json\/wp\/v2\/users\/1"}],"replies":[{"embeddable":true,"href":"https:\/\/bestfiesta.es\/fr\/wp-json\/wp\/v2\/comments?post=10957"}],"version-history":[{"count":2,"href":"https:\/\/bestfiesta.es\/fr\/wp-json\/wp\/v2\/pages\/10957\/revisions"}],"predecessor-version":[{"id":16311,"href":"https:\/\/bestfiesta.es\/fr\/wp-json\/wp\/v2\/pages\/10957\/revisions\/16311"}],"up":[{"embeddable":true,"href":"https:\/\/bestfiesta.es\/fr\/wp-json\/wp\/v2\/pages\/10731"}],"wp:attachment":[{"href":"https:\/\/bestfiesta.es\/fr\/wp-json\/wp\/v2\/media?parent=10957"}],"curies":[{"name":"wp","href":"https:\/\/api.w.org\/{rel}","templated":true}]}}