{"id":10964,"date":"2020-04-16T12:17:01","date_gmt":"2020-04-16T12:17:01","guid":{"rendered":"http:\/\/bestfiesta.es\/par-region-espagne\/cataluna\/"},"modified":"2024-01-03T20:47:00","modified_gmt":"2024-01-03T20:47:00","slug":"catalogne","status":"publish","type":"page","link":"https:\/\/bestfiesta.es\/fr\/par-region-espagne\/catalogne\/","title":{"rendered":"Catalogne"},"content":{"rendered":"<div class=\"wpb-content-wrapper\"><p>[vc_row][vc_column]            <div class=\"row list-destination masonry\">\r\n                            <div class=\"col-xs-12 col-sm-12 col-md-8 has-matchHeight first-item\">\r\n                    <div class=\"destination-item\">\r\n                        <div class=\"image\">\r\n                                                        <a class=\"st-link\" href=\"https:\/\/bestfiesta.es\/fr\/ville\/barcelona\/\">\r\n                                <img loading=\"lazy\" decoding=\"async\" src=\"https:\/\/bestfiesta.es\/wp-content\/uploads\/2020\/02\/fondo_barcelona-770x375.jpg\" width=\"770\" height=\"375\"\r\n                                     class=\"img-responsive\" alt = \"Barcelone\">\r\n                            <\/a>\r\n                            <div class=\"content\">\r\n                                <h3 class=\"title\">\r\n                                    <a href=\"https:\/\/bestfiesta.es\/fr\/ville\/barcelona\/\">\r\n                                        Barcelone                                    <\/a>\r\n                                <\/h3>\r\n                                <div class=\"desc multi\"><a href=\"https:\/\/bestfiesta.es\/fr\/activites\/?location_name=Barcelone&#038;location_id=11190\">10 Activit\u00e9s<\/a><a href=\"https:\/\/bestfiesta.es\/fr\/espagne-enterrement-de-vie-de-jeune-fille-garcon\/?location_name=Barcelone&#038;location_id=11190\">1 Pack<\/a><\/div>                            <\/div>\r\n                                                    <\/div>\r\n                    <\/div>\r\n                <\/div>\r\n                                <div class=\"col-xs-12 col-sm-6 col-md-4 has-matchHeight second-item\">\r\n                    <div class=\"destination-item\">\r\n                        <div class=\"image\">\r\n                                                        <a class=\"st-link\" href=\"https:\/\/bestfiesta.es\/fr\/ville\/costa-brava-girona\/\">\r\n                                <img loading=\"lazy\" decoding=\"async\" src=\"https:\/\/bestfiesta.es\/wp-content\/uploads\/2020\/03\/costa-brava-lloret-de-mar-370x370.jpg\" width=\"370\" height=\"370\"\r\n                                     class=\"img-responsive\" alt = \"Costa Brava &#8211; Girona\">\r\n                            <\/a>\r\n                            <div class=\"content\">\r\n                                <h3 class=\"title\">\r\n                                    <a href=\"https:\/\/bestfiesta.es\/fr\/ville\/costa-brava-girona\/\">\r\n                                        Costa Brava &#8211; Girona                                    <\/a>\r\n                                <\/h3>\r\n                                <div class=\"desc multi\"><a href=\"https:\/\/bestfiesta.es\/fr\/activites\/?location_name=Costa%20Brava%20&#8211;%20Girona&#038;location_id=10098\">8 Activit\u00e9s<\/a><a href=\"https:\/\/bestfiesta.es\/fr\/espagne-enterrement-de-vie-de-jeune-fille-garcon\/?location_name=Costa%20Brava%20&#8211;%20Girona&#038;location_id=10098\">2 Packs<\/a><\/div>                            <\/div>\r\n                                                    <\/div>\r\n                    <\/div>\r\n                <\/div>\r\n                                <div class=\"col-xs-12 col-sm-6 col-md-4 has-matchHeight normal-item\">\r\n                    <div class=\"destination-item\">\r\n                        <div class=\"image\">\r\n                                                        <a class=\"st-link\" href=\"https:\/\/bestfiesta.es\/fr\/ville\/costa-daurada-tarragone\/\">\r\n                                <img loading=\"lazy\" decoding=\"async\" src=\"https:\/\/bestfiesta.es\/wp-content\/uploads\/2023\/01\/Salou-370x370.jpg\" width=\"370\" height=\"370\"\r\n                                     class=\"img-responsive\" alt = \"Costa Daurada &#8211; Tarragone\">\r\n                            <\/a>\r\n                            <div class=\"content\">\r\n                                <h3 class=\"title\">\r\n                                    <a href=\"https:\/\/bestfiesta.es\/fr\/ville\/costa-daurada-tarragone\/\">\r\n                                        Costa Daurada &#8211; Tarragone                                    <\/a>\r\n                                <\/h3>\r\n                                <div class=\"desc multi\"><a href=\"https:\/\/bestfiesta.es\/fr\/activites\/?location_name=Costa%20Daurada%20&#8211;%20Tarragone&#038;location_id=15853\">6 Activit\u00e9s<\/a><a href=\"https:\/\/bestfiesta.es\/fr\/espagne-enterrement-de-vie-de-jeune-fille-garcon\/?location_name=Costa%20Daurada%20&#8211;%20Tarragone&#038;location_id=15853\">1 Pack<\/a><\/div>                            <\/div>\r\n                                                    <\/div>\r\n                    <\/div>\r\n                <\/div>\r\n                        <\/div>\r\n        [\/vc_column][\/vc_row][vc_row][vc_column][vc_column_text]<\/p>\n<h2><strong>C\u00e9l\u00e9brer un enterrement de vie de gar\u00e7on ou de jeune fille<\/strong><\/h2>\n<p class=\"parrafo\">Si vous pr\u00e9parez un <strong>enterrement de vie de gar\u00e7on<\/strong> ou de jeune fille, la Catalogne est une destination tr\u00e8s attrayante. Situ\u00e9e dans le nord-est de l&rsquo;Espagne, la <strong>Catalogne<\/strong> est une r\u00e9gion riche en culture, en histoire, en gastronomie et en paysages spectaculaires. Nous vous expliquons pourquoi vous devriez consid\u00e9rer la Catalogne pour c\u00e9l\u00e9brer un enterrement de vie de gar\u00e7on ou de jeune fille.<\/p>\n<p>&nbsp;<\/p>\n<h2><strong>Grande offre de loisirs et de divertissements<\/strong><\/h2>\n<p class=\"parrafo\">Tout d&rsquo;abord, la Catalogne dispose de certaines <strong>des<\/strong> <strong>villes les plus dynamiques et anim\u00e9es d&rsquo;Espagne<\/strong>. Barcelone, la capitale de la r\u00e9gion, est connue pour son architecture moderniste, sa vie nocturne anim\u00e9e et son offre culturelle vari\u00e9e. En outre, elle dispose d&rsquo;une grande vari\u00e9t\u00e9 de bars, de pubs et de discoth\u00e8ques pour tous les go\u00fbts. Si vous recherchez quelque chose de plus tranquille, G\u00e9rone, Tarragone ou L\u00e9rida offrent \u00e9galement une grande offre de loisirs et de divertissements.<\/p>\n<p>&nbsp;<\/p>\n<h2><strong>Activit\u00e9s sur les plages de la Costa Brava \u00e0 G\u00e9rone ou de la Costa Daurada<\/strong><\/h2>\n<p class=\"parrafo\">En outre, la Catalogne dispose d&rsquo;une <strong>large gamme d&rsquo;activit\u00e9s pour profiter pendant la journ\u00e9e<\/strong>. Des sports nautiques sur les plages de la Costa Brava \u00e0 G\u00e9rone ou de la Costa Daurada \u00e0 Tarragone. La r\u00e9gion est c\u00e9l\u00e8bre pour sa cuisine m\u00e9diterran\u00e9enne, avec des plats tels que la paella, le fideu\u00e1 ou le suquet de peix. En outre, la Catalogne est connue pour ses vins et ses cavas, qui sont produits dans des r\u00e9gions telles que le Pened\u00e8s ou le Priorat. Vous pourrez d\u00e9guster leurs vins lors d&rsquo;un d\u00eener dans un restaurant renomm\u00e9 ou faire une d\u00e9gustation de vins.<\/p>\n<p>&nbsp;<\/p>\n<h2><strong>Destination parfaite<\/strong><\/h2>\n<p class=\"parrafo\">Le <strong>climat m\u00e9diterran\u00e9en<\/strong> de la Catalogne en fait <strong>une destination id\u00e9ale<\/strong> pour c\u00e9l\u00e9brer un enterrement de vie de gar\u00e7on ou de jeune fille \u00e0 tout moment de l&rsquo;ann\u00e9e. L&rsquo;\u00e9t\u00e9 est la saison la plus populaire, mais le printemps et l&rsquo;automne sont \u00e9galement d&rsquo;excellentes options pour profiter de temp\u00e9ratures douces et de prix plus \u00e9conomiques. Par cons\u00e9quent, c&rsquo;est une destination parfaite pour c\u00e9l\u00e9brer un enterrement de vie de gar\u00e7on ou de jeune fille. Avec sa vie nocturne anim\u00e9e, sa grande vari\u00e9t\u00e9 d&rsquo;activit\u00e9s, sa gastronomie exquise et son climat agr\u00e9able, vous ne regretterez pas de choisir la Catalogne comme destination pour un enterrement de vie de gar\u00e7on ou de jeune fille inoubliable!<\/p>\n<p>[\/vc_column_text][\/vc_column][\/vc_row]<\/p>\n<\/div>","protected":false},"excerpt":{"rendered":"<p>[vc_row][vc_column][\/vc_column][\/vc_row][vc_row][vc_column][vc_column_text] C\u00e9l\u00e9brer un enterrement de vie de gar\u00e7on ou de jeune fille Si vous pr\u00e9parez un enterrement de vie de gar\u00e7on ou de jeune fille, la Catalogne est une destination tr\u00e8s attrayante. Situ\u00e9e dans le nord-est de l&rsquo;Espagne, la Catalogne est une r\u00e9gion riche en culture, en histoire, en gastronomie et en paysages spectaculaires. Nous [&hellip;]<\/p>\n","protected":false},"author":1,"featured_media":0,"parent":10731,"menu_order":0,"comment_status":"closed","ping_status":"closed","template":"template-home-modern.php","meta":{"footnotes":""},"class_list":["post-10964","page","type-page","status-publish","has-post-thumbnail","hentry"],"yoast_head":"<!-- This site is optimized with the Yoast SEO plugin v27.1.1 - https:\/\/yoast.com\/product\/yoast-seo-wordpress\/ -->\n<title>Enterrement de vie de jeune fille ou de Gar\u00e7on: Catalogne<\/title>\n<meta name=\"description\" content=\"Si vous pr\u00e9parez un enterrement de vie de gar\u00e7on ou de jeune fille, la Catalogne est une destination tr\u00e8s attrayante.\" \/>\n<meta name=\"robots\" content=\"index, follow, max-snippet:-1, max-image-preview:large, max-video-preview:-1\" \/>\n<link rel=\"canonical\" href=\"https:\/\/bestfiesta.es\/fr\/par-region-espagne\/catalogne\/\" \/>\n<meta property=\"og:locale\" content=\"fr_FR\" \/>\n<meta property=\"og:type\" content=\"article\" \/>\n<meta property=\"og:title\" content=\"Enterrement de vie de jeune fille ou de Gar\u00e7on: Catalogne\" \/>\n<meta property=\"og:description\" content=\"Si vous pr\u00e9parez un enterrement de vie de gar\u00e7on ou de jeune fille, la Catalogne est une destination tr\u00e8s attrayante.\" \/>\n<meta property=\"og:url\" content=\"https:\/\/bestfiesta.es\/fr\/par-region-espagne\/catalogne\/\" \/>\n<meta property=\"og:site_name\" content=\"BestFiesta\" \/>\n<meta property=\"article:publisher\" content=\"https:\/\/www.facebook.com\/BestFiesta.es\/\" \/>\n<meta property=\"article:modified_time\" content=\"2024-01-03T20:47:00+00:00\" \/>\n<meta name=\"twitter:card\" content=\"summary_large_image\" \/>\n<meta name=\"twitter:label1\" content=\"Dur\u00e9e de lecture estim\u00e9e\" \/>\n\t<meta name=\"twitter:data1\" content=\"2 minutes\" \/>\n<script type=\"application\/ld+json\" class=\"yoast-schema-graph\">{\"@context\":\"https:\/\/schema.org\",\"@graph\":[{\"@type\":\"WebPage\",\"@id\":\"https:\/\/bestfiesta.es\/fr\/par-region-espagne\/catalogne\/\",\"url\":\"https:\/\/bestfiesta.es\/fr\/par-region-espagne\/catalogne\/\",\"name\":\"Enterrement de vie de jeune fille ou de Gar\u00e7on: Catalogne\",\"isPartOf\":{\"@id\":\"https:\/\/bestfiesta.es\/fr\/#website\"},\"datePublished\":\"2020-04-16T12:17:01+00:00\",\"dateModified\":\"2024-01-03T20:47:00+00:00\",\"description\":\"Si vous pr\u00e9parez un enterrement de vie de gar\u00e7on ou de jeune fille, la Catalogne est une destination tr\u00e8s attrayante.\",\"breadcrumb\":{\"@id\":\"https:\/\/bestfiesta.es\/fr\/par-region-espagne\/catalogne\/#breadcrumb\"},\"inLanguage\":\"fr-FR\",\"potentialAction\":[{\"@type\":\"ReadAction\",\"target\":[\"https:\/\/bestfiesta.es\/fr\/par-region-espagne\/catalogne\/\"]}]},{\"@type\":\"BreadcrumbList\",\"@id\":\"https:\/\/bestfiesta.es\/fr\/par-region-espagne\/catalogne\/#breadcrumb\",\"itemListElement\":[{\"@type\":\"ListItem\",\"position\":1,\"name\":\"Home\",\"item\":\"https:\/\/bestfiesta.es\/fr\/\"},{\"@type\":\"ListItem\",\"position\":2,\"name\":\"Par r\u00e9gion\",\"item\":\"https:\/\/bestfiesta.es\/fr\/par-region-espagne\/\"},{\"@type\":\"ListItem\",\"position\":3,\"name\":\"Catalogne\"}]},{\"@type\":\"WebSite\",\"@id\":\"https:\/\/bestfiesta.es\/fr\/#website\",\"url\":\"https:\/\/bestfiesta.es\/fr\/\",\"name\":\"BestFiesta\",\"description\":\"Organizaci\u00f3n de despedidas, packs para despedidas, etc\",\"publisher\":{\"@id\":\"https:\/\/bestfiesta.es\/fr\/#organization\"},\"potentialAction\":[{\"@type\":\"SearchAction\",\"target\":{\"@type\":\"EntryPoint\",\"urlTemplate\":\"https:\/\/bestfiesta.es\/fr\/?s={search_term_string}\"},\"query-input\":{\"@type\":\"PropertyValueSpecification\",\"valueRequired\":true,\"valueName\":\"search_term_string\"}}],\"inLanguage\":\"fr-FR\"},{\"@type\":\"Organization\",\"@id\":\"https:\/\/bestfiesta.es\/fr\/#organization\",\"name\":\"BestFiesta\",\"url\":\"https:\/\/bestfiesta.es\/fr\/\",\"logo\":{\"@type\":\"ImageObject\",\"inLanguage\":\"fr-FR\",\"@id\":\"https:\/\/bestfiesta.es\/fr\/#\/schema\/logo\/image\/\",\"url\":\"https:\/\/bestfiesta.es\/wp-content\/uploads\/2020\/06\/BestFiesta.png\",\"contentUrl\":\"https:\/\/bestfiesta.es\/wp-content\/uploads\/2020\/06\/BestFiesta.png\",\"width\":180,\"height\":153,\"caption\":\"BestFiesta\"},\"image\":{\"@id\":\"https:\/\/bestfiesta.es\/fr\/#\/schema\/logo\/image\/\"},\"sameAs\":[\"https:\/\/www.facebook.com\/BestFiesta.es\/\"]}]}<\/script>\n<!-- \/ Yoast SEO plugin. -->","yoast_head_json":{"title":"Enterrement de vie de jeune fille ou de Gar\u00e7on: Catalogne","description":"Si vous pr\u00e9parez un enterrement de vie de gar\u00e7on ou de jeune fille, la Catalogne est une destination tr\u00e8s attrayante.","robots":{"index":"index","follow":"follow","max-snippet":"max-snippet:-1","max-image-preview":"max-image-preview:large","max-video-preview":"max-video-preview:-1"},"canonical":"https:\/\/bestfiesta.es\/fr\/par-region-espagne\/catalogne\/","og_locale":"fr_FR","og_type":"article","og_title":"Enterrement de vie de jeune fille ou de Gar\u00e7on: Catalogne","og_description":"Si vous pr\u00e9parez un enterrement de vie de gar\u00e7on ou de jeune fille, la Catalogne est une destination tr\u00e8s attrayante.","og_url":"https:\/\/bestfiesta.es\/fr\/par-region-espagne\/catalogne\/","og_site_name":"BestFiesta","article_publisher":"https:\/\/www.facebook.com\/BestFiesta.es\/","article_modified_time":"2024-01-03T20:47:00+00:00","twitter_card":"summary_large_image","twitter_misc":{"Dur\u00e9e de lecture estim\u00e9e":"2 minutes"},"schema":{"@context":"https:\/\/schema.org","@graph":[{"@type":"WebPage","@id":"https:\/\/bestfiesta.es\/fr\/par-region-espagne\/catalogne\/","url":"https:\/\/bestfiesta.es\/fr\/par-region-espagne\/catalogne\/","name":"Enterrement de vie de jeune fille ou de Gar\u00e7on: Catalogne","isPartOf":{"@id":"https:\/\/bestfiesta.es\/fr\/#website"},"datePublished":"2020-04-16T12:17:01+00:00","dateModified":"2024-01-03T20:47:00+00:00","description":"Si vous pr\u00e9parez un enterrement de vie de gar\u00e7on ou de jeune fille, la Catalogne est une destination tr\u00e8s attrayante.","breadcrumb":{"@id":"https:\/\/bestfiesta.es\/fr\/par-region-espagne\/catalogne\/#breadcrumb"},"inLanguage":"fr-FR","potentialAction":[{"@type":"ReadAction","target":["https:\/\/bestfiesta.es\/fr\/par-region-espagne\/catalogne\/"]}]},{"@type":"BreadcrumbList","@id":"https:\/\/bestfiesta.es\/fr\/par-region-espagne\/catalogne\/#breadcrumb","itemListElement":[{"@type":"ListItem","position":1,"name":"Home","item":"https:\/\/bestfiesta.es\/fr\/"},{"@type":"ListItem","position":2,"name":"Par r\u00e9gion","item":"https:\/\/bestfiesta.es\/fr\/par-region-espagne\/"},{"@type":"ListItem","position":3,"name":"Catalogne"}]},{"@type":"WebSite","@id":"https:\/\/bestfiesta.es\/fr\/#website","url":"https:\/\/bestfiesta.es\/fr\/","name":"BestFiesta","description":"Organizaci\u00f3n de despedidas, packs para despedidas, etc","publisher":{"@id":"https:\/\/bestfiesta.es\/fr\/#organization"},"potentialAction":[{"@type":"SearchAction","target":{"@type":"EntryPoint","urlTemplate":"https:\/\/bestfiesta.es\/fr\/?s={search_term_string}"},"query-input":{"@type":"PropertyValueSpecification","valueRequired":true,"valueName":"search_term_string"}}],"inLanguage":"fr-FR"},{"@type":"Organization","@id":"https:\/\/bestfiesta.es\/fr\/#organization","name":"BestFiesta","url":"https:\/\/bestfiesta.es\/fr\/","logo":{"@type":"ImageObject","inLanguage":"fr-FR","@id":"https:\/\/bestfiesta.es\/fr\/#\/schema\/logo\/image\/","url":"https:\/\/bestfiesta.es\/wp-content\/uploads\/2020\/06\/BestFiesta.png","contentUrl":"https:\/\/bestfiesta.es\/wp-content\/uploads\/2020\/06\/BestFiesta.png","width":180,"height":153,"caption":"BestFiesta"},"image":{"@id":"https:\/\/bestfiesta.es\/fr\/#\/schema\/logo\/image\/"},"sameAs":["https:\/\/www.facebook.com\/BestFiesta.es\/"]}]}},"_links":{"self":[{"href":"https:\/\/bestfiesta.es\/fr\/wp-json\/wp\/v2\/pages\/10964","targetHints":{"allow":["GET"]}}],"collection":[{"href":"https:\/\/bestfiesta.es\/fr\/wp-json\/wp\/v2\/pages"}],"about":[{"href":"https:\/\/bestfiesta.es\/fr\/wp-json\/wp\/v2\/types\/page"}],"author":[{"embeddable":true,"href":"https:\/\/bestfiesta.es\/fr\/wp-json\/wp\/v2\/users\/1"}],"replies":[{"embeddable":true,"href":"https:\/\/bestfiesta.es\/fr\/wp-json\/wp\/v2\/comments?post=10964"}],"version-history":[{"count":4,"href":"https:\/\/bestfiesta.es\/fr\/wp-json\/wp\/v2\/pages\/10964\/revisions"}],"predecessor-version":[{"id":16288,"href":"https:\/\/bestfiesta.es\/fr\/wp-json\/wp\/v2\/pages\/10964\/revisions\/16288"}],"up":[{"embeddable":true,"href":"https:\/\/bestfiesta.es\/fr\/wp-json\/wp\/v2\/pages\/10731"}],"wp:attachment":[{"href":"https:\/\/bestfiesta.es\/fr\/wp-json\/wp\/v2\/media?parent=10964"}],"curies":[{"name":"wp","href":"https:\/\/api.w.org\/{rel}","templated":true}]}}