{"id":11364,"date":"2020-05-03T17:48:01","date_gmt":"2020-05-03T17:48:01","guid":{"rendered":"http:\/\/bestfiesta.es\/offres-speciales\/"},"modified":"2020-11-30T17:55:57","modified_gmt":"2020-11-30T17:55:57","slug":"offres-speciales-pour-evg-et-evjf","status":"publish","type":"page","link":"https:\/\/bestfiesta.es\/fr\/offres-speciales-pour-evg-et-evjf\/","title":{"rendered":"Offres Speciales"},"content":{"rendered":"<div class=\"wpb-content-wrapper\"><p>[vc_row][vc_column][vc_empty_space height=\u00a0\u00bb10px\u00a0\u00bb]<div class=\"st-related-service-new\">\r\n            <div class=\"e-title-wrapper\">\r\n            <h3 class=\"e-title\">Barcelone<\/h3>\r\n        <\/div>\r\n        <div class=\"item\">\r\n    <div class=\"thumb\">\r\n        <a href=\"https:\/\/bestfiesta.es\/fr\/packs-evg-evjf\/pour-evg-et-evgj-barcelone-package-boat-party-diner-et-spectacle\/\">\r\n            <img decoding=\"async\" src=\"https:\/\/bestfiesta.es\/wp-content\/uploads\/2020\/11\/Boat-party-barcelona-80x80.jpg\" alt=\"boat party barcelona\"\r\n                 class=\"img-responsive img-full\">\r\n        <\/a>\r\n    <\/div>\r\n    <div class=\"content\">\r\n        <h3 class=\"title\"><a href=\"https:\/\/bestfiesta.es\/fr\/packs-evg-evjf\/pour-evg-et-evgj-barcelone-package-boat-party-diner-et-spectacle\/\" class=\"st-link c-main\">Pour EVG et EVGJ Barcelone &#8211; Pack Boat Party + D\u00eener et spectacle<\/a><\/h3>\r\n        <div class=\"price-wrapper\">\r\n            D\u00e8s <span class=\"price\"><span class=\"text-lg lh1em item \"> \u20ac104,90<\/span><\/span>\r\n        <\/div>\r\n    <\/div>\r\n<\/div><\/div>\r\n[\/vc_column][\/vc_row][vc_row][vc_column][vc_empty_space height=\u00a0\u00bb10px\u00a0\u00bb]<div class=\"st-related-service-new\">\r\n            <div class=\"e-title-wrapper\">\r\n            <h3 class=\"e-title\">Costa Brava - Girona<\/h3>\r\n        <\/div>\r\n        <div class=\"item\">\r\n    <div class=\"thumb\">\r\n        <a href=\"https:\/\/bestfiesta.es\/fr\/packs-evg-evjf\/pack-complet-evg-evgj-lloret-de-mar-costa-brava\/\">\r\n            <img decoding=\"async\" src=\"https:\/\/bestfiesta.es\/wp-content\/uploads\/2020\/09\/pack-despedida-completo-80x80.jpg\" alt=\"pack-despedida-completo\"\r\n                 class=\"img-responsive img-full\">\r\n        <\/a>\r\n    <\/div>\r\n    <div class=\"content\">\r\n        <h3 class=\"title\"><a href=\"https:\/\/bestfiesta.es\/fr\/packs-evg-evjf\/pack-complet-evg-evgj-lloret-de-mar-costa-brava\/\" class=\"st-link c-main\">Pack complet \u2013 EVG \/ EVGJ | Lloret de Mar \u2013 Costa Brava<\/a><\/h3>\r\n        <div class=\"price-wrapper\">\r\n            D\u00e8s <span class=\"price\"><span class=\"text-lg lh1em item \"> \u20ac169,80<\/span><\/span>\r\n        <\/div>\r\n    <\/div>\r\n<\/div><\/div>\r\n[\/vc_column][\/vc_row][vc_row][vc_column][vc_empty_space height=\u00a0\u00bb10px\u00a0\u00bb]<div class=\"st-related-service-new\">\r\n            <div class=\"e-title-wrapper\">\r\n            <h3 class=\"e-title\">Gran Canaria<\/h3>\r\n        <\/div>\r\n        <div class=\"item\">\r\n    <div class=\"thumb\">\r\n        <a href=\"https:\/\/bestfiesta.es\/fr\/packs-evg-evjf\/package-evjf-evg-a-maspalomas-parti-bateau-diner-et-show\/\">\r\n            <img decoding=\"async\" src=\"https:\/\/bestfiesta.es\/wp-content\/uploads\/2020\/08\/Bateau-de-fete-Maspalomas-80x80.jpg\" alt=\"Bateau de f\u00eate Maspalomas\"\r\n                 class=\"img-responsive img-full\">\r\n        <\/a>\r\n    <\/div>\r\n    <div class=\"content\">\r\n        <h3 class=\"title\"><a href=\"https:\/\/bestfiesta.es\/fr\/packs-evg-evjf\/package-evjf-evg-a-maspalomas-parti-bateau-diner-et-show\/\" class=\"st-link c-main\">Package EVJF \/ EVG \u00e0 Maspalomas |  Parti Bateau+ D\u00eener et Show<\/a><\/h3>\r\n        <div class=\"price-wrapper\">\r\n            D\u00e8s <span class=\"price\"><span class=\"text-lg lh1em item \"> \u20ac119,00<\/span><\/span>\r\n        <\/div>\r\n    <\/div>\r\n<\/div><div class=\"item\">\r\n    <div class=\"thumb\">\r\n        <a href=\"https:\/\/bestfiesta.es\/fr\/packs-evg-evjf\/enterrement-de-vie-de-garcon-maspalomas-evg\/\">\r\n            <img decoding=\"async\" src=\"https:\/\/bestfiesta.es\/wp-content\/uploads\/2020\/09\/despedida-maspalomas-80x80.jpg\" alt=\"despedida maspalomas\"\r\n                 class=\"img-responsive img-full\">\r\n        <\/a>\r\n    <\/div>\r\n    <div class=\"content\">\r\n        <h3 class=\"title\"><a href=\"https:\/\/bestfiesta.es\/fr\/packs-evg-evjf\/enterrement-de-vie-de-garcon-maspalomas-evg\/\" class=\"st-link c-main\">Super Plan EVG Warrior avec d\u00ecner et spectacle \u00e0 Maspalomas<\/a><\/h3>\r\n        <div class=\"price-wrapper\">\r\n            D\u00e8s <span class=\"price\"><span class=\"text-small lh1em item onsale \">\u20ac135,00<\/span><span class=\"text-lg lh1em item \"> \u20ac129,00<\/span><\/span>\r\n        <\/div>\r\n    <\/div>\r\n<\/div><div class=\"item\">\r\n    <div class=\"thumb\">\r\n        <a href=\"https:\/\/bestfiesta.es\/fr\/packs-evg-evjf\/idees-pour-enterrement-de-vie-de-jeune-gran-canaria-cocktails-et-diner\/\">\r\n            <img decoding=\"async\" src=\"https:\/\/bestfiesta.es\/wp-content\/uploads\/2020\/09\/ideas-para-despedida-solter-80x80.jpg\" alt=\"ideas despedida soltera\"\r\n                 class=\"img-responsive img-full\">\r\n        <\/a>\r\n    <\/div>\r\n    <div class=\"content\">\r\n        <h3 class=\"title\"><a href=\"https:\/\/bestfiesta.es\/fr\/packs-evg-evjf\/idees-pour-enterrement-de-vie-de-jeune-gran-canaria-cocktails-et-diner\/\" class=\"st-link c-main\">Id\u00e9es pour Enterrement de Vie de Jeune \u00e0 Gran Canaria &#8211; Atelier de cocktails + d\u00eener et spectacle de stripteaseur<\/a><\/h3>\r\n        <div class=\"price-wrapper\">\r\n            D\u00e8s <span class=\"price\"><span class=\"text-lg lh1em item \"> \u20ac109,00<\/span><\/span>\r\n        <\/div>\r\n    <\/div>\r\n<\/div><\/div>\r\n[\/vc_column][\/vc_row][vc_row][vc_column][vc_empty_space height=\u00a0\u00bb10px\u00a0\u00bb]<div class=\"st-related-service-new\">\r\n            <div class=\"e-title-wrapper\">\r\n            <h3 class=\"e-title\">Ibiza<\/h3>\r\n        <\/div>\r\n        <div class=\"item\">\r\n    <div class=\"thumb\">\r\n        <a href=\"https:\/\/bestfiesta.es\/fr\/packs-evg-evjf\/package-enterrement-de-vie-ibiza-karts-diner-cuisine-tex-mex-et-spectacle-de-stripteaseur\/\">\r\n            <img decoding=\"async\" src=\"https:\/\/bestfiesta.es\/wp-content\/uploads\/2020\/07\/enterrement-de-vie-san-antoni-de-portmany-80x80.jpg\" alt=\"enterrement de vie san antoni de portmany\"\r\n                 class=\"img-responsive img-full\">\r\n        <\/a>\r\n    <\/div>\r\n    <div class=\"content\">\r\n        <h3 class=\"title\"><a href=\"https:\/\/bestfiesta.es\/fr\/packs-evg-evjf\/package-enterrement-de-vie-ibiza-karts-diner-cuisine-tex-mex-et-spectacle-de-stripteaseur\/\" class=\"st-link c-main\">Package Enterrement de Vie Ibiza &#8211; Karts + D\u00eener Cuisine Tex-Mex et Spectacle de Stripteaseur<\/a><\/h3>\r\n        <div class=\"price-wrapper\">\r\n            D\u00e8s <span class=\"price\"><span class=\"text-lg lh1em item \"> \u20ac0,00<\/span><\/span>\r\n        <\/div>\r\n    <\/div>\r\n<\/div><div class=\"item\">\r\n    <div class=\"thumb\">\r\n        <a href=\"https:\/\/bestfiesta.es\/fr\/packs-evg-evjf\/package-evjf-a-ibiza-atelier-de-cocktails-premium-diner-et-spectacle\/\">\r\n            <img decoding=\"async\" src=\"https:\/\/bestfiesta.es\/wp-content\/uploads\/2020\/07\/Enterrement-de-Vie-de-jeune-Ibiza-80x80.jpg\" alt=\"Enterrement de Vie de jeune Ibiza\"\r\n                 class=\"img-responsive img-full\">\r\n        <\/a>\r\n    <\/div>\r\n    <div class=\"content\">\r\n        <h3 class=\"title\"><a href=\"https:\/\/bestfiesta.es\/fr\/packs-evg-evjf\/package-evjf-a-ibiza-atelier-de-cocktails-premium-diner-et-spectacle\/\" class=\"st-link c-main\">Package EVJF \u00e0 Ibiza | Atelier de Cocktails + Premium d\u00eener et spectacle<\/a><\/h3>\r\n        <div class=\"price-wrapper\">\r\n            D\u00e8s <span class=\"price\"><span class=\"text-lg lh1em item \"> \u20ac0,00<\/span><\/span>\r\n        <\/div>\r\n    <\/div>\r\n<\/div><\/div>\r\n[\/vc_column][\/vc_row][vc_row][vc_column][vc_empty_space height=\u00a0\u00bb10px\u00a0\u00bb]<div class=\"st-related-service-new\">\r\n            <div class=\"e-title-wrapper\">\r\n            <h3 class=\"e-title\">Majorque<\/h3>\r\n        <\/div>\r\n        <div class=\"item\">\r\n    <div class=\"thumb\">\r\n        <a href=\"https:\/\/bestfiesta.es\/fr\/packs-evg-evjf\/plan-combo-warrior-majorque-paintball-jeux-sans-frontieres\/\">\r\n            <img decoding=\"async\" src=\"https:\/\/bestfiesta.es\/wp-content\/uploads\/2020\/07\/Jeux-Sans-Fronti\u00e8res-\u00e0-Majorque-80x80.jpg\" alt=\"Jeux Sans Fronti\u00e8res \u00e0 Majorque\"\r\n                 class=\"img-responsive img-full\">\r\n        <\/a>\r\n    <\/div>\r\n    <div class=\"content\">\r\n        <h3 class=\"title\"><a href=\"https:\/\/bestfiesta.es\/fr\/packs-evg-evjf\/plan-combo-warrior-majorque-paintball-jeux-sans-frontieres\/\" class=\"st-link c-main\">Plan Combo Warrior Majorque (PaintBall + Jeux Sans Fronti\u00e8res)<\/a><\/h3>\r\n        <div class=\"price-wrapper\">\r\n            D\u00e8s <span class=\"price\"><span class=\"text-lg lh1em item \"> \u20ac49,90<\/span><\/span>\r\n        <\/div>\r\n    <\/div>\r\n<\/div><div class=\"item\">\r\n    <div class=\"thumb\">\r\n        <a href=\"https:\/\/bestfiesta.es\/fr\/packs-evg-evjf\/pack-warrior-d-enterrement-de-vie-majorque-plus-diner-et-spectacle\/\">\r\n            <img decoding=\"async\" src=\"https:\/\/bestfiesta.es\/wp-content\/uploads\/2020\/07\/Paintball-Spain-80x80.jpg\" alt=\"Paintball Spain\"\r\n                 class=\"img-responsive img-full\">\r\n        <\/a>\r\n    <\/div>\r\n    <div class=\"content\">\r\n        <h3 class=\"title\"><a href=\"https:\/\/bestfiesta.es\/fr\/packs-evg-evjf\/pack-warrior-d-enterrement-de-vie-majorque-plus-diner-et-spectacle\/\" class=\"st-link c-main\">Pack Warrior d&rsquo;Enterrement de Vie Majorque plus D\u00eener et spectacle<\/a><\/h3>\r\n        <div class=\"price-wrapper\">\r\n            D\u00e8s <span class=\"price\"><span class=\"text-lg lh1em item \"> \u20ac104,90<\/span><\/span>\r\n        <\/div>\r\n    <\/div>\r\n<\/div><div class=\"item\">\r\n    <div class=\"thumb\">\r\n        <a href=\"https:\/\/bestfiesta.es\/fr\/packs-evg-evjf\/package-evg-evjf-mallorca-activite-pour-la-journee-bateau-party-lapres-midi-diner-et-strip-spectacle\/\">\r\n            <img decoding=\"async\" src=\"https:\/\/bestfiesta.es\/wp-content\/uploads\/2020\/07\/Majorca-Paintball-80x80.jpg\" alt=\"Majorca Paintball\"\r\n                 class=\"img-responsive img-full\">\r\n        <\/a>\r\n    <\/div>\r\n    <div class=\"content\">\r\n        <h3 class=\"title\"><a href=\"https:\/\/bestfiesta.es\/fr\/packs-evg-evjf\/package-evg-evjf-mallorca-activite-pour-la-journee-bateau-party-lapres-midi-diner-et-strip-spectacle\/\" class=\"st-link c-main\">Package EVG \/ EVJF Majorque | Bateau + Paintball\u00a0ou\u00a0Jeux sans Frontieres + D\u00eener et strip spectacle<\/a><\/h3>\r\n        <div class=\"price-wrapper\">\r\n            D\u00e8s <span class=\"price\"><span class=\"text-lg lh1em item \"> \u20ac154,80<\/span><\/span>\r\n        <\/div>\r\n    <\/div>\r\n<\/div><div class=\"item\">\r\n    <div class=\"thumb\">\r\n        <a href=\"https:\/\/bestfiesta.es\/fr\/packs-evg-evjf\/super-package-evjf-majorque-bateau-degustation-de-vins-diner-show\/\">\r\n            <img decoding=\"async\" src=\"https:\/\/bestfiesta.es\/wp-content\/uploads\/2020\/07\/Hen-Do-Majorca-Package-1-80x80.jpg\" alt=\"Hen-Do-Majorca-Package\"\r\n                 class=\"img-responsive img-full\">\r\n        <\/a>\r\n    <\/div>\r\n    <div class=\"content\">\r\n        <h3 class=\"title\"><a href=\"https:\/\/bestfiesta.es\/fr\/packs-evg-evjf\/super-package-evjf-majorque-bateau-degustation-de-vins-diner-show\/\" class=\"st-link c-main\">Super Package EVJF Majorque \u2013 Bateau + D\u00e9gustation de Vins + D\u00eener &#038; Show<\/a><\/h3>\r\n        <div class=\"price-wrapper\">\r\n            D\u00e8s <span class=\"price\"><span class=\"text-lg lh1em item \"> \u20ac158,90<\/span><\/span>\r\n        <\/div>\r\n    <\/div>\r\n<\/div><div class=\"item\">\r\n    <div class=\"thumb\">\r\n        <a href=\"https:\/\/bestfiesta.es\/fr\/packs-evg-evjf\/original-evg-et-evjf-package-majorque-bateau-diner-premium-avec-spectacle\/\">\r\n            <img decoding=\"async\" src=\"https:\/\/bestfiesta.es\/wp-content\/uploads\/2020\/07\/Majorca-boat-trip-e1604747099703-80x80.jpg\" alt=\"Majorca boat trip\"\r\n                 class=\"img-responsive img-full\">\r\n        <\/a>\r\n    <\/div>\r\n    <div class=\"content\">\r\n        <h3 class=\"title\"><a href=\"https:\/\/bestfiesta.es\/fr\/packs-evg-evjf\/original-evg-et-evjf-package-majorque-bateau-diner-premium-avec-spectacle\/\" class=\"st-link c-main\">Package Original EVG et EVJF Majorque &#8211; Bateau + D\u00eener avec Spectacle priv\u00e9<\/a><\/h3>\r\n        <div class=\"price-wrapper\">\r\n            D\u00e8s <span class=\"price\"><span class=\"text-lg lh1em item \"> \u20ac124,80<\/span><\/span>\r\n        <\/div>\r\n    <\/div>\r\n<\/div><div class=\"item\">\r\n    <div class=\"thumb\">\r\n        <a href=\"https:\/\/bestfiesta.es\/fr\/packs-evg-evjf\/package-evg-mallorca-destroyer-combo-warrior-bateau-party-lapres-midi-diner-et-strip-spectacle\/\">\r\n            <img decoding=\"async\" src=\"https:\/\/bestfiesta.es\/wp-content\/uploads\/2020\/07\/Stag-Do-in-Majorca-80x80.jpg\" alt=\"Stag Do in Majorca\"\r\n                 class=\"img-responsive img-full\">\r\n        <\/a>\r\n    <\/div>\r\n    <div class=\"content\">\r\n        <h3 class=\"title\"><a href=\"https:\/\/bestfiesta.es\/fr\/packs-evg-evjf\/package-evg-mallorca-destroyer-combo-warrior-bateau-party-lapres-midi-diner-et-strip-spectacle\/\" class=\"st-link c-main\">Package EVG Majorque Destroyer | Bateau Tour + Combo Warrior + D\u00eener et strip spectacle<\/a><\/h3>\r\n        <div class=\"price-wrapper\">\r\n            D\u00e8s <span class=\"price\"><span class=\"text-lg lh1em item \"> \u20ac174,70<\/span><\/span>\r\n        <\/div>\r\n    <\/div>\r\n<\/div><\/div>\r\n[\/vc_column][\/vc_row][vc_row][vc_column][vc_empty_space height=\u00a0\u00bb10px\u00a0\u00bb]<div class=\"st-related-service-new\">\r\n            <div class=\"e-title-wrapper\">\r\n            <h3 class=\"e-title\">Malaga<\/h3>\r\n        <\/div>\r\n        <div class=\"item\">\r\n    <div class=\"thumb\">\r\n        <a href=\"https:\/\/bestfiesta.es\/fr\/packs-evg-evjf\/package-enterrement-de-vie-malaga-boat-party-diner-avec-plus-groupes-et-animation\/\">\r\n            <img decoding=\"async\" src=\"https:\/\/bestfiesta.es\/wp-content\/uploads\/2020\/07\/Hen-Do-Costa-del-Sol-Malaga-80x80.jpg\" alt=\"Hen Do Costa del Sol Malaga\"\r\n                 class=\"img-responsive img-full\">\r\n        <\/a>\r\n    <\/div>\r\n    <div class=\"content\">\r\n        <h3 class=\"title\"><a href=\"https:\/\/bestfiesta.es\/fr\/packs-evg-evjf\/package-enterrement-de-vie-malaga-boat-party-diner-avec-plus-groupes-et-animation\/\" class=\"st-link c-main\">Package Enterrement de Vie Malaga \u2013 Boat Party + D\u00eener avec plus groupes et animation<\/a><\/h3>\r\n        <div class=\"price-wrapper\">\r\n            D\u00e8s <span class=\"price\"><span class=\"text-lg lh1em item \"> \u20ac0,00<\/span><\/span>\r\n        <\/div>\r\n    <\/div>\r\n<\/div><\/div>\r\n[\/vc_column][\/vc_row]<\/p>\n<\/div>","protected":false},"excerpt":{"rendered":"<p>[vc_row][vc_column][vc_empty_space height=\u00a0\u00bb10px\u00a0\u00bb][\/vc_column][\/vc_row][vc_row][vc_column][vc_empty_space height=\u00a0\u00bb10px\u00a0\u00bb][\/vc_column][\/vc_row][vc_row][vc_column][vc_empty_space height=\u00a0\u00bb10px\u00a0\u00bb][\/vc_column][\/vc_row][vc_row][vc_column][vc_empty_space height=\u00a0\u00bb10px\u00a0\u00bb][\/vc_column][\/vc_row][vc_row][vc_column][vc_empty_space height=\u00a0\u00bb10px\u00a0\u00bb][\/vc_column][\/vc_row][vc_row][vc_column][vc_empty_space height=\u00a0\u00bb10px\u00a0\u00bb][\/vc_column][\/vc_row]<\/p>\n","protected":false},"author":1,"featured_media":11430,"parent":0,"menu_order":0,"comment_status":"closed","ping_status":"closed","template":"template-home-modern.php","meta":{"footnotes":""},"class_list":["post-11364","page","type-page","status-publish","has-post-thumbnail","hentry"],"yoast_head":"<!-- This site is optimized with the Yoast SEO plugin v27.1.1 - https:\/\/yoast.com\/product\/yoast-seo-wordpress\/ -->\n<title>Offres Speciales pour EVG et EVJF - Espagne | BestFiesta<\/title>\n<meta name=\"description\" content=\"Consultez les offres li\u00e9es aux pcakges pour EVG et EVJF en Espagne. Vous pouvez trouver de bonnes affaires dans de nombreuses villes.\" \/>\n<meta name=\"robots\" content=\"index, follow, max-snippet:-1, max-image-preview:large, max-video-preview:-1\" \/>\n<link rel=\"canonical\" href=\"https:\/\/bestfiesta.es\/fr\/offres-speciales-pour-evg-et-evjf\/\" \/>\n<meta property=\"og:locale\" content=\"fr_FR\" \/>\n<meta property=\"og:type\" content=\"article\" \/>\n<meta property=\"og:title\" content=\"Offres Speciales pour EVG et EVJF - Espagne | BestFiesta\" \/>\n<meta property=\"og:description\" content=\"Consultez les offres li\u00e9es aux pcakges pour EVG et EVJF en Espagne. Vous pouvez trouver de bonnes affaires dans de nombreuses villes.\" \/>\n<meta property=\"og:url\" content=\"https:\/\/bestfiesta.es\/fr\/offres-speciales-pour-evg-et-evjf\/\" \/>\n<meta property=\"og:site_name\" content=\"BestFiesta\" \/>\n<meta property=\"article:publisher\" content=\"https:\/\/www.facebook.com\/BestFiesta.es\/\" \/>\n<meta property=\"article:modified_time\" content=\"2020-11-30T17:55:57+00:00\" \/>\n<meta property=\"og:image\" content=\"https:\/\/bestfiesta.es\/wp-content\/uploads\/2020\/05\/BestFieta-Deals.jpg\" \/>\n\t<meta property=\"og:image:width\" content=\"1200\" \/>\n\t<meta property=\"og:image:height\" content=\"900\" \/>\n\t<meta property=\"og:image:type\" content=\"image\/jpeg\" \/>\n<meta name=\"twitter:card\" content=\"summary_large_image\" \/>\n<meta name=\"twitter:label1\" content=\"Dur\u00e9e de lecture estim\u00e9e\" \/>\n\t<meta name=\"twitter:data1\" content=\"1 minute\" \/>\n<script type=\"application\/ld+json\" class=\"yoast-schema-graph\">{\"@context\":\"https:\/\/schema.org\",\"@graph\":[{\"@type\":\"WebPage\",\"@id\":\"https:\/\/bestfiesta.es\/fr\/offres-speciales-pour-evg-et-evjf\/\",\"url\":\"https:\/\/bestfiesta.es\/fr\/offres-speciales-pour-evg-et-evjf\/\",\"name\":\"Offres Speciales pour EVG et EVJF - Espagne | BestFiesta\",\"isPartOf\":{\"@id\":\"https:\/\/bestfiesta.es\/fr\/#website\"},\"primaryImageOfPage\":{\"@id\":\"https:\/\/bestfiesta.es\/fr\/offres-speciales-pour-evg-et-evjf\/#primaryimage\"},\"image\":{\"@id\":\"https:\/\/bestfiesta.es\/fr\/offres-speciales-pour-evg-et-evjf\/#primaryimage\"},\"thumbnailUrl\":\"https:\/\/bestfiesta.es\/wp-content\/uploads\/2020\/05\/BestFieta-Deals.jpg\",\"datePublished\":\"2020-05-03T17:48:01+00:00\",\"dateModified\":\"2020-11-30T17:55:57+00:00\",\"description\":\"Consultez les offres li\u00e9es aux pcakges pour EVG et EVJF en Espagne. Vous pouvez trouver de bonnes affaires dans de nombreuses villes.\",\"breadcrumb\":{\"@id\":\"https:\/\/bestfiesta.es\/fr\/offres-speciales-pour-evg-et-evjf\/#breadcrumb\"},\"inLanguage\":\"fr-FR\",\"potentialAction\":[{\"@type\":\"ReadAction\",\"target\":[\"https:\/\/bestfiesta.es\/fr\/offres-speciales-pour-evg-et-evjf\/\"]}]},{\"@type\":\"ImageObject\",\"inLanguage\":\"fr-FR\",\"@id\":\"https:\/\/bestfiesta.es\/fr\/offres-speciales-pour-evg-et-evjf\/#primaryimage\",\"url\":\"https:\/\/bestfiesta.es\/wp-content\/uploads\/2020\/05\/BestFieta-Deals.jpg\",\"contentUrl\":\"https:\/\/bestfiesta.es\/wp-content\/uploads\/2020\/05\/BestFieta-Deals.jpg\",\"width\":1200,\"height\":900},{\"@type\":\"BreadcrumbList\",\"@id\":\"https:\/\/bestfiesta.es\/fr\/offres-speciales-pour-evg-et-evjf\/#breadcrumb\",\"itemListElement\":[{\"@type\":\"ListItem\",\"position\":1,\"name\":\"Home\",\"item\":\"https:\/\/bestfiesta.es\/fr\/\"},{\"@type\":\"ListItem\",\"position\":2,\"name\":\"Offres Speciales\"}]},{\"@type\":\"WebSite\",\"@id\":\"https:\/\/bestfiesta.es\/fr\/#website\",\"url\":\"https:\/\/bestfiesta.es\/fr\/\",\"name\":\"BestFiesta\",\"description\":\"Organizaci\u00f3n de despedidas, packs para despedidas, etc\",\"publisher\":{\"@id\":\"https:\/\/bestfiesta.es\/fr\/#organization\"},\"potentialAction\":[{\"@type\":\"SearchAction\",\"target\":{\"@type\":\"EntryPoint\",\"urlTemplate\":\"https:\/\/bestfiesta.es\/fr\/?s={search_term_string}\"},\"query-input\":{\"@type\":\"PropertyValueSpecification\",\"valueRequired\":true,\"valueName\":\"search_term_string\"}}],\"inLanguage\":\"fr-FR\"},{\"@type\":\"Organization\",\"@id\":\"https:\/\/bestfiesta.es\/fr\/#organization\",\"name\":\"BestFiesta\",\"url\":\"https:\/\/bestfiesta.es\/fr\/\",\"logo\":{\"@type\":\"ImageObject\",\"inLanguage\":\"fr-FR\",\"@id\":\"https:\/\/bestfiesta.es\/fr\/#\/schema\/logo\/image\/\",\"url\":\"https:\/\/bestfiesta.es\/wp-content\/uploads\/2020\/06\/BestFiesta.png\",\"contentUrl\":\"https:\/\/bestfiesta.es\/wp-content\/uploads\/2020\/06\/BestFiesta.png\",\"width\":180,\"height\":153,\"caption\":\"BestFiesta\"},\"image\":{\"@id\":\"https:\/\/bestfiesta.es\/fr\/#\/schema\/logo\/image\/\"},\"sameAs\":[\"https:\/\/www.facebook.com\/BestFiesta.es\/\"]}]}<\/script>\n<!-- \/ Yoast SEO plugin. -->","yoast_head_json":{"title":"Offres Speciales pour EVG et EVJF - Espagne | BestFiesta","description":"Consultez les offres li\u00e9es aux pcakges pour EVG et EVJF en Espagne. Vous pouvez trouver de bonnes affaires dans de nombreuses villes.","robots":{"index":"index","follow":"follow","max-snippet":"max-snippet:-1","max-image-preview":"max-image-preview:large","max-video-preview":"max-video-preview:-1"},"canonical":"https:\/\/bestfiesta.es\/fr\/offres-speciales-pour-evg-et-evjf\/","og_locale":"fr_FR","og_type":"article","og_title":"Offres Speciales pour EVG et EVJF - Espagne | BestFiesta","og_description":"Consultez les offres li\u00e9es aux pcakges pour EVG et EVJF en Espagne. Vous pouvez trouver de bonnes affaires dans de nombreuses villes.","og_url":"https:\/\/bestfiesta.es\/fr\/offres-speciales-pour-evg-et-evjf\/","og_site_name":"BestFiesta","article_publisher":"https:\/\/www.facebook.com\/BestFiesta.es\/","article_modified_time":"2020-11-30T17:55:57+00:00","og_image":[{"width":1200,"height":900,"url":"https:\/\/bestfiesta.es\/wp-content\/uploads\/2020\/05\/BestFieta-Deals.jpg","type":"image\/jpeg"}],"twitter_card":"summary_large_image","twitter_misc":{"Dur\u00e9e de lecture estim\u00e9e":"1 minute"},"schema":{"@context":"https:\/\/schema.org","@graph":[{"@type":"WebPage","@id":"https:\/\/bestfiesta.es\/fr\/offres-speciales-pour-evg-et-evjf\/","url":"https:\/\/bestfiesta.es\/fr\/offres-speciales-pour-evg-et-evjf\/","name":"Offres Speciales pour EVG et EVJF - Espagne | BestFiesta","isPartOf":{"@id":"https:\/\/bestfiesta.es\/fr\/#website"},"primaryImageOfPage":{"@id":"https:\/\/bestfiesta.es\/fr\/offres-speciales-pour-evg-et-evjf\/#primaryimage"},"image":{"@id":"https:\/\/bestfiesta.es\/fr\/offres-speciales-pour-evg-et-evjf\/#primaryimage"},"thumbnailUrl":"https:\/\/bestfiesta.es\/wp-content\/uploads\/2020\/05\/BestFieta-Deals.jpg","datePublished":"2020-05-03T17:48:01+00:00","dateModified":"2020-11-30T17:55:57+00:00","description":"Consultez les offres li\u00e9es aux pcakges pour EVG et EVJF en Espagne. Vous pouvez trouver de bonnes affaires dans de nombreuses villes.","breadcrumb":{"@id":"https:\/\/bestfiesta.es\/fr\/offres-speciales-pour-evg-et-evjf\/#breadcrumb"},"inLanguage":"fr-FR","potentialAction":[{"@type":"ReadAction","target":["https:\/\/bestfiesta.es\/fr\/offres-speciales-pour-evg-et-evjf\/"]}]},{"@type":"ImageObject","inLanguage":"fr-FR","@id":"https:\/\/bestfiesta.es\/fr\/offres-speciales-pour-evg-et-evjf\/#primaryimage","url":"https:\/\/bestfiesta.es\/wp-content\/uploads\/2020\/05\/BestFieta-Deals.jpg","contentUrl":"https:\/\/bestfiesta.es\/wp-content\/uploads\/2020\/05\/BestFieta-Deals.jpg","width":1200,"height":900},{"@type":"BreadcrumbList","@id":"https:\/\/bestfiesta.es\/fr\/offres-speciales-pour-evg-et-evjf\/#breadcrumb","itemListElement":[{"@type":"ListItem","position":1,"name":"Home","item":"https:\/\/bestfiesta.es\/fr\/"},{"@type":"ListItem","position":2,"name":"Offres Speciales"}]},{"@type":"WebSite","@id":"https:\/\/bestfiesta.es\/fr\/#website","url":"https:\/\/bestfiesta.es\/fr\/","name":"BestFiesta","description":"Organizaci\u00f3n de despedidas, packs para despedidas, etc","publisher":{"@id":"https:\/\/bestfiesta.es\/fr\/#organization"},"potentialAction":[{"@type":"SearchAction","target":{"@type":"EntryPoint","urlTemplate":"https:\/\/bestfiesta.es\/fr\/?s={search_term_string}"},"query-input":{"@type":"PropertyValueSpecification","valueRequired":true,"valueName":"search_term_string"}}],"inLanguage":"fr-FR"},{"@type":"Organization","@id":"https:\/\/bestfiesta.es\/fr\/#organization","name":"BestFiesta","url":"https:\/\/bestfiesta.es\/fr\/","logo":{"@type":"ImageObject","inLanguage":"fr-FR","@id":"https:\/\/bestfiesta.es\/fr\/#\/schema\/logo\/image\/","url":"https:\/\/bestfiesta.es\/wp-content\/uploads\/2020\/06\/BestFiesta.png","contentUrl":"https:\/\/bestfiesta.es\/wp-content\/uploads\/2020\/06\/BestFiesta.png","width":180,"height":153,"caption":"BestFiesta"},"image":{"@id":"https:\/\/bestfiesta.es\/fr\/#\/schema\/logo\/image\/"},"sameAs":["https:\/\/www.facebook.com\/BestFiesta.es\/"]}]}},"_links":{"self":[{"href":"https:\/\/bestfiesta.es\/fr\/wp-json\/wp\/v2\/pages\/11364","targetHints":{"allow":["GET"]}}],"collection":[{"href":"https:\/\/bestfiesta.es\/fr\/wp-json\/wp\/v2\/pages"}],"about":[{"href":"https:\/\/bestfiesta.es\/fr\/wp-json\/wp\/v2\/types\/page"}],"author":[{"embeddable":true,"href":"https:\/\/bestfiesta.es\/fr\/wp-json\/wp\/v2\/users\/1"}],"replies":[{"embeddable":true,"href":"https:\/\/bestfiesta.es\/fr\/wp-json\/wp\/v2\/comments?post=11364"}],"version-history":[{"count":3,"href":"https:\/\/bestfiesta.es\/fr\/wp-json\/wp\/v2\/pages\/11364\/revisions"}],"predecessor-version":[{"id":13294,"href":"https:\/\/bestfiesta.es\/fr\/wp-json\/wp\/v2\/pages\/11364\/revisions\/13294"}],"wp:featuredmedia":[{"embeddable":true,"href":"https:\/\/bestfiesta.es\/fr\/wp-json\/wp\/v2\/media\/11430"}],"wp:attachment":[{"href":"https:\/\/bestfiesta.es\/fr\/wp-json\/wp\/v2\/media?parent=11364"}],"curies":[{"name":"wp","href":"https:\/\/api.w.org\/{rel}","templated":true}]}}