{"id":13673,"date":"2022-07-27T09:54:59","date_gmt":"2022-07-27T09:54:59","guid":{"rendered":"https:\/\/bestfiesta.es\/spectacles\/"},"modified":"2026-02-26T17:31:50","modified_gmt":"2026-02-26T17:31:50","slug":"spectacles","status":"publish","type":"page","link":"https:\/\/bestfiesta.es\/fr\/spectacles\/","title":{"rendered":"Spectacles"},"content":{"rendered":"<div class=\"wpb-content-wrapper\"><p>[vc_row][vc_column][vc_raw_html css=\u00a0\u00bb\u00a0\u00bb]JTNDZGl2JTIwY2xhc3MlM0QlMjJzZWxlY3Qtd3JhcHBlciUyMiUzRSUwRCUwQSUyMCUyMCUzQ2Zvcm0lMjBhY3Rpb24lM0QlMjJVUkwlMjIlMjBtZXRob2QlM0QlMjJwb3N0JTIyJTIwbmFtZSUzRCUyMmVzcGVjdGFjdWxvcyUyMiUzRSUwRCUwQSUyMCUyMCUyMCUyMCUzQ3NlbGVjdCUyMG5hbWUlM0QlMjJ0aXBvZGVlc3BlY3RhY3VsbyUyMiUwRCUwQSUyMCUyMCUyMCUyMCUyMCUyMCUyMCUyMCUyMCUyMCUyMCUyMG9uY2hhbmdlJTNEJTIybG9jYXRpb24uaHJlZiUzRGVzcGVjdGFjdWxvcy50aXBvZGVlc3BlY3RhY3Vsby52YWx1ZSUzQiUyMiUzRSUwRCUwQSUyMCUyMCUyMCUyMCUyMCUyMCUzQ29wdGlvbiUyMHZhbHVlJTNEJTIyJTJGZnIlMkZzcGVjdGFjbGVzJTJGJTIyJTNFQ0hPSVNJUiUzQyUyRm9wdGlvbiUzRSUwRCUwQSUyMCUyMCUyMCUyMCUyMCUyMCUzQ29wdGlvbiUyMHZhbHVlJTNEJTIyJTJGZnIlMkZzcGVjdGFjbGVzJTJGc3RyaXAtdGVhc2UlMkYlMjIlM0VTdHJpcC10ZWFzZSUzQyUyRm9wdGlvbiUzRSUwRCUwQSUyMCUyMCUyMCUyMCUyMCUyMCUzQ29wdGlvbiUyMHZhbHVlJTNEJTIyJTJGZnIlMkZzcGVjdGFjbGVzJTJGZHJhZy1xdWVlbiUyRiUyMiUzRURyYWclMjBRdWVlbiUzQyUyRm9wdGlvbiUzRSUwRCUwQSUyMCUyMCUyMCUyMCUyMCUyMCUzQ29wdGlvbiUyMHZhbHVlJTNEJTIyJTJGZnIlMkZzcGVjdGFjbGVzJTJGY29tZWRpZSUyRiUyMiUzRUNvbSVDMyVBOWRpZSUzQyUyRm9wdGlvbiUzRSUwRCUwQSUyMCUyMCUyMCUyMCUzQyUyRnNlbGVjdCUzRSUwRCUwQSUyMCUyMCUzQyUyRmZvcm0lM0UlMEQlMEElMEQlMEElMjAlMjAlM0NkaXYlMjBjbGFzcyUzRCUyMnNob3ctaGlnaGxpZ2h0cyUyMiUzRSUwRCUwQSUyMCUyMCUyMCUyMCUzQ3VsJTNFJTBEJTBBJTIwJTIwJTIwJTIwJTIwJTIwJTNDbGklM0VVbmlxdWVtZW50JTIwcG91ciUyMGRlcyUyMGdyb3VwZXMlMjBwcml2JUMzJUE5cyUyMCUzQiUyMGF1Y3VuZSUyMHIlQzMlQTlzZXJ2YXRpb24lMjBwb3VyJTIwbGUlMjBncmFuZCUyMHB1YmxpYyUyMG91JTIwcG91ciUyMGRlcyUyMHBhcnRpY3VsaWVycyUyMG4lRTIlODAlOTllc3QlMjBhY2NlcHQlQzMlQTllLiUzQyUyRmxpJTNFJTBEJTBBJTIwJTIwJTIwJTIwJTIwJTIwJTNDbGklM0VTcGVjdGFjbGVzJTIwY29uJUMzJUE3dXMlMjBwb3VyJTIwZGVzJTIwZ3JvdXBlcyUyMHF1aSUyMHNvdWhhaXRlbnQlMjBjJUMzJUE5bCVDMyVBOWJyZXIlMjB1bmUlMjBvY2Nhc2lvbiUyMHNwJUMzJUE5Y2lhbGUlMjBlbnRyZSUyMGFtaXMlMjAlMjhlbnRlcnJlbWVudCUyMGRlJTIwdmllJTIwZGUlMjBqZXVuZSUyMGZpbGxlJTJDJTIwZW50ZXJyZW1lbnQlMjBkZSUyMHZpZSUyMGRlJTIwZ2FyJUMzJUE3b24lMkMlMjBhbm5pdmVyc2FpcmUlMkMlMjBldGMuJTI5LiUzQyUyRmxpJTNFJTBEJTBBJTIwJTIwJTIwJTIwJTIwJTIwJTNDbGklM0VSJUMzJUE5c2VydiVDMyVBOSUyMGF1eCUyMGFkdWx0ZXMlMjBkZSUyMDE4JTIwYW5zJTIwZXQlMjBwbHVzLiUzQyUyRmxpJTNFJTBEJTBBJTIwJTIwJTIwJTIwJTIwJTIwJTNDbGklM0VTaG93cyUyMHByb3BvcyVDMyVBOXMlMjBwb3VyJTIwZGVzJTIwJUMzJUE5diVDMyVBOW5lbWVudHMlMjBwcml2JUMzJUE5cyUyMGRhbnMlMjBkZXMlMjBsaWV1eCUyMHIlQzMlQTlzZXJ2JUMzJUE5cyUyMHBhciUyMGxlJTIwZ3JvdXBlJTIwJTI4YXBwYXJ0ZW1lbnQlMkMlMjBnJUMzJUFFdGUlMjBydXJhbCUyQyUyMHZpbGxhJTJDJTIwcmVzdGF1cmFudCUyMG91JTIwcHViJTIwYXZlYyUyMHNhbGxlJTIwcHJpdiVDMyVBOWUlMjkuJTNDJTJGbGklM0UlMEQlMEElMjAlMjAlMjAlMjAlMjAlMjAlM0NsaSUzRUFydGlzdGVzJTIwcHJvZmVzc2lvbm5lbHMlMjBoYWJpdHUlQzMlQTlzJTIwJUMzJUEwJTIwYW5pbWVyJTIwZGVzJTIwJUMzJUE5diVDMyVBOW5lbWVudHMlMjBkZSUyMGdyb3VwZS4lM0MlMkZsaSUzRSUwRCUwQSUyMCUyMCUyMCUyMCUzQyUyRnVsJTNFJTBEJTBBJTIwJTIwJTNDJTJGZGl2JTNFJTBEJTBBJTNDJTJGZGl2JTNFJTBEJTBB[\/vc_raw_html][\/vc_column][\/vc_row]<\/p>\n<\/div>","protected":false},"excerpt":{"rendered":"<p>[vc_row][vc_column][vc_raw_html css=\u00a0\u00bb\u00a0\u00bb]JTNDZGl2JTIwY2xhc3MlM0QlMjJzZWxlY3Qtd3JhcHBlciUyMiUzRSUwRCUwQSUyMCUyMCUzQ2Zvcm0lMjBhY3Rpb24lM0QlMjJVUkwlMjIlMjBtZXRob2QlM0QlMjJwb3N0JTIyJTIwbmFtZSUzRCUyMmVzcGVjdGFjdWxvcyUyMiUzRSUwRCUwQSUyMCUyMCUyMCUyMCUzQ3NlbGVjdCUyMG5hbWUlM0QlMjJ0aXBvZGVlc3BlY3RhY3VsbyUyMiUwRCUwQSUyMCUyMCUyMCUyMCUyMCUyMCUyMCUyMCUyMCUyMCUyMCUyMG9uY2hhbmdlJTNEJTIybG9jYXRpb24uaHJlZiUzRGVzcGVjdGFjdWxvcy50aXBvZGVlc3BlY3RhY3Vsby52YWx1ZSUzQiUyMiUzRSUwRCUwQSUyMCUyMCUyMCUyMCUyMCUyMCUzQ29wdGlvbiUyMHZhbHVlJTNEJTIyJTJGZnIlMkZzcGVjdGFjbGVzJTJGJTIyJTNFQ0hPSVNJUiUzQyUyRm9wdGlvbiUzRSUwRCUwQSUyMCUyMCUyMCUyMCUyMCUyMCUzQ29wdGlvbiUyMHZhbHVlJTNEJTIyJTJGZnIlMkZzcGVjdGFjbGVzJTJGc3RyaXAtdGVhc2UlMkYlMjIlM0VTdHJpcC10ZWFzZSUzQyUyRm9wdGlvbiUzRSUwRCUwQSUyMCUyMCUyMCUyMCUyMCUyMCUzQ29wdGlvbiUyMHZhbHVlJTNEJTIyJTJGZnIlMkZzcGVjdGFjbGVzJTJGZHJhZy1xdWVlbiUyRiUyMiUzRURyYWclMjBRdWVlbiUzQyUyRm9wdGlvbiUzRSUwRCUwQSUyMCUyMCUyMCUyMCUyMCUyMCUzQ29wdGlvbiUyMHZhbHVlJTNEJTIyJTJGZnIlMkZzcGVjdGFjbGVzJTJGY29tZWRpZSUyRiUyMiUzRUNvbSVDMyVBOWRpZSUzQyUyRm9wdGlvbiUzRSUwRCUwQSUyMCUyMCUyMCUyMCUzQyUyRnNlbGVjdCUzRSUwRCUwQSUyMCUyMCUzQyUyRmZvcm0lM0UlMEQlMEElMEQlMEElMjAlMjAlM0NkaXYlMjBjbGFzcyUzRCUyMnNob3ctaGlnaGxpZ2h0cyUyMiUzRSUwRCUwQSUyMCUyMCUyMCUyMCUzQ3VsJTNFJTBEJTBBJTIwJTIwJTIwJTIwJTIwJTIwJTNDbGklM0VVbmlxdWVtZW50JTIwcG91ciUyMGRlcyUyMGdyb3VwZXMlMjBwcml2JUMzJUE5cyUyMCUzQiUyMGF1Y3VuZSUyMHIlQzMlQTlzZXJ2YXRpb24lMjBwb3VyJTIwbGUlMjBncmFuZCUyMHB1YmxpYyUyMG91JTIwcG91ciUyMGRlcyUyMHBhcnRpY3VsaWVycyUyMG4lRTIlODAlOTllc3QlMjBhY2NlcHQlQzMlQTllLiUzQyUyRmxpJTNFJTBEJTBBJTIwJTIwJTIwJTIwJTIwJTIwJTNDbGklM0VTcGVjdGFjbGVzJTIwY29uJUMzJUE3dXMlMjBwb3VyJTIwZGVzJTIwZ3JvdXBlcyUyMHF1aSUyMHNvdWhhaXRlbnQlMjBjJUMzJUE5bCVDMyVBOWJyZXIlMjB1bmUlMjBvY2Nhc2lvbiUyMHNwJUMzJUE5Y2lhbGUlMjBlbnRyZSUyMGFtaXMlMjAlMjhlbnRlcnJlbWVudCUyMGRlJTIwdmllJTIwZGUlMjBqZXVuZSUyMGZpbGxlJTJDJTIwZW50ZXJyZW1lbnQlMjBkZSUyMHZpZSUyMGRlJTIwZ2FyJUMzJUE3b24lMkMlMjBhbm5pdmVyc2FpcmUlMkMlMjBldGMuJTI5LiUzQyUyRmxpJTNFJTBEJTBBJTIwJTIwJTIwJTIwJTIwJTIwJTNDbGklM0VSJUMzJUE5c2VydiVDMyVBOSUyMGF1eCUyMGFkdWx0ZXMlMjBkZSUyMDE4JTIwYW5zJTIwZXQlMjBwbHVzLiUzQyUyRmxpJTNFJTBEJTBBJTIwJTIwJTIwJTIwJTIwJTIwJTNDbGklM0VTaG93cyUyMHByb3BvcyVDMyVBOXMlMjBwb3VyJTIwZGVzJTIwJUMzJUE5diVDMyVBOW5lbWVudHMlMjBwcml2JUMzJUE5cyUyMGRhbnMlMjBkZXMlMjBsaWV1eCUyMHIlQzMlQTlzZXJ2JUMzJUE5cyUyMHBhciUyMGxlJTIwZ3JvdXBlJTIwJTI4YXBwYXJ0ZW1lbnQlMkMlMjBnJUMzJUFFdGUlMjBydXJhbCUyQyUyMHZpbGxhJTJDJTIwcmVzdGF1cmFudCUyMG91JTIwcHViJTIwYXZlYyUyMHNhbGxlJTIwcHJpdiVDMyVBOWUlMjkuJTNDJTJGbGklM0UlMEQlMEElMjAlMjAlMjAlMjAlMjAlMjAlM0NsaSUzRUFydGlzdGVzJTIwcHJvZmVzc2lvbm5lbHMlMjBoYWJpdHUlQzMlQTlzJTIwJUMzJUEwJTIwYW5pbWVyJTIwZGVzJTIwJUMzJUE5diVDMyVBOW5lbWVudHMlMjBkZSUyMGdyb3VwZS4lM0MlMkZsaSUzRSUwRCUwQSUyMCUyMCUyMCUyMCUzQyUyRnVsJTNFJTBEJTBBJTIwJTIwJTNDJTJGZGl2JTNFJTBEJTBBJTNDJTJGZGl2JTNFJTBEJTBB[\/vc_raw_html][\/vc_column][\/vc_row]<\/p>\n","protected":false},"author":1,"featured_media":0,"parent":0,"menu_order":0,"comment_status":"closed","ping_status":"closed","template":"template-home-modern.php","meta":{"footnotes":""},"class_list":["post-13673","page","type-page","status-publish","has-post-thumbnail","hentry"],"yoast_head":"<!-- This site is optimized with the Yoast SEO plugin v27.1.1 - https:\/\/yoast.com\/product\/yoast-seo-wordpress\/ -->\n<title>Types de spectacles: Stripteaseuse, drag queen ou com\u00e9die | Bestfiesta.es<\/title>\n<meta name=\"description\" content=\"Choisissez entre diff\u00e9rents types de spectacles, stripteaseuse, drag queen ou com\u00e9die. R\u00e9servez d\u00e8s aujourd\u2019hui.\" \/>\n<meta name=\"robots\" content=\"index, follow, max-snippet:-1, max-image-preview:large, max-video-preview:-1\" \/>\n<link rel=\"canonical\" href=\"https:\/\/bestfiesta.es\/fr\/spectacles\/\" \/>\n<meta property=\"og:locale\" content=\"fr_FR\" \/>\n<meta property=\"og:type\" content=\"article\" \/>\n<meta property=\"og:title\" content=\"Types de spectacles: Stripteaseuse, drag queen ou com\u00e9die | Bestfiesta.es\" \/>\n<meta property=\"og:description\" content=\"Choisissez entre diff\u00e9rents types de spectacles, stripteaseuse, drag queen ou com\u00e9die. R\u00e9servez d\u00e8s aujourd\u2019hui.\" \/>\n<meta property=\"og:url\" content=\"https:\/\/bestfiesta.es\/fr\/spectacles\/\" \/>\n<meta property=\"og:site_name\" content=\"BestFiesta\" \/>\n<meta property=\"article:publisher\" content=\"https:\/\/www.facebook.com\/BestFiesta.es\/\" \/>\n<meta property=\"article:modified_time\" content=\"2026-02-26T17:31:50+00:00\" \/>\n<meta name=\"twitter:card\" content=\"summary_large_image\" \/>\n<meta name=\"twitter:label1\" content=\"Dur\u00e9e de lecture estim\u00e9e\" \/>\n\t<meta name=\"twitter:data1\" content=\"1 minute\" \/>\n<script type=\"application\/ld+json\" class=\"yoast-schema-graph\">{\"@context\":\"https:\/\/schema.org\",\"@graph\":[{\"@type\":\"WebPage\",\"@id\":\"https:\/\/bestfiesta.es\/fr\/spectacles\/\",\"url\":\"https:\/\/bestfiesta.es\/fr\/spectacles\/\",\"name\":\"Types de spectacles: Stripteaseuse, drag queen ou com\u00e9die | Bestfiesta.es\",\"isPartOf\":{\"@id\":\"https:\/\/bestfiesta.es\/fr\/#website\"},\"datePublished\":\"2022-07-27T09:54:59+00:00\",\"dateModified\":\"2026-02-26T17:31:50+00:00\",\"description\":\"Choisissez entre diff\u00e9rents types de spectacles, stripteaseuse, drag queen ou com\u00e9die. R\u00e9servez d\u00e8s aujourd\u2019hui.\",\"breadcrumb\":{\"@id\":\"https:\/\/bestfiesta.es\/fr\/spectacles\/#breadcrumb\"},\"inLanguage\":\"fr-FR\",\"potentialAction\":[{\"@type\":\"ReadAction\",\"target\":[\"https:\/\/bestfiesta.es\/fr\/spectacles\/\"]}]},{\"@type\":\"BreadcrumbList\",\"@id\":\"https:\/\/bestfiesta.es\/fr\/spectacles\/#breadcrumb\",\"itemListElement\":[{\"@type\":\"ListItem\",\"position\":1,\"name\":\"Home\",\"item\":\"https:\/\/bestfiesta.es\/fr\/\"},{\"@type\":\"ListItem\",\"position\":2,\"name\":\"Spectacles\"}]},{\"@type\":\"WebSite\",\"@id\":\"https:\/\/bestfiesta.es\/fr\/#website\",\"url\":\"https:\/\/bestfiesta.es\/fr\/\",\"name\":\"BestFiesta\",\"description\":\"Organizaci\u00f3n de despedidas, packs para despedidas, etc\",\"publisher\":{\"@id\":\"https:\/\/bestfiesta.es\/fr\/#organization\"},\"potentialAction\":[{\"@type\":\"SearchAction\",\"target\":{\"@type\":\"EntryPoint\",\"urlTemplate\":\"https:\/\/bestfiesta.es\/fr\/?s={search_term_string}\"},\"query-input\":{\"@type\":\"PropertyValueSpecification\",\"valueRequired\":true,\"valueName\":\"search_term_string\"}}],\"inLanguage\":\"fr-FR\"},{\"@type\":\"Organization\",\"@id\":\"https:\/\/bestfiesta.es\/fr\/#organization\",\"name\":\"BestFiesta\",\"url\":\"https:\/\/bestfiesta.es\/fr\/\",\"logo\":{\"@type\":\"ImageObject\",\"inLanguage\":\"fr-FR\",\"@id\":\"https:\/\/bestfiesta.es\/fr\/#\/schema\/logo\/image\/\",\"url\":\"https:\/\/bestfiesta.es\/wp-content\/uploads\/2020\/06\/BestFiesta.png\",\"contentUrl\":\"https:\/\/bestfiesta.es\/wp-content\/uploads\/2020\/06\/BestFiesta.png\",\"width\":180,\"height\":153,\"caption\":\"BestFiesta\"},\"image\":{\"@id\":\"https:\/\/bestfiesta.es\/fr\/#\/schema\/logo\/image\/\"},\"sameAs\":[\"https:\/\/www.facebook.com\/BestFiesta.es\/\"]}]}<\/script>\n<!-- \/ Yoast SEO plugin. -->","yoast_head_json":{"title":"Types de spectacles: Stripteaseuse, drag queen ou com\u00e9die | Bestfiesta.es","description":"Choisissez entre diff\u00e9rents types de spectacles, stripteaseuse, drag queen ou com\u00e9die. R\u00e9servez d\u00e8s aujourd\u2019hui.","robots":{"index":"index","follow":"follow","max-snippet":"max-snippet:-1","max-image-preview":"max-image-preview:large","max-video-preview":"max-video-preview:-1"},"canonical":"https:\/\/bestfiesta.es\/fr\/spectacles\/","og_locale":"fr_FR","og_type":"article","og_title":"Types de spectacles: Stripteaseuse, drag queen ou com\u00e9die | Bestfiesta.es","og_description":"Choisissez entre diff\u00e9rents types de spectacles, stripteaseuse, drag queen ou com\u00e9die. R\u00e9servez d\u00e8s aujourd\u2019hui.","og_url":"https:\/\/bestfiesta.es\/fr\/spectacles\/","og_site_name":"BestFiesta","article_publisher":"https:\/\/www.facebook.com\/BestFiesta.es\/","article_modified_time":"2026-02-26T17:31:50+00:00","twitter_card":"summary_large_image","twitter_misc":{"Dur\u00e9e de lecture estim\u00e9e":"1 minute"},"schema":{"@context":"https:\/\/schema.org","@graph":[{"@type":"WebPage","@id":"https:\/\/bestfiesta.es\/fr\/spectacles\/","url":"https:\/\/bestfiesta.es\/fr\/spectacles\/","name":"Types de spectacles: Stripteaseuse, drag queen ou com\u00e9die | Bestfiesta.es","isPartOf":{"@id":"https:\/\/bestfiesta.es\/fr\/#website"},"datePublished":"2022-07-27T09:54:59+00:00","dateModified":"2026-02-26T17:31:50+00:00","description":"Choisissez entre diff\u00e9rents types de spectacles, stripteaseuse, drag queen ou com\u00e9die. R\u00e9servez d\u00e8s aujourd\u2019hui.","breadcrumb":{"@id":"https:\/\/bestfiesta.es\/fr\/spectacles\/#breadcrumb"},"inLanguage":"fr-FR","potentialAction":[{"@type":"ReadAction","target":["https:\/\/bestfiesta.es\/fr\/spectacles\/"]}]},{"@type":"BreadcrumbList","@id":"https:\/\/bestfiesta.es\/fr\/spectacles\/#breadcrumb","itemListElement":[{"@type":"ListItem","position":1,"name":"Home","item":"https:\/\/bestfiesta.es\/fr\/"},{"@type":"ListItem","position":2,"name":"Spectacles"}]},{"@type":"WebSite","@id":"https:\/\/bestfiesta.es\/fr\/#website","url":"https:\/\/bestfiesta.es\/fr\/","name":"BestFiesta","description":"Organizaci\u00f3n de despedidas, packs para despedidas, etc","publisher":{"@id":"https:\/\/bestfiesta.es\/fr\/#organization"},"potentialAction":[{"@type":"SearchAction","target":{"@type":"EntryPoint","urlTemplate":"https:\/\/bestfiesta.es\/fr\/?s={search_term_string}"},"query-input":{"@type":"PropertyValueSpecification","valueRequired":true,"valueName":"search_term_string"}}],"inLanguage":"fr-FR"},{"@type":"Organization","@id":"https:\/\/bestfiesta.es\/fr\/#organization","name":"BestFiesta","url":"https:\/\/bestfiesta.es\/fr\/","logo":{"@type":"ImageObject","inLanguage":"fr-FR","@id":"https:\/\/bestfiesta.es\/fr\/#\/schema\/logo\/image\/","url":"https:\/\/bestfiesta.es\/wp-content\/uploads\/2020\/06\/BestFiesta.png","contentUrl":"https:\/\/bestfiesta.es\/wp-content\/uploads\/2020\/06\/BestFiesta.png","width":180,"height":153,"caption":"BestFiesta"},"image":{"@id":"https:\/\/bestfiesta.es\/fr\/#\/schema\/logo\/image\/"},"sameAs":["https:\/\/www.facebook.com\/BestFiesta.es\/"]}]}},"_links":{"self":[{"href":"https:\/\/bestfiesta.es\/fr\/wp-json\/wp\/v2\/pages\/13673","targetHints":{"allow":["GET"]}}],"collection":[{"href":"https:\/\/bestfiesta.es\/fr\/wp-json\/wp\/v2\/pages"}],"about":[{"href":"https:\/\/bestfiesta.es\/fr\/wp-json\/wp\/v2\/types\/page"}],"author":[{"embeddable":true,"href":"https:\/\/bestfiesta.es\/fr\/wp-json\/wp\/v2\/users\/1"}],"replies":[{"embeddable":true,"href":"https:\/\/bestfiesta.es\/fr\/wp-json\/wp\/v2\/comments?post=13673"}],"version-history":[{"count":8,"href":"https:\/\/bestfiesta.es\/fr\/wp-json\/wp\/v2\/pages\/13673\/revisions"}],"predecessor-version":[{"id":23768,"href":"https:\/\/bestfiesta.es\/fr\/wp-json\/wp\/v2\/pages\/13673\/revisions\/23768"}],"wp:attachment":[{"href":"https:\/\/bestfiesta.es\/fr\/wp-json\/wp\/v2\/media?parent=13673"}],"curies":[{"name":"wp","href":"https:\/\/api.w.org\/{rel}","templated":true}]}}