{"id":13775,"date":"2022-07-28T10:46:19","date_gmt":"2022-07-28T10:46:19","guid":{"rendered":"https:\/\/bestfiesta.es\/spectacles\/strip-tease\/estriper-chico\/show-chico-boys-barcelona\/"},"modified":"2026-01-29T09:40:04","modified_gmt":"2026-01-29T09:40:04","slug":"barcelone","status":"publish","type":"page","link":"https:\/\/bestfiesta.es\/fr\/spectacles\/strip-tease\/stripteaseur\/barcelone\/","title":{"rendered":"Stripteaseur Barcelone"},"content":{"rendered":"<div class=\"wpb-content-wrapper\"><p>[vc_row][vc_column][vc_raw_html]JTNDc3Ryb25nJTNFJTNDYnIlM0VBdmFudCUyMGRlJTIwbm91cyUyMGRlbWFuZGVyJTIwZGVzJTIwaW5mb3JtYXRpb25zJTIwcG91ciUyMGxlJTIwc3RyaXB0ZWFzZXVyJTJDJTIwamV0ZXolMjB1biUyMGNvdXAlMjBkJUUyJTgwJTk5JUM1JTkzaWwlMjAlQzMlQTAlMjBjZXMlMjBhdXRyZXMlMjBhY3Rpdml0JUMzJUE5cyUyMCUyRiUyMHBhY2tzJTIwY29ubmV4ZXMlMjBxdWklMjBwb3VycmFpZW50JTIwdm91cyUyMGludCVDMyVBOXJlc3Nlci4lM0MlMkZiciUzRSUzQyUyRnN0cm9uZyUzRQ==[\/vc_raw_html]<div class=\"st-related-service-new\">\r\n            <div class=\"e-title-wrapper\">\r\n            <h3 class=\"e-title\">Activit\u00e9s connexes:<\/h3>\r\n        <\/div>\r\n        <div class=\"item\">\r\n    <div class=\"thumb\">\r\n        <a href=\"https:\/\/bestfiesta.es\/fr\/activite\/diner-et-spectacle-prive-de-strip-teaseuse-homme-ou-femme-barcelone-espagne\/\">\r\n            <img decoding=\"async\" src=\"https:\/\/bestfiesta.es\/wp-content\/uploads\/2020\/06\/despedida-cena-con-boy-80x80.jpg\" alt=\"despedida-cena-con-boy\"\r\n                 class=\"img-responsive img-full\">\r\n        <\/a>\r\n    <\/div>\r\n    <div class=\"content\">\r\n        <h3 class=\"title\"><a href=\"https:\/\/bestfiesta.es\/fr\/activite\/diner-et-spectacle-prive-de-strip-teaseuse-homme-ou-femme-barcelone-espagne\/\" class=\"st-link c-main\">D\u00eener et spectacle priv\u00e9 de strip-teaseuse homme ou femme &#8211; Barcelone (Espagne)<\/a><\/h3>\r\n        <div class=\"price-wrapper\">\r\n            D\u00e8s <span class=\"price\">\u20ac54,89<\/span>\r\n        <\/div>\r\n    <\/div>\r\n<\/div><\/div>\r\n<div class=\"st-related-service-new\">\r\n            <div class=\"e-title-wrapper\">\r\n            <h3 class=\"e-title\">Packs connexes:<\/h3>\r\n        <\/div>\r\n        <div class=\"item\">\r\n    <div class=\"thumb\">\r\n        <a href=\"https:\/\/bestfiesta.es\/fr\/packs-evg-evjf\/pour-evg-et-evgj-barcelone-package-boat-party-diner-et-spectacle\/\">\r\n            <img decoding=\"async\" src=\"https:\/\/bestfiesta.es\/wp-content\/uploads\/2020\/11\/Boat-party-barcelona-80x80.jpg\" alt=\"boat party barcelona\"\r\n                 class=\"img-responsive img-full\">\r\n        <\/a>\r\n    <\/div>\r\n    <div class=\"content\">\r\n        <h3 class=\"title\"><a href=\"https:\/\/bestfiesta.es\/fr\/packs-evg-evjf\/pour-evg-et-evgj-barcelone-package-boat-party-diner-et-spectacle\/\" class=\"st-link c-main\">Pour EVG et EVGJ Barcelone &#8211; Pack Boat Party + D\u00eener et spectacle<\/a><\/h3>\r\n        <div class=\"price-wrapper\">\r\n            D\u00e8s <span class=\"price\"><span class=\"text-lg lh1em item \"> \u20ac104,90<\/span><\/span>\r\n        <\/div>\r\n    <\/div>\r\n<\/div><\/div>\r\n[vc_separator color=\u00a0\u00bbsandy_brown\u00a0\u00bb][vc_raw_html css=\u00a0\u00bb\u00a0\u00bb]JTNDY2VudGVyJTNFJTBBJTNDaDIlM0UlMjBWJUMzJUE5cmlmaWVyJTIwbGElMjBkaXNwb25pYmlsaXQlQzMlQTklMjBwb3VyJTIwciVDMyVBOXNlcnZlciUyMCUzQyUyRmgyJTNFJTBBJTNDaSUzRVBvdXIlMjBkZXMlMjByYWlzb25zJTIwZCUyN29yZ2FuaXNhdGlvbiUyQyUyMGxlcyUyMGRlbWFuZGVzJTIwZGUlMjByJUMzJUE5c2VydmF0aW9uJTIwbmUlMjBzb250JTIwYWNjZXB0JUMzJUE5ZXMlMjBxdWUlMjAyNCUyMGhldXJlcyUyMCVDMyVBMCUyMGwlMjdhdmFuY2UuJTIwVG91dGVmb2lzJTJDJTIwbGElMjBkaXNwb25pYmlsaXQlQzMlQTklMjBuJTI3ZXN0JTIwcGFzJTIwZ2FyYW50aWUuJTIwSWwlMjBlc3QlMjByZWNvbW1hbmQlQzMlQTklMjBkZSUyMHYlQzMlQTlyaWZpZXIlMjBsYSUyMGRpc3BvbmliaWxpdCVDMyVBOSUyMCVDMyVBMCUyMGwlMjdhdmFuY2UuJTIwUmVtcGxpc3NleiUyMGxlJTIwZm9ybXVsYWlyZSUyMHN1aXZhbnQlMjBldCUyMHJlY2V2ZXolMjBwbHVzJTIwZCUyN2luZm9ybWF0aW9ucyUyMHN1ciUyMGxlJTIwc3BlY3RhY2xlLiUyMFNwZWN0YWNsZSUyMGRlJTIwc3RyaXB0ZWFzZXVyJTIwaG9tbWUlMjBwb3VyJTIwRVZKRiUyMC0lMjBlbnRlcnJlbWVudHMlMjBkZSUyMHZpZSUyMGRlJTIwamV1bmUlMjBmaWxsZSUyQyUyMGFubml2ZXJzYWlyZXMlMjBvdSUyMGF1dHJlcyUyMCVDMyVBOXYlQzMlQTluZW1lbnRzLiUwQSUzQyUyRmklM0UlMEElM0MlMkZjZW50ZXIlM0U=[\/vc_raw_html][\/vc_column][\/vc_row][vc_row][vc_column][vc_raw_html css=\u00a0\u00bb\u00a0\u00bb]JTNDcCUyMHN0eWxlJTNEJTIydGV4dC1hbGlnbiUzQSUyMGNlbnRlciUzQiUyMiUzRSU1QmNvbnRhY3QtZm9ybS03JTIwaWQlM0QlMjJkN2ZmNTU3JTIyJTIwdGl0bGUlM0QlMjJTUEFJTiUyMCU3QyUyME1hbGUlMjBTdHJpcHBlciUyMFNob3clMjAlN0MlMjBCQ04lMjBUQVIlMjBMTEVJJTIwJTdDJTIwRVMlMjIlNUQlM0MlMkZwJTNFJTVCd3Bjb2RlJTIwaWQlM0QlMjIyMjM2NCUyMiU1RCUzQyUyMS0tJTIwTWF0cml4JTIwT3MlMjAyJTIwJTdDJTIwU3BhaW4lMjBBbmRvcnJhJTIwRlIlMjBVbml2ZXJzYWwlMjAtLSUzRQ==[\/vc_raw_html][\/vc_column][\/vc_row][vc_row][vc_column][vc_separator color=\u00a0\u00bbsandy_brown\u00a0\u00bb][\/vc_column][\/vc_row]<\/p>\n<\/div>","protected":false},"excerpt":{"rendered":"<p>[vc_row][vc_column][vc_raw_html]JTNDc3Ryb25nJTNFJTNDYnIlM0VBdmFudCUyMGRlJTIwbm91cyUyMGRlbWFuZGVyJTIwZGVzJTIwaW5mb3JtYXRpb25zJTIwcG91ciUyMGxlJTIwc3RyaXB0ZWFzZXVyJTJDJTIwamV0ZXolMjB1biUyMGNvdXAlMjBkJUUyJTgwJTk5JUM1JTkzaWwlMjAlQzMlQTAlMjBjZXMlMjBhdXRyZXMlMjBhY3Rpdml0JUMzJUE5cyUyMCUyRiUyMHBhY2tzJTIwY29ubmV4ZXMlMjBxdWklMjBwb3VycmFpZW50JTIwdm91cyUyMGludCVDMyVBOXJlc3Nlci4lM0MlMkZiciUzRSUzQyUyRnN0cm9uZyUzRQ==[\/vc_raw_html][vc_separator color=\u00a0\u00bbsandy_brown\u00a0\u00bb][vc_raw_html css=\u00a0\u00bb\u00a0\u00bb]JTNDY2VudGVyJTNFJTBBJTNDaDIlM0UlMjBWJUMzJUE5cmlmaWVyJTIwbGElMjBkaXNwb25pYmlsaXQlQzMlQTklMjBwb3VyJTIwciVDMyVBOXNlcnZlciUyMCUzQyUyRmgyJTNFJTBBJTNDaSUzRVBvdXIlMjBkZXMlMjByYWlzb25zJTIwZCUyN29yZ2FuaXNhdGlvbiUyQyUyMGxlcyUyMGRlbWFuZGVzJTIwZGUlMjByJUMzJUE5c2VydmF0aW9uJTIwbmUlMjBzb250JTIwYWNjZXB0JUMzJUE5ZXMlMjBxdWUlMjAyNCUyMGhldXJlcyUyMCVDMyVBMCUyMGwlMjdhdmFuY2UuJTIwVG91dGVmb2lzJTJDJTIwbGElMjBkaXNwb25pYmlsaXQlQzMlQTklMjBuJTI3ZXN0JTIwcGFzJTIwZ2FyYW50aWUuJTIwSWwlMjBlc3QlMjByZWNvbW1hbmQlQzMlQTklMjBkZSUyMHYlQzMlQTlyaWZpZXIlMjBsYSUyMGRpc3BvbmliaWxpdCVDMyVBOSUyMCVDMyVBMCUyMGwlMjdhdmFuY2UuJTIwUmVtcGxpc3NleiUyMGxlJTIwZm9ybXVsYWlyZSUyMHN1aXZhbnQlMjBldCUyMHJlY2V2ZXolMjBwbHVzJTIwZCUyN2luZm9ybWF0aW9ucyUyMHN1ciUyMGxlJTIwc3BlY3RhY2xlLiUyMFNwZWN0YWNsZSUyMGRlJTIwc3RyaXB0ZWFzZXVyJTIwaG9tbWUlMjBwb3VyJTIwRVZKRiUyMC0lMjBlbnRlcnJlbWVudHMlMjBkZSUyMHZpZSUyMGRlJTIwamV1bmUlMjBmaWxsZSUyQyUyMGFubml2ZXJzYWlyZXMlMjBvdSUyMGF1dHJlcyUyMCVDMyVBOXYlQzMlQTluZW1lbnRzLiUwQSUzQyUyRmklM0UlMEElM0MlMkZjZW50ZXIlM0U=[\/vc_raw_html][\/vc_column][\/vc_row][vc_row][vc_column][vc_raw_html css=\u00a0\u00bb\u00a0\u00bb]JTNDcCUyMHN0eWxlJTNEJTIydGV4dC1hbGlnbiUzQSUyMGNlbnRlciUzQiUyMiUzRSU1QmNvbnRhY3QtZm9ybS03JTIwaWQlM0QlMjJkN2ZmNTU3JTIyJTIwdGl0bGUlM0QlMjJTUEFJTiUyMCU3QyUyME1hbGUlMjBTdHJpcHBlciUyMFNob3clMjAlN0MlMjBCQ04lMjBUQVIlMjBMTEVJJTIwJTdDJTIwRVMlMjIlNUQlM0MlMkZwJTNFJTVCd3Bjb2RlJTIwaWQlM0QlMjIyMjM2NCUyMiU1RCUzQyUyMS0tJTIwTWF0cml4JTIwT3MlMjAyJTIwJTdDJTIwU3BhaW4lMjBBbmRvcnJhJTIwRlIlMjBVbml2ZXJzYWwlMjAtLSUzRQ==[\/vc_raw_html][\/vc_column][\/vc_row][vc_row][vc_column][vc_separator color=\u00a0\u00bbsandy_brown\u00a0\u00bb][\/vc_column][\/vc_row]<\/p>\n","protected":false},"author":1,"featured_media":14330,"parent":13764,"menu_order":0,"comment_status":"closed","ping_status":"closed","template":"template-home-modern.php","meta":{"footnotes":""},"class_list":["post-13775","page","type-page","status-publish","has-post-thumbnail","hentry"],"yoast_head":"<!-- This site is optimized with the Yoast SEO plugin v27.6 - https:\/\/yoast.com\/product\/yoast-seo-wordpress\/ -->\n<title>R\u00e9servez | Stripteaseur Barcelone - Espagne | Bestfiesta.es<\/title>\n<meta name=\"description\" content=\"R\u00e9servez - Stripteaseur Barcelone. Demandes avec une p\u00e9riode de 24 heures \u00e0 l\u2019avance pour louer un spectacle de Stripteaseur \u00e0 Barcelone.\" \/>\n<meta name=\"robots\" content=\"index, follow, max-snippet:-1, max-image-preview:large, max-video-preview:-1\" \/>\n<link rel=\"canonical\" href=\"https:\/\/bestfiesta.es\/fr\/spectacles\/strip-tease\/stripteaseur\/barcelone\/\" \/>\n<meta property=\"og:locale\" content=\"fr_FR\" \/>\n<meta property=\"og:type\" content=\"article\" \/>\n<meta property=\"og:title\" content=\"R\u00e9servez | Stripteaseur Barcelone - Espagne | Bestfiesta.es\" \/>\n<meta property=\"og:description\" content=\"R\u00e9servez - Stripteaseur Barcelone. Demandes avec une p\u00e9riode de 24 heures \u00e0 l\u2019avance pour louer un spectacle de Stripteaseur \u00e0 Barcelone.\" \/>\n<meta property=\"og:url\" content=\"https:\/\/bestfiesta.es\/fr\/spectacles\/strip-tease\/stripteaseur\/barcelone\/\" \/>\n<meta property=\"og:site_name\" content=\"BestFiesta\" \/>\n<meta property=\"article:publisher\" content=\"https:\/\/www.facebook.com\/BestFiesta.es\/\" \/>\n<meta property=\"article:modified_time\" content=\"2026-01-29T09:40:04+00:00\" \/>\n<meta property=\"og:image\" content=\"https:\/\/bestfiesta.es\/wp-content\/uploads\/2022\/11\/Stripteaseur.jpg\" \/>\n\t<meta property=\"og:image:width\" content=\"550\" \/>\n\t<meta property=\"og:image:height\" content=\"286\" \/>\n\t<meta property=\"og:image:type\" content=\"image\/jpeg\" \/>\n<meta name=\"twitter:card\" content=\"summary_large_image\" \/>\n<meta name=\"twitter:label1\" content=\"Dur\u00e9e de lecture estim\u00e9e\" \/>\n\t<meta name=\"twitter:data1\" content=\"1 minute\" \/>\n<script type=\"application\/ld+json\" class=\"yoast-schema-graph\">{\"@context\":\"https:\\\/\\\/schema.org\",\"@graph\":[{\"@type\":\"WebPage\",\"@id\":\"https:\\\/\\\/bestfiesta.es\\\/fr\\\/spectacles\\\/strip-tease\\\/stripteaseur\\\/barcelone\\\/\",\"url\":\"https:\\\/\\\/bestfiesta.es\\\/fr\\\/spectacles\\\/strip-tease\\\/stripteaseur\\\/barcelone\\\/\",\"name\":\"R\u00e9servez | Stripteaseur Barcelone - Espagne | Bestfiesta.es\",\"isPartOf\":{\"@id\":\"https:\\\/\\\/bestfiesta.es\\\/fr\\\/#website\"},\"primaryImageOfPage\":{\"@id\":\"https:\\\/\\\/bestfiesta.es\\\/fr\\\/spectacles\\\/strip-tease\\\/stripteaseur\\\/barcelone\\\/#primaryimage\"},\"image\":{\"@id\":\"https:\\\/\\\/bestfiesta.es\\\/fr\\\/spectacles\\\/strip-tease\\\/stripteaseur\\\/barcelone\\\/#primaryimage\"},\"thumbnailUrl\":\"https:\\\/\\\/bestfiesta.es\\\/wp-content\\\/uploads\\\/2022\\\/11\\\/Stripteaseur.jpg\",\"datePublished\":\"2022-07-28T10:46:19+00:00\",\"dateModified\":\"2026-01-29T09:40:04+00:00\",\"description\":\"R\u00e9servez - Stripteaseur Barcelone. Demandes avec une p\u00e9riode de 24 heures \u00e0 l\u2019avance pour louer un spectacle de Stripteaseur \u00e0 Barcelone.\",\"breadcrumb\":{\"@id\":\"https:\\\/\\\/bestfiesta.es\\\/fr\\\/spectacles\\\/strip-tease\\\/stripteaseur\\\/barcelone\\\/#breadcrumb\"},\"inLanguage\":\"fr-FR\",\"potentialAction\":[{\"@type\":\"ReadAction\",\"target\":[\"https:\\\/\\\/bestfiesta.es\\\/fr\\\/spectacles\\\/strip-tease\\\/stripteaseur\\\/barcelone\\\/\"]}]},{\"@type\":\"ImageObject\",\"inLanguage\":\"fr-FR\",\"@id\":\"https:\\\/\\\/bestfiesta.es\\\/fr\\\/spectacles\\\/strip-tease\\\/stripteaseur\\\/barcelone\\\/#primaryimage\",\"url\":\"https:\\\/\\\/bestfiesta.es\\\/wp-content\\\/uploads\\\/2022\\\/11\\\/Stripteaseur.jpg\",\"contentUrl\":\"https:\\\/\\\/bestfiesta.es\\\/wp-content\\\/uploads\\\/2022\\\/11\\\/Stripteaseur.jpg\",\"width\":550,\"height\":286,\"caption\":\"Stripteaseur\"},{\"@type\":\"BreadcrumbList\",\"@id\":\"https:\\\/\\\/bestfiesta.es\\\/fr\\\/spectacles\\\/strip-tease\\\/stripteaseur\\\/barcelone\\\/#breadcrumb\",\"itemListElement\":[{\"@type\":\"ListItem\",\"position\":1,\"name\":\"Home\",\"item\":\"https:\\\/\\\/bestfiesta.es\\\/fr\\\/\"},{\"@type\":\"ListItem\",\"position\":2,\"name\":\"Spectacles\",\"item\":\"https:\\\/\\\/bestfiesta.es\\\/fr\\\/spectacles\\\/\"},{\"@type\":\"ListItem\",\"position\":3,\"name\":\"Strip-tease\",\"item\":\"https:\\\/\\\/bestfiesta.es\\\/fr\\\/spectacles\\\/strip-tease\\\/\"},{\"@type\":\"ListItem\",\"position\":4,\"name\":\"Stripteaseur\",\"item\":\"https:\\\/\\\/bestfiesta.es\\\/fr\\\/spectacles\\\/strip-tease\\\/stripteaseur\\\/\"},{\"@type\":\"ListItem\",\"position\":5,\"name\":\"Stripteaseur Barcelone\"}]},{\"@type\":\"WebSite\",\"@id\":\"https:\\\/\\\/bestfiesta.es\\\/fr\\\/#website\",\"url\":\"https:\\\/\\\/bestfiesta.es\\\/fr\\\/\",\"name\":\"BestFiesta\",\"description\":\"Organizaci\u00f3n de despedidas, packs para despedidas, etc\",\"publisher\":{\"@id\":\"https:\\\/\\\/bestfiesta.es\\\/fr\\\/#organization\"},\"potentialAction\":[{\"@type\":\"SearchAction\",\"target\":{\"@type\":\"EntryPoint\",\"urlTemplate\":\"https:\\\/\\\/bestfiesta.es\\\/fr\\\/?s={search_term_string}\"},\"query-input\":{\"@type\":\"PropertyValueSpecification\",\"valueRequired\":true,\"valueName\":\"search_term_string\"}}],\"inLanguage\":\"fr-FR\"},{\"@type\":\"Organization\",\"@id\":\"https:\\\/\\\/bestfiesta.es\\\/fr\\\/#organization\",\"name\":\"BestFiesta\",\"url\":\"https:\\\/\\\/bestfiesta.es\\\/fr\\\/\",\"logo\":{\"@type\":\"ImageObject\",\"inLanguage\":\"fr-FR\",\"@id\":\"https:\\\/\\\/bestfiesta.es\\\/fr\\\/#\\\/schema\\\/logo\\\/image\\\/\",\"url\":\"https:\\\/\\\/bestfiesta.es\\\/wp-content\\\/uploads\\\/2020\\\/06\\\/BestFiesta.png\",\"contentUrl\":\"https:\\\/\\\/bestfiesta.es\\\/wp-content\\\/uploads\\\/2020\\\/06\\\/BestFiesta.png\",\"width\":180,\"height\":153,\"caption\":\"BestFiesta\"},\"image\":{\"@id\":\"https:\\\/\\\/bestfiesta.es\\\/fr\\\/#\\\/schema\\\/logo\\\/image\\\/\"},\"sameAs\":[\"https:\\\/\\\/www.facebook.com\\\/BestFiesta.es\\\/\"]}]}<\/script>\n<!-- \/ Yoast SEO plugin. -->","yoast_head_json":{"title":"R\u00e9servez | Stripteaseur Barcelone - Espagne | Bestfiesta.es","description":"R\u00e9servez - Stripteaseur Barcelone. Demandes avec une p\u00e9riode de 24 heures \u00e0 l\u2019avance pour louer un spectacle de Stripteaseur \u00e0 Barcelone.","robots":{"index":"index","follow":"follow","max-snippet":"max-snippet:-1","max-image-preview":"max-image-preview:large","max-video-preview":"max-video-preview:-1"},"canonical":"https:\/\/bestfiesta.es\/fr\/spectacles\/strip-tease\/stripteaseur\/barcelone\/","og_locale":"fr_FR","og_type":"article","og_title":"R\u00e9servez | Stripteaseur Barcelone - Espagne | Bestfiesta.es","og_description":"R\u00e9servez - Stripteaseur Barcelone. Demandes avec une p\u00e9riode de 24 heures \u00e0 l\u2019avance pour louer un spectacle de Stripteaseur \u00e0 Barcelone.","og_url":"https:\/\/bestfiesta.es\/fr\/spectacles\/strip-tease\/stripteaseur\/barcelone\/","og_site_name":"BestFiesta","article_publisher":"https:\/\/www.facebook.com\/BestFiesta.es\/","article_modified_time":"2026-01-29T09:40:04+00:00","og_image":[{"width":550,"height":286,"url":"https:\/\/bestfiesta.es\/wp-content\/uploads\/2022\/11\/Stripteaseur.jpg","type":"image\/jpeg"}],"twitter_card":"summary_large_image","twitter_misc":{"Dur\u00e9e de lecture estim\u00e9e":"1 minute"},"schema":{"@context":"https:\/\/schema.org","@graph":[{"@type":"WebPage","@id":"https:\/\/bestfiesta.es\/fr\/spectacles\/strip-tease\/stripteaseur\/barcelone\/","url":"https:\/\/bestfiesta.es\/fr\/spectacles\/strip-tease\/stripteaseur\/barcelone\/","name":"R\u00e9servez | Stripteaseur Barcelone - Espagne | Bestfiesta.es","isPartOf":{"@id":"https:\/\/bestfiesta.es\/fr\/#website"},"primaryImageOfPage":{"@id":"https:\/\/bestfiesta.es\/fr\/spectacles\/strip-tease\/stripteaseur\/barcelone\/#primaryimage"},"image":{"@id":"https:\/\/bestfiesta.es\/fr\/spectacles\/strip-tease\/stripteaseur\/barcelone\/#primaryimage"},"thumbnailUrl":"https:\/\/bestfiesta.es\/wp-content\/uploads\/2022\/11\/Stripteaseur.jpg","datePublished":"2022-07-28T10:46:19+00:00","dateModified":"2026-01-29T09:40:04+00:00","description":"R\u00e9servez - Stripteaseur Barcelone. Demandes avec une p\u00e9riode de 24 heures \u00e0 l\u2019avance pour louer un spectacle de Stripteaseur \u00e0 Barcelone.","breadcrumb":{"@id":"https:\/\/bestfiesta.es\/fr\/spectacles\/strip-tease\/stripteaseur\/barcelone\/#breadcrumb"},"inLanguage":"fr-FR","potentialAction":[{"@type":"ReadAction","target":["https:\/\/bestfiesta.es\/fr\/spectacles\/strip-tease\/stripteaseur\/barcelone\/"]}]},{"@type":"ImageObject","inLanguage":"fr-FR","@id":"https:\/\/bestfiesta.es\/fr\/spectacles\/strip-tease\/stripteaseur\/barcelone\/#primaryimage","url":"https:\/\/bestfiesta.es\/wp-content\/uploads\/2022\/11\/Stripteaseur.jpg","contentUrl":"https:\/\/bestfiesta.es\/wp-content\/uploads\/2022\/11\/Stripteaseur.jpg","width":550,"height":286,"caption":"Stripteaseur"},{"@type":"BreadcrumbList","@id":"https:\/\/bestfiesta.es\/fr\/spectacles\/strip-tease\/stripteaseur\/barcelone\/#breadcrumb","itemListElement":[{"@type":"ListItem","position":1,"name":"Home","item":"https:\/\/bestfiesta.es\/fr\/"},{"@type":"ListItem","position":2,"name":"Spectacles","item":"https:\/\/bestfiesta.es\/fr\/spectacles\/"},{"@type":"ListItem","position":3,"name":"Strip-tease","item":"https:\/\/bestfiesta.es\/fr\/spectacles\/strip-tease\/"},{"@type":"ListItem","position":4,"name":"Stripteaseur","item":"https:\/\/bestfiesta.es\/fr\/spectacles\/strip-tease\/stripteaseur\/"},{"@type":"ListItem","position":5,"name":"Stripteaseur Barcelone"}]},{"@type":"WebSite","@id":"https:\/\/bestfiesta.es\/fr\/#website","url":"https:\/\/bestfiesta.es\/fr\/","name":"BestFiesta","description":"Organizaci\u00f3n de despedidas, packs para despedidas, etc","publisher":{"@id":"https:\/\/bestfiesta.es\/fr\/#organization"},"potentialAction":[{"@type":"SearchAction","target":{"@type":"EntryPoint","urlTemplate":"https:\/\/bestfiesta.es\/fr\/?s={search_term_string}"},"query-input":{"@type":"PropertyValueSpecification","valueRequired":true,"valueName":"search_term_string"}}],"inLanguage":"fr-FR"},{"@type":"Organization","@id":"https:\/\/bestfiesta.es\/fr\/#organization","name":"BestFiesta","url":"https:\/\/bestfiesta.es\/fr\/","logo":{"@type":"ImageObject","inLanguage":"fr-FR","@id":"https:\/\/bestfiesta.es\/fr\/#\/schema\/logo\/image\/","url":"https:\/\/bestfiesta.es\/wp-content\/uploads\/2020\/06\/BestFiesta.png","contentUrl":"https:\/\/bestfiesta.es\/wp-content\/uploads\/2020\/06\/BestFiesta.png","width":180,"height":153,"caption":"BestFiesta"},"image":{"@id":"https:\/\/bestfiesta.es\/fr\/#\/schema\/logo\/image\/"},"sameAs":["https:\/\/www.facebook.com\/BestFiesta.es\/"]}]}},"_links":{"self":[{"href":"https:\/\/bestfiesta.es\/fr\/wp-json\/wp\/v2\/pages\/13775","targetHints":{"allow":["GET"]}}],"collection":[{"href":"https:\/\/bestfiesta.es\/fr\/wp-json\/wp\/v2\/pages"}],"about":[{"href":"https:\/\/bestfiesta.es\/fr\/wp-json\/wp\/v2\/types\/page"}],"author":[{"embeddable":true,"href":"https:\/\/bestfiesta.es\/fr\/wp-json\/wp\/v2\/users\/1"}],"replies":[{"embeddable":true,"href":"https:\/\/bestfiesta.es\/fr\/wp-json\/wp\/v2\/comments?post=13775"}],"version-history":[{"count":11,"href":"https:\/\/bestfiesta.es\/fr\/wp-json\/wp\/v2\/pages\/13775\/revisions"}],"predecessor-version":[{"id":22802,"href":"https:\/\/bestfiesta.es\/fr\/wp-json\/wp\/v2\/pages\/13775\/revisions\/22802"}],"up":[{"embeddable":true,"href":"https:\/\/bestfiesta.es\/fr\/wp-json\/wp\/v2\/pages\/13764"}],"wp:featuredmedia":[{"embeddable":true,"href":"https:\/\/bestfiesta.es\/fr\/wp-json\/wp\/v2\/media\/14330"}],"wp:attachment":[{"href":"https:\/\/bestfiesta.es\/fr\/wp-json\/wp\/v2\/media?parent=13775"}],"curies":[{"name":"wp","href":"https:\/\/api.w.org\/{rel}","templated":true}]}}