{"id":13800,"date":"2022-07-30T10:24:10","date_gmt":"2022-07-30T10:24:10","guid":{"rendered":"https:\/\/bestfiesta.es\/spectacles\/drag-queen\/"},"modified":"2022-11-12T11:03:37","modified_gmt":"2022-11-12T11:03:37","slug":"drag-queen","status":"publish","type":"page","link":"https:\/\/bestfiesta.es\/fr\/spectacles\/drag-queen\/","title":{"rendered":"Drag Queen"},"content":{"rendered":"<div class=\"wpb-content-wrapper\"><p>[vc_row][vc_column][vc_separator color=\u00a0\u00bbsandy_brown\u00a0\u00bb][vc_raw_html]JTNDaDIlMjBzdHlsZSUzRCUyMnRleHQtYWxpZ24lM0ElMjBjZW50ZXIlM0IlMjIlM0VWJUMzJUE5cmlmaWVyJTIwbGElMjBkaXNwb25pYmlsaXQlQzMlQTklMjBwb3VyJTIwciVDMyVBOXNlcnZlciUzQyUyRmgyJTNFJTBBJTNDcCUyMHN0eWxlJTNEJTIydGV4dC1hbGlnbiUzQSUyMGNlbnRlciUzQiUyMiUzRVBvdXIlMjBkZXMlMjByYWlzb25zJTIwZCUyN29yZ2FuaXNhdGlvbiUyQyUyMGxlcyUyMGRlbWFuZGVzJTIwZGUlMjByJUMzJUE5c2VydmF0aW9uJTIwbmUlMjBzb250JTIwYWNjZXB0JUMzJUE5ZXMlMjBxdWUlMjAyNCUyMGhldXJlcyUyMCVDMyVBMCUyMGwlMjdhdmFuY2UuJTIwVG91dGVmb2lzJTJDJTIwbGElMjBkaXNwb25pYmlsaXQlQzMlQTklMjBuJTI3ZXN0JTIwcGFzJTIwZ2FyYW50aWUuJTIwSWwlMjBlc3QlMjByZWNvbW1hbmQlQzMlQTklMjBkZSUyMHYlQzMlQTlyaWZpZXIlMjBsYSUyMGRpc3BvbmliaWxpdCVDMyVBOSUyMCVDMyVBMCUyMGwlMjdhdmFuY2UuJTIwUmVtcGxpc3NleiUyMGxlJTIwZm9ybXVsYWlyZSUyMHN1aXZhbnQlMjBldCUyMHJlY2V2ZXolMjBwbHVzJTIwZCUyN2luZm9ybWF0aW9ucyUyMHN1ciUyMGxlJTIwc3BlY3RhY2xlLiUyMFNwZWN0YWNsZSUyMGRlJTIwRHJhZyUyMFF1ZWVuJTIwcG91ciUyMEVWRyUyQyUyMEVWSkYlMkMlMjBhbm5pdmVyc2FpcmVzJTIwb3UlMjBhdXRyZXMlMjAlQzMlQTl2JUMzJUE5bmVtZW50cyUyQ2VuJTIwRXNwYWduZS4lM0MlMkZwJTNF[\/vc_raw_html][\/vc_column][\/vc_row][vc_row][vc_column]\n<div class=\"wpcf7 no-js\" id=\"wpcf7-f14473-o1\" lang=\"es-ES\" dir=\"ltr\" data-wpcf7-id=\"14473\">\n<div class=\"screen-reader-response\"><p role=\"status\" aria-live=\"polite\" aria-atomic=\"true\"><\/p> <ul><\/ul><\/div>\n<form action=\"\/fr\/wp-json\/wp\/v2\/pages\/13800#wpcf7-f14473-o1\" method=\"post\" class=\"wpcf7-form init\" aria-label=\"Formulario de contacto\" novalidate=\"novalidate\" data-status=\"init\">\n<fieldset class=\"hidden-fields-container\"><input type=\"hidden\" name=\"_wpcf7\" value=\"14473\" \/><input type=\"hidden\" name=\"_wpcf7_version\" value=\"6.1.4\" \/><input type=\"hidden\" name=\"_wpcf7_locale\" value=\"es_ES\" \/><input type=\"hidden\" name=\"_wpcf7_unit_tag\" value=\"wpcf7-f14473-o1\" \/><input type=\"hidden\" name=\"_wpcf7_container_post\" value=\"0\" \/><input type=\"hidden\" name=\"_wpcf7_posted_data_hash\" value=\"\" \/><input type=\"hidden\" name=\"_wpcf7_recaptcha_response\" value=\"\" \/>\n<\/fieldset>\n<center>\n\t<div class=\"form group\">\n\t\t<p><label> Nom*<br \/>\n<span class=\"wpcf7-form-control-wrap\" data-name=\"name_st\"><input size=\"40\" maxlength=\"400\" class=\"wpcf7-form-control wpcf7-text wpcf7-validates-as-required\" aria-required=\"true\" aria-invalid=\"false\" value=\"\" type=\"text\" name=\"name_st\" \/><\/span><\/label>\n\t\t<\/p>\n\t<\/div>\n\t<div class=\"form group\">\n\t\t<p><label> N\u00ba de t\u00e9l\u00e9phone avec pr\u00e9fixe international (FR +33, CH +41, etc.)*<br \/>\n<span class=\"wpcf7-form-control-wrap\" data-name=\"tel_st\"><input size=\"40\" maxlength=\"400\" class=\"wpcf7-form-control wpcf7-text wpcf7-validates-as-required\" aria-required=\"true\" aria-invalid=\"false\" value=\"\" type=\"text\" name=\"tel_st\" \/><\/span> <\/label>\n\t\t<\/p>\n\t<\/div>\n\t<div class=\"form group\">\n\t\t<p><label> Email*<br \/>\n<span class=\"wpcf7-form-control-wrap\" data-name=\"email_st\"><input size=\"40\" maxlength=\"400\" class=\"wpcf7-form-control wpcf7-email wpcf7-validates-as-required wpcf7-text wpcf7-validates-as-email\" aria-required=\"true\" aria-invalid=\"false\" value=\"\" type=\"email\" name=\"email_st\" \/><\/span> <\/label>\n\t\t<\/p>\n\t<\/div>\n\t<div class=\"form group\">\n\t\t<p>S\u00e9lectionner la date:<br \/>\n<span class=\"wpcf7-form-control-wrap\" data-name=\"date\"><input class=\"wpcf7-form-control wpcf7-date wpcf7-validates-as-required wpcf7-validates-as-date\" id=\"fecha\" aria-required=\"true\" aria-invalid=\"false\" placeholder=\"Date*\" value=\"\" type=\"date\" name=\"date\" \/><\/span>\n\t\t<\/p>\n\t<\/div>\n\n\n\nHeure souhait\u00e9e:\n\t<p><span class=\"wpcf7-form-control-wrap\" data-name=\"horaaproximada\"><input size=\"40\" maxlength=\"400\" class=\"wpcf7-form-control wpcf7-text wpcf7-validates-as-required\" aria-required=\"true\" aria-invalid=\"false\" placeholder=\"Heure ou horaires approximatifs du spectacle\" value=\"\" type=\"text\" name=\"horaaproximada\" \/><\/span>\n\t<\/p>\n\t<p>Province\/R\u00e9gion:<br \/>\n<span class=\"wpcf7-form-control-wrap\" data-name=\"Ciudades-Provincias\"><select class=\"wpcf7-form-control wpcf7-select wpcf7-validates-as-required\" aria-required=\"true\" aria-invalid=\"false\" name=\"Ciudades-Provincias\"><option value=\"\">&#8212;Por favor, elige una opci\u00f3n&#8212;<\/option><option value=\"Alicante\">Alicante<\/option><option value=\"Alava\">Alava<\/option><option value=\"Albacete\">Albacete<\/option><option value=\"Almeria\">Almeria<\/option><option value=\"Asturias\">Asturias<\/option><option value=\"Avila\">Avila<\/option><option value=\"Badajoz\">Badajoz<\/option><option value=\"Barcelona\">Barcelona<\/option><option value=\"Vizcaya \u2013 Bilbao\">Vizcaya \u2013 Bilbao<\/option><option value=\"Burgos\">Burgos<\/option><option value=\"Caceres\">Caceres<\/option><option value=\"Cadiz\">Cadiz<\/option><option value=\"Cantabria\">Cantabria<\/option><option value=\"Castellon\">Castellon<\/option><option value=\"Ceuta y Melilla\">Ceuta y Melilla<\/option><option value=\"Ciudad Real\">Ciudad Real<\/option><option value=\"Cordoba\">Cordoba<\/option><option value=\"Coru\u00f1a\">Coru\u00f1a<\/option><option value=\"Cuenca\">Cuenca<\/option><option value=\"Guipuzcoa Donosti\">Guipuzcoa Donosti<\/option><option value=\"Girona \u2013 Costa Brava\">Girona \u2013 Costa Brava<\/option><option value=\"Granada\">Granada<\/option><option value=\"Guadalajara\">Guadalajara<\/option><option value=\"Huelva\">Huelva<\/option><option value=\"Huesca\">Huesca<\/option><option value=\"Ibiza\">Ibiza<\/option><option value=\"Jaen\">Jaen<\/option><option value=\"La Rioja \u2013 La Logro\u00f1o\">La Rioja \u2013 La Logro\u00f1o<\/option><option value=\"Gran Canarias (Las Palmas \u2013 Maspalomas)\">Gran Canarias (Las Palmas \u2013 Maspalomas)<\/option><option value=\"Leon\">Leon<\/option><option value=\"Lleida\">Lleida<\/option><option value=\"Lugo\">Lugo<\/option><option value=\"Madrid\">Madrid<\/option><option value=\"Malaga\">Malaga<\/option><option value=\"Mallorca \u2013 Palma\">Mallorca \u2013 Palma<\/option><option value=\"Murcia\">Murcia<\/option><option value=\"Navarra \u2013 Pamplona\">Navarra \u2013 Pamplona<\/option><option value=\"Ourense\">Ourense<\/option><option value=\"Palencia\">Palencia<\/option><option value=\"Pontevedra \u2013 Vigo\">Pontevedra \u2013 Vigo<\/option><option value=\"Salamanca\">Salamanca<\/option><option value=\"Tenerife\">Tenerife<\/option><option value=\"Segovia\">Segovia<\/option><option value=\"Sevilla\">Sevilla<\/option><option value=\"Soria\">Soria<\/option><option value=\"Tarragona \u2013 Salou\">Tarragona \u2013 Salou<\/option><option value=\"Teruel\">Teruel<\/option><option value=\"Toledo\">Toledo<\/option><option value=\"Valencia\">Valencia<\/option><option value=\"Valladolid\">Valladolid<\/option><option value=\"Zamora\">Zamora<\/option><option value=\"Zaragoza\">Zaragoza<\/option><\/select><\/span>\n\t<\/p>\n\t<p>Ville:<br \/>\n<span class=\"wpcf7-form-control-wrap\" data-name=\"ciudad\"><input size=\"40\" maxlength=\"400\" class=\"wpcf7-form-control wpcf7-text wpcf7-validates-as-required\" aria-required=\"true\" aria-invalid=\"false\" placeholder=\"Exemple: Indiquez la ville ou le village\" value=\"\" type=\"text\" name=\"ciudad\" \/><\/span>\n\t<\/p>\n\t<p>Lieu de l\u2019\u00e9v\u00e9nement:<br \/>\n<span class=\"wpcf7-form-control-wrap\" data-name=\"Lugardelevento\"><input size=\"40\" maxlength=\"400\" class=\"wpcf7-form-control wpcf7-text wpcf7-validates-as-required\" aria-required=\"true\" aria-invalid=\"false\" placeholder=\"Exemple : Villa, appartement de vacances, h\u00f4tel, etc.\" value=\"\" type=\"text\" name=\"Lugardelevento\" \/><\/span>\n\t<\/p>\n\t<p>Adresse exacte:<br \/>\n<span class=\"wpcf7-form-control-wrap\" data-name=\"Direccinexacta\"><input size=\"40\" maxlength=\"400\" class=\"wpcf7-form-control wpcf7-text\" aria-invalid=\"false\" value=\"\" type=\"text\" name=\"Direccinexacta\" \/><\/span>\n\t<\/p>\n\t<p>Type de c\u00e9l\u00e9bration:<br \/>\n<span class=\"wpcf7-form-control-wrap\" data-name=\"tipodecelebracion\"><input size=\"40\" maxlength=\"400\" class=\"wpcf7-form-control wpcf7-text\" aria-invalid=\"false\" placeholder=\"Exemple : EVG, anniversaire d\u2019un ami, etc.\" value=\"\" type=\"text\" name=\"tipodecelebracion\" \/><\/span>\n\t<\/p>\n\t<p>Participants:<br \/>\n<span class=\"wpcf7-form-control-wrap\" data-name=\"menu\"><select class=\"wpcf7-form-control wpcf7-select\" aria-invalid=\"false\" name=\"menu\"><option value=\"4\">4<\/option><option value=\"5\">5<\/option><option value=\"6\">6<\/option><option value=\"7\">7<\/option><option value=\"8\">8<\/option><option value=\"9\">9<\/option><option value=\"10\">10<\/option><option value=\"11\">11<\/option><option value=\"12\">12<\/option><option value=\"13\">13<\/option><option value=\"14\">14<\/option><option value=\"15\">15<\/option><option value=\"16\">16<\/option><option value=\"17\">17<\/option><option value=\"18\">18<\/option><option value=\"19\">19<\/option><option value=\"20\">20<\/option><option value=\"21\">21<\/option><option value=\"22\">22<\/option><option value=\"23\">23<\/option><option value=\"24\">24<\/option><option value=\"+ de 25\">+ de 25<\/option><\/select><\/span>\n\t<\/p>\n\t<p>Nous sommes un groupe de: <span class=\"wpcf7-form-control-wrap\" data-name=\"grupode\"><span class=\"wpcf7-form-control wpcf7-radio\"><span class=\"wpcf7-list-item first\"><span class=\"wpcf7-list-item-label\">Gars<\/span><input type=\"radio\" name=\"grupode\" value=\"Gars\" checked=\"checked\" \/><\/span><span class=\"wpcf7-list-item\"><span class=\"wpcf7-list-item-label\">Filles<\/span><input type=\"radio\" name=\"grupode\" value=\"Filles\" \/><\/span><span class=\"wpcf7-list-item last\"><span class=\"wpcf7-list-item-label\">Les deux<\/span><input type=\"radio\" name=\"grupode\" value=\"Les deux\" \/><\/span><\/span><\/span>\n\t<\/p>\n\t<p><span class=\"wpcf7-form-control-wrap\" data-name=\"requisitos\"><input size=\"40\" maxlength=\"400\" class=\"wpcf7-form-control wpcf7-text\" aria-invalid=\"false\" placeholder=\"Questions ou commentaires sur l\u2019\u00e9v\u00e9nement\" value=\"\" type=\"text\" name=\"requisitos\" \/><\/span>\n\t<\/p>\n\t<div class=\"form-group\">\n\t\t<p><input type=\"hidden\" name=\"type_services\" value=\"\" \/><input type=\"hidden\" name=\"title_service\" value=\"Drag Queen\" \/><input type=\"hidden\" name=\"mail_partner\" value=\"info@bestfiesta.es\" \/>\n\t\t<\/p>\n\t<\/div>\n\t<p><span class=\"wpcf7-form-control-wrap\" data-name=\"checkbox\"><span class=\"wpcf7-form-control wpcf7-checkbox\"><\/span><\/span><br \/>\n<span class=\"wpcf7-form-control-wrap\" data-name=\"acceptance-185\"><span class=\"wpcf7-form-control wpcf7-acceptance\"><span class=\"wpcf7-list-item\"><input type=\"checkbox\" name=\"acceptance-185\" value=\"1\" aria-invalid=\"false\" \/><\/span><\/span><\/span>\u25ba J'ai lu et accepte le <a target=\"blank\" href=\"https:\/\/bestfiesta.es\/fr\/politique-de-confidentialite\/\"><strong><u>Politique de confidentialite<\/u><\/strong> et les <\/a><a target=\"blank\" href=\" https:\/\/bestfiesta.es\/fr\/termes-et-conditions\/\"><strong><u>Termes et conditions<\/u><\/strong><\/a>.<br \/>\n<!-- Mailchimp for WordPress v4.12.2 - https:\/\/www.mc4wp.com\/ --><input type=\"hidden\" name=\"_mc4wp_subscribe_contact-form-7\" value=\"0\" \/><span class=\"mc4wp-checkbox mc4wp-checkbox-contact-form-7 \"><label><input type=\"checkbox\" name=\"_mc4wp_subscribe_contact-form-7\" value=\"1\" ><span>\u25ba<\/span><\/label><\/span><!-- \/ Mailchimp for WordPress --> Oui, je souhaite recevoir les derni\u00e8res offres dans mon email.\n\t<\/p>\n\t<p class=\"text-center\"><input class=\"wpcf7-form-control wpcf7-submit has-spinner btn btn-primary btn-green upper font-small\" type=\"submit\" value=\"ENVOYER\" \/>\n\t<\/p>\n<\/center><div class=\"wpcf7-response-output\" aria-hidden=\"true\"><\/div>\n<\/form>\n<\/div>\n[\/vc_column][\/vc_row][vc_row][vc_column][vc_separator color=\u00a0\u00bbsandy_brown\u00a0\u00bb][\/vc_column][\/vc_row]<\/p>\n<\/div>","protected":false},"excerpt":{"rendered":"<p>[vc_row][vc_column][vc_separator color=\u00a0\u00bbsandy_brown\u00a0\u00bb][vc_raw_html]JTNDaDIlMjBzdHlsZSUzRCUyMnRleHQtYWxpZ24lM0ElMjBjZW50ZXIlM0IlMjIlM0VWJUMzJUE5cmlmaWVyJTIwbGElMjBkaXNwb25pYmlsaXQlQzMlQTklMjBwb3VyJTIwciVDMyVBOXNlcnZlciUzQyUyRmgyJTNFJTBBJTNDcCUyMHN0eWxlJTNEJTIydGV4dC1hbGlnbiUzQSUyMGNlbnRlciUzQiUyMiUzRVBvdXIlMjBkZXMlMjByYWlzb25zJTIwZCUyN29yZ2FuaXNhdGlvbiUyQyUyMGxlcyUyMGRlbWFuZGVzJTIwZGUlMjByJUMzJUE5c2VydmF0aW9uJTIwbmUlMjBzb250JTIwYWNjZXB0JUMzJUE5ZXMlMjBxdWUlMjAyNCUyMGhldXJlcyUyMCVDMyVBMCUyMGwlMjdhdmFuY2UuJTIwVG91dGVmb2lzJTJDJTIwbGElMjBkaXNwb25pYmlsaXQlQzMlQTklMjBuJTI3ZXN0JTIwcGFzJTIwZ2FyYW50aWUuJTIwSWwlMjBlc3QlMjByZWNvbW1hbmQlQzMlQTklMjBkZSUyMHYlQzMlQTlyaWZpZXIlMjBsYSUyMGRpc3BvbmliaWxpdCVDMyVBOSUyMCVDMyVBMCUyMGwlMjdhdmFuY2UuJTIwUmVtcGxpc3NleiUyMGxlJTIwZm9ybXVsYWlyZSUyMHN1aXZhbnQlMjBldCUyMHJlY2V2ZXolMjBwbHVzJTIwZCUyN2luZm9ybWF0aW9ucyUyMHN1ciUyMGxlJTIwc3BlY3RhY2xlLiUyMFNwZWN0YWNsZSUyMGRlJTIwRHJhZyUyMFF1ZWVuJTIwcG91ciUyMEVWRyUyQyUyMEVWSkYlMkMlMjBhbm5pdmVyc2FpcmVzJTIwb3UlMjBhdXRyZXMlMjAlQzMlQTl2JUMzJUE5bmVtZW50cyUyQ2VuJTIwRXNwYWduZS4lM0MlMkZwJTNF[\/vc_raw_html][\/vc_column][\/vc_row][vc_row][vc_column][\/vc_column][\/vc_row][vc_row][vc_column][vc_separator color=\u00a0\u00bbsandy_brown\u00a0\u00bb][\/vc_column][\/vc_row]<\/p>\n","protected":false},"author":1,"featured_media":14479,"parent":13673,"menu_order":0,"comment_status":"closed","ping_status":"closed","template":"template-home-modern.php","meta":{"footnotes":""},"class_list":["post-13800","page","type-page","status-publish","has-post-thumbnail","hentry"],"yoast_head":"<!-- This site is optimized with the Yoast SEO plugin v27.4 - https:\/\/yoast.com\/product\/yoast-seo-wordpress\/ -->\n<title>Spectacle Drag Queen en Espagne | Bestfiesta.es<\/title>\n<meta name=\"description\" content=\"R\u00e9server le spectacle Drag Queen en Espagne. Choisissez la ville: Barcelone, Palma de Majorque, Ibiza, Grande Canarie, Madrid, Tenerife, etc.\" \/>\n<meta name=\"robots\" content=\"index, follow, max-snippet:-1, max-image-preview:large, max-video-preview:-1\" \/>\n<link rel=\"canonical\" href=\"https:\/\/bestfiesta.es\/fr\/spectacles\/drag-queen\/\" \/>\n<meta property=\"og:locale\" content=\"fr_FR\" \/>\n<meta property=\"og:type\" content=\"article\" \/>\n<meta property=\"og:title\" content=\"Spectacle Drag Queen en Espagne | Bestfiesta.es\" \/>\n<meta property=\"og:description\" content=\"R\u00e9server le spectacle Drag Queen en Espagne. Choisissez la ville: Barcelone, Palma de Majorque, Ibiza, Grande Canarie, Madrid, Tenerife, etc.\" \/>\n<meta property=\"og:url\" content=\"https:\/\/bestfiesta.es\/fr\/spectacles\/drag-queen\/\" \/>\n<meta property=\"og:site_name\" content=\"BestFiesta\" \/>\n<meta property=\"article:publisher\" content=\"https:\/\/www.facebook.com\/BestFiesta.es\/\" \/>\n<meta property=\"article:modified_time\" content=\"2022-11-12T11:03:37+00:00\" \/>\n<meta property=\"og:image\" content=\"https:\/\/bestfiesta.es\/wp-content\/uploads\/2022\/11\/drag-queen-espagne.jpg\" \/>\n\t<meta property=\"og:image:width\" content=\"500\" \/>\n\t<meta property=\"og:image:height\" content=\"375\" \/>\n\t<meta property=\"og:image:type\" content=\"image\/jpeg\" \/>\n<meta name=\"twitter:card\" content=\"summary_large_image\" \/>\n<meta name=\"twitter:label1\" content=\"Dur\u00e9e de lecture estim\u00e9e\" \/>\n\t<meta name=\"twitter:data1\" content=\"1 minute\" \/>\n<script type=\"application\/ld+json\" class=\"yoast-schema-graph\">{\"@context\":\"https:\\\/\\\/schema.org\",\"@graph\":[{\"@type\":\"WebPage\",\"@id\":\"https:\\\/\\\/bestfiesta.es\\\/fr\\\/spectacles\\\/drag-queen\\\/\",\"url\":\"https:\\\/\\\/bestfiesta.es\\\/fr\\\/spectacles\\\/drag-queen\\\/\",\"name\":\"Spectacle Drag Queen en Espagne | Bestfiesta.es\",\"isPartOf\":{\"@id\":\"https:\\\/\\\/bestfiesta.es\\\/fr\\\/#website\"},\"primaryImageOfPage\":{\"@id\":\"https:\\\/\\\/bestfiesta.es\\\/fr\\\/spectacles\\\/drag-queen\\\/#primaryimage\"},\"image\":{\"@id\":\"https:\\\/\\\/bestfiesta.es\\\/fr\\\/spectacles\\\/drag-queen\\\/#primaryimage\"},\"thumbnailUrl\":\"https:\\\/\\\/bestfiesta.es\\\/wp-content\\\/uploads\\\/2022\\\/11\\\/drag-queen-espagne.jpg\",\"datePublished\":\"2022-07-30T10:24:10+00:00\",\"dateModified\":\"2022-11-12T11:03:37+00:00\",\"description\":\"R\u00e9server le spectacle Drag Queen en Espagne. Choisissez la ville: Barcelone, Palma de Majorque, Ibiza, Grande Canarie, Madrid, Tenerife, etc.\",\"breadcrumb\":{\"@id\":\"https:\\\/\\\/bestfiesta.es\\\/fr\\\/spectacles\\\/drag-queen\\\/#breadcrumb\"},\"inLanguage\":\"fr-FR\",\"potentialAction\":[{\"@type\":\"ReadAction\",\"target\":[\"https:\\\/\\\/bestfiesta.es\\\/fr\\\/spectacles\\\/drag-queen\\\/\"]}]},{\"@type\":\"ImageObject\",\"inLanguage\":\"fr-FR\",\"@id\":\"https:\\\/\\\/bestfiesta.es\\\/fr\\\/spectacles\\\/drag-queen\\\/#primaryimage\",\"url\":\"https:\\\/\\\/bestfiesta.es\\\/wp-content\\\/uploads\\\/2022\\\/11\\\/drag-queen-espagne.jpg\",\"contentUrl\":\"https:\\\/\\\/bestfiesta.es\\\/wp-content\\\/uploads\\\/2022\\\/11\\\/drag-queen-espagne.jpg\",\"width\":500,\"height\":375,\"caption\":\"drag queen espagne\"},{\"@type\":\"BreadcrumbList\",\"@id\":\"https:\\\/\\\/bestfiesta.es\\\/fr\\\/spectacles\\\/drag-queen\\\/#breadcrumb\",\"itemListElement\":[{\"@type\":\"ListItem\",\"position\":1,\"name\":\"Home\",\"item\":\"https:\\\/\\\/bestfiesta.es\\\/fr\\\/\"},{\"@type\":\"ListItem\",\"position\":2,\"name\":\"Spectacles\",\"item\":\"https:\\\/\\\/bestfiesta.es\\\/fr\\\/spectacles\\\/\"},{\"@type\":\"ListItem\",\"position\":3,\"name\":\"Drag Queen\"}]},{\"@type\":\"WebSite\",\"@id\":\"https:\\\/\\\/bestfiesta.es\\\/fr\\\/#website\",\"url\":\"https:\\\/\\\/bestfiesta.es\\\/fr\\\/\",\"name\":\"BestFiesta\",\"description\":\"Organizaci\u00f3n de despedidas, packs para despedidas, etc\",\"publisher\":{\"@id\":\"https:\\\/\\\/bestfiesta.es\\\/fr\\\/#organization\"},\"potentialAction\":[{\"@type\":\"SearchAction\",\"target\":{\"@type\":\"EntryPoint\",\"urlTemplate\":\"https:\\\/\\\/bestfiesta.es\\\/fr\\\/?s={search_term_string}\"},\"query-input\":{\"@type\":\"PropertyValueSpecification\",\"valueRequired\":true,\"valueName\":\"search_term_string\"}}],\"inLanguage\":\"fr-FR\"},{\"@type\":\"Organization\",\"@id\":\"https:\\\/\\\/bestfiesta.es\\\/fr\\\/#organization\",\"name\":\"BestFiesta\",\"url\":\"https:\\\/\\\/bestfiesta.es\\\/fr\\\/\",\"logo\":{\"@type\":\"ImageObject\",\"inLanguage\":\"fr-FR\",\"@id\":\"https:\\\/\\\/bestfiesta.es\\\/fr\\\/#\\\/schema\\\/logo\\\/image\\\/\",\"url\":\"https:\\\/\\\/bestfiesta.es\\\/wp-content\\\/uploads\\\/2020\\\/06\\\/BestFiesta.png\",\"contentUrl\":\"https:\\\/\\\/bestfiesta.es\\\/wp-content\\\/uploads\\\/2020\\\/06\\\/BestFiesta.png\",\"width\":180,\"height\":153,\"caption\":\"BestFiesta\"},\"image\":{\"@id\":\"https:\\\/\\\/bestfiesta.es\\\/fr\\\/#\\\/schema\\\/logo\\\/image\\\/\"},\"sameAs\":[\"https:\\\/\\\/www.facebook.com\\\/BestFiesta.es\\\/\"]}]}<\/script>\n<!-- \/ Yoast SEO plugin. -->","yoast_head_json":{"title":"Spectacle Drag Queen en Espagne | Bestfiesta.es","description":"R\u00e9server le spectacle Drag Queen en Espagne. Choisissez la ville: Barcelone, Palma de Majorque, Ibiza, Grande Canarie, Madrid, Tenerife, etc.","robots":{"index":"index","follow":"follow","max-snippet":"max-snippet:-1","max-image-preview":"max-image-preview:large","max-video-preview":"max-video-preview:-1"},"canonical":"https:\/\/bestfiesta.es\/fr\/spectacles\/drag-queen\/","og_locale":"fr_FR","og_type":"article","og_title":"Spectacle Drag Queen en Espagne | Bestfiesta.es","og_description":"R\u00e9server le spectacle Drag Queen en Espagne. Choisissez la ville: Barcelone, Palma de Majorque, Ibiza, Grande Canarie, Madrid, Tenerife, etc.","og_url":"https:\/\/bestfiesta.es\/fr\/spectacles\/drag-queen\/","og_site_name":"BestFiesta","article_publisher":"https:\/\/www.facebook.com\/BestFiesta.es\/","article_modified_time":"2022-11-12T11:03:37+00:00","og_image":[{"width":500,"height":375,"url":"https:\/\/bestfiesta.es\/wp-content\/uploads\/2022\/11\/drag-queen-espagne.jpg","type":"image\/jpeg"}],"twitter_card":"summary_large_image","twitter_misc":{"Dur\u00e9e de lecture estim\u00e9e":"1 minute"},"schema":{"@context":"https:\/\/schema.org","@graph":[{"@type":"WebPage","@id":"https:\/\/bestfiesta.es\/fr\/spectacles\/drag-queen\/","url":"https:\/\/bestfiesta.es\/fr\/spectacles\/drag-queen\/","name":"Spectacle Drag Queen en Espagne | Bestfiesta.es","isPartOf":{"@id":"https:\/\/bestfiesta.es\/fr\/#website"},"primaryImageOfPage":{"@id":"https:\/\/bestfiesta.es\/fr\/spectacles\/drag-queen\/#primaryimage"},"image":{"@id":"https:\/\/bestfiesta.es\/fr\/spectacles\/drag-queen\/#primaryimage"},"thumbnailUrl":"https:\/\/bestfiesta.es\/wp-content\/uploads\/2022\/11\/drag-queen-espagne.jpg","datePublished":"2022-07-30T10:24:10+00:00","dateModified":"2022-11-12T11:03:37+00:00","description":"R\u00e9server le spectacle Drag Queen en Espagne. Choisissez la ville: Barcelone, Palma de Majorque, Ibiza, Grande Canarie, Madrid, Tenerife, etc.","breadcrumb":{"@id":"https:\/\/bestfiesta.es\/fr\/spectacles\/drag-queen\/#breadcrumb"},"inLanguage":"fr-FR","potentialAction":[{"@type":"ReadAction","target":["https:\/\/bestfiesta.es\/fr\/spectacles\/drag-queen\/"]}]},{"@type":"ImageObject","inLanguage":"fr-FR","@id":"https:\/\/bestfiesta.es\/fr\/spectacles\/drag-queen\/#primaryimage","url":"https:\/\/bestfiesta.es\/wp-content\/uploads\/2022\/11\/drag-queen-espagne.jpg","contentUrl":"https:\/\/bestfiesta.es\/wp-content\/uploads\/2022\/11\/drag-queen-espagne.jpg","width":500,"height":375,"caption":"drag queen espagne"},{"@type":"BreadcrumbList","@id":"https:\/\/bestfiesta.es\/fr\/spectacles\/drag-queen\/#breadcrumb","itemListElement":[{"@type":"ListItem","position":1,"name":"Home","item":"https:\/\/bestfiesta.es\/fr\/"},{"@type":"ListItem","position":2,"name":"Spectacles","item":"https:\/\/bestfiesta.es\/fr\/spectacles\/"},{"@type":"ListItem","position":3,"name":"Drag Queen"}]},{"@type":"WebSite","@id":"https:\/\/bestfiesta.es\/fr\/#website","url":"https:\/\/bestfiesta.es\/fr\/","name":"BestFiesta","description":"Organizaci\u00f3n de despedidas, packs para despedidas, etc","publisher":{"@id":"https:\/\/bestfiesta.es\/fr\/#organization"},"potentialAction":[{"@type":"SearchAction","target":{"@type":"EntryPoint","urlTemplate":"https:\/\/bestfiesta.es\/fr\/?s={search_term_string}"},"query-input":{"@type":"PropertyValueSpecification","valueRequired":true,"valueName":"search_term_string"}}],"inLanguage":"fr-FR"},{"@type":"Organization","@id":"https:\/\/bestfiesta.es\/fr\/#organization","name":"BestFiesta","url":"https:\/\/bestfiesta.es\/fr\/","logo":{"@type":"ImageObject","inLanguage":"fr-FR","@id":"https:\/\/bestfiesta.es\/fr\/#\/schema\/logo\/image\/","url":"https:\/\/bestfiesta.es\/wp-content\/uploads\/2020\/06\/BestFiesta.png","contentUrl":"https:\/\/bestfiesta.es\/wp-content\/uploads\/2020\/06\/BestFiesta.png","width":180,"height":153,"caption":"BestFiesta"},"image":{"@id":"https:\/\/bestfiesta.es\/fr\/#\/schema\/logo\/image\/"},"sameAs":["https:\/\/www.facebook.com\/BestFiesta.es\/"]}]}},"_links":{"self":[{"href":"https:\/\/bestfiesta.es\/fr\/wp-json\/wp\/v2\/pages\/13800","targetHints":{"allow":["GET"]}}],"collection":[{"href":"https:\/\/bestfiesta.es\/fr\/wp-json\/wp\/v2\/pages"}],"about":[{"href":"https:\/\/bestfiesta.es\/fr\/wp-json\/wp\/v2\/types\/page"}],"author":[{"embeddable":true,"href":"https:\/\/bestfiesta.es\/fr\/wp-json\/wp\/v2\/users\/1"}],"replies":[{"embeddable":true,"href":"https:\/\/bestfiesta.es\/fr\/wp-json\/wp\/v2\/comments?post=13800"}],"version-history":[{"count":6,"href":"https:\/\/bestfiesta.es\/fr\/wp-json\/wp\/v2\/pages\/13800\/revisions"}],"predecessor-version":[{"id":14478,"href":"https:\/\/bestfiesta.es\/fr\/wp-json\/wp\/v2\/pages\/13800\/revisions\/14478"}],"up":[{"embeddable":true,"href":"https:\/\/bestfiesta.es\/fr\/wp-json\/wp\/v2\/pages\/13673"}],"wp:featuredmedia":[{"embeddable":true,"href":"https:\/\/bestfiesta.es\/fr\/wp-json\/wp\/v2\/media\/14479"}],"wp:attachment":[{"href":"https:\/\/bestfiesta.es\/fr\/wp-json\/wp\/v2\/media?parent=13800"}],"curies":[{"name":"wp","href":"https:\/\/api.w.org\/{rel}","templated":true}]}}