{"id":13871,"date":"2022-10-20T11:47:15","date_gmt":"2022-10-20T11:47:15","guid":{"rendered":"https:\/\/bestfiesta.es\/spectacles\/strip-tease\/stripteaseur\/stripteaseur-madrid\/"},"modified":"2026-01-29T10:35:30","modified_gmt":"2026-01-29T10:35:30","slug":"madrid","status":"publish","type":"page","link":"https:\/\/bestfiesta.es\/fr\/spectacles\/strip-tease\/stripteaseur\/madrid\/","title":{"rendered":"Stripteaseur Madrid"},"content":{"rendered":"<div class=\"wpb-content-wrapper\"><p>[vc_row][vc_column][vc_raw_html]PGRpdiBjbGFzcz0id3BiX3Jhd19jb2RlIHdwYl9jb250ZW50X2VsZW1lbnQgd3BiX3Jhd19odG1sIj4NCjxkaXY+PC9kaXY+DQo8ZGl2IGNsYXNzPSJ3cGJfd3JhcHBlciI+PHN0cm9uZz5BdmFudCBkZSBub3VzIGRlbWFuZGVyIGRlcyBpbmZvcm1hdGlvbnMgcG91ciBsZSBzdHJpcHRlYXNldXIsIGpldGV6IHVuIGNvdXAgZOKAmcWTaWwgw6AgY2VzIGF1dHJlcyBhY3Rpdml0w6lzIC8gcGFja3MgY29ubmV4ZXMgcXVpIHBvdXJyYWllbnQgdm91cyBpbnTDqXJlc3Nlci4NCjwvc3Ryb25nPjwvZGl2Pg0KPC9kaXY+DQo8ZGl2IGNsYXNzPSJzdC1yZWxhdGVkLXNlcnZpY2UtbmV3Ij48L2Rpdj4=[\/vc_raw_html]<div class=\"st-related-service-new\">\r\n            <div class=\"e-title-wrapper\">\r\n            <h3 class=\"e-title\">Activit\u00e9s connexes:<\/h3>\r\n        <\/div>\r\n        <div class=\"item\">\r\n    <div class=\"thumb\">\r\n        <a href=\"https:\/\/bestfiesta.es\/fr\/activite\/diner-et-spectacle-prive-de-strip-teaseuse-homme-ou-femme-uniquement-pour-le-groupe-a-madrid\/\">\r\n            <img decoding=\"async\" src=\"https:\/\/bestfiesta.es\/wp-content\/uploads\/2020\/06\/dinner-bachelor-party-madrid-80x80.jpg\" alt=\"Dinner bachelor party Madrid\"\r\n                 class=\"img-responsive img-full\">\r\n        <\/a>\r\n    <\/div>\r\n    <div class=\"content\">\r\n        <h3 class=\"title\"><a href=\"https:\/\/bestfiesta.es\/fr\/activite\/diner-et-spectacle-prive-de-strip-teaseuse-homme-ou-femme-uniquement-pour-le-groupe-a-madrid\/\" class=\"st-link c-main\">D\u00eener et spectacle priv\u00e9 de strip-teaseuse homme ou femme uniquement pour le groupe \u00e0 Madrid.<\/a><\/h3>\r\n        <div class=\"price-wrapper\">\r\n            D\u00e8s <span class=\"price\">\u20ac59,90<\/span>\r\n        <\/div>\r\n    <\/div>\r\n<\/div><\/div>\r\n[vc_separator color=\u00a0\u00bbsandy_brown\u00a0\u00bb][vc_raw_html]Jm5ic3A7DQo8aDI+VsOpcmlmaWVyIGxhIGRpc3BvbmliaWxpdMOpIHBvdXIgcsOpc2VydmVyPC9oMj4NCjxpPlBvdXIgZGVzIHJhaXNvbnMgZCdvcmdhbmlzYXRpb24sIGxlcyBkZW1hbmRlcyBkZSByw6lzZXJ2YXRpb24gbmUgc29udCBhY2NlcHTDqWVzIHF1ZSAyNCBoZXVyZXMgw6AgbCdhdmFuY2UuIFRvdXRlZm9pcywgbGEgZGlzcG9uaWJpbGl0w6kgbidlc3QgcGFzIGdhcmFudGllLiBJbCBlc3QgcmVjb21tYW5kw6kgZGUgdsOpcmlmaWVyIGxhIGRpc3BvbmliaWxpdMOpIMOgIGwnYXZhbmNlLiBSZW1wbGlzc2V6IGxlIGZvcm11bGFpcmUgc3VpdmFudCBldCByZWNldmV6IHBsdXMgZCdpbmZvcm1hdGlvbnMgc3VyIGxlIHNwZWN0YWNsZS4gU3BlY3RhY2xlIGRlIHN0cmlwdGVhc2V1ciBob21tZSBwb3VyIEVWSkYgLSBlbnRlcnJlbWVudHMgZGUgdmllIGRlIGpldW5lIGZpbGxlLCBhbm5pdmVyc2FpcmVzIG91IGF1dHJlcyDDqXbDqW5lbWVudHMuPGk+DQo8L2k+PC9pPg==[\/vc_raw_html][\/vc_column][\/vc_row][vc_row][vc_column][vc_raw_html css=\u00a0\u00bb\u00a0\u00bb]JTNDcCUyMHN0eWxlJTNEJTIydGV4dC1hbGlnbiUzQSUyMGNlbnRlciUzQiUyMiUzRSU1QmNvbnRhY3QtZm9ybS03JTIwaWQlM0QlMjJiMmE1YzZiJTIyJTIwdGl0bGUlM0QlMjJTUEFJTiUyMCU3QyUyME1hbGUlMjBTdHJpcHBlciUyMFNob3clMjAlN0MlMjBNYWRyaWQlMjAlN0MlMjBUT0wlMjBTRUclMjBWQUxMQUQlMjBHVUFEJTIwQVZJTEElMjAlN0MlMjBFUyUyMiU1RCUzQyUyRnAlM0UlNUJ3cGNvZGUlMjBpZCUzRCUyMjIyMzYzJTIyJTVEJTNDJTIxLS0lMjBNYXRyaXglMjBPcyUyMDElMjAlN0MlMjBTcGFpbiUyMFBvcnR1Z2FsJTIwRlIlMjBVbml2ZXJzYWwlMjAtLSUzRQ==[\/vc_raw_html][\/vc_column][\/vc_row][vc_row][vc_column][vc_separator color=\u00a0\u00bbsandy_brown\u00a0\u00bb][\/vc_column][\/vc_row]<\/p>\n<\/div>","protected":false},"excerpt":{"rendered":"<p>[vc_row][vc_column][vc_raw_html]PGRpdiBjbGFzcz0id3BiX3Jhd19jb2RlIHdwYl9jb250ZW50X2VsZW1lbnQgd3BiX3Jhd19odG1sIj4NCjxkaXY+PC9kaXY+DQo8ZGl2IGNsYXNzPSJ3cGJfd3JhcHBlciI+PHN0cm9uZz5BdmFudCBkZSBub3VzIGRlbWFuZGVyIGRlcyBpbmZvcm1hdGlvbnMgcG91ciBsZSBzdHJpcHRlYXNldXIsIGpldGV6IHVuIGNvdXAgZOKAmcWTaWwgw6AgY2VzIGF1dHJlcyBhY3Rpdml0w6lzIC8gcGFja3MgY29ubmV4ZXMgcXVpIHBvdXJyYWllbnQgdm91cyBpbnTDqXJlc3Nlci4NCjwvc3Ryb25nPjwvZGl2Pg0KPC9kaXY+DQo8ZGl2IGNsYXNzPSJzdC1yZWxhdGVkLXNlcnZpY2UtbmV3Ij48L2Rpdj4=[\/vc_raw_html][vc_separator color=\u00a0\u00bbsandy_brown\u00a0\u00bb][vc_raw_html]Jm5ic3A7DQo8aDI+VsOpcmlmaWVyIGxhIGRpc3BvbmliaWxpdMOpIHBvdXIgcsOpc2VydmVyPC9oMj4NCjxpPlBvdXIgZGVzIHJhaXNvbnMgZCdvcmdhbmlzYXRpb24sIGxlcyBkZW1hbmRlcyBkZSByw6lzZXJ2YXRpb24gbmUgc29udCBhY2NlcHTDqWVzIHF1ZSAyNCBoZXVyZXMgw6AgbCdhdmFuY2UuIFRvdXRlZm9pcywgbGEgZGlzcG9uaWJpbGl0w6kgbidlc3QgcGFzIGdhcmFudGllLiBJbCBlc3QgcmVjb21tYW5kw6kgZGUgdsOpcmlmaWVyIGxhIGRpc3BvbmliaWxpdMOpIMOgIGwnYXZhbmNlLiBSZW1wbGlzc2V6IGxlIGZvcm11bGFpcmUgc3VpdmFudCBldCByZWNldmV6IHBsdXMgZCdpbmZvcm1hdGlvbnMgc3VyIGxlIHNwZWN0YWNsZS4gU3BlY3RhY2xlIGRlIHN0cmlwdGVhc2V1ciBob21tZSBwb3VyIEVWSkYgLSBlbnRlcnJlbWVudHMgZGUgdmllIGRlIGpldW5lIGZpbGxlLCBhbm5pdmVyc2FpcmVzIG91IGF1dHJlcyDDqXbDqW5lbWVudHMuPGk+DQo8L2k+PC9pPg==[\/vc_raw_html][\/vc_column][\/vc_row][vc_row][vc_column][vc_raw_html css=\u00a0\u00bb\u00a0\u00bb]JTNDcCUyMHN0eWxlJTNEJTIydGV4dC1hbGlnbiUzQSUyMGNlbnRlciUzQiUyMiUzRSU1QmNvbnRhY3QtZm9ybS03JTIwaWQlM0QlMjJiMmE1YzZiJTIyJTIwdGl0bGUlM0QlMjJTUEFJTiUyMCU3QyUyME1hbGUlMjBTdHJpcHBlciUyMFNob3clMjAlN0MlMjBNYWRyaWQlMjAlN0MlMjBUT0wlMjBTRUclMjBWQUxMQUQlMjBHVUFEJTIwQVZJTEElMjAlN0MlMjBFUyUyMiU1RCUzQyUyRnAlM0UlNUJ3cGNvZGUlMjBpZCUzRCUyMjIyMzYzJTIyJTVEJTNDJTIxLS0lMjBNYXRyaXglMjBPcyUyMDElMjAlN0MlMjBTcGFpbiUyMFBvcnR1Z2FsJTIwRlIlMjBVbml2ZXJzYWwlMjAtLSUzRQ==[\/vc_raw_html][\/vc_column][\/vc_row][vc_row][vc_column][vc_separator color=\u00a0\u00bbsandy_brown\u00a0\u00bb][\/vc_column][\/vc_row]<\/p>\n","protected":false},"author":1,"featured_media":14330,"parent":13764,"menu_order":0,"comment_status":"closed","ping_status":"closed","template":"template-home-modern.php","meta":{"footnotes":""},"class_list":["post-13871","page","type-page","status-publish","has-post-thumbnail","hentry"],"yoast_head":"<!-- This site is optimized with the Yoast SEO plugin v27.4 - https:\/\/yoast.com\/product\/yoast-seo-wordpress\/ -->\n<title>R\u00e9servez | Stripteaseur Madrid - Espagne | Bestfiesta.es<\/title>\n<meta name=\"description\" content=\"R\u00e9servez - Stripteaseur Madrid. Demandes avec une p\u00e9riode de 24 heures \u00e0 l\u2019avance pour louer un spectacle de Stripteaseur \u00e0 Madrid\" \/>\n<meta name=\"robots\" content=\"index, follow, max-snippet:-1, max-image-preview:large, max-video-preview:-1\" \/>\n<link rel=\"canonical\" href=\"https:\/\/bestfiesta.es\/fr\/spectacles\/strip-tease\/stripteaseur\/madrid\/\" \/>\n<meta property=\"og:locale\" content=\"fr_FR\" \/>\n<meta property=\"og:type\" content=\"article\" \/>\n<meta property=\"og:title\" content=\"R\u00e9servez | Stripteaseur Madrid - Espagne | Bestfiesta.es\" \/>\n<meta property=\"og:description\" content=\"R\u00e9servez - Stripteaseur Madrid. Demandes avec une p\u00e9riode de 24 heures \u00e0 l\u2019avance pour louer un spectacle de Stripteaseur \u00e0 Madrid\" \/>\n<meta property=\"og:url\" content=\"https:\/\/bestfiesta.es\/fr\/spectacles\/strip-tease\/stripteaseur\/madrid\/\" \/>\n<meta property=\"og:site_name\" content=\"BestFiesta\" \/>\n<meta property=\"article:publisher\" content=\"https:\/\/www.facebook.com\/BestFiesta.es\/\" \/>\n<meta property=\"article:modified_time\" content=\"2026-01-29T10:35:30+00:00\" \/>\n<meta property=\"og:image\" content=\"https:\/\/bestfiesta.es\/wp-content\/uploads\/2022\/11\/Stripteaseur.jpg\" \/>\n\t<meta property=\"og:image:width\" content=\"550\" \/>\n\t<meta property=\"og:image:height\" content=\"286\" \/>\n\t<meta property=\"og:image:type\" content=\"image\/jpeg\" \/>\n<meta name=\"twitter:card\" content=\"summary_large_image\" \/>\n<meta name=\"twitter:label1\" content=\"Dur\u00e9e de lecture estim\u00e9e\" \/>\n\t<meta name=\"twitter:data1\" content=\"1 minute\" \/>\n<script type=\"application\/ld+json\" class=\"yoast-schema-graph\">{\"@context\":\"https:\\\/\\\/schema.org\",\"@graph\":[{\"@type\":\"WebPage\",\"@id\":\"https:\\\/\\\/bestfiesta.es\\\/fr\\\/spectacles\\\/strip-tease\\\/stripteaseur\\\/madrid\\\/\",\"url\":\"https:\\\/\\\/bestfiesta.es\\\/fr\\\/spectacles\\\/strip-tease\\\/stripteaseur\\\/madrid\\\/\",\"name\":\"R\u00e9servez | Stripteaseur Madrid - Espagne | Bestfiesta.es\",\"isPartOf\":{\"@id\":\"https:\\\/\\\/bestfiesta.es\\\/fr\\\/#website\"},\"primaryImageOfPage\":{\"@id\":\"https:\\\/\\\/bestfiesta.es\\\/fr\\\/spectacles\\\/strip-tease\\\/stripteaseur\\\/madrid\\\/#primaryimage\"},\"image\":{\"@id\":\"https:\\\/\\\/bestfiesta.es\\\/fr\\\/spectacles\\\/strip-tease\\\/stripteaseur\\\/madrid\\\/#primaryimage\"},\"thumbnailUrl\":\"https:\\\/\\\/bestfiesta.es\\\/wp-content\\\/uploads\\\/2022\\\/11\\\/Stripteaseur.jpg\",\"datePublished\":\"2022-10-20T11:47:15+00:00\",\"dateModified\":\"2026-01-29T10:35:30+00:00\",\"description\":\"R\u00e9servez - Stripteaseur Madrid. Demandes avec une p\u00e9riode de 24 heures \u00e0 l\u2019avance pour louer un spectacle de Stripteaseur \u00e0 Madrid\",\"breadcrumb\":{\"@id\":\"https:\\\/\\\/bestfiesta.es\\\/fr\\\/spectacles\\\/strip-tease\\\/stripteaseur\\\/madrid\\\/#breadcrumb\"},\"inLanguage\":\"fr-FR\",\"potentialAction\":[{\"@type\":\"ReadAction\",\"target\":[\"https:\\\/\\\/bestfiesta.es\\\/fr\\\/spectacles\\\/strip-tease\\\/stripteaseur\\\/madrid\\\/\"]}]},{\"@type\":\"ImageObject\",\"inLanguage\":\"fr-FR\",\"@id\":\"https:\\\/\\\/bestfiesta.es\\\/fr\\\/spectacles\\\/strip-tease\\\/stripteaseur\\\/madrid\\\/#primaryimage\",\"url\":\"https:\\\/\\\/bestfiesta.es\\\/wp-content\\\/uploads\\\/2022\\\/11\\\/Stripteaseur.jpg\",\"contentUrl\":\"https:\\\/\\\/bestfiesta.es\\\/wp-content\\\/uploads\\\/2022\\\/11\\\/Stripteaseur.jpg\",\"width\":550,\"height\":286,\"caption\":\"Stripteaseur\"},{\"@type\":\"BreadcrumbList\",\"@id\":\"https:\\\/\\\/bestfiesta.es\\\/fr\\\/spectacles\\\/strip-tease\\\/stripteaseur\\\/madrid\\\/#breadcrumb\",\"itemListElement\":[{\"@type\":\"ListItem\",\"position\":1,\"name\":\"Home\",\"item\":\"https:\\\/\\\/bestfiesta.es\\\/fr\\\/\"},{\"@type\":\"ListItem\",\"position\":2,\"name\":\"Spectacles\",\"item\":\"https:\\\/\\\/bestfiesta.es\\\/fr\\\/spectacles\\\/\"},{\"@type\":\"ListItem\",\"position\":3,\"name\":\"Strip-tease\",\"item\":\"https:\\\/\\\/bestfiesta.es\\\/fr\\\/spectacles\\\/strip-tease\\\/\"},{\"@type\":\"ListItem\",\"position\":4,\"name\":\"Stripteaseur\",\"item\":\"https:\\\/\\\/bestfiesta.es\\\/fr\\\/spectacles\\\/strip-tease\\\/stripteaseur\\\/\"},{\"@type\":\"ListItem\",\"position\":5,\"name\":\"Stripteaseur Madrid\"}]},{\"@type\":\"WebSite\",\"@id\":\"https:\\\/\\\/bestfiesta.es\\\/fr\\\/#website\",\"url\":\"https:\\\/\\\/bestfiesta.es\\\/fr\\\/\",\"name\":\"BestFiesta\",\"description\":\"Organizaci\u00f3n de despedidas, packs para despedidas, etc\",\"publisher\":{\"@id\":\"https:\\\/\\\/bestfiesta.es\\\/fr\\\/#organization\"},\"potentialAction\":[{\"@type\":\"SearchAction\",\"target\":{\"@type\":\"EntryPoint\",\"urlTemplate\":\"https:\\\/\\\/bestfiesta.es\\\/fr\\\/?s={search_term_string}\"},\"query-input\":{\"@type\":\"PropertyValueSpecification\",\"valueRequired\":true,\"valueName\":\"search_term_string\"}}],\"inLanguage\":\"fr-FR\"},{\"@type\":\"Organization\",\"@id\":\"https:\\\/\\\/bestfiesta.es\\\/fr\\\/#organization\",\"name\":\"BestFiesta\",\"url\":\"https:\\\/\\\/bestfiesta.es\\\/fr\\\/\",\"logo\":{\"@type\":\"ImageObject\",\"inLanguage\":\"fr-FR\",\"@id\":\"https:\\\/\\\/bestfiesta.es\\\/fr\\\/#\\\/schema\\\/logo\\\/image\\\/\",\"url\":\"https:\\\/\\\/bestfiesta.es\\\/wp-content\\\/uploads\\\/2020\\\/06\\\/BestFiesta.png\",\"contentUrl\":\"https:\\\/\\\/bestfiesta.es\\\/wp-content\\\/uploads\\\/2020\\\/06\\\/BestFiesta.png\",\"width\":180,\"height\":153,\"caption\":\"BestFiesta\"},\"image\":{\"@id\":\"https:\\\/\\\/bestfiesta.es\\\/fr\\\/#\\\/schema\\\/logo\\\/image\\\/\"},\"sameAs\":[\"https:\\\/\\\/www.facebook.com\\\/BestFiesta.es\\\/\"]}]}<\/script>\n<!-- \/ Yoast SEO plugin. -->","yoast_head_json":{"title":"R\u00e9servez | Stripteaseur Madrid - Espagne | Bestfiesta.es","description":"R\u00e9servez - Stripteaseur Madrid. Demandes avec une p\u00e9riode de 24 heures \u00e0 l\u2019avance pour louer un spectacle de Stripteaseur \u00e0 Madrid","robots":{"index":"index","follow":"follow","max-snippet":"max-snippet:-1","max-image-preview":"max-image-preview:large","max-video-preview":"max-video-preview:-1"},"canonical":"https:\/\/bestfiesta.es\/fr\/spectacles\/strip-tease\/stripteaseur\/madrid\/","og_locale":"fr_FR","og_type":"article","og_title":"R\u00e9servez | Stripteaseur Madrid - Espagne | Bestfiesta.es","og_description":"R\u00e9servez - Stripteaseur Madrid. Demandes avec une p\u00e9riode de 24 heures \u00e0 l\u2019avance pour louer un spectacle de Stripteaseur \u00e0 Madrid","og_url":"https:\/\/bestfiesta.es\/fr\/spectacles\/strip-tease\/stripteaseur\/madrid\/","og_site_name":"BestFiesta","article_publisher":"https:\/\/www.facebook.com\/BestFiesta.es\/","article_modified_time":"2026-01-29T10:35:30+00:00","og_image":[{"width":550,"height":286,"url":"https:\/\/bestfiesta.es\/wp-content\/uploads\/2022\/11\/Stripteaseur.jpg","type":"image\/jpeg"}],"twitter_card":"summary_large_image","twitter_misc":{"Dur\u00e9e de lecture estim\u00e9e":"1 minute"},"schema":{"@context":"https:\/\/schema.org","@graph":[{"@type":"WebPage","@id":"https:\/\/bestfiesta.es\/fr\/spectacles\/strip-tease\/stripteaseur\/madrid\/","url":"https:\/\/bestfiesta.es\/fr\/spectacles\/strip-tease\/stripteaseur\/madrid\/","name":"R\u00e9servez | Stripteaseur Madrid - Espagne | Bestfiesta.es","isPartOf":{"@id":"https:\/\/bestfiesta.es\/fr\/#website"},"primaryImageOfPage":{"@id":"https:\/\/bestfiesta.es\/fr\/spectacles\/strip-tease\/stripteaseur\/madrid\/#primaryimage"},"image":{"@id":"https:\/\/bestfiesta.es\/fr\/spectacles\/strip-tease\/stripteaseur\/madrid\/#primaryimage"},"thumbnailUrl":"https:\/\/bestfiesta.es\/wp-content\/uploads\/2022\/11\/Stripteaseur.jpg","datePublished":"2022-10-20T11:47:15+00:00","dateModified":"2026-01-29T10:35:30+00:00","description":"R\u00e9servez - Stripteaseur Madrid. Demandes avec une p\u00e9riode de 24 heures \u00e0 l\u2019avance pour louer un spectacle de Stripteaseur \u00e0 Madrid","breadcrumb":{"@id":"https:\/\/bestfiesta.es\/fr\/spectacles\/strip-tease\/stripteaseur\/madrid\/#breadcrumb"},"inLanguage":"fr-FR","potentialAction":[{"@type":"ReadAction","target":["https:\/\/bestfiesta.es\/fr\/spectacles\/strip-tease\/stripteaseur\/madrid\/"]}]},{"@type":"ImageObject","inLanguage":"fr-FR","@id":"https:\/\/bestfiesta.es\/fr\/spectacles\/strip-tease\/stripteaseur\/madrid\/#primaryimage","url":"https:\/\/bestfiesta.es\/wp-content\/uploads\/2022\/11\/Stripteaseur.jpg","contentUrl":"https:\/\/bestfiesta.es\/wp-content\/uploads\/2022\/11\/Stripteaseur.jpg","width":550,"height":286,"caption":"Stripteaseur"},{"@type":"BreadcrumbList","@id":"https:\/\/bestfiesta.es\/fr\/spectacles\/strip-tease\/stripteaseur\/madrid\/#breadcrumb","itemListElement":[{"@type":"ListItem","position":1,"name":"Home","item":"https:\/\/bestfiesta.es\/fr\/"},{"@type":"ListItem","position":2,"name":"Spectacles","item":"https:\/\/bestfiesta.es\/fr\/spectacles\/"},{"@type":"ListItem","position":3,"name":"Strip-tease","item":"https:\/\/bestfiesta.es\/fr\/spectacles\/strip-tease\/"},{"@type":"ListItem","position":4,"name":"Stripteaseur","item":"https:\/\/bestfiesta.es\/fr\/spectacles\/strip-tease\/stripteaseur\/"},{"@type":"ListItem","position":5,"name":"Stripteaseur Madrid"}]},{"@type":"WebSite","@id":"https:\/\/bestfiesta.es\/fr\/#website","url":"https:\/\/bestfiesta.es\/fr\/","name":"BestFiesta","description":"Organizaci\u00f3n de despedidas, packs para despedidas, etc","publisher":{"@id":"https:\/\/bestfiesta.es\/fr\/#organization"},"potentialAction":[{"@type":"SearchAction","target":{"@type":"EntryPoint","urlTemplate":"https:\/\/bestfiesta.es\/fr\/?s={search_term_string}"},"query-input":{"@type":"PropertyValueSpecification","valueRequired":true,"valueName":"search_term_string"}}],"inLanguage":"fr-FR"},{"@type":"Organization","@id":"https:\/\/bestfiesta.es\/fr\/#organization","name":"BestFiesta","url":"https:\/\/bestfiesta.es\/fr\/","logo":{"@type":"ImageObject","inLanguage":"fr-FR","@id":"https:\/\/bestfiesta.es\/fr\/#\/schema\/logo\/image\/","url":"https:\/\/bestfiesta.es\/wp-content\/uploads\/2020\/06\/BestFiesta.png","contentUrl":"https:\/\/bestfiesta.es\/wp-content\/uploads\/2020\/06\/BestFiesta.png","width":180,"height":153,"caption":"BestFiesta"},"image":{"@id":"https:\/\/bestfiesta.es\/fr\/#\/schema\/logo\/image\/"},"sameAs":["https:\/\/www.facebook.com\/BestFiesta.es\/"]}]}},"_links":{"self":[{"href":"https:\/\/bestfiesta.es\/fr\/wp-json\/wp\/v2\/pages\/13871","targetHints":{"allow":["GET"]}}],"collection":[{"href":"https:\/\/bestfiesta.es\/fr\/wp-json\/wp\/v2\/pages"}],"about":[{"href":"https:\/\/bestfiesta.es\/fr\/wp-json\/wp\/v2\/types\/page"}],"author":[{"embeddable":true,"href":"https:\/\/bestfiesta.es\/fr\/wp-json\/wp\/v2\/users\/1"}],"replies":[{"embeddable":true,"href":"https:\/\/bestfiesta.es\/fr\/wp-json\/wp\/v2\/comments?post=13871"}],"version-history":[{"count":8,"href":"https:\/\/bestfiesta.es\/fr\/wp-json\/wp\/v2\/pages\/13871\/revisions"}],"predecessor-version":[{"id":22858,"href":"https:\/\/bestfiesta.es\/fr\/wp-json\/wp\/v2\/pages\/13871\/revisions\/22858"}],"up":[{"embeddable":true,"href":"https:\/\/bestfiesta.es\/fr\/wp-json\/wp\/v2\/pages\/13764"}],"wp:featuredmedia":[{"embeddable":true,"href":"https:\/\/bestfiesta.es\/fr\/wp-json\/wp\/v2\/media\/14330"}],"wp:attachment":[{"href":"https:\/\/bestfiesta.es\/fr\/wp-json\/wp\/v2\/media?parent=13871"}],"curies":[{"name":"wp","href":"https:\/\/api.w.org\/{rel}","templated":true}]}}