{"id":13893,"date":"2022-10-21T09:38:13","date_gmt":"2022-10-21T09:38:13","guid":{"rendered":"https:\/\/bestfiesta.es\/spectacles\/strip-tease\/stripteaseuse\/stripteaseuse-girona-lloret-mar-ou-costa-brava\/"},"modified":"2026-01-30T10:57:48","modified_gmt":"2026-01-30T10:57:48","slug":"girona","status":"publish","type":"page","link":"https:\/\/bestfiesta.es\/fr\/spectacles\/strip-tease\/stripteaseuse\/girona\/","title":{"rendered":"Stripteaseuse Girona &#8211; Lloret Mar ou Costa Brava"},"content":{"rendered":"<div class=\"wpb-content-wrapper\"><p>[vc_row][vc_column][vc_raw_html]PHN0cm9uZz5BdmFudCBkZSBub3VzIGRlbWFuZGVyIGRlcyBpbmZvcm1hdGlvbnMgcG91ciBsYSBzdHJpcHRlYXNldXNlLCBqZXRleiB1biBjb3VwIGTigJnFk2lsIMOgIGNlcyBhdXRyZXMgYWN0aXZpdMOpcyAvIHBhY2tzIGNvbm5leGVzIHF1aSBwb3VycmFpZW50IHZvdXMgaW50w6lyZXNzZXIuPC9zdHJvbmc+[\/vc_raw_html]<div class=\"st-related-service-new\">\r\n            <div class=\"e-title-wrapper\">\r\n            <h3 class=\"e-title\">Activit\u00e9s connexes:<\/h3>\r\n        <\/div>\r\n        <div class=\"item\">\r\n    <div class=\"thumb\">\r\n        <a href=\"https:\/\/bestfiesta.es\/fr\/activite\/diner-et-spectacle-prive-de-strip-teaseuse-homme-ou-femme-uniquement-pour-le-groupe-a-lloret-de-mar-espagne\/\">\r\n            <img decoding=\"async\" src=\"https:\/\/bestfiesta.es\/wp-content\/uploads\/2020\/06\/cocktales-para-despedida-80x80.jpg\" alt=\"cocktales-para-despedida\"\r\n                 class=\"img-responsive img-full\">\r\n        <\/a>\r\n    <\/div>\r\n    <div class=\"content\">\r\n        <h3 class=\"title\"><a href=\"https:\/\/bestfiesta.es\/fr\/activite\/diner-et-spectacle-prive-de-strip-teaseuse-homme-ou-femme-uniquement-pour-le-groupe-a-lloret-de-mar-espagne\/\" class=\"st-link c-main\">D\u00eener et spectacle priv\u00e9 de strip-teaseuse homme ou femme uniquement pour le groupe \u00e0 Lloret de Mar, Espagne<\/a><\/h3>\r\n        <div class=\"price-wrapper\">\r\n            D\u00e8s <span class=\"price\">\u20ac59,90<\/span>\r\n        <\/div>\r\n    <\/div>\r\n<\/div><\/div>\r\n<div class=\"st-related-service-new\">\r\n            <div class=\"e-title-wrapper\">\r\n            <h3 class=\"e-title\">Packs connexes:<\/h3>\r\n        <\/div>\r\n        <div class=\"item\">\r\n    <div class=\"thumb\">\r\n        <a href=\"https:\/\/bestfiesta.es\/fr\/packs-evg-evjf\/evg-package-a-lloret-de-mar-costa-brava-bateau-diner-et-spectacle\/\">\r\n            <img decoding=\"async\" src=\"https:\/\/bestfiesta.es\/wp-content\/uploads\/2020\/08\/EVG-EVJF-Costa-Brava-80x80.jpg\" alt=\"EVG EVJF Costa Brava\"\r\n                 class=\"img-responsive img-full\">\r\n        <\/a>\r\n    <\/div>\r\n    <div class=\"content\">\r\n        <h3 class=\"title\"><a href=\"https:\/\/bestfiesta.es\/fr\/packs-evg-evjf\/evg-package-a-lloret-de-mar-costa-brava-bateau-diner-et-spectacle\/\" class=\"st-link c-main\">EVG Package \u00e0 Lloret de Mar &#8211; Costa Brava | Bateau + d\u00eener et spectacle<\/a><\/h3>\r\n        <div class=\"price-wrapper\">\r\n            D\u00e8s <span class=\"price\"><span class=\"text-lg lh1em item \"> \u20ac109,90<\/span><\/span>\r\n        <\/div>\r\n    <\/div>\r\n<\/div><div class=\"item\">\r\n    <div class=\"thumb\">\r\n        <a href=\"https:\/\/bestfiesta.es\/fr\/packs-evg-evjf\/pack-complet-platja-aro\/\">\r\n            <img decoding=\"async\" src=\"https:\/\/bestfiesta.es\/wp-content\/uploads\/2023\/01\/pack-complet-EVJF-Costa-Brava-80x80.jpg\" alt=\"Costa Brava pack complet EVJF \"\r\n                 class=\"img-responsive img-full\">\r\n        <\/a>\r\n    <\/div>\r\n    <div class=\"content\">\r\n        <h3 class=\"title\"><a href=\"https:\/\/bestfiesta.es\/fr\/packs-evg-evjf\/pack-complet-platja-aro\/\" class=\"st-link c-main\">Pack Complet Platja Aro | Voilier priv\u00e9e + D\u00eener avec un spectacle<\/a><\/h3>\r\n        <div class=\"price-wrapper\">\r\n            D\u00e8s <span class=\"price\"><span class=\"text-lg lh1em item \"> \u20ac115,00<\/span><\/span>\r\n        <\/div>\r\n    <\/div>\r\n<\/div><\/div>\r\n[vc_separator color=\u00a0\u00bbsandy_brown\u00a0\u00bb][vc_raw_html css=\u00a0\u00bb\u00a0\u00bb]JTNDc3Ryb25nJTNFViVDMyVBOXJpZmllciUyMGxhJTIwZGlzcG9uaWJpbGl0JUMzJUE5JTIwcG91ciUyMHIlQzMlQTlzZXJ2ZXIlM0MlMkZzdHJvbmclM0UlMEElMEElM0NlbSUzRVBvdXIlMjBkZXMlMjByYWlzb25zJTIwZCUyN29yZ2FuaXNhdGlvbiUyQyUyMGxlcyUyMGRlbWFuZGVzJTIwZGUlMjByJUMzJUE5c2VydmF0aW9uJTIwbmUlMjBzb250JTIwYWNjZXB0JUMzJUE5ZXMlMjBxdWUlMjAyNCUyMGhldXJlcyUyMCVDMyVBMCUyMGwlMjdhdmFuY2UuJTIwVG91dGVmb2lzJTJDJTIwbGElMjBkaXNwb25pYmlsaXQlQzMlQTklMjBuJTI3ZXN0JTIwcGFzJTIwZ2FyYW50aWUuJTIwSWwlMjBlc3QlMjByZWNvbW1hbmQlQzMlQTklMjBkZSUyMHYlQzMlQTlyaWZpZXIlMjBsYSUyMGRpc3BvbmliaWxpdCVDMyVBOSUyMCVDMyVBMCUyMGwlMjdhdmFuY2UuJTIwUmVtcGxpc3NleiUyMGxlJTIwZm9ybXVsYWlyZSUyMHN1aXZhbnQlMjBldCUyMHJlY2V2ZXolMjBwbHVzJTIwZCUyN2luZm9ybWF0aW9ucyUyMHN1ciUyMGxlJTIwc3BlY3RhY2xlLiUyMFNwZWN0YWNsZSUyMGRlJTIwc3RyaXB0ZWFzZXVzZSUyMGZpbGxlJTIwcG91ciUyMEVWRyUyMC0lMjBlbnRlcnJlbWVudHMlMjBkZSUyMHZpZSUyMGRlJTIwZ2FyJUMzJUE3b24lMkMlMjBhbm5pdmVyc2FpcmVzJTIwb3UlMjBhdXRyZXMlMjAlQzMlQTl2JUMzJUE5bmVtZW50cy4lM0MlMkZlbSUzRSUwQSUzQ2JyJTNFJTNDYnIlMkYlM0UlMEElM0NpJTNFUG91ciUyMGxlcyUyMCVDMyVBOXYlQzMlQTluZW1lbnRzJTIwZW4lM0ElMjBQb3J0Ym91JTJDJTIwQ29sZXJhJTJDJTIwTGxhbnMlQzMlQTElMkMlMjBQdWVydG8lMjBkZSUyMGxhJTIwU2VsdmElMkMlMjBDYWRhcXUlQzMlQTlzJTJDJTIwUm9zYXMlMkMlMjBDYXN0ZWxsJUMzJUIzbiUyMGRlJTIwQW1wdXJpYXMlMkMlMjBTYW4lMjBQZWRybyUyMFBlc2NhZG9yJTJDJTIwTGElMjBBcm1lbnRlcmElMkMlMjBMYSUyMEVzY2FsYSUyQyUyMFRvcnJvZWxsYSUyMGRlJTIwTW9udGdyJUMzJUFEJTJDJTIwRXN0YXJ0aXQlMkMlMjBQYWxzJTJDJTIwQmVndXIlMkMlMjBQYWxhZnJ1Z2VsbCUyQyUyME1vbnRyJUMzJUExcyUyQyUyMFBhbGFtJUMzJUIzcyUyQyUyMENhbG9uZ2UlMkMlMjBQbGF5YSUyMGRlJTIwQXJvJTIwLSUyMFBsYXRqYSUyMGQlQzIlQjRBcm8lMkMlMjBTYW50JTIwRmVsaXUlMjBkZSUyMEd1JUMzJUFEeG9scyUyQyUyMFNhbnRhJTIwQ3Jpc3RpbmElMjBkZSUyMEFybyUyQyUyMFRvc3NhJTIwZGUlMjBNYXIlMkMlMjBMbG9yZXQlMjBkZSUyME1hciUyQyUyMGV0YyUzQyUyRmklM0UlMEElM0MlMkZjZW50ZXIlM0U=[\/vc_raw_html][\/vc_column][\/vc_row][vc_row][vc_column][vc_raw_html css=\u00a0\u00bb\u00a0\u00bb]JTNDcCUyMHN0eWxlJTNEJTIydGV4dC1hbGlnbiUzQSUyMGNlbnRlciUzQiUyMiUzRSU1QmNvbnRhY3QtZm9ybS03JTIwaWQlM0QlMjIwNjNmOTNiJTIyJTIwdGl0bGUlM0QlMjJTUEFJTiUyMCU3QyUyMEZlbWFsZSUyMFN0cmlwcGVyJTIwU2hvdyUyMCU3QyUyMEdpcm9uYSUyMCU3QyUyMEVTJTIyJTVEJTNDJTJGcCUzRSU1QndwY29kZSUyMGlkJTNEJTIyMjIzNjYlMjIlNUQlM0MlMjEtLSUyME1hdHJpeCUyMEFzJTIwMiUyMCU3QyUyMFNwYWluJTIwQW5kb3JyYSUyMEZSJTIwVW5pdmVyc2FsJTIwLS0lM0U=[\/vc_raw_html][\/vc_column][\/vc_row][vc_row][vc_column][vc_separator color=\u00a0\u00bbsandy_brown\u00a0\u00bb][\/vc_column][\/vc_row]<\/p>\n<\/div>","protected":false},"excerpt":{"rendered":"<p>[vc_row][vc_column][vc_raw_html]PHN0cm9uZz5BdmFudCBkZSBub3VzIGRlbWFuZGVyIGRlcyBpbmZvcm1hdGlvbnMgcG91ciBsYSBzdHJpcHRlYXNldXNlLCBqZXRleiB1biBjb3VwIGTigJnFk2lsIMOgIGNlcyBhdXRyZXMgYWN0aXZpdMOpcyAvIHBhY2tzIGNvbm5leGVzIHF1aSBwb3VycmFpZW50IHZvdXMgaW50w6lyZXNzZXIuPC9zdHJvbmc+[\/vc_raw_html][vc_separator color=\u00a0\u00bbsandy_brown\u00a0\u00bb][vc_raw_html css=\u00a0\u00bb\u00a0\u00bb]JTNDc3Ryb25nJTNFViVDMyVBOXJpZmllciUyMGxhJTIwZGlzcG9uaWJpbGl0JUMzJUE5JTIwcG91ciUyMHIlQzMlQTlzZXJ2ZXIlM0MlMkZzdHJvbmclM0UlMEElMEElM0NlbSUzRVBvdXIlMjBkZXMlMjByYWlzb25zJTIwZCUyN29yZ2FuaXNhdGlvbiUyQyUyMGxlcyUyMGRlbWFuZGVzJTIwZGUlMjByJUMzJUE5c2VydmF0aW9uJTIwbmUlMjBzb250JTIwYWNjZXB0JUMzJUE5ZXMlMjBxdWUlMjAyNCUyMGhldXJlcyUyMCVDMyVBMCUyMGwlMjdhdmFuY2UuJTIwVG91dGVmb2lzJTJDJTIwbGElMjBkaXNwb25pYmlsaXQlQzMlQTklMjBuJTI3ZXN0JTIwcGFzJTIwZ2FyYW50aWUuJTIwSWwlMjBlc3QlMjByZWNvbW1hbmQlQzMlQTklMjBkZSUyMHYlQzMlQTlyaWZpZXIlMjBsYSUyMGRpc3BvbmliaWxpdCVDMyVBOSUyMCVDMyVBMCUyMGwlMjdhdmFuY2UuJTIwUmVtcGxpc3NleiUyMGxlJTIwZm9ybXVsYWlyZSUyMHN1aXZhbnQlMjBldCUyMHJlY2V2ZXolMjBwbHVzJTIwZCUyN2luZm9ybWF0aW9ucyUyMHN1ciUyMGxlJTIwc3BlY3RhY2xlLiUyMFNwZWN0YWNsZSUyMGRlJTIwc3RyaXB0ZWFzZXVzZSUyMGZpbGxlJTIwcG91ciUyMEVWRyUyMC0lMjBlbnRlcnJlbWVudHMlMjBkZSUyMHZpZSUyMGRlJTIwZ2FyJUMzJUE3b24lMkMlMjBhbm5pdmVyc2FpcmVzJTIwb3UlMjBhdXRyZXMlMjAlQzMlQTl2JUMzJUE5bmVtZW50cy4lM0MlMkZlbSUzRSUwQSUzQ2JyJTNFJTNDYnIlMkYlM0UlMEElM0NpJTNFUG91ciUyMGxlcyUyMCVDMyVBOXYlQzMlQTluZW1lbnRzJTIwZW4lM0ElMjBQb3J0Ym91JTJDJTIwQ29sZXJhJTJDJTIwTGxhbnMlQzMlQTElMkMlMjBQdWVydG8lMjBkZSUyMGxhJTIwU2VsdmElMkMlMjBDYWRhcXUlQzMlQTlzJTJDJTIwUm9zYXMlMkMlMjBDYXN0ZWxsJUMzJUIzbiUyMGRlJTIwQW1wdXJpYXMlMkMlMjBTYW4lMjBQZWRybyUyMFBlc2NhZG9yJTJDJTIwTGElMjBBcm1lbnRlcmElMkMlMjBMYSUyMEVzY2FsYSUyQyUyMFRvcnJvZWxsYSUyMGRlJTIwTW9udGdyJUMzJUFEJTJDJTIwRXN0YXJ0aXQlMkMlMjBQYWxzJTJDJTIwQmVndXIlMkMlMjBQYWxhZnJ1Z2VsbCUyQyUyME1vbnRyJUMzJUExcyUyQyUyMFBhbGFtJUMzJUIzcyUyQyUyMENhbG9uZ2UlMkMlMjBQbGF5YSUyMGRlJTIwQXJvJTIwLSUyMFBsYXRqYSUyMGQlQzIlQjRBcm8lMkMlMjBTYW50JTIwRmVsaXUlMjBkZSUyMEd1JUMzJUFEeG9scyUyQyUyMFNhbnRhJTIwQ3Jpc3RpbmElMjBkZSUyMEFybyUyQyUyMFRvc3NhJTIwZGUlMjBNYXIlMkMlMjBMbG9yZXQlMjBkZSUyME1hciUyQyUyMGV0YyUzQyUyRmklM0UlMEElM0MlMkZjZW50ZXIlM0U=[\/vc_raw_html][\/vc_column][\/vc_row][vc_row][vc_column][vc_raw_html css=\u00a0\u00bb\u00a0\u00bb]JTNDcCUyMHN0eWxlJTNEJTIydGV4dC1hbGlnbiUzQSUyMGNlbnRlciUzQiUyMiUzRSU1QmNvbnRhY3QtZm9ybS03JTIwaWQlM0QlMjIwNjNmOTNiJTIyJTIwdGl0bGUlM0QlMjJTUEFJTiUyMCU3QyUyMEZlbWFsZSUyMFN0cmlwcGVyJTIwU2hvdyUyMCU3QyUyMEdpcm9uYSUyMCU3QyUyMEVTJTIyJTVEJTNDJTJGcCUzRSU1QndwY29kZSUyMGlkJTNEJTIyMjIzNjYlMjIlNUQlM0MlMjEtLSUyME1hdHJpeCUyMEFzJTIwMiUyMCU3QyUyMFNwYWluJTIwQW5kb3JyYSUyMEZSJTIwVW5pdmVyc2FsJTIwLS0lM0U=[\/vc_raw_html][\/vc_column][\/vc_row][vc_row][vc_column][vc_separator color=\u00a0\u00bbsandy_brown\u00a0\u00bb][\/vc_column][\/vc_row]<\/p>\n","protected":false},"author":1,"featured_media":15938,"parent":13696,"menu_order":0,"comment_status":"closed","ping_status":"closed","template":"template-home-modern.php","meta":{"footnotes":""},"class_list":["post-13893","page","type-page","status-publish","has-post-thumbnail","hentry"],"yoast_head":"<!-- This site is optimized with the Yoast SEO plugin v27.5 - https:\/\/yoast.com\/product\/yoast-seo-wordpress\/ -->\n<title>R\u00e9servez une Stripteaseuse Lloret Mar ou Costa Brava | Bestfiesta.es<\/title>\n<meta name=\"description\" content=\"R\u00e9servez - Stripteaseuse \u00e0 Girona, Lloret de Mar, Platja d\u00b4Aro etc. Demandes avec une p\u00e9riode de 24 heures \u00e0 l\u2019avance pour r\u00e9server un stripteaseuse\" \/>\n<meta name=\"robots\" content=\"index, follow, max-snippet:-1, max-image-preview:large, max-video-preview:-1\" \/>\n<link rel=\"canonical\" href=\"https:\/\/bestfiesta.es\/fr\/spectacles\/strip-tease\/stripteaseuse\/girona\/\" \/>\n<meta property=\"og:locale\" content=\"fr_FR\" \/>\n<meta property=\"og:type\" content=\"article\" \/>\n<meta property=\"og:title\" content=\"R\u00e9servez une Stripteaseuse Lloret Mar ou Costa Brava | Bestfiesta.es\" \/>\n<meta property=\"og:description\" content=\"R\u00e9servez - Stripteaseuse \u00e0 Girona, Lloret de Mar, Platja d\u00b4Aro etc. Demandes avec une p\u00e9riode de 24 heures \u00e0 l\u2019avance pour r\u00e9server un stripteaseuse\" \/>\n<meta property=\"og:url\" content=\"https:\/\/bestfiesta.es\/fr\/spectacles\/strip-tease\/stripteaseuse\/girona\/\" \/>\n<meta property=\"og:site_name\" content=\"BestFiesta\" \/>\n<meta property=\"article:publisher\" content=\"https:\/\/www.facebook.com\/BestFiesta.es\/\" \/>\n<meta property=\"article:modified_time\" content=\"2026-01-30T10:57:48+00:00\" \/>\n<meta property=\"og:image\" content=\"https:\/\/bestfiesta.es\/wp-content\/uploads\/2023\/01\/stripteaseuse-espagne.jpg\" \/>\n\t<meta property=\"og:image:width\" content=\"550\" \/>\n\t<meta property=\"og:image:height\" content=\"286\" \/>\n\t<meta property=\"og:image:type\" content=\"image\/jpeg\" \/>\n<meta name=\"twitter:card\" content=\"summary_large_image\" \/>\n<meta name=\"twitter:label1\" content=\"Dur\u00e9e de lecture estim\u00e9e\" \/>\n\t<meta name=\"twitter:data1\" content=\"1 minute\" \/>\n<script type=\"application\/ld+json\" class=\"yoast-schema-graph\">{\"@context\":\"https:\\\/\\\/schema.org\",\"@graph\":[{\"@type\":\"WebPage\",\"@id\":\"https:\\\/\\\/bestfiesta.es\\\/fr\\\/spectacles\\\/strip-tease\\\/stripteaseuse\\\/girona\\\/\",\"url\":\"https:\\\/\\\/bestfiesta.es\\\/fr\\\/spectacles\\\/strip-tease\\\/stripteaseuse\\\/girona\\\/\",\"name\":\"R\u00e9servez une Stripteaseuse Lloret Mar ou Costa Brava | Bestfiesta.es\",\"isPartOf\":{\"@id\":\"https:\\\/\\\/bestfiesta.es\\\/fr\\\/#website\"},\"primaryImageOfPage\":{\"@id\":\"https:\\\/\\\/bestfiesta.es\\\/fr\\\/spectacles\\\/strip-tease\\\/stripteaseuse\\\/girona\\\/#primaryimage\"},\"image\":{\"@id\":\"https:\\\/\\\/bestfiesta.es\\\/fr\\\/spectacles\\\/strip-tease\\\/stripteaseuse\\\/girona\\\/#primaryimage\"},\"thumbnailUrl\":\"https:\\\/\\\/bestfiesta.es\\\/wp-content\\\/uploads\\\/2023\\\/01\\\/stripteaseuse-espagne.jpg\",\"datePublished\":\"2022-10-21T09:38:13+00:00\",\"dateModified\":\"2026-01-30T10:57:48+00:00\",\"description\":\"R\u00e9servez - Stripteaseuse \u00e0 Girona, Lloret de Mar, Platja d\u00b4Aro etc. Demandes avec une p\u00e9riode de 24 heures \u00e0 l\u2019avance pour r\u00e9server un stripteaseuse\",\"breadcrumb\":{\"@id\":\"https:\\\/\\\/bestfiesta.es\\\/fr\\\/spectacles\\\/strip-tease\\\/stripteaseuse\\\/girona\\\/#breadcrumb\"},\"inLanguage\":\"fr-FR\",\"potentialAction\":[{\"@type\":\"ReadAction\",\"target\":[\"https:\\\/\\\/bestfiesta.es\\\/fr\\\/spectacles\\\/strip-tease\\\/stripteaseuse\\\/girona\\\/\"]}]},{\"@type\":\"ImageObject\",\"inLanguage\":\"fr-FR\",\"@id\":\"https:\\\/\\\/bestfiesta.es\\\/fr\\\/spectacles\\\/strip-tease\\\/stripteaseuse\\\/girona\\\/#primaryimage\",\"url\":\"https:\\\/\\\/bestfiesta.es\\\/wp-content\\\/uploads\\\/2023\\\/01\\\/stripteaseuse-espagne.jpg\",\"contentUrl\":\"https:\\\/\\\/bestfiesta.es\\\/wp-content\\\/uploads\\\/2023\\\/01\\\/stripteaseuse-espagne.jpg\",\"width\":550,\"height\":286,\"caption\":\"stripteaseuse espagne\"},{\"@type\":\"BreadcrumbList\",\"@id\":\"https:\\\/\\\/bestfiesta.es\\\/fr\\\/spectacles\\\/strip-tease\\\/stripteaseuse\\\/girona\\\/#breadcrumb\",\"itemListElement\":[{\"@type\":\"ListItem\",\"position\":1,\"name\":\"Home\",\"item\":\"https:\\\/\\\/bestfiesta.es\\\/fr\\\/\"},{\"@type\":\"ListItem\",\"position\":2,\"name\":\"Spectacles\",\"item\":\"https:\\\/\\\/bestfiesta.es\\\/fr\\\/spectacles\\\/\"},{\"@type\":\"ListItem\",\"position\":3,\"name\":\"Strip-tease\",\"item\":\"https:\\\/\\\/bestfiesta.es\\\/fr\\\/spectacles\\\/strip-tease\\\/\"},{\"@type\":\"ListItem\",\"position\":4,\"name\":\"Femme Stripteaseuse\",\"item\":\"https:\\\/\\\/bestfiesta.es\\\/fr\\\/spectacles\\\/strip-tease\\\/stripteaseuse\\\/\"},{\"@type\":\"ListItem\",\"position\":5,\"name\":\"Stripteaseuse Girona &#8211; Lloret Mar ou Costa Brava\"}]},{\"@type\":\"WebSite\",\"@id\":\"https:\\\/\\\/bestfiesta.es\\\/fr\\\/#website\",\"url\":\"https:\\\/\\\/bestfiesta.es\\\/fr\\\/\",\"name\":\"BestFiesta\",\"description\":\"Organizaci\u00f3n de despedidas, packs para despedidas, etc\",\"publisher\":{\"@id\":\"https:\\\/\\\/bestfiesta.es\\\/fr\\\/#organization\"},\"potentialAction\":[{\"@type\":\"SearchAction\",\"target\":{\"@type\":\"EntryPoint\",\"urlTemplate\":\"https:\\\/\\\/bestfiesta.es\\\/fr\\\/?s={search_term_string}\"},\"query-input\":{\"@type\":\"PropertyValueSpecification\",\"valueRequired\":true,\"valueName\":\"search_term_string\"}}],\"inLanguage\":\"fr-FR\"},{\"@type\":\"Organization\",\"@id\":\"https:\\\/\\\/bestfiesta.es\\\/fr\\\/#organization\",\"name\":\"BestFiesta\",\"url\":\"https:\\\/\\\/bestfiesta.es\\\/fr\\\/\",\"logo\":{\"@type\":\"ImageObject\",\"inLanguage\":\"fr-FR\",\"@id\":\"https:\\\/\\\/bestfiesta.es\\\/fr\\\/#\\\/schema\\\/logo\\\/image\\\/\",\"url\":\"https:\\\/\\\/bestfiesta.es\\\/wp-content\\\/uploads\\\/2020\\\/06\\\/BestFiesta.png\",\"contentUrl\":\"https:\\\/\\\/bestfiesta.es\\\/wp-content\\\/uploads\\\/2020\\\/06\\\/BestFiesta.png\",\"width\":180,\"height\":153,\"caption\":\"BestFiesta\"},\"image\":{\"@id\":\"https:\\\/\\\/bestfiesta.es\\\/fr\\\/#\\\/schema\\\/logo\\\/image\\\/\"},\"sameAs\":[\"https:\\\/\\\/www.facebook.com\\\/BestFiesta.es\\\/\"]}]}<\/script>\n<!-- \/ Yoast SEO plugin. -->","yoast_head_json":{"title":"R\u00e9servez une Stripteaseuse Lloret Mar ou Costa Brava | Bestfiesta.es","description":"R\u00e9servez - Stripteaseuse \u00e0 Girona, Lloret de Mar, Platja d\u00b4Aro etc. Demandes avec une p\u00e9riode de 24 heures \u00e0 l\u2019avance pour r\u00e9server un stripteaseuse","robots":{"index":"index","follow":"follow","max-snippet":"max-snippet:-1","max-image-preview":"max-image-preview:large","max-video-preview":"max-video-preview:-1"},"canonical":"https:\/\/bestfiesta.es\/fr\/spectacles\/strip-tease\/stripteaseuse\/girona\/","og_locale":"fr_FR","og_type":"article","og_title":"R\u00e9servez une Stripteaseuse Lloret Mar ou Costa Brava | Bestfiesta.es","og_description":"R\u00e9servez - Stripteaseuse \u00e0 Girona, Lloret de Mar, Platja d\u00b4Aro etc. Demandes avec une p\u00e9riode de 24 heures \u00e0 l\u2019avance pour r\u00e9server un stripteaseuse","og_url":"https:\/\/bestfiesta.es\/fr\/spectacles\/strip-tease\/stripteaseuse\/girona\/","og_site_name":"BestFiesta","article_publisher":"https:\/\/www.facebook.com\/BestFiesta.es\/","article_modified_time":"2026-01-30T10:57:48+00:00","og_image":[{"width":550,"height":286,"url":"https:\/\/bestfiesta.es\/wp-content\/uploads\/2023\/01\/stripteaseuse-espagne.jpg","type":"image\/jpeg"}],"twitter_card":"summary_large_image","twitter_misc":{"Dur\u00e9e de lecture estim\u00e9e":"1 minute"},"schema":{"@context":"https:\/\/schema.org","@graph":[{"@type":"WebPage","@id":"https:\/\/bestfiesta.es\/fr\/spectacles\/strip-tease\/stripteaseuse\/girona\/","url":"https:\/\/bestfiesta.es\/fr\/spectacles\/strip-tease\/stripteaseuse\/girona\/","name":"R\u00e9servez une Stripteaseuse Lloret Mar ou Costa Brava | Bestfiesta.es","isPartOf":{"@id":"https:\/\/bestfiesta.es\/fr\/#website"},"primaryImageOfPage":{"@id":"https:\/\/bestfiesta.es\/fr\/spectacles\/strip-tease\/stripteaseuse\/girona\/#primaryimage"},"image":{"@id":"https:\/\/bestfiesta.es\/fr\/spectacles\/strip-tease\/stripteaseuse\/girona\/#primaryimage"},"thumbnailUrl":"https:\/\/bestfiesta.es\/wp-content\/uploads\/2023\/01\/stripteaseuse-espagne.jpg","datePublished":"2022-10-21T09:38:13+00:00","dateModified":"2026-01-30T10:57:48+00:00","description":"R\u00e9servez - Stripteaseuse \u00e0 Girona, Lloret de Mar, Platja d\u00b4Aro etc. Demandes avec une p\u00e9riode de 24 heures \u00e0 l\u2019avance pour r\u00e9server un stripteaseuse","breadcrumb":{"@id":"https:\/\/bestfiesta.es\/fr\/spectacles\/strip-tease\/stripteaseuse\/girona\/#breadcrumb"},"inLanguage":"fr-FR","potentialAction":[{"@type":"ReadAction","target":["https:\/\/bestfiesta.es\/fr\/spectacles\/strip-tease\/stripteaseuse\/girona\/"]}]},{"@type":"ImageObject","inLanguage":"fr-FR","@id":"https:\/\/bestfiesta.es\/fr\/spectacles\/strip-tease\/stripteaseuse\/girona\/#primaryimage","url":"https:\/\/bestfiesta.es\/wp-content\/uploads\/2023\/01\/stripteaseuse-espagne.jpg","contentUrl":"https:\/\/bestfiesta.es\/wp-content\/uploads\/2023\/01\/stripteaseuse-espagne.jpg","width":550,"height":286,"caption":"stripteaseuse espagne"},{"@type":"BreadcrumbList","@id":"https:\/\/bestfiesta.es\/fr\/spectacles\/strip-tease\/stripteaseuse\/girona\/#breadcrumb","itemListElement":[{"@type":"ListItem","position":1,"name":"Home","item":"https:\/\/bestfiesta.es\/fr\/"},{"@type":"ListItem","position":2,"name":"Spectacles","item":"https:\/\/bestfiesta.es\/fr\/spectacles\/"},{"@type":"ListItem","position":3,"name":"Strip-tease","item":"https:\/\/bestfiesta.es\/fr\/spectacles\/strip-tease\/"},{"@type":"ListItem","position":4,"name":"Femme Stripteaseuse","item":"https:\/\/bestfiesta.es\/fr\/spectacles\/strip-tease\/stripteaseuse\/"},{"@type":"ListItem","position":5,"name":"Stripteaseuse Girona &#8211; Lloret Mar ou Costa Brava"}]},{"@type":"WebSite","@id":"https:\/\/bestfiesta.es\/fr\/#website","url":"https:\/\/bestfiesta.es\/fr\/","name":"BestFiesta","description":"Organizaci\u00f3n de despedidas, packs para despedidas, etc","publisher":{"@id":"https:\/\/bestfiesta.es\/fr\/#organization"},"potentialAction":[{"@type":"SearchAction","target":{"@type":"EntryPoint","urlTemplate":"https:\/\/bestfiesta.es\/fr\/?s={search_term_string}"},"query-input":{"@type":"PropertyValueSpecification","valueRequired":true,"valueName":"search_term_string"}}],"inLanguage":"fr-FR"},{"@type":"Organization","@id":"https:\/\/bestfiesta.es\/fr\/#organization","name":"BestFiesta","url":"https:\/\/bestfiesta.es\/fr\/","logo":{"@type":"ImageObject","inLanguage":"fr-FR","@id":"https:\/\/bestfiesta.es\/fr\/#\/schema\/logo\/image\/","url":"https:\/\/bestfiesta.es\/wp-content\/uploads\/2020\/06\/BestFiesta.png","contentUrl":"https:\/\/bestfiesta.es\/wp-content\/uploads\/2020\/06\/BestFiesta.png","width":180,"height":153,"caption":"BestFiesta"},"image":{"@id":"https:\/\/bestfiesta.es\/fr\/#\/schema\/logo\/image\/"},"sameAs":["https:\/\/www.facebook.com\/BestFiesta.es\/"]}]}},"_links":{"self":[{"href":"https:\/\/bestfiesta.es\/fr\/wp-json\/wp\/v2\/pages\/13893","targetHints":{"allow":["GET"]}}],"collection":[{"href":"https:\/\/bestfiesta.es\/fr\/wp-json\/wp\/v2\/pages"}],"about":[{"href":"https:\/\/bestfiesta.es\/fr\/wp-json\/wp\/v2\/types\/page"}],"author":[{"embeddable":true,"href":"https:\/\/bestfiesta.es\/fr\/wp-json\/wp\/v2\/users\/1"}],"replies":[{"embeddable":true,"href":"https:\/\/bestfiesta.es\/fr\/wp-json\/wp\/v2\/comments?post=13893"}],"version-history":[{"count":11,"href":"https:\/\/bestfiesta.es\/fr\/wp-json\/wp\/v2\/pages\/13893\/revisions"}],"predecessor-version":[{"id":22933,"href":"https:\/\/bestfiesta.es\/fr\/wp-json\/wp\/v2\/pages\/13893\/revisions\/22933"}],"up":[{"embeddable":true,"href":"https:\/\/bestfiesta.es\/fr\/wp-json\/wp\/v2\/pages\/13696"}],"wp:featuredmedia":[{"embeddable":true,"href":"https:\/\/bestfiesta.es\/fr\/wp-json\/wp\/v2\/media\/15938"}],"wp:attachment":[{"href":"https:\/\/bestfiesta.es\/fr\/wp-json\/wp\/v2\/media?parent=13893"}],"curies":[{"name":"wp","href":"https:\/\/api.w.org\/{rel}","templated":true}]}}