{"id":14723,"date":"2022-11-21T12:32:51","date_gmt":"2022-11-21T12:32:51","guid":{"rendered":"https:\/\/bestfiesta.es\/spectacles\/strip-tease\/stripteaseuse\/zaragoza\/"},"modified":"2026-01-30T11:50:15","modified_gmt":"2026-01-30T11:50:15","slug":"zaragoza","status":"publish","type":"page","link":"https:\/\/bestfiesta.es\/fr\/spectacles\/strip-tease\/stripteaseuse\/zaragoza\/","title":{"rendered":"Stripteaseuse Saragosse Espagne"},"content":{"rendered":"<div class=\"wpb-content-wrapper\"><p>[vc_row][vc_column][vc_separator color=\u00a0\u00bbsandy_brown\u00a0\u00bb][vc_raw_html]PGgyPlbDqXJpZmllciBsYSBkaXNwb25pYmlsaXTDqSBwb3VyIHLDqXNlcnZlcjwvaDI+DQo8aT5Qb3VyIGRlcyByYWlzb25zIGQnb3JnYW5pc2F0aW9uLCBsZXMgZGVtYW5kZXMgZGUgcsOpc2VydmF0aW9uIG5lIHNvbnQgYWNjZXB0w6llcyBxdWUgMjQgaGV1cmVzIMOgIGwnYXZhbmNlLiBUb3V0ZWZvaXMsIGxhIGRpc3BvbmliaWxpdMOpIG4nZXN0IHBhcyBnYXJhbnRpZS4gSWwgZXN0IHJlY29tbWFuZMOpIGRlIHbDqXJpZmllciBsYSBkaXNwb25pYmlsaXTDqSDDoCBsJ2F2YW5jZS4gUmVtcGxpc3NleiBsZSBmb3JtdWxhaXJlIHN1aXZhbnQgZXQgcmVjZXZleiBwbHVzIGQnaW5mb3JtYXRpb25zIHN1ciBsZSBzcGVjdGFjbGUuIFNwZWN0YWNsZSBkZSBzdHJpcHRlYXNldXNlIGZpbGxlIHBvdXIgRVZHIC0gZW50ZXJyZW1lbnRzIGRlIHZpZSBkZSBnYXLDp29uLCBhbm5pdmVyc2FpcmVzIG91IGF1dHJlcyDDqXbDqW5lbWVudHMuPC9pPg==[\/vc_raw_html][\/vc_column][\/vc_row][vc_row][vc_column][vc_raw_html css=\u00a0\u00bb\u00a0\u00bb]JTNDcCUyMHN0eWxlJTNEJTIydGV4dC1hbGlnbiUzQSUyMGNlbnRlciUzQiUyMiUzRSU1QmNvbnRhY3QtZm9ybS03JTIwaWQlM0QlMjJiOTU0Y2ExJTIyJTIwdGl0bGUlM0QlMjJTUEFJTiUyMCU3QyUyMEZlbWFsZSUyMFN0cmlwcGVyJTIwU2hvdyUyMCU3QyUyMFpneiUyMExvZ3JvJUMzJUIxbyUyMERvbm9zdGklMjBQYW1wbG9uYSUyMCU3QyUyMEVTJTIyJTVEJTNDJTJGcCUzRSU1QndwY29kZSUyMGlkJTNEJTIyMjIzNjYlMjIlNUQlM0MlMjEtLSUyME1hdHJpeCUyMEFzJTIwMiUyMCU3QyUyMFNwYWluJTIwQW5kb3JyYSUyMEZSJTIwVW5pdmVyc2FsJTIwLS0lM0U=[\/vc_raw_html][\/vc_column][\/vc_row][vc_row][vc_column][vc_separator color=\u00a0\u00bbsandy_brown\u00a0\u00bb][\/vc_column][\/vc_row]<\/p>\n<\/div>","protected":false},"excerpt":{"rendered":"<p>[vc_row][vc_column][vc_separator color=\u00a0\u00bbsandy_brown\u00a0\u00bb][vc_raw_html]PGgyPlbDqXJpZmllciBsYSBkaXNwb25pYmlsaXTDqSBwb3VyIHLDqXNlcnZlcjwvaDI+DQo8aT5Qb3VyIGRlcyByYWlzb25zIGQnb3JnYW5pc2F0aW9uLCBsZXMgZGVtYW5kZXMgZGUgcsOpc2VydmF0aW9uIG5lIHNvbnQgYWNjZXB0w6llcyBxdWUgMjQgaGV1cmVzIMOgIGwnYXZhbmNlLiBUb3V0ZWZvaXMsIGxhIGRpc3BvbmliaWxpdMOpIG4nZXN0IHBhcyBnYXJhbnRpZS4gSWwgZXN0IHJlY29tbWFuZMOpIGRlIHbDqXJpZmllciBsYSBkaXNwb25pYmlsaXTDqSDDoCBsJ2F2YW5jZS4gUmVtcGxpc3NleiBsZSBmb3JtdWxhaXJlIHN1aXZhbnQgZXQgcmVjZXZleiBwbHVzIGQnaW5mb3JtYXRpb25zIHN1ciBsZSBzcGVjdGFjbGUuIFNwZWN0YWNsZSBkZSBzdHJpcHRlYXNldXNlIGZpbGxlIHBvdXIgRVZHIC0gZW50ZXJyZW1lbnRzIGRlIHZpZSBkZSBnYXLDp29uLCBhbm5pdmVyc2FpcmVzIG91IGF1dHJlcyDDqXbDqW5lbWVudHMuPC9pPg==[\/vc_raw_html][\/vc_column][\/vc_row][vc_row][vc_column][vc_raw_html css=\u00a0\u00bb\u00a0\u00bb]JTNDcCUyMHN0eWxlJTNEJTIydGV4dC1hbGlnbiUzQSUyMGNlbnRlciUzQiUyMiUzRSU1QmNvbnRhY3QtZm9ybS03JTIwaWQlM0QlMjJiOTU0Y2ExJTIyJTIwdGl0bGUlM0QlMjJTUEFJTiUyMCU3QyUyMEZlbWFsZSUyMFN0cmlwcGVyJTIwU2hvdyUyMCU3QyUyMFpneiUyMExvZ3JvJUMzJUIxbyUyMERvbm9zdGklMjBQYW1wbG9uYSUyMCU3QyUyMEVTJTIyJTVEJTNDJTJGcCUzRSU1QndwY29kZSUyMGlkJTNEJTIyMjIzNjYlMjIlNUQlM0MlMjEtLSUyME1hdHJpeCUyMEFzJTIwMiUyMCU3QyUyMFNwYWluJTIwQW5kb3JyYSUyMEZSJTIwVW5pdmVyc2FsJTIwLS0lM0U=[\/vc_raw_html][\/vc_column][\/vc_row][vc_row][vc_column][vc_separator color=\u00a0\u00bbsandy_brown\u00a0\u00bb][\/vc_column][\/vc_row]<\/p>\n","protected":false},"author":1,"featured_media":15938,"parent":13696,"menu_order":0,"comment_status":"closed","ping_status":"closed","template":"template-home-modern.php","meta":{"footnotes":""},"class_list":["post-14723","page","type-page","status-publish","has-post-thumbnail","hentry"],"yoast_head":"<!-- This site is optimized with the Yoast SEO plugin v27.4 - https:\/\/yoast.com\/product\/yoast-seo-wordpress\/ -->\n<title>R\u00e9servez une Stripteaseuse Saragosse - Espagne | Bestfiesta.es<\/title>\n<meta name=\"description\" content=\"R\u00e9servez - Stripteaseuse Saragosse. Demandes avec une p\u00e9riode de 24 heures \u00e0 l\u2019avance pour r\u00e9server un spectacle de Stripteaseuse \u00e0 Saragosse.\" \/>\n<meta name=\"robots\" content=\"index, follow, max-snippet:-1, max-image-preview:large, max-video-preview:-1\" \/>\n<link rel=\"canonical\" href=\"https:\/\/bestfiesta.es\/fr\/spectacles\/strip-tease\/stripteaseuse\/zaragoza\/\" \/>\n<meta property=\"og:locale\" content=\"fr_FR\" \/>\n<meta property=\"og:type\" content=\"article\" \/>\n<meta property=\"og:title\" content=\"R\u00e9servez une Stripteaseuse Saragosse - Espagne | Bestfiesta.es\" \/>\n<meta property=\"og:description\" content=\"R\u00e9servez - Stripteaseuse Saragosse. Demandes avec une p\u00e9riode de 24 heures \u00e0 l\u2019avance pour r\u00e9server un spectacle de Stripteaseuse \u00e0 Saragosse.\" \/>\n<meta property=\"og:url\" content=\"https:\/\/bestfiesta.es\/fr\/spectacles\/strip-tease\/stripteaseuse\/zaragoza\/\" \/>\n<meta property=\"og:site_name\" content=\"BestFiesta\" \/>\n<meta property=\"article:publisher\" content=\"https:\/\/www.facebook.com\/BestFiesta.es\/\" \/>\n<meta property=\"article:modified_time\" content=\"2026-01-30T11:50:15+00:00\" \/>\n<meta property=\"og:image\" content=\"https:\/\/bestfiesta.es\/wp-content\/uploads\/2023\/01\/stripteaseuse-espagne.jpg\" \/>\n\t<meta property=\"og:image:width\" content=\"550\" \/>\n\t<meta property=\"og:image:height\" content=\"286\" \/>\n\t<meta property=\"og:image:type\" content=\"image\/jpeg\" \/>\n<meta name=\"twitter:card\" content=\"summary_large_image\" \/>\n<meta name=\"twitter:label1\" content=\"Dur\u00e9e de lecture estim\u00e9e\" \/>\n\t<meta name=\"twitter:data1\" content=\"1 minute\" \/>\n<script type=\"application\/ld+json\" class=\"yoast-schema-graph\">{\"@context\":\"https:\\\/\\\/schema.org\",\"@graph\":[{\"@type\":\"WebPage\",\"@id\":\"https:\\\/\\\/bestfiesta.es\\\/fr\\\/spectacles\\\/strip-tease\\\/stripteaseuse\\\/zaragoza\\\/\",\"url\":\"https:\\\/\\\/bestfiesta.es\\\/fr\\\/spectacles\\\/strip-tease\\\/stripteaseuse\\\/zaragoza\\\/\",\"name\":\"R\u00e9servez une Stripteaseuse Saragosse - Espagne | Bestfiesta.es\",\"isPartOf\":{\"@id\":\"https:\\\/\\\/bestfiesta.es\\\/fr\\\/#website\"},\"primaryImageOfPage\":{\"@id\":\"https:\\\/\\\/bestfiesta.es\\\/fr\\\/spectacles\\\/strip-tease\\\/stripteaseuse\\\/zaragoza\\\/#primaryimage\"},\"image\":{\"@id\":\"https:\\\/\\\/bestfiesta.es\\\/fr\\\/spectacles\\\/strip-tease\\\/stripteaseuse\\\/zaragoza\\\/#primaryimage\"},\"thumbnailUrl\":\"https:\\\/\\\/bestfiesta.es\\\/wp-content\\\/uploads\\\/2023\\\/01\\\/stripteaseuse-espagne.jpg\",\"datePublished\":\"2022-11-21T12:32:51+00:00\",\"dateModified\":\"2026-01-30T11:50:15+00:00\",\"description\":\"R\u00e9servez - Stripteaseuse Saragosse. Demandes avec une p\u00e9riode de 24 heures \u00e0 l\u2019avance pour r\u00e9server un spectacle de Stripteaseuse \u00e0 Saragosse.\",\"breadcrumb\":{\"@id\":\"https:\\\/\\\/bestfiesta.es\\\/fr\\\/spectacles\\\/strip-tease\\\/stripteaseuse\\\/zaragoza\\\/#breadcrumb\"},\"inLanguage\":\"fr-FR\",\"potentialAction\":[{\"@type\":\"ReadAction\",\"target\":[\"https:\\\/\\\/bestfiesta.es\\\/fr\\\/spectacles\\\/strip-tease\\\/stripteaseuse\\\/zaragoza\\\/\"]}]},{\"@type\":\"ImageObject\",\"inLanguage\":\"fr-FR\",\"@id\":\"https:\\\/\\\/bestfiesta.es\\\/fr\\\/spectacles\\\/strip-tease\\\/stripteaseuse\\\/zaragoza\\\/#primaryimage\",\"url\":\"https:\\\/\\\/bestfiesta.es\\\/wp-content\\\/uploads\\\/2023\\\/01\\\/stripteaseuse-espagne.jpg\",\"contentUrl\":\"https:\\\/\\\/bestfiesta.es\\\/wp-content\\\/uploads\\\/2023\\\/01\\\/stripteaseuse-espagne.jpg\",\"width\":550,\"height\":286,\"caption\":\"stripteaseuse espagne\"},{\"@type\":\"BreadcrumbList\",\"@id\":\"https:\\\/\\\/bestfiesta.es\\\/fr\\\/spectacles\\\/strip-tease\\\/stripteaseuse\\\/zaragoza\\\/#breadcrumb\",\"itemListElement\":[{\"@type\":\"ListItem\",\"position\":1,\"name\":\"Home\",\"item\":\"https:\\\/\\\/bestfiesta.es\\\/fr\\\/\"},{\"@type\":\"ListItem\",\"position\":2,\"name\":\"Spectacles\",\"item\":\"https:\\\/\\\/bestfiesta.es\\\/fr\\\/spectacles\\\/\"},{\"@type\":\"ListItem\",\"position\":3,\"name\":\"Strip-tease\",\"item\":\"https:\\\/\\\/bestfiesta.es\\\/fr\\\/spectacles\\\/strip-tease\\\/\"},{\"@type\":\"ListItem\",\"position\":4,\"name\":\"Femme Stripteaseuse\",\"item\":\"https:\\\/\\\/bestfiesta.es\\\/fr\\\/spectacles\\\/strip-tease\\\/stripteaseuse\\\/\"},{\"@type\":\"ListItem\",\"position\":5,\"name\":\"Stripteaseuse Saragosse Espagne\"}]},{\"@type\":\"WebSite\",\"@id\":\"https:\\\/\\\/bestfiesta.es\\\/fr\\\/#website\",\"url\":\"https:\\\/\\\/bestfiesta.es\\\/fr\\\/\",\"name\":\"BestFiesta\",\"description\":\"Organizaci\u00f3n de despedidas, packs para despedidas, etc\",\"publisher\":{\"@id\":\"https:\\\/\\\/bestfiesta.es\\\/fr\\\/#organization\"},\"potentialAction\":[{\"@type\":\"SearchAction\",\"target\":{\"@type\":\"EntryPoint\",\"urlTemplate\":\"https:\\\/\\\/bestfiesta.es\\\/fr\\\/?s={search_term_string}\"},\"query-input\":{\"@type\":\"PropertyValueSpecification\",\"valueRequired\":true,\"valueName\":\"search_term_string\"}}],\"inLanguage\":\"fr-FR\"},{\"@type\":\"Organization\",\"@id\":\"https:\\\/\\\/bestfiesta.es\\\/fr\\\/#organization\",\"name\":\"BestFiesta\",\"url\":\"https:\\\/\\\/bestfiesta.es\\\/fr\\\/\",\"logo\":{\"@type\":\"ImageObject\",\"inLanguage\":\"fr-FR\",\"@id\":\"https:\\\/\\\/bestfiesta.es\\\/fr\\\/#\\\/schema\\\/logo\\\/image\\\/\",\"url\":\"https:\\\/\\\/bestfiesta.es\\\/wp-content\\\/uploads\\\/2020\\\/06\\\/BestFiesta.png\",\"contentUrl\":\"https:\\\/\\\/bestfiesta.es\\\/wp-content\\\/uploads\\\/2020\\\/06\\\/BestFiesta.png\",\"width\":180,\"height\":153,\"caption\":\"BestFiesta\"},\"image\":{\"@id\":\"https:\\\/\\\/bestfiesta.es\\\/fr\\\/#\\\/schema\\\/logo\\\/image\\\/\"},\"sameAs\":[\"https:\\\/\\\/www.facebook.com\\\/BestFiesta.es\\\/\"]}]}<\/script>\n<!-- \/ Yoast SEO plugin. -->","yoast_head_json":{"title":"R\u00e9servez une Stripteaseuse Saragosse - Espagne | Bestfiesta.es","description":"R\u00e9servez - Stripteaseuse Saragosse. Demandes avec une p\u00e9riode de 24 heures \u00e0 l\u2019avance pour r\u00e9server un spectacle de Stripteaseuse \u00e0 Saragosse.","robots":{"index":"index","follow":"follow","max-snippet":"max-snippet:-1","max-image-preview":"max-image-preview:large","max-video-preview":"max-video-preview:-1"},"canonical":"https:\/\/bestfiesta.es\/fr\/spectacles\/strip-tease\/stripteaseuse\/zaragoza\/","og_locale":"fr_FR","og_type":"article","og_title":"R\u00e9servez une Stripteaseuse Saragosse - Espagne | Bestfiesta.es","og_description":"R\u00e9servez - Stripteaseuse Saragosse. Demandes avec une p\u00e9riode de 24 heures \u00e0 l\u2019avance pour r\u00e9server un spectacle de Stripteaseuse \u00e0 Saragosse.","og_url":"https:\/\/bestfiesta.es\/fr\/spectacles\/strip-tease\/stripteaseuse\/zaragoza\/","og_site_name":"BestFiesta","article_publisher":"https:\/\/www.facebook.com\/BestFiesta.es\/","article_modified_time":"2026-01-30T11:50:15+00:00","og_image":[{"width":550,"height":286,"url":"https:\/\/bestfiesta.es\/wp-content\/uploads\/2023\/01\/stripteaseuse-espagne.jpg","type":"image\/jpeg"}],"twitter_card":"summary_large_image","twitter_misc":{"Dur\u00e9e de lecture estim\u00e9e":"1 minute"},"schema":{"@context":"https:\/\/schema.org","@graph":[{"@type":"WebPage","@id":"https:\/\/bestfiesta.es\/fr\/spectacles\/strip-tease\/stripteaseuse\/zaragoza\/","url":"https:\/\/bestfiesta.es\/fr\/spectacles\/strip-tease\/stripteaseuse\/zaragoza\/","name":"R\u00e9servez une Stripteaseuse Saragosse - Espagne | Bestfiesta.es","isPartOf":{"@id":"https:\/\/bestfiesta.es\/fr\/#website"},"primaryImageOfPage":{"@id":"https:\/\/bestfiesta.es\/fr\/spectacles\/strip-tease\/stripteaseuse\/zaragoza\/#primaryimage"},"image":{"@id":"https:\/\/bestfiesta.es\/fr\/spectacles\/strip-tease\/stripteaseuse\/zaragoza\/#primaryimage"},"thumbnailUrl":"https:\/\/bestfiesta.es\/wp-content\/uploads\/2023\/01\/stripteaseuse-espagne.jpg","datePublished":"2022-11-21T12:32:51+00:00","dateModified":"2026-01-30T11:50:15+00:00","description":"R\u00e9servez - Stripteaseuse Saragosse. Demandes avec une p\u00e9riode de 24 heures \u00e0 l\u2019avance pour r\u00e9server un spectacle de Stripteaseuse \u00e0 Saragosse.","breadcrumb":{"@id":"https:\/\/bestfiesta.es\/fr\/spectacles\/strip-tease\/stripteaseuse\/zaragoza\/#breadcrumb"},"inLanguage":"fr-FR","potentialAction":[{"@type":"ReadAction","target":["https:\/\/bestfiesta.es\/fr\/spectacles\/strip-tease\/stripteaseuse\/zaragoza\/"]}]},{"@type":"ImageObject","inLanguage":"fr-FR","@id":"https:\/\/bestfiesta.es\/fr\/spectacles\/strip-tease\/stripteaseuse\/zaragoza\/#primaryimage","url":"https:\/\/bestfiesta.es\/wp-content\/uploads\/2023\/01\/stripteaseuse-espagne.jpg","contentUrl":"https:\/\/bestfiesta.es\/wp-content\/uploads\/2023\/01\/stripteaseuse-espagne.jpg","width":550,"height":286,"caption":"stripteaseuse espagne"},{"@type":"BreadcrumbList","@id":"https:\/\/bestfiesta.es\/fr\/spectacles\/strip-tease\/stripteaseuse\/zaragoza\/#breadcrumb","itemListElement":[{"@type":"ListItem","position":1,"name":"Home","item":"https:\/\/bestfiesta.es\/fr\/"},{"@type":"ListItem","position":2,"name":"Spectacles","item":"https:\/\/bestfiesta.es\/fr\/spectacles\/"},{"@type":"ListItem","position":3,"name":"Strip-tease","item":"https:\/\/bestfiesta.es\/fr\/spectacles\/strip-tease\/"},{"@type":"ListItem","position":4,"name":"Femme Stripteaseuse","item":"https:\/\/bestfiesta.es\/fr\/spectacles\/strip-tease\/stripteaseuse\/"},{"@type":"ListItem","position":5,"name":"Stripteaseuse Saragosse Espagne"}]},{"@type":"WebSite","@id":"https:\/\/bestfiesta.es\/fr\/#website","url":"https:\/\/bestfiesta.es\/fr\/","name":"BestFiesta","description":"Organizaci\u00f3n de despedidas, packs para despedidas, etc","publisher":{"@id":"https:\/\/bestfiesta.es\/fr\/#organization"},"potentialAction":[{"@type":"SearchAction","target":{"@type":"EntryPoint","urlTemplate":"https:\/\/bestfiesta.es\/fr\/?s={search_term_string}"},"query-input":{"@type":"PropertyValueSpecification","valueRequired":true,"valueName":"search_term_string"}}],"inLanguage":"fr-FR"},{"@type":"Organization","@id":"https:\/\/bestfiesta.es\/fr\/#organization","name":"BestFiesta","url":"https:\/\/bestfiesta.es\/fr\/","logo":{"@type":"ImageObject","inLanguage":"fr-FR","@id":"https:\/\/bestfiesta.es\/fr\/#\/schema\/logo\/image\/","url":"https:\/\/bestfiesta.es\/wp-content\/uploads\/2020\/06\/BestFiesta.png","contentUrl":"https:\/\/bestfiesta.es\/wp-content\/uploads\/2020\/06\/BestFiesta.png","width":180,"height":153,"caption":"BestFiesta"},"image":{"@id":"https:\/\/bestfiesta.es\/fr\/#\/schema\/logo\/image\/"},"sameAs":["https:\/\/www.facebook.com\/BestFiesta.es\/"]}]}},"_links":{"self":[{"href":"https:\/\/bestfiesta.es\/fr\/wp-json\/wp\/v2\/pages\/14723","targetHints":{"allow":["GET"]}}],"collection":[{"href":"https:\/\/bestfiesta.es\/fr\/wp-json\/wp\/v2\/pages"}],"about":[{"href":"https:\/\/bestfiesta.es\/fr\/wp-json\/wp\/v2\/types\/page"}],"author":[{"embeddable":true,"href":"https:\/\/bestfiesta.es\/fr\/wp-json\/wp\/v2\/users\/1"}],"replies":[{"embeddable":true,"href":"https:\/\/bestfiesta.es\/fr\/wp-json\/wp\/v2\/comments?post=14723"}],"version-history":[{"count":7,"href":"https:\/\/bestfiesta.es\/fr\/wp-json\/wp\/v2\/pages\/14723\/revisions"}],"predecessor-version":[{"id":22973,"href":"https:\/\/bestfiesta.es\/fr\/wp-json\/wp\/v2\/pages\/14723\/revisions\/22973"}],"up":[{"embeddable":true,"href":"https:\/\/bestfiesta.es\/fr\/wp-json\/wp\/v2\/pages\/13696"}],"wp:featuredmedia":[{"embeddable":true,"href":"https:\/\/bestfiesta.es\/fr\/wp-json\/wp\/v2\/media\/15938"}],"wp:attachment":[{"href":"https:\/\/bestfiesta.es\/fr\/wp-json\/wp\/v2\/media?parent=14723"}],"curies":[{"name":"wp","href":"https:\/\/api.w.org\/{rel}","templated":true}]}}