{"id":15302,"date":"2022-12-07T13:00:14","date_gmt":"2022-12-07T13:00:14","guid":{"rendered":"https:\/\/bestfiesta.es\/spectacles\/strip-tease\/stripteaseur\/murcia\/"},"modified":"2026-01-29T09:33:19","modified_gmt":"2026-01-29T09:33:19","slug":"murcia","status":"publish","type":"page","link":"https:\/\/bestfiesta.es\/fr\/spectacles\/strip-tease\/stripteaseur\/murcia\/","title":{"rendered":"Stripteaseur Murcia ou Cartagena Espagne"},"content":{"rendered":"<div class=\"wpb-content-wrapper\"><p>[vc_row][vc_column][vc_separator color=\u00a0\u00bbsandy_brown\u00a0\u00bb][vc_raw_html]PGgyIHN0eWxlPSJ0ZXh0LWFsaWduOiBjZW50ZXI7Ij5Ww6lyaWZpZXIgbGEgZGlzcG9uaWJpbGl0w6kgcG91ciByw6lzZXJ2ZXI8L2gyPg0KPHAgc3R5bGU9InRleHQtYWxpZ246IGNlbnRlcjsiPjxpPlBvdXIgZGVzIHJhaXNvbnMgZCdvcmdhbmlzYXRpb24sIGxlcyBkZW1hbmRlcyBkZSByw6lzZXJ2YXRpb24gbmUgc29udCBhY2NlcHTDqWVzIHF1ZSAyNCBoZXVyZXMgw6AgbCdhdmFuY2UuIFRvdXRlZm9pcywgbGEgZGlzcG9uaWJpbGl0w6kgbidlc3QgcGFzIGdhcmFudGllLiBJbCBlc3QgcmVjb21tYW5kw6kgZGUgdsOpcmlmaWVyIGxhIGRpc3BvbmliaWxpdMOpIMOgIGwnYXZhbmNlLiBSZW1wbGlzc2V6IGxlIGZvcm11bGFpcmUgc3VpdmFudCBldCByZWNldmV6IHBsdXMgZCdpbmZvcm1hdGlvbnMgc3VyIGxlIHNwZWN0YWNsZS4gU3BlY3RhY2xlIGRlIHN0cmlwdGVhc2V1ciBob21tZSBwb3VyIEVWSkYgLSBlbnRlcnJlbWVudHMgZGUgdmllIGRlIGpldW5lIGZpbGxlLCBhbm5pdmVyc2FpcmVzIG91IGF1dHJlcyDDqXbDqW5lbWVudHMuPC9pPjwvcD4=[\/vc_raw_html][\/vc_column][\/vc_row][vc_row][vc_column][vc_raw_html css=\u00a0\u00bb\u00a0\u00bb]JTNDcCUyMHN0eWxlJTNEJTIydGV4dC1hbGlnbiUzQSUyMGNlbnRlciUzQiUyMiUzRSU1QmNvbnRhY3QtZm9ybS03JTIwaWQlM0QlMjJkOTg2MWJjJTIyJTIwdGl0bGUlM0QlMjJTUEFJTiUyMCU3QyUyME1hbGUlMjBTdHJpcHBlciUyMFNob3clMjAlN0MlMjBBbGljYW50ZSUyMC0lMjBNdXJjaWElMjAlN0MlMjBFUyUyMiU1RCUzQyUyRnAlM0UlNUJ3cGNvZGUlMjBpZCUzRCUyMjIyMzY0JTIyJTVEJTNDJTIxLS0lMjBNYXRyaXglMjBPcyUyMDIlMjAlN0MlMjBTcGFpbiUyMEFuZG9ycmElMjBGUiUyMFVuaXZlcnNhbCUyMC0tJTNF[\/vc_raw_html][\/vc_column][\/vc_row][vc_row][vc_column][vc_separator color=\u00a0\u00bbsandy_brown\u00a0\u00bb][\/vc_column][\/vc_row]<\/p>\n<\/div>","protected":false},"excerpt":{"rendered":"<p>[vc_row][vc_column][vc_separator color=\u00a0\u00bbsandy_brown\u00a0\u00bb][vc_raw_html]PGgyIHN0eWxlPSJ0ZXh0LWFsaWduOiBjZW50ZXI7Ij5Ww6lyaWZpZXIgbGEgZGlzcG9uaWJpbGl0w6kgcG91ciByw6lzZXJ2ZXI8L2gyPg0KPHAgc3R5bGU9InRleHQtYWxpZ246IGNlbnRlcjsiPjxpPlBvdXIgZGVzIHJhaXNvbnMgZCdvcmdhbmlzYXRpb24sIGxlcyBkZW1hbmRlcyBkZSByw6lzZXJ2YXRpb24gbmUgc29udCBhY2NlcHTDqWVzIHF1ZSAyNCBoZXVyZXMgw6AgbCdhdmFuY2UuIFRvdXRlZm9pcywgbGEgZGlzcG9uaWJpbGl0w6kgbidlc3QgcGFzIGdhcmFudGllLiBJbCBlc3QgcmVjb21tYW5kw6kgZGUgdsOpcmlmaWVyIGxhIGRpc3BvbmliaWxpdMOpIMOgIGwnYXZhbmNlLiBSZW1wbGlzc2V6IGxlIGZvcm11bGFpcmUgc3VpdmFudCBldCByZWNldmV6IHBsdXMgZCdpbmZvcm1hdGlvbnMgc3VyIGxlIHNwZWN0YWNsZS4gU3BlY3RhY2xlIGRlIHN0cmlwdGVhc2V1ciBob21tZSBwb3VyIEVWSkYgLSBlbnRlcnJlbWVudHMgZGUgdmllIGRlIGpldW5lIGZpbGxlLCBhbm5pdmVyc2FpcmVzIG91IGF1dHJlcyDDqXbDqW5lbWVudHMuPC9pPjwvcD4=[\/vc_raw_html][\/vc_column][\/vc_row][vc_row][vc_column][vc_raw_html css=\u00a0\u00bb\u00a0\u00bb]JTNDcCUyMHN0eWxlJTNEJTIydGV4dC1hbGlnbiUzQSUyMGNlbnRlciUzQiUyMiUzRSU1QmNvbnRhY3QtZm9ybS03JTIwaWQlM0QlMjJkOTg2MWJjJTIyJTIwdGl0bGUlM0QlMjJTUEFJTiUyMCU3QyUyME1hbGUlMjBTdHJpcHBlciUyMFNob3clMjAlN0MlMjBBbGljYW50ZSUyMC0lMjBNdXJjaWElMjAlN0MlMjBFUyUyMiU1RCUzQyUyRnAlM0UlNUJ3cGNvZGUlMjBpZCUzRCUyMjIyMzY0JTIyJTVEJTNDJTIxLS0lMjBNYXRyaXglMjBPcyUyMDIlMjAlN0MlMjBTcGFpbiUyMEFuZG9ycmElMjBGUiUyMFVuaXZlcnNhbCUyMC0tJTNF[\/vc_raw_html][\/vc_column][\/vc_row][vc_row][vc_column][vc_separator color=\u00a0\u00bbsandy_brown\u00a0\u00bb][\/vc_column][\/vc_row]<\/p>\n","protected":false},"author":1,"featured_media":14338,"parent":13764,"menu_order":0,"comment_status":"closed","ping_status":"closed","template":"template-home-modern.php","meta":{"footnotes":""},"class_list":["post-15302","page","type-page","status-publish","has-post-thumbnail","hentry"],"yoast_head":"<!-- This site is optimized with the Yoast SEO plugin v27.1.1 - https:\/\/yoast.com\/product\/yoast-seo-wordpress\/ -->\n<title>R\u00e9servez | Stripteaseur Murcia - Cartagena \u00e0 Espagne<\/title>\n<meta name=\"description\" content=\"R\u00e9server Stripteaseur Murcia. Demandes avec une p\u00e9riode de 24 heures \u00e0 l\u2019avance pour r\u00e9server un spectacle de Stripteaseur \u00e0 Murcia ou Cartagena.\" \/>\n<meta name=\"robots\" content=\"index, follow, max-snippet:-1, max-image-preview:large, max-video-preview:-1\" \/>\n<link rel=\"canonical\" href=\"https:\/\/bestfiesta.es\/fr\/spectacles\/strip-tease\/stripteaseur\/murcia\/\" \/>\n<meta property=\"og:locale\" content=\"fr_FR\" \/>\n<meta property=\"og:type\" content=\"article\" \/>\n<meta property=\"og:title\" content=\"R\u00e9servez | Stripteaseur Murcia - Cartagena \u00e0 Espagne\" \/>\n<meta property=\"og:description\" content=\"R\u00e9server Stripteaseur Murcia. Demandes avec une p\u00e9riode de 24 heures \u00e0 l\u2019avance pour r\u00e9server un spectacle de Stripteaseur \u00e0 Murcia ou Cartagena.\" \/>\n<meta property=\"og:url\" content=\"https:\/\/bestfiesta.es\/fr\/spectacles\/strip-tease\/stripteaseur\/murcia\/\" \/>\n<meta property=\"og:site_name\" content=\"BestFiesta\" \/>\n<meta property=\"article:publisher\" content=\"https:\/\/www.facebook.com\/BestFiesta.es\/\" \/>\n<meta property=\"article:modified_time\" content=\"2026-01-29T09:33:19+00:00\" \/>\n<meta property=\"og:image\" content=\"https:\/\/bestfiesta.es\/wp-content\/uploads\/2022\/11\/Boys-Estriper.jpg\" \/>\n\t<meta property=\"og:image:width\" content=\"550\" \/>\n\t<meta property=\"og:image:height\" content=\"286\" \/>\n\t<meta property=\"og:image:type\" content=\"image\/jpeg\" \/>\n<meta name=\"twitter:card\" content=\"summary_large_image\" \/>\n<meta name=\"twitter:label1\" content=\"Dur\u00e9e de lecture estim\u00e9e\" \/>\n\t<meta name=\"twitter:data1\" content=\"1 minute\" \/>\n<script type=\"application\/ld+json\" class=\"yoast-schema-graph\">{\"@context\":\"https:\/\/schema.org\",\"@graph\":[{\"@type\":\"WebPage\",\"@id\":\"https:\/\/bestfiesta.es\/fr\/spectacles\/strip-tease\/stripteaseur\/murcia\/\",\"url\":\"https:\/\/bestfiesta.es\/fr\/spectacles\/strip-tease\/stripteaseur\/murcia\/\",\"name\":\"R\u00e9servez | Stripteaseur Murcia - Cartagena \u00e0 Espagne\",\"isPartOf\":{\"@id\":\"https:\/\/bestfiesta.es\/fr\/#website\"},\"primaryImageOfPage\":{\"@id\":\"https:\/\/bestfiesta.es\/fr\/spectacles\/strip-tease\/stripteaseur\/murcia\/#primaryimage\"},\"image\":{\"@id\":\"https:\/\/bestfiesta.es\/fr\/spectacles\/strip-tease\/stripteaseur\/murcia\/#primaryimage\"},\"thumbnailUrl\":\"https:\/\/bestfiesta.es\/wp-content\/uploads\/2022\/11\/Boys-Estriper.jpg\",\"datePublished\":\"2022-12-07T13:00:14+00:00\",\"dateModified\":\"2026-01-29T09:33:19+00:00\",\"description\":\"R\u00e9server Stripteaseur Murcia. Demandes avec une p\u00e9riode de 24 heures \u00e0 l\u2019avance pour r\u00e9server un spectacle de Stripteaseur \u00e0 Murcia ou Cartagena.\",\"breadcrumb\":{\"@id\":\"https:\/\/bestfiesta.es\/fr\/spectacles\/strip-tease\/stripteaseur\/murcia\/#breadcrumb\"},\"inLanguage\":\"fr-FR\",\"potentialAction\":[{\"@type\":\"ReadAction\",\"target\":[\"https:\/\/bestfiesta.es\/fr\/spectacles\/strip-tease\/stripteaseur\/murcia\/\"]}]},{\"@type\":\"ImageObject\",\"inLanguage\":\"fr-FR\",\"@id\":\"https:\/\/bestfiesta.es\/fr\/spectacles\/strip-tease\/stripteaseur\/murcia\/#primaryimage\",\"url\":\"https:\/\/bestfiesta.es\/wp-content\/uploads\/2022\/11\/Boys-Estriper.jpg\",\"contentUrl\":\"https:\/\/bestfiesta.es\/wp-content\/uploads\/2022\/11\/Boys-Estriper.jpg\",\"width\":550,\"height\":286,\"caption\":\"Boys Estriper\"},{\"@type\":\"BreadcrumbList\",\"@id\":\"https:\/\/bestfiesta.es\/fr\/spectacles\/strip-tease\/stripteaseur\/murcia\/#breadcrumb\",\"itemListElement\":[{\"@type\":\"ListItem\",\"position\":1,\"name\":\"Home\",\"item\":\"https:\/\/bestfiesta.es\/fr\/\"},{\"@type\":\"ListItem\",\"position\":2,\"name\":\"Spectacles\",\"item\":\"https:\/\/bestfiesta.es\/fr\/spectacles\/\"},{\"@type\":\"ListItem\",\"position\":3,\"name\":\"Strip-tease\",\"item\":\"https:\/\/bestfiesta.es\/fr\/spectacles\/strip-tease\/\"},{\"@type\":\"ListItem\",\"position\":4,\"name\":\"Stripteaseur\",\"item\":\"https:\/\/bestfiesta.es\/fr\/spectacles\/strip-tease\/stripteaseur\/\"},{\"@type\":\"ListItem\",\"position\":5,\"name\":\"Stripteaseur Murcia ou Cartagena Espagne\"}]},{\"@type\":\"WebSite\",\"@id\":\"https:\/\/bestfiesta.es\/fr\/#website\",\"url\":\"https:\/\/bestfiesta.es\/fr\/\",\"name\":\"BestFiesta\",\"description\":\"Organizaci\u00f3n de despedidas, packs para despedidas, etc\",\"publisher\":{\"@id\":\"https:\/\/bestfiesta.es\/fr\/#organization\"},\"potentialAction\":[{\"@type\":\"SearchAction\",\"target\":{\"@type\":\"EntryPoint\",\"urlTemplate\":\"https:\/\/bestfiesta.es\/fr\/?s={search_term_string}\"},\"query-input\":{\"@type\":\"PropertyValueSpecification\",\"valueRequired\":true,\"valueName\":\"search_term_string\"}}],\"inLanguage\":\"fr-FR\"},{\"@type\":\"Organization\",\"@id\":\"https:\/\/bestfiesta.es\/fr\/#organization\",\"name\":\"BestFiesta\",\"url\":\"https:\/\/bestfiesta.es\/fr\/\",\"logo\":{\"@type\":\"ImageObject\",\"inLanguage\":\"fr-FR\",\"@id\":\"https:\/\/bestfiesta.es\/fr\/#\/schema\/logo\/image\/\",\"url\":\"https:\/\/bestfiesta.es\/wp-content\/uploads\/2020\/06\/BestFiesta.png\",\"contentUrl\":\"https:\/\/bestfiesta.es\/wp-content\/uploads\/2020\/06\/BestFiesta.png\",\"width\":180,\"height\":153,\"caption\":\"BestFiesta\"},\"image\":{\"@id\":\"https:\/\/bestfiesta.es\/fr\/#\/schema\/logo\/image\/\"},\"sameAs\":[\"https:\/\/www.facebook.com\/BestFiesta.es\/\"]}]}<\/script>\n<!-- \/ Yoast SEO plugin. -->","yoast_head_json":{"title":"R\u00e9servez | Stripteaseur Murcia - Cartagena \u00e0 Espagne","description":"R\u00e9server Stripteaseur Murcia. Demandes avec une p\u00e9riode de 24 heures \u00e0 l\u2019avance pour r\u00e9server un spectacle de Stripteaseur \u00e0 Murcia ou Cartagena.","robots":{"index":"index","follow":"follow","max-snippet":"max-snippet:-1","max-image-preview":"max-image-preview:large","max-video-preview":"max-video-preview:-1"},"canonical":"https:\/\/bestfiesta.es\/fr\/spectacles\/strip-tease\/stripteaseur\/murcia\/","og_locale":"fr_FR","og_type":"article","og_title":"R\u00e9servez | Stripteaseur Murcia - Cartagena \u00e0 Espagne","og_description":"R\u00e9server Stripteaseur Murcia. Demandes avec une p\u00e9riode de 24 heures \u00e0 l\u2019avance pour r\u00e9server un spectacle de Stripteaseur \u00e0 Murcia ou Cartagena.","og_url":"https:\/\/bestfiesta.es\/fr\/spectacles\/strip-tease\/stripteaseur\/murcia\/","og_site_name":"BestFiesta","article_publisher":"https:\/\/www.facebook.com\/BestFiesta.es\/","article_modified_time":"2026-01-29T09:33:19+00:00","og_image":[{"width":550,"height":286,"url":"https:\/\/bestfiesta.es\/wp-content\/uploads\/2022\/11\/Boys-Estriper.jpg","type":"image\/jpeg"}],"twitter_card":"summary_large_image","twitter_misc":{"Dur\u00e9e de lecture estim\u00e9e":"1 minute"},"schema":{"@context":"https:\/\/schema.org","@graph":[{"@type":"WebPage","@id":"https:\/\/bestfiesta.es\/fr\/spectacles\/strip-tease\/stripteaseur\/murcia\/","url":"https:\/\/bestfiesta.es\/fr\/spectacles\/strip-tease\/stripteaseur\/murcia\/","name":"R\u00e9servez | Stripteaseur Murcia - Cartagena \u00e0 Espagne","isPartOf":{"@id":"https:\/\/bestfiesta.es\/fr\/#website"},"primaryImageOfPage":{"@id":"https:\/\/bestfiesta.es\/fr\/spectacles\/strip-tease\/stripteaseur\/murcia\/#primaryimage"},"image":{"@id":"https:\/\/bestfiesta.es\/fr\/spectacles\/strip-tease\/stripteaseur\/murcia\/#primaryimage"},"thumbnailUrl":"https:\/\/bestfiesta.es\/wp-content\/uploads\/2022\/11\/Boys-Estriper.jpg","datePublished":"2022-12-07T13:00:14+00:00","dateModified":"2026-01-29T09:33:19+00:00","description":"R\u00e9server Stripteaseur Murcia. Demandes avec une p\u00e9riode de 24 heures \u00e0 l\u2019avance pour r\u00e9server un spectacle de Stripteaseur \u00e0 Murcia ou Cartagena.","breadcrumb":{"@id":"https:\/\/bestfiesta.es\/fr\/spectacles\/strip-tease\/stripteaseur\/murcia\/#breadcrumb"},"inLanguage":"fr-FR","potentialAction":[{"@type":"ReadAction","target":["https:\/\/bestfiesta.es\/fr\/spectacles\/strip-tease\/stripteaseur\/murcia\/"]}]},{"@type":"ImageObject","inLanguage":"fr-FR","@id":"https:\/\/bestfiesta.es\/fr\/spectacles\/strip-tease\/stripteaseur\/murcia\/#primaryimage","url":"https:\/\/bestfiesta.es\/wp-content\/uploads\/2022\/11\/Boys-Estriper.jpg","contentUrl":"https:\/\/bestfiesta.es\/wp-content\/uploads\/2022\/11\/Boys-Estriper.jpg","width":550,"height":286,"caption":"Boys Estriper"},{"@type":"BreadcrumbList","@id":"https:\/\/bestfiesta.es\/fr\/spectacles\/strip-tease\/stripteaseur\/murcia\/#breadcrumb","itemListElement":[{"@type":"ListItem","position":1,"name":"Home","item":"https:\/\/bestfiesta.es\/fr\/"},{"@type":"ListItem","position":2,"name":"Spectacles","item":"https:\/\/bestfiesta.es\/fr\/spectacles\/"},{"@type":"ListItem","position":3,"name":"Strip-tease","item":"https:\/\/bestfiesta.es\/fr\/spectacles\/strip-tease\/"},{"@type":"ListItem","position":4,"name":"Stripteaseur","item":"https:\/\/bestfiesta.es\/fr\/spectacles\/strip-tease\/stripteaseur\/"},{"@type":"ListItem","position":5,"name":"Stripteaseur Murcia ou Cartagena Espagne"}]},{"@type":"WebSite","@id":"https:\/\/bestfiesta.es\/fr\/#website","url":"https:\/\/bestfiesta.es\/fr\/","name":"BestFiesta","description":"Organizaci\u00f3n de despedidas, packs para despedidas, etc","publisher":{"@id":"https:\/\/bestfiesta.es\/fr\/#organization"},"potentialAction":[{"@type":"SearchAction","target":{"@type":"EntryPoint","urlTemplate":"https:\/\/bestfiesta.es\/fr\/?s={search_term_string}"},"query-input":{"@type":"PropertyValueSpecification","valueRequired":true,"valueName":"search_term_string"}}],"inLanguage":"fr-FR"},{"@type":"Organization","@id":"https:\/\/bestfiesta.es\/fr\/#organization","name":"BestFiesta","url":"https:\/\/bestfiesta.es\/fr\/","logo":{"@type":"ImageObject","inLanguage":"fr-FR","@id":"https:\/\/bestfiesta.es\/fr\/#\/schema\/logo\/image\/","url":"https:\/\/bestfiesta.es\/wp-content\/uploads\/2020\/06\/BestFiesta.png","contentUrl":"https:\/\/bestfiesta.es\/wp-content\/uploads\/2020\/06\/BestFiesta.png","width":180,"height":153,"caption":"BestFiesta"},"image":{"@id":"https:\/\/bestfiesta.es\/fr\/#\/schema\/logo\/image\/"},"sameAs":["https:\/\/www.facebook.com\/BestFiesta.es\/"]}]}},"_links":{"self":[{"href":"https:\/\/bestfiesta.es\/fr\/wp-json\/wp\/v2\/pages\/15302","targetHints":{"allow":["GET"]}}],"collection":[{"href":"https:\/\/bestfiesta.es\/fr\/wp-json\/wp\/v2\/pages"}],"about":[{"href":"https:\/\/bestfiesta.es\/fr\/wp-json\/wp\/v2\/types\/page"}],"author":[{"embeddable":true,"href":"https:\/\/bestfiesta.es\/fr\/wp-json\/wp\/v2\/users\/1"}],"replies":[{"embeddable":true,"href":"https:\/\/bestfiesta.es\/fr\/wp-json\/wp\/v2\/comments?post=15302"}],"version-history":[{"count":4,"href":"https:\/\/bestfiesta.es\/fr\/wp-json\/wp\/v2\/pages\/15302\/revisions"}],"predecessor-version":[{"id":22797,"href":"https:\/\/bestfiesta.es\/fr\/wp-json\/wp\/v2\/pages\/15302\/revisions\/22797"}],"up":[{"embeddable":true,"href":"https:\/\/bestfiesta.es\/fr\/wp-json\/wp\/v2\/pages\/13764"}],"wp:featuredmedia":[{"embeddable":true,"href":"https:\/\/bestfiesta.es\/fr\/wp-json\/wp\/v2\/media\/14338"}],"wp:attachment":[{"href":"https:\/\/bestfiesta.es\/fr\/wp-json\/wp\/v2\/media?parent=15302"}],"curies":[{"name":"wp","href":"https:\/\/api.w.org\/{rel}","templated":true}]}}